{"id":10860,"date":"2019-10-24T14:19:21","date_gmt":"2019-10-24T14:19:21","guid":{"rendered":"http:\/\/10.1.5.53\/?page_id=10860"},"modified":"2020-11-25T13:22:18","modified_gmt":"2020-11-25T13:22:18","slug":"%d9%81%d8%b1%d9%8a%d9%82-%d9%85%d8%b9%d8%a7%d9%84%d8%ac%d8%a9-%d8%a7%d9%84%d9%85%d9%88%d8%a7%d8%af-%d8%a8%d9%88%d8%a7%d8%b3%d8%b7%d8%a9-%d8%a7%d9%84%d9%84%d9%8a%d8%b2%d8%b1","status":"publish","type":"page","link":"https:\/\/www.cdta.dz\/ar\/%d8%a7%d9%84%d8%a8%d8%ad%d8%ab-%d9%88%d8%a7%d9%84%d8%aa%d9%83%d9%86%d9%88%d9%84%d9%88%d8%ac%d9%8a%d8%a7\/%d8%a7%d9%84%d8%a3%d9%82%d8%b3%d8%a7%d9%85\/%d9%82%d8%b3%d9%85-%d8%a7%d9%84%d8%a3%d9%88%d8%b3%d8%a7%d8%b7-%d8%a7%d9%84%d8%a3%d9%8a%d9%88%d9%86%d9%8a%d8%a9-%d9%88%d8%a7%d9%84%d9%84%d9%8a%d8%b2%d8%b1\/%d9%81%d8%b1%d9%82-%d8%a7%d9%84%d8%a3%d9%88%d8%b3%d8%a7%d8%b7-%d8%a7%d9%84%d8%a3%d9%8a%d9%88%d9%86%d9%8a%d8%a9-%d9%88%d8%a7%d9%84%d9%84%d9%8a%d8%b2%d8%b1\/%d9%81%d8%b1%d9%8a%d9%82-%d9%85%d8%b9%d8%a7%d9%84%d8%ac%d8%a9-%d8%a7%d9%84%d9%85%d9%88%d8%a7%d8%af-%d8%a8%d9%88%d8%a7%d8%b3%d8%b7%d8%a9-%d8%a7%d9%84%d9%84%d9%8a%d8%b2%d8%b1\/","title":{"rendered":"\u0641\u0631\u064a\u0642 \u0645\u0639\u0627\u0644\u062c\u0629 \u0627\u0644\u0645\u0648\u0627\u062f \u0628\u0648\u0627\u0633\u0637\u0629 \u0627\u0644\u0644\u064a\u0632\u0631"},"content":{"rendered":"<h3><\/h3>\n<h3>\u0641\u0631\u064a\u0642 \u0645\u0639\u0627\u0644\u062c\u0629 \u0627\u0644\u0645\u0648\u0627\u062f \u0628\u0648\u0627\u0633\u0637\u0629 \u0627\u0644\u0644\u064a\u0632\u0631 \u00a0 \u00a0 \u00a0 \u00a0 \u00a0 \u00a0<img decoding=\"async\" style=\"font-size: 16px;\" src=\"https:\/\/www.cdta.dz\/wp-content\/uploads\/2019\/07\/TML-LOGO.jpg\" \/><\/h3>\n<h3 style=\"text-align: right;\">\u00a0\u062a\u0645 \u0625\u0646\u0634\u0627\u0621 \u0641\u0631\u064a\u0642 \u0645\u0639\u0627\u0644\u062c\u0629 \u0627\u0644\u0645\u0648\u0627\u062f \u0628\u0627\u0644\u0644\u064a\u0632\u0631 (TML) \u0641\u064a \u0639\u0627\u0645 2001\u060c \u0648\u062a\u062a\u0645\u062b\u0644 \u0645\u0647\u0645\u062a\u0647 \u0641\u064a \u062a\u0637\u0648\u064a\u0631 \u0623\u062d\u062f\u062b \u0627\u0644\u0623\u0628\u062d\u0627\u062b \u062d\u0648\u0644 \u0627\u0633\u062a\u062e\u062f\u0627\u0645 \u0627\u0644\u0644\u064a\u0632\u0631 \u0641\u064a \u0639\u0645\u0644\u064a\u0627\u062a \u0627\u0644\u062a\u0635\u0646\u064a\u0639 \u0648\u0627\u0644\u062a\u0634\u063a\u064a\u0644 \u0627\u0644\u0645\u064a\u0643\u0627\u0646\u064a\u0643\u064a \u0639\u0644\u0649 \u0627\u0644\u0646\u0637\u0627\u0642\u064a\u0646 \u0627\u0644\u0635\u063a\u064a\u0631 \u0648\u0627\u0644\u0645\u062c\u0647\u0631\u064a. \u064a\u062a\u0636\u0645\u0646 \u0647\u0630\u0627 \u0627\u0644\u0628\u062d\u062b \u0627\u0644\u0623\u0633\u0627\u0644\u064a\u0628 \u0627\u0644\u0646\u0638\u0631\u064a\u0629 \u0648\u0627\u0644\u062a\u062c\u0631\u064a\u0628\u064a\u0629\u060c \u0627\u0644\u062a\u064a \u062a\u0646\u0641\u0630 \u0623\u0646\u0638\u0645\u0629 \u0627\u0644\u0646\u0645\u0630\u062c\u0629 \u0627\u0644\u0639\u062f\u062f\u064a\u0629 \u0648\u0627\u0644\u0644\u064a\u0632\u0631 \u0630\u0627\u062a \u0627\u0644\u0642\u062f\u0631\u0629 \u0627\u0644\u0639\u0627\u0644\u064a\u0629 \u0648\u0627\u0644\u0645\u062a\u0648\u0633\u0637\u0629 \u0641\u064a \u0623\u0648\u0636\u0627\u0639 \u0645\u0633\u062a\u0645\u0631\u0629 \u0648\u0634\u0628\u0647 \u0645\u0633\u062a\u0645\u0631\u0629\u060c \u0648\u0643\u0630\u0644\u0643 \u0623\u0634\u0639\u0629 \u0627\u0644\u0644\u064a\u0632\u0631 \u0627\u0644\u062a\u064a \u062a\u0648\u0644\u062f \u0634\u062f\u0629 \u0643\u0628\u064a\u0631\u0629 \u0641\u064a \u0627\u0644\u0648\u0636\u0639 \u0627\u0644\u0642\u0635\u064a\u0631 \u0644\u0644\u063a\u0627\u064a\u0629. \u062a\u062a\u0639\u0644\u0642 \u0627\u0644\u062a\u0637\u0628\u064a\u0642\u0627\u062a \u0627\u0644\u062a\u064a \u064a\u0639\u0627\u0644\u062c\u0647\u0627 \u0641\u0631\u064a\u0642 TML \u0628\u0642\u0637\u0639 \u0627\u0644\u0644\u062d\u0627\u0645 \u0648\u0625\u0639\u0627\u062f\u0629 \u0627\u0644\u062a\u062d\u0645\u064a\u0644\u060c \u0648\u0627\u0644\u062a\u064a \u062a\u0646\u0637\u0648\u064a \u0639\u0644\u0649 \u0642\u0648\u0649 \u0623\u0643\u0628\u0631 \u0645\u0646 1 \u0643\u064a\u0644\u0648 \u0648\u0627\u0637 \u0648\u063a\u064a\u0631\u0647\u0627 \u0645\u0646 \u0627\u0644\u0645\u0639\u0627\u0644\u062c\u0627\u062a \u0627\u0644\u0633\u0637\u062d\u064a\u0629 \u0645\u062b\u0644 \u0627\u0644\u062a\u0635\u0644\u0628\u060c \u0648\u0648\u0636\u0639 \u0627\u0644\u0639\u0644\u0627\u0645\u0627\u062a\u060c \u0648\u0627\u0644\u062a\u0634\u0643\u064a\u0644\u060c \u0627\u0644\u062e. \u062a\u0645\u062b\u0644 \u0635\u0646\u0627\u0639\u0629 \u0627\u0644\u0645\u0648\u0627\u062f \u0627\u0644\u0645\u0636\u0627\u0641\u0629 \u0628\u0627\u0644\u0644\u064a\u0632\u0631 \u0627\u0644\u062a\u064a \u062a\u0645 \u062a\u0642\u062f\u064a\u0645\u0647\u0627 \u0645\u0624\u062e\u0631\u064b\u0627 \u0645\u062d\u0648\u0631 \u0627\u0644\u062a\u0631\u0643\u064a\u0632 \u0627\u0644\u0631\u0626\u064a\u0633\u064a \u0644\u0644\u0641\u0631\u064a\u0642 \u062e\u0644\u0627\u0644 \u0627\u0644\u0633\u0646\u0648\u0627\u062a \u0627\u0644\u062b\u0644\u0627\u062b \u0627\u0644\u0642\u0627\u062f\u0645\u0629. \u0641\u064a \u0645\u062c\u0627\u0644 \u0627\u0633\u062a\u062e\u062f\u0627\u0645 \u0623\u0634\u0639\u0629 \u0627\u0644\u0644\u064a\u0632\u0631 \u0627\u0644\u0642\u0635\u064a\u0631\u0629 \u0644\u0644\u063a\u0627\u064a\u0629\u060c \u062a\u062a\u0639\u0644\u0642 \u0627\u0644\u062a\u0637\u0628\u064a\u0642\u0627\u062a \u0627\u0644\u0645\u0633\u062a\u0647\u062f\u0641\u0629 \u0628\u0645\u062c\u0627\u0644 \u0627\u0644\u0637\u0627\u0642\u0629\u060c \u0648\u0627\u0644\u0623\u0644\u064a\u0627\u0641 \u0627\u0644\u062a\u062c\u0645\u064a\u0644\u064a\u0629\u060c \u062d\u064a\u062b \u062a\u0633\u062a\u062e\u062f\u0645 \u0623\u0634\u0639\u0629 \u0627\u0644\u0644\u064a\u0632\u0631 \u0641\u064a\u0645\u062a\u0648 \u062b\u0627\u0646\u064a\u0629 \u0644\u0647\u064a\u0643\u0644\u0629 \u0627\u0644\u0645\u0648\u0627\u062f \u0648\u0641\u064a \u0627\u0644\u0645\u062c\u0627\u0644 \u0627\u0644\u0637\u0628\u064a.<\/h3>\n<p>&nbsp;<\/p>\n<h3 style=\"text-align: right;\">\u0623\u0647\u062f\u0627\u0641 \u0627\u0644\u0641\u0631\u064a\u0642 \u0647\u064a:<\/h3>\n<h3 style=\"text-align: right;\">\u00b7\u00a0\u00a0\u00a0 \u0627\u0642\u062a\u0631\u0627\u062d \u0646\u0645\u0627\u0630\u062c \u062a\u0645 \u0627\u0644\u062a\u062d\u0642\u0642 \u0645\u0646 \u0635\u062d\u062a\u0647\u0627 \u062a\u062c\u0631\u064a\u0628\u064a\u0627\u064b \u0628\u0627\u0633\u062a\u062e\u062f\u0627\u0645 \u0627\u0644\u0645\u0639\u062f\u0627\u062a \u0627\u0644\u062d\u0627\u0644\u064a\u0629 (\u0644\u064a\u0632\u0631 \u0627\u0644\u0648\u0633\u0645)\u060c \u0645\u0639 \u0627\u0642\u062a\u0646\u0627\u0621 \u0627\u0644\u0645\u0639\u062f\u0627\u062a \u0627\u0644\u0645\u062a\u0635\u0648\u0631\u0629 (\u0644\u064a\u0632\u0631 \u0627\u0644\u0637\u0627\u0642\u0629 \u0648\u0645\u0644\u062d\u0642\u0627\u062a\u0647\u0627)\u060c \u0623\u0648 \u0645\u0646 \u062e\u0644\u0627\u0644 \u0627\u0644\u062a\u0639\u0627\u0648\u0646 \u0627\u0644\u062f\u0648\u0644\u064a. \u0647\u0630\u0627 \u064a\u062c\u0639\u0644 \u0645\u0646 \u0627\u0644\u0645\u0645\u0643\u0646 \u0645\u0646 \u062e\u0644\u0627\u0644 \u0646\u0647\u062c \u0639\u0644\u0645\u064a\u060c \u0627\u0644\u0645\u0633\u0627\u0647\u0645\u0629\u060c \u0645\u0646 \u062e\u0644\u0627\u0644 \u0627\u0644\u062a\u0643\u0646\u0648\u0644\u0648\u062c\u064a\u0627\u060c \u0641\u064a \u062a\u062d\u0633\u064a\u0646 \u0639\u0645\u0644\u064a\u0629 \u0645\u0639\u064a\u0646\u0629\u060c \u0628\u0634\u0643\u0644 \u0639\u0627\u0645 \u0644\u0645 \u062a\u062a\u0645 \u0627\u0644\u0633\u064a\u0637\u0631\u0629 \u0639\u0644\u064a\u0647\u0627 \u0628\u0634\u0643\u0644 \u0643\u0627\u0645\u0644 \u062d\u062a\u0649 \u0627\u0644\u0622\u0646 \u0641\u064a \u0647\u0630\u0627 \u0627\u0644\u0645\u062c\u0627\u0644.<\/h3>\n<h3 style=\"text-align: right;\">\u00b7\u00a0\u00a0\u00a0 \u064a\u0624\u062f\u064a \u0625\u0644\u0649 \u062f\u0631\u0627\u0633\u0627\u062a \u0634\u0628\u0647 \u0643\u0627\u0645\u0644\u0629 \u0644\u0644\u0639\u0645\u0644\u064a\u0627\u062a \u0627\u0644\u0645\u0630\u0643\u0648\u0631\u0629 \u0623\u0639\u0644\u0627\u0647 \u0639\u0646 \u0637\u0631\u064a\u0642 \u0625\u062f\u062e\u0627\u0644 \u0627\u0644\u0645\u0639\u0644\u0645\u0627\u062a \u0627\u0644\u0645\u062a\u0639\u0644\u0642\u0629 \u0628\u0627\u0644\u0645\u0627\u062f\u0629 (\u0627\u0644\u0645\u0639\u0644\u0645\u0627\u062a \u0627\u0644\u062d\u0631\u0627\u0631\u064a\u0629 \u0648\u0627\u0644\u0643\u0647\u0631\u0628\u0627\u0626\u064a\u0629\u060c \u062a\u0643\u0648\u064a\u0646 \u0627\u0644\u0645\u0648\u0627\u062f\u060c &#8230;)\u060c \u062a\u0644\u0643 \u0627\u0644\u0645\u062a\u0639\u0644\u0642\u0629 \u0628\u062d\u0632\u0645\u0629 \u0627\u0644\u0644\u064a\u0632\u0631 (\u0627\u0644\u0642\u0637\u0631 \u0627\u0644\u0645\u0648\u0636\u0639\u064a\u060c \u0627\u0644\u0627\u0633\u062a\u0642\u0637\u0627\u0628\u060c \u0627\u0644\u0637\u0648\u0644 \u0627\u0644\u0645\u0648\u062c\u064a\u060c \u062a\u0623\u062b\u064a\u0631 \u0625\u0632\u0627\u0644\u0629 \u0627\u0644\u062a\u0631\u0643\u064a\u0632 \u0627\u0644\u0628\u0624\u0631\u064a\u060c \u0648\u0645\u0627 \u0625\u0644\u0649 \u0630\u0644\u0643)\u060c \u0648\u062a\u062d\u062a \u0638\u0631\u0648\u0641 \u062a\u062c\u0631\u064a\u0628\u064a\u0629 (\u0627\u0644\u0647\u0648\u0627\u0621 \u0627\u0644\u0645\u062d\u064a\u0637\u060c \u063a\u0627\u0632 \u0627\u0644\u062a\u062f\u0631\u064a\u0639\u060c \u0627\u0644\u063a\u0627\u0632 \u0627\u0644\u062a\u0641\u0627\u0639\u0644\u064a\u060c \u0627\u0644\u0627\u0636\u0637\u0631\u0627\u0628\u060c \u0627\u0644\u0635\u062f\u0645\u0627\u062a\u060c \u0625\u0644\u062e).<\/h3>\n<h3 style=\"text-align: right;\">\u00b7\u00a0\u00a0\u00a0 \u062a\u062b\u0645\u064a\u0646 \u0627\u0644\u0646\u0645\u0627\u0630\u062c \u0627\u0644\u062a\u064a \u0648\u0636\u0639\u062a\u0647\u0627 \u0627\u0644\u0645\u0646\u0634\u0648\u0631\u0627\u062a \u0648\u0627\u0644\u0639\u0631\u0648\u0636 \u0627\u0644\u062a\u0642\u062f\u064a\u0645\u064a\u0629 \u0641\u064a \u0627\u0644\u0645\u0624\u062a\u0645\u0631\u0627\u062a \u0627\u0644\u062f\u0648\u0644\u064a\u0629 \u0627\u0644\u0631\u0641\u064a\u0639\u0629 \u0627\u0644\u0645\u0633\u062a\u0648\u0649 \u0648\u0628\u0631\u0627\u0621\u0629 \u0645\u0646\u062a\u062c \u0623\u0648 \u0639\u0645\u0644\u064a.<\/h3>\n<h3 style=\"text-align: right;\">\u00b7\u00a0\u00a0\u00a0 \u0627\u0633\u062a\u062b\u0645\u0627\u0631 \u0627\u0644\u0645\u062c\u0627\u0644\u0627\u062a \u0627\u0644\u0627\u062c\u062a\u0645\u0627\u0639\u064a\u0629 \u0648\u0627\u0644\u0627\u0642\u062a\u0635\u0627\u062f\u064a\u0629 \u0645\u0646 \u062e\u0644\u0627\u0644 \u0627\u0642\u062a\u0631\u0627\u062d \u0645\u0631\u0627\u0641\u0642\u0629 \u0648\u0645\u0639\u0627\u064a\u064a\u0631 \u0627\u0644\u062a\u0634\u063a\u064a\u0644 \u0627\u0644\u0645\u062b\u0644\u0649 \u0644\u062a\u0637\u0628\u064a\u0642 \u0645\u0639\u064a\u0646\u060c \u0648\u0627\u0644\u062a\u064a \u064a\u0645\u0643\u0646 \u0644\u0644\u0645\u0631\u0621 \u0623\u0646 \u064a\u062c\u062f\u0647\u0627 \u0641\u064a \u0642\u0637\u0627\u0639 \u0635\u0646\u0627\u0639\u0629 (\u0627\u0644\u0633\u064a\u0627\u0631\u0627\u062a\u060c \u0627\u0644\u0637\u064a\u0631\u0627\u0646\u060c \u0627\u0644\u0641\u0636\u0627\u0621\u060c \u0627\u0644\u0628\u062d\u0631\u064a\u0629)\u060c \u0641\u064a \u0642\u0637\u0627\u0639 \u0627\u0644\u0637\u0628 \u0623\u0648 \u0627\u0644\u0637\u0627\u0642\u0629.\u00a0\u0627\u0644\u062e\u0628\u0631\u0629 \u0648\u0627\u0644\u0645\u0639\u0631\u0641\u0629:\u00a0\u0644\u0642\u062f \u0637\u0648\u0631 \u0623\u0639\u0636\u0627\u0621 \u0641\u0631\u064a\u0642 TML \u062e\u0628\u0631\u0629 \u0641\u064a \u0645\u062c\u0627\u0644\u0627\u062a \u062a\u0637\u0628\u064a\u0642\u0627\u062a \u0645\u0639\u0627\u0644\u062c\u0629 \u0627\u0644\u0645\u0648\u0627\u062f \u0628\u0627\u0644\u0644\u064a\u0632\u0631\u060c \u0628\u0645\u0627 \u0641\u064a \u0630\u0644\u0643 \u0627\u0644\u0644\u062d\u0627\u0645 \u0627\u0644\u0639\u0645\u064a\u0642 \u0648\u0627\u0644\u0642\u0637\u0639 \u0648\u0648\u0636\u0639 \u0627\u0644\u0639\u0644\u0627\u0645\u0627\u062a \u0648\u0625\u0639\u0627\u062f\u0629 \u0627\u0644\u062a\u062d\u0645\u064a\u0644 \u0648\u0627\u0644\u062a\u0634\u0643\u064a\u0644<\/h3>\n<h3 style=\"text-align: right;\">. \u064a\u0633\u062a\u062e\u062f\u0645 \u0641\u0631\u064a\u0642 TML \u0645\u0646\u0627\u0647\u062c \u0646\u0638\u0631\u064a\u0629 \u062a\u0645 \u0627\u0644\u062a\u062d\u0642\u0642 \u0645\u0646 \u0635\u062d\u062a\u0647\u0627 \u062a\u062c\u0631\u064a\u0628\u064a\u0627\u064b \u0645\u0646 \u062e\u0644\u0627\u0644 \u0627\u0644\u062a\u0639\u0627\u0648\u0646 \u0645\u0639 \u0627\u0644\u0645\u062e\u062a\u0628\u0631\u0627\u062a \u0627\u0644\u0623\u062c\u0646\u0628\u064a\u0629 (Arcueil Lasers Intenses Applications Laboratory\u060c School of Arts and Crafts of Paris\u060c National Laser Center of Pretoria, &#8230;). \u060c \u0644\u0623\u0646\u0647\u0627 \u062a\u0633\u062a\u062e\u062f\u0645 \u0627\u0644\u0648\u0633\u0627\u0626\u0644 \u0627\u0644\u0645\u062d\u0644\u064a\u0629 \u0644\u0625\u062c\u0631\u0627\u0621 \u0627\u0644\u062a\u062c\u0627\u0631\u0628.<\/h3>\n<h3><\/h3>\n<h3 style=\"text-align: right;\">\u0645\u0646 \u0628\u064a\u0646 \u0627\u0644\u062a\u062e\u0635\u0635\u0627\u062a \u0627\u0644\u0645\u0634\u0627\u0631\u0643\u0629 \u0648\u0627\u0644\u0645\u0648\u0627\u0636\u064a\u0639 \u0627\u0644\u062a\u064a \u0637\u0648\u0631\u0647\u0627 \u0627\u0644\u0641\u0631\u064a\u0642 \u062d\u0627\u0644\u064a\u064b\u0627 \u0646\u062c\u062f:<\/h3>\n<h3 style=\"text-align: right;\">\u00a0\u00b7\u00a0\u00a0\u00a0 \u062f\u064a\u0646\u0627\u0645\u064a\u0643\u0627 \u0627\u0644\u0645\u0648\u0627\u0626\u0639 \u0648\u0627\u0644\u062f\u064a\u0646\u0627\u0645\u064a\u0643\u0627 \u0627\u0644\u062d\u0631\u0627\u0631\u064a\u0629\u060c\u00b7\u00a0\u00a0\u00a0 \u0627\u0644\u062a\u0641\u0627\u0639\u0644 \u0644\u064a\u0632\u0631\/ \u0645\u0627\u062f\u0629\u060c<\/h3>\n<h3 style=\"text-align: right;\">\u00b7\u00a0\u00a0\u00a0 \u0627\u0644\u062d\u0633\u0627\u0628\u0627\u062a \u0627\u0644\u0645\u062c\u0647\u0631\u064a\u0629 (ab-initio\u060c \u0627\u0644\u062f\u064a\u0646\u0627\u0645\u064a\u0627\u062a \u0627\u0644\u062c\u0632\u064a\u0626\u064a\u0629) \u0648\u0627\u0644\u062d\u0633\u0627\u0628\u0627\u062a \u0627\u0644\u0639\u064a\u0627\u0646\u064a\u0629 (ANSYS \/ FLUENT CFD)\u060c \u0627\u0644\u0646\u0645\u0630\u062c\u0629 \u0627\u0644\u0639\u062f\u062f\u064a\u0629 \u0644\u0639\u0645\u0644\u064a\u0627\u062a \u0627\u0644\u0644\u064a\u0632\u0631 \u0639\u0646 \u0637\u0631\u064a\u0642 \u0627\u0644\u0639\u0646\u0627\u0635\u0631 \u0627\u0644\u0645\u062d\u062f\u0648\u062f\u0629 \u0648\u0637\u0631\u0642 \u0627\u0644\u062d\u062c\u0645 \u0627\u0644\u0645\u062d\u062f\u0648\u062f (m\u00e9thodes d\u2019\u00e9l\u00e9ments finis m\u00e9thodes des volumes finis) (\u0627\u0633\u062a\u062e\u062f\u0627\u0645 \u0627\u0644\u0631\u0645\u0648\u0632 \u0627\u0644\u062a\u062c\u0627\u0631\u064a\u0629\u060c \u0627\u0644\u0623\u0643\u0648\u0627\u062f \u0627\u0644\u0645\u0641\u062a\u0648\u062d\u0629\u060c \u0628\u0631\u0627\u0645\u062c \u0627\u0644\u0645\u0635\u062f\u0631\u060c \u062a\u0637\u0648\u064a\u0631 \u0625\u062c\u0631\u0627\u0621\u0627\u062a \u0627\u0644\u062d\u0633\u0627\u0628\u060c &#8230;)<\/h3>\n<h3 style=\"text-align: right;\">\u00b7\u00a0\u00a0\u00a0 \u062a\u0635\u0646\u064a\u0639 \u0627\u0644\u0645\u0648\u0627\u062f \u0628\u0627\u0644\u0625\u0636\u0627\u0641\u0629 \u0639\u0646 \u0637\u0631\u064a\u0642 \u0627\u0644\u0644\u064a\u0632\u0631 \u0627\u0644\u0645\u0633\u062a\u0645\u0631 \u0623\u0648 \u0634\u0628\u0647 \u0627\u0644\u0645\u0633\u062a\u0645\u0631 \u0628\u0642\u0648\u0629 \u0639\u0627\u0644\u064a\u0629 \u0623\u0648 \u0645\u062a\u0648\u0633\u0637\u0629\u060c\u00b7\u00a0\u00a0\u00a0 \u062a\u0646\u0627\u0648\u0644 \u0627\u0644\u0641\u0631\u064a\u0642 \u0623\u064a\u0636\u064b\u0627 \u0627\u0633\u062a\u062e\u062f\u0627\u0645 \u0627\u0644\u0644\u064a\u0632\u0631 \u0627\u0644\u0642\u0635\u064a\u0631 \u0644\u0644\u063a\u0627\u064a\u0629 (\u0641\u064a\u0645\u062a\u0648 \u0627\u0644\u062b\u0627\u0646\u064a) \u0644\u0647\u064a\u0643\u0644\u0629 \u0627\u0644\u0623\u0633\u0637\u062d.<\/h3>\n<p>&nbsp;<\/p>\n<h3 style=\"text-align: right;\">\u064a\u062a\u0643\u0648\u0646 \u0627\u0644\u0641\u0631\u064a\u0642 \u062d\u0627\u0644\u064a\u0627 \u0645\u0646:<\/h3>\n<h3 style=\"text-align: right;\">\u00b7\u00a0\u00a0\u00a0 01 \u0645\u062f\u064a\u0631 \u0627\u0644\u0623\u0628\u062d\u0627\u062b<\/h3>\n<h3 style=\"text-align: right;\">\u00b7\u00a0\u00a0\u00a0 02 \u0645\u0644\u062d\u0642 \u0628\u0627\u0644\u0628\u062d\u062b<\/h3>\n<h3 style=\"text-align: right;\">\u00b7\u00a0\u00a0\u00a0 04 \u0623\u0633\u062a\u0627\u0630 \u0628\u0627\u062d\u062b &#8220;\u0628&#8221;<\/h3>\n<h3 style=\"text-align: right;\">\u00b7\u00a0\u00a0\u00a0 01 \u0628\u0627\u062d\u062b \u0645\u0634\u0627\u0631\u0643<\/h3>\n<h3 style=\"text-align: right;\">\u00b7\u00a0\u00a0\u00a0 01 \u0645\u0647\u0646\u062f\u0633 \u062e\u0628\u064a\u0631 (\u0645\u062a\u0639\u0627\u0648\u0646 \u0645\u0646 \u0642\u0633\u0645 DPTAGP)<\/h3>\n<p>&nbsp;<\/p>\n<p>&nbsp;<\/p>\n<h3 style=\"text-align: left;\">\u00a0\u0631\u0626\u064a\u0633 \u0627\u0644\u0641\u0631\u064a\u0642<\/h3>\n<h3 style=\"text-align: left;\"><strong>\u062f.\u0641\u0631\u064a\u062f\u0629 \u0628\u0631\u064a\u0647\u0645\u0627\u062a-\u062d\u0645\u0627\u062f\u064a<\/strong><\/h3>\n","protected":false},"excerpt":{"rendered":"<p>\u0641\u0631\u064a\u0642 \u0645\u0639\u0627\u0644\u062c\u0629 \u0627\u0644\u0645\u0648\u0627\u062f \u0628\u0648\u0627\u0633\u0637\u0629 \u0627\u0644\u0644\u064a\u0632\u0631 \u00a0 \u00a0 \u00a0 \u00a0 \u00a0 \u00a0 \u00a0\u062a\u0645 \u0625\u0646\u0634\u0627\u0621 \u0641\u0631\u064a\u0642 \u0645\u0639\u0627\u0644\u062c\u0629 \u0627\u0644\u0645\u0648\u0627\u062f \u0628\u0627\u0644\u0644\u064a\u0632\u0631 (TML) \u0641\u064a \u0639\u0627\u0645 2001\u060c \u0648\u062a\u062a\u0645\u062b\u0644 \u0645\u0647\u0645\u062a\u0647 \u0641\u064a \u062a\u0637\u0648\u064a\u0631 \u0623\u062d\u062f\u062b \u0627\u0644\u0623\u0628\u062d\u0627\u062b \u062d\u0648\u0644 \u0627\u0633\u062a\u062e\u062f\u0627\u0645 \u0627\u0644\u0644\u064a\u0632\u0631 \u0641\u064a \u0639\u0645\u0644\u064a\u0627\u062a \u0627\u0644\u062a\u0635\u0646\u064a\u0639 \u0648\u0627\u0644\u062a\u0634\u063a\u064a\u0644 \u0627\u0644\u0645\u064a\u0643\u0627\u0646\u064a\u0643\u064a \u0639\u0644\u0649 \u0627\u0644\u0646\u0637\u0627\u0642\u064a\u0646 \u0627\u0644\u0635\u063a\u064a\u0631 \u0648\u0627\u0644\u0645\u062c\u0647\u0631\u064a. \u064a\u062a\u0636\u0645\u0646 \u0647\u0630\u0627 \u0627\u0644\u0628\u062d\u062b \u0627\u0644\u0623\u0633\u0627\u0644\u064a\u0628 \u0627\u0644\u0646\u0638\u0631\u064a\u0629 \u0648\u0627\u0644\u062a\u062c\u0631\u064a\u0628\u064a\u0629\u060c \u0627\u0644\u062a\u064a \u062a\u0646\u0641\u0630 \u0623\u0646\u0638\u0645\u0629 \u0627\u0644\u0646\u0645\u0630\u062c\u0629 \u0627\u0644\u0639\u062f\u062f\u064a\u0629 \u0648\u0627\u0644\u0644\u064a\u0632\u0631 \u0630\u0627\u062a \u0627\u0644\u0642\u062f\u0631\u0629 \u0627\u0644\u0639\u0627\u0644\u064a\u0629 \u0648\u0627\u0644\u0645\u062a\u0648\u0633\u0637\u0629 [&hellip;]<\/p>\n","protected":false},"author":46,"featured_media":8937,"parent":10864,"menu_order":0,"comment_status":"closed","ping_status":"closed","template":"division-page.php","meta":{"footnotes":""},"class_list":["post-10860","page","type-page","status-publish","has-post-thumbnail","hentry"],"_links":{"self":[{"href":"https:\/\/www.cdta.dz\/ar\/wp-json\/wp\/v2\/pages\/10860\/"}],"collection":[{"href":"https:\/\/www.cdta.dz\/ar\/wp-json\/wp\/v2\/pages\/"}],"about":[{"href":"https:\/\/www.cdta.dz\/ar\/wp-json\/wp\/v2\/types\/page\/"}],"author":[{"embeddable":true,"href":"https:\/\/www.cdta.dz\/ar\/wp-json\/wp\/v2\/users\/46\/"}],"replies":[{"embeddable":true,"href":"https:\/\/www.cdta.dz\/ar\/wp-json\/wp\/v2\/comments\/?post=10860"}],"version-history":[{"count":3,"href":"https:\/\/www.cdta.dz\/ar\/wp-json\/wp\/v2\/pages\/10860\/revisions\/"}],"predecessor-version":[{"id":17368,"href":"https:\/\/www.cdta.dz\/ar\/wp-json\/wp\/v2\/pages\/10860\/revisions\/17368\/"}],"up":[{"embeddable":true,"href":"https:\/\/www.cdta.dz\/ar\/wp-json\/wp\/v2\/pages\/10864\/"}],"wp:featuredmedia":[{"embeddable":true,"href":"https:\/\/www.cdta.dz\/ar\/wp-json\/wp\/v2\/media\/8937\/"}],"wp:attachment":[{"href":"https:\/\/www.cdta.dz\/ar\/wp-json\/wp\/v2\/media\/?parent=10860"}],"curies":[{"name":"wp","href":"https:\/\/api.w.org\/{rel}","templated":true}]}}