{"id":12174,"date":"2019-11-07T13:02:05","date_gmt":"2019-11-07T13:02:05","guid":{"rendered":"http:\/\/10.1.5.53\/?page_id=12174"},"modified":"2019-11-07T13:06:11","modified_gmt":"2019-11-07T13:06:11","slug":"%d8%a7%d9%84%d8%b7%d8%a8%d8%a7%d8%b9%d8%a9-%d8%ab%d9%84%d8%a7%d8%ab%d9%8a%d8%a9-%d8%a7%d9%84%d8%a3%d8%a8%d8%b9%d8%a7%d8%af","status":"publish","type":"page","link":"https:\/\/www.cdta.dz\/ar\/%d8%a7%d9%84%d8%a8%d8%ad%d8%ab-%d9%88%d8%a7%d9%84%d8%aa%d9%83%d9%86%d9%88%d9%84%d9%88%d8%ac%d9%8a%d8%a7\/%d8%a7%d9%84%d9%85%d9%86%d8%b5%d8%a7%d8%aa-%d8%a7%d9%84%d8%aa%d9%83%d9%86%d9%88%d9%84%d9%88%d8%ac%d9%8a%d8%a9\/%d9%85%d9%86%d8%b5%d8%a9-%d8%a7%d9%84%d9%86%d9%85%d8%b0%d8%ac%d8%a9\/%d8%a7%d9%84%d8%b7%d8%a8%d8%a7%d8%b9%d8%a9-%d8%ab%d9%84%d8%a7%d8%ab%d9%8a%d8%a9-%d8%a7%d9%84%d8%a3%d8%a8%d8%b9%d8%a7%d8%af\/","title":{"rendered":"\u0627\u0644\u0637\u0628\u0627\u0639\u0629 \u062b\u0644\u0627\u062b\u064a\u0629 \u0627\u0644\u0623\u0628\u0639\u0627\u062f"},"content":{"rendered":"<p>[vc_row][vc_column][vc_column_text css_animation=&#8221;none&#8221;]<\/p>\n<h1 style=\"text-align: center;\"><a name=\"_Toc20341028\"><\/a><span style=\"color: #2d6bbd;\"><strong>3D PRINTING<\/strong><\/span><\/h1>\n<p>[\/vc_column_text][vc_row_inner][vc_column_inner width=&#8221;1\/2&#8243;][vc_hoverbox image=&#8221;10163&#8243; primary_title=&#8221;&#8221; hover_title=&#8221;SLS-Selective laser Sintering&#8221; use_custom_fonts_hover_title=&#8221;true&#8221; hover_title_link=&#8221;url:http%3A%2F%2Fwww.cdta.net%2Ffr%2Frecherche-et-technologie%2Fplateformes-technologiques%2Fplateforme-de-prototypage%2F3d-printing%2Fsls-selective-laser-sintering%2F|title:SLS-Selective%20laser%20Sintering||&#8221;][\/vc_hoverbox][\/vc_column_inner][vc_column_inner width=&#8221;1\/2&#8243;][vc_hoverbox image=&#8221;11929&#8243; primary_title=&#8221;&#8221; hover_title=&#8221;FDM-impression par d\u00e9p\u00f4t de mati\u00e8re&#8221; use_custom_fonts_hover_title=&#8221;true&#8221; hover_title_link=&#8221;url:http%3A%2F%2Fwww.cdta.net%2Ffr%2Frecherche-et-technologie%2Fplateformes-technologiques%2Fplateforme-de-prototypage%2F3d-printing%2Ffdm-impression-par-depot-de-matiere%2F|title:FDM-impression%20par%20d%C3%A9p%C3%B4t%20de%20mati%C3%A8re||&#8221;][\/vc_hoverbox][\/vc_column_inner][\/vc_row_inner][\/vc_column][\/vc_row]<\/p>\n","protected":false},"excerpt":{"rendered":"<p>[vc_row][vc_column][vc_column_text css_animation=&#8221;none&#8221;] 3D PRINTING [\/vc_column_text][vc_row_inner][vc_column_inner width=&#8221;1\/2&#8243;][vc_hoverbox image=&#8221;10163&#8243; primary_title=&#8221;&#8221; hover_title=&#8221;SLS-Selective laser Sintering&#8221; use_custom_fonts_hover_title=&#8221;true&#8221; hover_title_link=&#8221;url:http%3A%2F%2Fwww.cdta.net%2Ffr%2Frecherche-et-technologie%2Fplateformes-technologiques%2Fplateforme-de-prototypage%2F3d-printing%2Fsls-selective-laser-sintering%2F|title:SLS-Selective%20laser%20Sintering||&#8221;][\/vc_hoverbox][\/vc_column_inner][vc_column_inner width=&#8221;1\/2&#8243;][vc_hoverbox image=&#8221;11929&#8243; primary_title=&#8221;&#8221; hover_title=&#8221;FDM-impression par d\u00e9p\u00f4t de mati\u00e8re&#8221; use_custom_fonts_hover_title=&#8221;true&#8221; hover_title_link=&#8221;url:http%3A%2F%2Fwww.cdta.net%2Ffr%2Frecherche-et-technologie%2Fplateformes-technologiques%2Fplateforme-de-prototypage%2F3d-printing%2Ffdm-impression-par-depot-de-matiere%2F|title:FDM-impression%20par%20d%C3%A9p%C3%B4t%20de%20mati%C3%A8re||&#8221;][\/vc_hoverbox][\/vc_column_inner][\/vc_row_inner][\/vc_column][\/vc_row]<\/p>\n","protected":false},"author":46,"featured_media":9136,"parent":7325,"menu_order":0,"comment_status":"closed","ping_status":"closed","template":"division-page.php","meta":{"footnotes":""},"class_list":["post-12174","page","type-page","status-publish","has-post-thumbnail","hentry"],"_links":{"self":[{"href":"https:\/\/www.cdta.dz\/ar\/wp-json\/wp\/v2\/pages\/12174\/"}],"collection":[{"href":"https:\/\/www.cdta.dz\/ar\/wp-json\/wp\/v2\/pages\/"}],"about":[{"href":"https:\/\/www.cdta.dz\/ar\/wp-json\/wp\/v2\/types\/page\/"}],"author":[{"embeddable":true,"href":"https:\/\/www.cdta.dz\/ar\/wp-json\/wp\/v2\/users\/46\/"}],"replies":[{"embeddable":true,"href":"https:\/\/www.cdta.dz\/ar\/wp-json\/wp\/v2\/comments\/?post=12174"}],"version-history":[{"count":0,"href":"https:\/\/www.cdta.dz\/ar\/wp-json\/wp\/v2\/pages\/12174\/revisions\/"}],"up":[{"embeddable":true,"href":"https:\/\/www.cdta.dz\/ar\/wp-json\/wp\/v2\/pages\/7325\/"}],"wp:featuredmedia":[{"embeddable":true,"href":"https:\/\/www.cdta.dz\/ar\/wp-json\/wp\/v2\/media\/9136\/"}],"wp:attachment":[{"href":"https:\/\/www.cdta.dz\/ar\/wp-json\/wp\/v2\/media\/?parent=12174"}],"curies":[{"name":"wp","href":"https:\/\/api.w.org\/{rel}","templated":true}]}}