{"id":12192,"date":"2019-11-07T13:01:13","date_gmt":"2019-11-07T13:01:13","guid":{"rendered":"http:\/\/10.1.5.53\/?page_id=12192"},"modified":"2019-11-07T15:06:02","modified_gmt":"2019-11-07T15:06:02","slug":"fdm-impression-par-depot-de-matiere","status":"publish","type":"page","link":"https:\/\/www.cdta.dz\/ar\/%d8%a7%d9%84%d8%a8%d8%ad%d8%ab-%d9%88%d8%a7%d9%84%d8%aa%d9%83%d9%86%d9%88%d9%84%d9%88%d8%ac%d9%8a%d8%a7\/%d8%a7%d9%84%d9%85%d9%86%d8%b5%d8%a7%d8%aa-%d8%a7%d9%84%d8%aa%d9%83%d9%86%d9%88%d9%84%d9%88%d8%ac%d9%8a%d8%a9\/%d9%85%d9%86%d8%b5%d8%a9-%d8%a7%d9%84%d9%86%d9%85%d8%b0%d8%ac%d8%a9\/%d8%a7%d9%84%d8%b7%d8%a8%d8%a7%d8%b9%d8%a9-%d8%ab%d9%84%d8%a7%d8%ab%d9%8a%d8%a9-%d8%a7%d9%84%d8%a3%d8%a8%d8%b9%d8%a7%d8%af\/fdm-impression-par-depot-de-matiere\/","title":{"rendered":"FDM &#8211; Impression par d\u00e9p\u00f4t de mati\u00e8re"},"content":{"rendered":"<p>[vc_row][vc_column][vc_column_text]<\/p>\n<h2><\/h2>\n<h2 style=\"text-align: center;\"><strong><span style=\"color: #2d6bbd;\">FDM-impression par d\u00e9p\u00f4t de mati\u00e8re<\/span><\/strong><\/h2>\n<p>[\/vc_column_text][\/vc_column][\/vc_row][vc_row][vc_column][vc_column_text]<br \/>\n<marquee BEHAVIOR=\"alternate\"><\/p>\n<h3 style=\"text-align: left;\"><span style=\"color: #5bb6e3;\"><strong>Construit des pi\u00e8ces fortes, durables et ind\u00e9formables<\/strong><\/span><\/h3>\n<p><\/marquee><br \/>\n[\/vc_column_text][\/vc_column][\/vc_row][vc_row][vc_column][vc_column_text]<strong>Les pi\u00e8ces d\u2019impression 3D FDM sont suffisamment robustes pour \u00eatre utilis\u00e9es comme mod\u00e8les conceptuels avanc\u00e9s, prototypes fonctionnels, outils de fabrication et pi\u00e8ces de production. Utiliser des mat\u00e9riaux solides, fiables et durables, r\u00e9duire les co\u00fbts et \u00e9liminer les barri\u00e8res traditionnelles.<\/strong><\/p>\n<p>&nbsp;<\/p>\n<p>[\/vc_column_text][\/vc_column][\/vc_row][vc_row][vc_column width=&#8221;1\/12&#8243;][\/vc_column][vc_column width=&#8221;10\/12&#8243;][vc_hoverbox image=&#8221;10266&#8243; primary_title=&#8221;&#8221; hover_title=&#8221;&#8221; el_width=&#8221;90&#8243;]<\/p>\n<p style=\"text-align: center;\"><strong>Technologie = Extrusion (FFF, FDM \u2026)<\/strong><br \/>\n<strong>Mat\u00e9riaux = PLA, Autres plastiques, ABS<\/strong><br \/>\n<strong>Taille d\u2019impression max. = 200x200x180 mm<\/strong><\/p>\n<p>[\/vc_hoverbox][\/vc_column][vc_column width=&#8221;1\/12&#8243;][\/vc_column][\/vc_row]<\/p>\n","protected":false},"excerpt":{"rendered":"<p>[vc_row][vc_column][vc_column_text] FDM-impression par d\u00e9p\u00f4t de mati\u00e8re [\/vc_column_text][\/vc_column][\/vc_row][vc_row][vc_column][vc_column_text] Construit des pi\u00e8ces fortes, durables et ind\u00e9formables [\/vc_column_text][\/vc_column][\/vc_row][vc_row][vc_column][vc_column_text]Les pi\u00e8ces d\u2019impression 3D FDM sont suffisamment robustes pour \u00eatre utilis\u00e9es comme mod\u00e8les conceptuels avanc\u00e9s, prototypes fonctionnels, outils de fabrication et pi\u00e8ces de production. Utiliser des mat\u00e9riaux solides, fiables et durables, r\u00e9duire les co\u00fbts et \u00e9liminer les barri\u00e8res traditionnelles. &nbsp; [\/vc_column_text][\/vc_column][\/vc_row][vc_row][vc_column [&hellip;]<\/p>\n","protected":false},"author":46,"featured_media":9136,"parent":12174,"menu_order":0,"comment_status":"closed","ping_status":"closed","template":"division-page.php","meta":{"footnotes":""},"class_list":["post-12192","page","type-page","status-publish","has-post-thumbnail","hentry"],"_links":{"self":[{"href":"https:\/\/www.cdta.dz\/ar\/wp-json\/wp\/v2\/pages\/12192\/"}],"collection":[{"href":"https:\/\/www.cdta.dz\/ar\/wp-json\/wp\/v2\/pages\/"}],"about":[{"href":"https:\/\/www.cdta.dz\/ar\/wp-json\/wp\/v2\/types\/page\/"}],"author":[{"embeddable":true,"href":"https:\/\/www.cdta.dz\/ar\/wp-json\/wp\/v2\/users\/46\/"}],"replies":[{"embeddable":true,"href":"https:\/\/www.cdta.dz\/ar\/wp-json\/wp\/v2\/comments\/?post=12192"}],"version-history":[{"count":0,"href":"https:\/\/www.cdta.dz\/ar\/wp-json\/wp\/v2\/pages\/12192\/revisions\/"}],"up":[{"embeddable":true,"href":"https:\/\/www.cdta.dz\/ar\/wp-json\/wp\/v2\/pages\/12174\/"}],"wp:featuredmedia":[{"embeddable":true,"href":"https:\/\/www.cdta.dz\/ar\/wp-json\/wp\/v2\/media\/9136\/"}],"wp:attachment":[{"href":"https:\/\/www.cdta.dz\/ar\/wp-json\/wp\/v2\/media\/?parent=12192"}],"curies":[{"name":"wp","href":"https:\/\/api.w.org\/{rel}","templated":true}]}}