{"id":12198,"date":"2019-01-07T13:00:46","date_gmt":"2019-01-07T13:00:46","guid":{"rendered":"http:\/\/10.1.5.53\/?page_id=12198"},"modified":"2019-11-07T16:03:20","modified_gmt":"2019-11-07T16:03:20","slug":"offres-de-formations","status":"publish","type":"page","link":"https:\/\/www.cdta.dz\/ar\/%d8%a7%d9%84%d8%a8%d8%ad%d8%ab-%d9%88%d8%a7%d9%84%d8%aa%d9%83%d9%86%d9%88%d9%84%d9%88%d8%ac%d9%8a%d8%a7\/%d8%a7%d9%84%d9%85%d9%86%d8%b5%d8%a7%d8%aa-%d8%a7%d9%84%d8%aa%d9%83%d9%86%d9%88%d9%84%d9%88%d8%ac%d9%8a%d8%a9\/%d9%85%d9%86%d8%b5%d8%a9-%d8%a7%d9%84%d9%86%d9%85%d8%b0%d8%ac%d8%a9\/offres-de-formations\/","title":{"rendered":"Offres de formations"},"content":{"rendered":"<p>[vc_row][vc_column][vc_column_text css_animation=&#8221;rollIn&#8221; css=&#8221;.vc_custom_1571653596716{border-radius: 3px !important;}&#8221;]<\/p>\n<h1 style=\"text-align: center;\"><em><span style=\"color: #46a8e0;\"><strong>Offres de formations<\/strong><\/span><\/em><\/h1>\n<p>&nbsp;<\/p>\n<p>[\/vc_column_text][\/vc_column][\/vc_row][vc_row][vc_column][vc_single_image image=&#8221;10517&#8243; img_size=&#8221;large&#8221; alignment=&#8221;center&#8221; style=&#8221;vc_box_shadow_3d&#8221;][\/vc_column][\/vc_row][vc_row][vc_column css_animation=&#8221;bounceIn&#8221;][vc_column_text css=&#8221;.vc_custom_1572772270826{border-top-width: 8px !important;border-right-width: 2px !important;border-bottom-width: 8px !important;border-left-width: 8px !important;background-color: #eaeaea !important;background-position: center !important;background-repeat: no-repeat !important;background-size: contain !important;border-left-style: double !important;border-right-style: double !important;border-top-style: double !important;border-bottom-style: double !important;border-radius: 2px !important;}&#8221;]<\/p>\n<h3><\/h3>\n<h3><\/h3>\n<ul>\n<li>\n<h3><span style=\"color: #0000ff;\"><strong>1-Maitrise des Techniques de Fabrication M\u00e9canique<\/strong><\/span><\/h3>\n<\/li>\n<\/ul>\n<h3><\/h3>\n<ul>\n<li>\n<h3><span style=\"color: #0000ff;\"><strong>2-Initiation \u00e0 la Commande Num\u00e9rique des Machines<\/strong><\/span><\/h3>\n<\/li>\n<\/ul>\n<h3><\/h3>\n<ul>\n<li>\n<h3><span style=\"color: #0000ff;\"><strong>3-Maitrise de la M\u00e9trologie 2D, 3D (MMT)<\/strong><\/span><\/h3>\n<\/li>\n<\/ul>\n<h3><\/h3>\n<ul>\n<li>\n<h3><span style=\"color: #0000ff;\"><strong>4-Maitrise de la M\u00e9trologies Tridimentionelle<\/strong><\/span><\/h3>\n<\/li>\n<\/ul>\n<h3><\/h3>\n<ul>\n<li>\n<h3><span style=\"color: #0000ff;\"><strong>5-Scaning et R\u00e9tro Conception 3D<\/strong><\/span><\/h3>\n<\/li>\n<\/ul>\n<h3><\/h3>\n<ul>\n<li>\n<h3><span style=\"color: #0000ff;\"><strong>6-Fabrication Additive<\/strong><\/span><\/h3>\n<\/li>\n<\/ul>\n<p>[\/vc_column_text][\/vc_column][\/vc_row]<\/p>\n","protected":false},"excerpt":{"rendered":"<p>[vc_row][vc_column][vc_column_text css_animation=&#8221;rollIn&#8221; css=&#8221;.vc_custom_1571653596716{border-radius: 3px !important;}&#8221;] Offres de formations &nbsp; [\/vc_column_text][\/vc_column][\/vc_row][vc_row][vc_column][vc_single_image image=&#8221;10517&#8243; img_size=&#8221;large&#8221; alignment=&#8221;center&#8221; style=&#8221;vc_box_shadow_3d&#8221;][\/vc_column][\/vc_row][vc_row][vc_column css_animation=&#8221;bounceIn&#8221;][vc_column_text css=&#8221;.vc_custom_1572772270826{border-top-width: 8px !important;border-right-width: 2px !important;border-bottom-width: 8px !important;border-left-width: 8px !important;background-color: #eaeaea !important;background-position: center !important;background-repeat: no-repeat !important;background-size: contain !important;border-left-style: double !important;border-right-style: double !important;border-top-style: double !important;border-bottom-style: double !important;border-radius: 2px !important;}&#8221;] 1-Maitrise des Techniques de Fabrication M\u00e9canique 2-Initiation \u00e0 la Commande Num\u00e9rique des Machines [&hellip;]<\/p>\n","protected":false},"author":46,"featured_media":9136,"parent":7325,"menu_order":0,"comment_status":"closed","ping_status":"closed","template":"division-page.php","meta":{"footnotes":""},"class_list":["post-12198","page","type-page","status-publish","has-post-thumbnail","hentry"],"_links":{"self":[{"href":"https:\/\/www.cdta.dz\/ar\/wp-json\/wp\/v2\/pages\/12198\/"}],"collection":[{"href":"https:\/\/www.cdta.dz\/ar\/wp-json\/wp\/v2\/pages\/"}],"about":[{"href":"https:\/\/www.cdta.dz\/ar\/wp-json\/wp\/v2\/types\/page\/"}],"author":[{"embeddable":true,"href":"https:\/\/www.cdta.dz\/ar\/wp-json\/wp\/v2\/users\/46\/"}],"replies":[{"embeddable":true,"href":"https:\/\/www.cdta.dz\/ar\/wp-json\/wp\/v2\/comments\/?post=12198"}],"version-history":[{"count":0,"href":"https:\/\/www.cdta.dz\/ar\/wp-json\/wp\/v2\/pages\/12198\/revisions\/"}],"up":[{"embeddable":true,"href":"https:\/\/www.cdta.dz\/ar\/wp-json\/wp\/v2\/pages\/7325\/"}],"wp:featuredmedia":[{"embeddable":true,"href":"https:\/\/www.cdta.dz\/ar\/wp-json\/wp\/v2\/media\/9136\/"}],"wp:attachment":[{"href":"https:\/\/www.cdta.dz\/ar\/wp-json\/wp\/v2\/media\/?parent=12198"}],"curies":[{"name":"wp","href":"https:\/\/api.w.org\/{rel}","templated":true}]}}