{"id":12234,"date":"2019-11-07T12:59:51","date_gmt":"2019-11-07T12:59:51","guid":{"rendered":"http:\/\/10.1.5.53\/?page_id=12234"},"modified":"2019-11-07T15:05:27","modified_gmt":"2019-11-07T15:05:27","slug":"etude-conception-reverse-engineering","status":"publish","type":"page","link":"https:\/\/www.cdta.dz\/ar\/%d8%a7%d9%84%d8%a8%d8%ad%d8%ab-%d9%88%d8%a7%d9%84%d8%aa%d9%83%d9%86%d9%88%d9%84%d9%88%d8%ac%d9%8a%d8%a7\/%d8%a7%d9%84%d9%85%d9%86%d8%b5%d8%a7%d8%aa-%d8%a7%d9%84%d8%aa%d9%83%d9%86%d9%88%d9%84%d9%88%d8%ac%d9%8a%d8%a9\/%d9%85%d9%86%d8%b5%d8%a9-%d8%a7%d9%84%d9%86%d9%85%d8%b0%d8%ac%d8%a9\/etude-conception-reverse-engineering\/","title":{"rendered":"\u00c9tude conception &#038; Reverse Engineering"},"content":{"rendered":"<p>[vc_row][vc_column][vc_column_text css_animation=&#8221;bounceInLeft&#8221;]<\/p>\n<h1 style=\"text-align: center;\"><span style=\"color: #307ab8;\"><strong>Etude conception &amp; Reverse Engineering<\/strong><\/span><\/h1>\n<p>&nbsp;<\/p>\n<p>[\/vc_column_text][vc_row_inner][vc_column_inner][vc_single_image image=&#8221;10439&#8243; img_size=&#8221;full&#8221; alignment=&#8221;center&#8221;][\/vc_column_inner][\/vc_row_inner][vc_row_inner][vc_column_inner][vc_column_text]<strong>Equip\u00e9s de mat\u00e9riels de haute pr\u00e9cision, nous vous proposons un service de scan 3D, de relev\u00e9 3D avec une pr\u00e9cision pouvant atteindre 0.8 \u00b5m.<\/strong><\/p>\n<p>[\/vc_column_text][\/vc_column_inner][\/vc_row_inner][vc_row_inner][vc_column_inner][vc_toggle title=&#8221;Nos Services&#8221; style=&#8221;rounded&#8221; color=&#8221;sky&#8221; custom_font_container=&#8221;tag:h2|text_align:left|color:%232185dd&#8221; custom_google_fonts=&#8221;font_family:ABeeZee%3Aregular%2Citalic|font_style:400%20regular%3A400%3Anormal&#8221; use_custom_heading=&#8221;true&#8221;]<\/p>\n<p><strong>1. Num\u00e9risation 3D par scanning laser<\/strong><br \/>\n<strong>2. Mod\u00e9lisation 3D<\/strong><br \/>\n<strong>3. Conception de pi\u00e8ces m\u00e9canique en 2d et 3d<\/strong><br \/>\n<strong>4. Etude et Conception de moule et outillage<\/strong><br \/>\n<strong>5. Design industriel<\/strong><br \/>\n<strong>6. prototypage rapide<\/strong><br \/>\n<strong>7. Contr\u00f4le M\u00e9trologique 3D (MMT)<\/strong>[\/vc_toggle][\/vc_column_inner][\/vc_row_inner][vc_row_inner][vc_column_inner][vc_column_text]<\/p>\n<h3 style=\"text-align: left;\"><span style=\"color: #54a9de;\"><strong>Retro-conception et control m\u00e9trologique 3D<\/strong><\/span><\/h3>\n<p>[\/vc_column_text][\/vc_column_inner][\/vc_row_inner][vc_row_inner][vc_column_inner][vc_column_text]<\/p>\n<p>Scan 3D, relev\u00e9 tridimensionnel sur site, R\u00e9tro-mod\u00e9lisation, Contr\u00f4le dimensionnel, de forme et d&#8217;assemblage, de pi\u00e8ces complexes&#8230;<\/p>\n<p>[\/vc_column_text][\/vc_column_inner][\/vc_row_inner][vc_row_inner][vc_column_inner width=&#8221;1\/2&#8243;][vc_hoverbox image=&#8221;10037&#8243; primary_title=&#8221;&#8221; hover_title=&#8221;Num\u00e9risation 3D par scanning Laser&#8221; hover_title_font_container=&#8221;color:%230a0a0a&#8221; use_custom_fonts_hover_title=&#8221;true&#8221; hover_title_link=&#8221;url:http%3A%2F%2Fwww.cdta.net%2Ffr%2Frecherche-et-technologie%2Fplateformes-technologiques%2Fplateforme-de-prototypage%2Fetude-conception-reverse-engineering%2Fnumerisation-3d-par-scanning-laser%2F|title:Num%C3%A9risation%203D%20par%20scanning%20Laser||&#8221;][\/vc_hoverbox][\/vc_column_inner][vc_column_inner width=&#8221;1\/2&#8243;][vc_hoverbox image=&#8221;9525&#8243; primary_title=&#8221;&#8221; hover_title=&#8221;Contr\u00f4le-M\u00e9trologique-3D&#8221; el_width=&#8221;90&#8243; use_custom_fonts_hover_title=&#8221;true&#8221; hover_title_link=&#8221;url:http%3A%2F%2Fwww.cdta.net%2Ffr%2Frecherche-et-technologie%2Fplateformes-technologiques%2Fplateforme-de-prototypage%2Fetude-conception-reverse-engineering%2Fcontrole-metrologique-3d%2F|title:Contr%C3%B4le%20M%C3%A9trologique%203D||&#8221;][\/vc_hoverbox][\/vc_column_inner][\/vc_row_inner][\/vc_column][\/vc_row]<\/p>\n","protected":false},"excerpt":{"rendered":"<p>[vc_row][vc_column][vc_column_text css_animation=&#8221;bounceInLeft&#8221;] Etude conception &amp; Reverse Engineering &nbsp; [\/vc_column_text][vc_row_inner][vc_column_inner][vc_single_image image=&#8221;10439&#8243; img_size=&#8221;full&#8221; alignment=&#8221;center&#8221;][\/vc_column_inner][\/vc_row_inner][vc_row_inner][vc_column_inner][vc_column_text]Equip\u00e9s de mat\u00e9riels de haute pr\u00e9cision, nous vous proposons un service de scan 3D, de relev\u00e9 3D avec une pr\u00e9cision pouvant atteindre 0.8 \u00b5m. [\/vc_column_text][\/vc_column_inner][\/vc_row_inner][vc_row_inner][vc_column_inner][vc_toggle title=&#8221;Nos Services&#8221; style=&#8221;rounded&#8221; color=&#8221;sky&#8221; custom_font_container=&#8221;tag:h2|text_align:left|color:%232185dd&#8221; custom_google_fonts=&#8221;font_family:ABeeZee%3Aregular%2Citalic|font_style:400%20regular%3A400%3Anormal&#8221; use_custom_heading=&#8221;true&#8221;] 1. Num\u00e9risation 3D par scanning laser 2. Mod\u00e9lisation 3D 3. Conception de [&hellip;]<\/p>\n","protected":false},"author":46,"featured_media":9136,"parent":7325,"menu_order":0,"comment_status":"closed","ping_status":"closed","template":"division-page.php","meta":{"footnotes":""},"class_list":["post-12234","page","type-page","status-publish","has-post-thumbnail","hentry"],"_links":{"self":[{"href":"https:\/\/www.cdta.dz\/ar\/wp-json\/wp\/v2\/pages\/12234\/"}],"collection":[{"href":"https:\/\/www.cdta.dz\/ar\/wp-json\/wp\/v2\/pages\/"}],"about":[{"href":"https:\/\/www.cdta.dz\/ar\/wp-json\/wp\/v2\/types\/page\/"}],"author":[{"embeddable":true,"href":"https:\/\/www.cdta.dz\/ar\/wp-json\/wp\/v2\/users\/46\/"}],"replies":[{"embeddable":true,"href":"https:\/\/www.cdta.dz\/ar\/wp-json\/wp\/v2\/comments\/?post=12234"}],"version-history":[{"count":0,"href":"https:\/\/www.cdta.dz\/ar\/wp-json\/wp\/v2\/pages\/12234\/revisions\/"}],"up":[{"embeddable":true,"href":"https:\/\/www.cdta.dz\/ar\/wp-json\/wp\/v2\/pages\/7325\/"}],"wp:featuredmedia":[{"embeddable":true,"href":"https:\/\/www.cdta.dz\/ar\/wp-json\/wp\/v2\/media\/9136\/"}],"wp:attachment":[{"href":"https:\/\/www.cdta.dz\/ar\/wp-json\/wp\/v2\/media\/?parent=12234"}],"curies":[{"name":"wp","href":"https:\/\/api.w.org\/{rel}","templated":true}]}}