{"id":7327,"date":"2019-07-24T16:32:20","date_gmt":"2019-07-24T16:32:20","guid":{"rendered":""},"modified":"2019-10-01T10:31:59","modified_gmt":"2019-10-01T10:31:59","slug":"%d8%a7%d9%84%d8%b9%d8%b1%d8%b6-%d8%a7%d9%84%d8%ad%d8%b1%d8%a7%d8%b1%d9%8a","status":"publish","type":"page","link":"https:\/\/www.cdta.dz\/ar\/%d8%a7%d9%84%d8%a8%d8%ad%d8%ab-%d9%88%d8%a7%d9%84%d8%aa%d9%83%d9%86%d9%88%d9%84%d9%88%d8%ac%d9%8a%d8%a7\/%d8%a7%d9%84%d9%85%d9%86%d8%b5%d8%a7%d8%aa-%d8%a7%d9%84%d8%aa%d9%83%d9%86%d9%88%d9%84%d9%88%d8%ac%d9%8a%d8%a9\/%d8%a7%d9%84%d8%b9%d8%b1%d8%b6-%d8%a7%d9%84%d8%ad%d8%b1%d8%a7%d8%b1%d9%8a\/","title":{"rendered":"\u0627\u0644\u0639\u0631\u0636 \u0627\u0644\u062d\u0631\u0627\u0631\u064a"},"content":{"rendered":"<p>[vc_row][vc_column][vc_column_text el_class=&#8221;text-justify&#8221;]<strong>Plateforme Projection Thermique<\/strong><\/p>\n<p>La projection thermique d\u00e9signe un groupe de proc\u00e9d\u00e9s de traitement de mat\u00e9riaux par voie s\u00e8che, elle est actuellement consid\u00e9r\u00e9e comme une technologie \u00e9cologique cl\u00e9 visant \u00e0 concevoir et modifier les propri\u00e9t\u00e9s d\u2019une surface ou d\u2019un mat\u00e9riau. Cette technologie est couramment utilis\u00e9e dans plusieurs secteurs industriels, notamment l\u2019a\u00e9ronautique, l\u2019\u00e9nergie, l\u2019automobile, les mines, le biom\u00e9dical et l\u2019\u00e9lectronique.<\/p>\n<p>La projection thermique regroupe un ensemble de proc\u00e9d\u00e9s class\u00e9s par le type de leur source d\u2019\u00e9nergie :<\/p>\n<ul>\n<li>Combustion : Flamme classique, flamme hypersonique (HVOF) et canon \u00e0 d\u00e9tonation.<\/li>\n<li>Electrique : Arc-fil et Plasma (APS, VPS, LPPS, PSPVD, SPS, SPPS).<\/li>\n<li>Dynamique des gaz : La projection \u00e0 froid commun\u00e9ment appel\u00e9 Cold spray.<\/li>\n<\/ul>\n<p>La plateforme de projection thermique du CDTA dispose d\u2019une installation de projection \u00e9volutive. Elle met en \u0153uvre deux proc\u00e9d\u00e9s dont la projection plasma et la projection arc-fil, avec la possibilit\u00e9 d\u2019int\u00e9grer les autres proc\u00e9d\u00e9s, notamment le HVOF et le cold spray dans la m\u00eame installation.<\/p>\n<p>Cette plateforme technologique pourrait jouer le r\u00f4le d\u2019acc\u00e9l\u00e9rateur de d\u00e9veloppement de la projection thermique sur tout le territoire national, elle a la capacit\u00e9 de r\u00e9unir les acteurs de la R&amp;D, elle est consid\u00e9r\u00e9e comme un outil de transfert technologique et un soutien de l\u2019innovation.<br \/>\nElle vise \u00e0 :<\/p>\n<ul>\n<li>Orienter la recherche et le d\u00e9veloppement technologique vers le d\u00e9veloppement \u00e9conomique ;<\/li>\n<li>Innover, notamment dans les domaines strat\u00e9giques du pays ;<\/li>\n<li>Promouvoir la ma\u00eetrise et l\u2019utilisation des proc\u00e9d\u00e9s de projection thermique dans les entreprises et dans les fili\u00e8res d\u2019engineering.<\/li>\n<\/ul>\n<p>Elle permettrait ainsi diff\u00e9rents usages :<\/p>\n<ul>\n<li>La recherche collaborative : elle permet de d\u00e9velopper des projets R&amp;D \u00e0 fortes retomb\u00e9es \u00e9conomiques en partenariat avec les entreprises et toutes les structures \u00e0 caract\u00e8re socio-\u00e9conomique ;<\/li>\n<li>La formation : un transfert de connaissances et de savoir-faire, la plateforme est ouverte \u00e0 toutes les institutions d\u2019enseignements et de recherche scientifique ainsi qu\u2019aux entreprises, elle assure le support de formation ;<\/li>\n<li>Accompagnement des entreprises dans leurs projets dans la mise en place d\u2019une technologie (expertise, conseil, \u00e9laboration de cahiers des charges, \u2026)<\/li>\n<li>Cr\u00e9ation de spin-off ou lancement de start up;<\/li>\n<li>Diffusion de l\u2019information : Animer un r\u00e9seau de comp\u00e9tences dans le domaine de la projection thermique, organisation de portes ouvertes, s\u00e9minaires, \u2026<\/li>\n<li>Autres prestations de services aux entreprises ou institutions de recherche.<\/li>\n<\/ul>\n<p>&nbsp;<\/p>\n<p style=\"text-align: right;\"><strong>Y. Mebdoua-Lahmar<\/strong><br \/>\n<strong>Responsable de la plateforme<\/strong>[\/vc_column_text][\/vc_column][\/vc_row]<\/p>\n","protected":false},"excerpt":{"rendered":"<p>[vc_row][vc_column][vc_column_text el_class=&#8221;text-justify&#8221;]Plateforme Projection Thermique La projection thermique d\u00e9signe un groupe de proc\u00e9d\u00e9s de traitement de mat\u00e9riaux par voie s\u00e8che, elle est actuellement consid\u00e9r\u00e9e comme une technologie \u00e9cologique cl\u00e9 visant \u00e0 concevoir et modifier les propri\u00e9t\u00e9s d\u2019une surface ou d\u2019un mat\u00e9riau. Cette technologie est couramment utilis\u00e9e dans plusieurs secteurs industriels, notamment l\u2019a\u00e9ronautique, l\u2019\u00e9nergie, l\u2019automobile, les mines, [&hellip;]<\/p>\n","protected":false},"author":46,"featured_media":2447,"parent":7321,"menu_order":0,"comment_status":"closed","ping_status":"closed","template":"division-page.php","meta":{"footnotes":""},"class_list":["post-7327","page","type-page","status-publish","has-post-thumbnail","hentry"],"_links":{"self":[{"href":"https:\/\/www.cdta.dz\/ar\/wp-json\/wp\/v2\/pages\/7327\/"}],"collection":[{"href":"https:\/\/www.cdta.dz\/ar\/wp-json\/wp\/v2\/pages\/"}],"about":[{"href":"https:\/\/www.cdta.dz\/ar\/wp-json\/wp\/v2\/types\/page\/"}],"author":[{"embeddable":true,"href":"https:\/\/www.cdta.dz\/ar\/wp-json\/wp\/v2\/users\/46\/"}],"replies":[{"embeddable":true,"href":"https:\/\/www.cdta.dz\/ar\/wp-json\/wp\/v2\/comments\/?post=7327"}],"version-history":[{"count":0,"href":"https:\/\/www.cdta.dz\/ar\/wp-json\/wp\/v2\/pages\/7327\/revisions\/"}],"up":[{"embeddable":true,"href":"https:\/\/www.cdta.dz\/ar\/wp-json\/wp\/v2\/pages\/7321\/"}],"wp:featuredmedia":[{"embeddable":true,"href":"https:\/\/www.cdta.dz\/ar\/wp-json\/wp\/v2\/media\/2447\/"}],"wp:attachment":[{"href":"https:\/\/www.cdta.dz\/ar\/wp-json\/wp\/v2\/media\/?parent=7327"}],"curies":[{"name":"wp","href":"https:\/\/api.w.org\/{rel}","templated":true}]}}