{"id":8299,"date":"2019-09-24T14:34:53","date_gmt":"2019-09-24T14:34:53","guid":{"rendered":"http:\/\/10.1.5.53\/?page_id=8299"},"modified":"2019-12-24T09:33:21","modified_gmt":"2019-12-24T09:33:21","slug":"%d9%81%d8%b1%d9%8a%d9%82-%d8%a3%d9%86%d8%b8%d9%85%d8%a9-%d8%a7%d9%84%d9%85%d8%b9%d9%84%d9%88%d9%85%d8%a7%d8%aa-%d8%a7%d9%84%d9%85%d8%aa%d9%82%d8%af%d9%85%d8%a9","status":"publish","type":"page","link":"https:\/\/www.cdta.dz\/ar\/%d8%a7%d9%84%d8%a8%d8%ad%d8%ab-%d9%88%d8%a7%d9%84%d8%aa%d9%83%d9%86%d9%88%d9%84%d9%88%d8%ac%d9%8a%d8%a7\/%d8%a7%d9%84%d8%a3%d9%82%d8%b3%d8%a7%d9%85\/%d9%82%d8%b3%d9%85-%d8%a7%d9%84%d8%a7%d8%aa%d8%b5%d8%a7%d9%84%d8%a7%d8%aa\/%d9%81%d8%b1%d9%8a%d9%82-%d8%a3%d9%86%d8%b8%d9%85%d8%a9-%d8%a7%d9%84%d9%85%d8%b9%d9%84%d9%88%d9%85%d8%a7%d8%aa-%d8%a7%d9%84%d9%85%d8%aa%d9%82%d8%af%d9%85%d8%a9\/","title":{"rendered":"\u0641\u0631\u064a\u0642: \u0623\u0646\u0638\u0645\u0629 \u0627\u0644\u0645\u0639\u0644\u0648\u0645\u0627\u062a \u0627\u0644\u0645\u062a\u0642\u062f\u0645\u0629"},"content":{"rendered":"<h1 style=\"text-align: right\">\u0641\u0631\u064a\u0642: \u0623\u0646\u0638\u0645\u0629 \u0627\u0644\u0645\u0639\u0644\u0648\u0645\u0627\u062a \u0627\u0644\u0645\u062a\u0642\u062f\u0645\u0629<\/h1>\n<p><img loading=\"lazy\" decoding=\"async\" class=\"wp-image-9035 aligncenter\" src=\"https:\/\/www.cdta.dz\/wp-content\/uploads\/2019\/10\/SIA_Logo2.jpg\" alt=\"\" width=\"55\" height=\"75\" \/><\/p>\n<p style=\"text-align: left\">\u0631\u0626\u064a\u0633 \u0627\u0644\u0641\u0631\u064a\u0642: \u0639\u0648\u0639\u0627\u0634 \u0645\u0635\u0637\u0641\u0649<\/p>\n<p>&nbsp;<\/p>\n<p style=\"text-align: right\">\u0641\u0631\u064a\u0642 \u201c\u0646\u0638\u0645 \u0627\u0644\u0645\u0639\u0644\u0648\u0645\u0627\u062a \u0627\u0644\u0645\u062a\u0642\u062f\u0645\u0629 ( SIA ) \u201d \u062a\u0627\u0628\u0639 \u0644 \u0642\u0633\u0645 \u0627\u0644\u0627\u062a\u0635\u0627\u0644\u0627\u062a (DT) . \u064a\u0633\u062a\u062e\u062f\u0645 \u0627\u0644\u0641\u0631\u064a\u0642 \u0623\u062f\u0644\u0629 \u0645\u0646 \u0627\u0644\u0628\u062d\u0648\u062b \u0644\u0636\u0645\u0627\u0646 \u0639\u0645\u0644\u0647 \u0648 \u062a\u062d\u0633\u064a\u0646<br \/>\n\u062c\u0648\u062f\u0629 \u0627\u0644\u0628\u062d\u062b \u0648\u0627\u0644\u062a\u0637\u0648\u064a\u0631 \u0641\u064a \u0627\u0644\u0645\u062c\u0627\u0644\u0627\u062a \u0627\u0644\u062a\u0627\u0644\u064a\u0629: \u0627\u0644\u0631\u0624\u064a\u0629 \u0628\u0648\u0627\u0633\u0637\u0629 \u0627\u0644\u0643\u0645\u0628\u064a\u0648\u062a\u0631 (CV) \u060c \u0623\u0646\u0638\u0645\u0629 \u062f\u0639\u0645 \u0627\u0644\u0642\u0631\u0627\u0631 (DSS) \u0648\u0627\u0644\u062d\u0648\u0633\u0628\u0629 \u0627\u0644\u0633\u062d\u0627\u0628\u064a\u0629 . (CC) \u0645\u0646 \u062e\u0644\u0627\u0644 \u0627\u0644\u0623\u0639\u0645\u0627\u0644 \u0627\u0644\u0645\u0646\u062c\u0632\u0629\u0641\u064a \u0647\u0630\u0647 \u0627\u0644\u0645\u062c\u0627\u0644\u0627\u062a \u060c \u062a\u0645 \u062a\u0623\u0643\u064a\u062f \u0645\u0639\u0631\u0641\u0629 \u0648\u062e\u0628\u0631\u0629 \u0641\u0631\u064a\u0642 SIA \u0639\u0644\u0649 \u0645\u062f\u0649 \u0633\u0646\u0648\u0627\u062a \u0639\u062f\u064a\u062f\u0629 \u0645\u0646 \u0627\u0644\u0646\u0634\u0627\u0637 \u060c \u0645\u0645\u0627 \u0623\u062f\u0649 \u0625\u0644\u0649 \u0627\u0644\u0639\u062f\u064a\u062f \u0645\u0646 \u0627\u0644\u0645\u0633\u0627\u0647\u0645\u0627\u062a.<\/p>\n<h2 style=\"text-align: right\"><strong>\u0645\u062c\u0627\u0644\u0627\u062a \u0627\u0644\u0628\u062d\u062b<\/strong><\/h2>\n<p style=\"text-align: right\">\u064a\u0639\u0645\u0644 \u0641\u0631\u064a\u0642 (SIA) \u0639\u0644\u0649 \u062a\u0639\u0632\u064a\u0632 \u0623\u0646\u0634\u0637\u0629 \u0627\u0644\u0628\u062d\u062b \u0648\u0627\u0644\u062a\u0637\u0648\u064a\u0631 \u0648\u0625\u062c\u0631\u0627\u0621 \u0628\u062d\u0648\u062b \u0630\u0627\u062a \u062a\u0623\u062b\u064a\u0631 \u0639\u0627\u0644\u064a \u0639\u0644\u064a \u0627\u0644\u0645\u0633\u062a\u0648\u064a \u0627\u0644\u0627\u062c\u062a\u0645\u0627\u0639\u064a \u0648\u0627\u0644\u0627\u0642\u062a\u0635\u0627\u062f\u064a \u0641\u064a \u0627\u0644\u0645\u062c\u0627\u0644\u0627\u062a \u0627\u0644\u062a\u0627\u0644\u064a\u0629:<br \/>\n\u0627\u0644\u0631\u0624\u064a\u0629 \u0628\u0648\u0627\u0633\u0637\u0629 \u0627\u0644\u0643\u0645\u0628\u064a\u0648\u062a\u0631 (CV ) : \u064a\u063a\u0637\u064a \u0647\u0630\u0627 \u0627\u0644\u0645\u062c\u0627\u0644 \u0627\u0644\u0639\u062f\u064a\u062f \u0645\u0646 \u0627\u0644\u0645\u062c\u0627\u0644\u0627\u062a \u0627\u0644\u0641\u0631\u0639\u064a\u0629 \u0628\u0645\u0627 \u0641\u064a \u0630\u0644\u0643:<\/p>\n<ul>\n<li style=\"text-align: right\">\u0645\u0639\u0627\u0644\u062c\u0629 \u0627\u0644\u0635\u0648\u0631<\/li>\n<li style=\"text-align: right\">\u0627\u0644\u0628\u062d\u062b \u0639\u0646 \u0627\u0644\u0635\u0648\u0631 \u0648\u0627\u0644\u0648\u0633\u0627\u0626\u0637 \u0627\u0644\u0645\u062a\u0639\u062f\u062f\u0629<\/li>\n<li style=\"text-align: right\">\u062a\u062a\u0628\u0639 \u0627\u0644\u0643\u0627\u0626\u0646 \u0648\u062a\u062d\u0644\u064a\u0644 \u0627\u0644\u0641\u064a\u062f\u064a\u0648<\/li>\n<li style=\"text-align: right\">\u0627\u0633\u062a\u062e\u0631\u0627\u062c \u0627\u0644\u0628\u064a\u0627\u0646\u0627\u062a \u0648\u0627\u0644\u062a\u0639\u0644\u0645 \u0627\u0644\u0622\u0644\u064a<\/li>\n<li style=\"text-align: right\">\u0641\u0647\u0631\u0633\u0629 \u0627\u0644\u0628\u064a\u0627\u0646\u0627\u062a<\/li>\n<li style=\"text-align: right\">\u0627\u0644\u062a\u0635\u0646\u064a\u0641 \u0648\u0627\u0644\u062a\u062c\u0645\u064a\u0639<\/li>\n<li style=\"text-align: right\">\u0646\u0645\u0630\u062c\u0629 \u0645\u0639\u0644\u0648\u0645\u0627\u062a \u0627\u0644\u0644\u0648\u0627\u0642\u0637<\/li>\n<li style=\"text-align: right\">\u0627\u0644\u062a\u0639\u0631\u0641 \u0648\u0627\u0644\u0627\u0633\u062a\u0631\u062c\u0627\u0639<\/li>\n<li style=\"text-align: right\">\u062a\u062d\u0644\u064a\u0644 \u0627\u0644\u0635\u0648\u0631 \u0627\u0644\u0637\u0628\u064a\u0629 \u0648\u062a\u0637\u0628\u064a\u0642\u0627\u062a\u0647\u0627<\/li>\n<\/ul>\n<p style=\"text-align: right\">\u0623\u0646\u0638\u0645\u0629 \u062f\u0639\u0645 \u0627\u0644\u0642\u0631\u0627\u0631 (DSS): \u062c\u0645\u0639 \u0627\u0644\u0628\u064a\u0627\u0646\u0627\u062a \u0645\u0646 \u0645\u0635\u0627\u062f\u0631 \u0645\u062e\u062a\u0644\u0641\u0629\u060c \u062a\u062d\u0644\u064a\u0644 \u0647\u0630\u0647 \u0627\u0644\u0645\u0639\u0644\u0648\u0645\u0627\u062a \u0648\u062a\u0648\u0641\u064a\u0631 \u0645\u0624\u0634\u0631\u0627\u062a \u0644\u0644\u0645\u0633\u0627\u0639\u062f\u0629 \u0641\u064a \u0627\u062a\u062e\u0627\u0630 \u0627\u0644\u0642\u0631\u0627\u0631 \u0644\u062a\u0633\u064a\u064a\u0631 \u0627\u0644\u0645\u0624\u0633\u0633\u0627\u062a. \u0627\u0644\u0623\u0646\u0648\u0627\u0639 \u0627\u0644\u062b\u0644\u0627\u062b\u0629 \u0644\u0644\u0623\u0646\u0638\u0645\u0629 \u0627\u0644\u062a\u064a \u064a\u062a\u0645 \u0627\u0644\u0646\u0638\u0631 \u0641\u064a\u0647\u0627 \u062f\u0627\u062e\u0644 \u0641\u0631\u064a\u0642 SIA \u0647\u064a \u0643\u0645\u0627 \u064a\u0644\u064a:<\/p>\n<ul>\n<li style=\"text-align: right\">\u0646\u0638\u0627\u0645 \u0645\u0639\u0627\u0644\u062c\u0629 \u0627\u0644\u0645\u0639\u0627\u0645\u0644\u0627\u062a (TPS) : \u064a\u0648\u0641\u0631 \u0648\u0633\u064a\u0644\u0629 \u0644\u062c\u0645\u0639 \u0627\u0644\u0645\u0639\u0627\u0645\u0644\u0627\u062a\u060c \u0645\u0639\u0627\u0644\u062c\u062a\u0647\u0627 \u060c \u062a\u062e\u0632\u064a\u0646\u0647\u0627 \u060c \u0639\u0631\u0636\u0647\u0627 \u060c \u062a\u0639\u062f\u064a\u0644\u0647\u0627 \u0623\u0648 \u0625\u0644\u063a\u0627\u0626\u0647\u0627.<br \/>\n\u0639\u0627\u062f\u0629 \u0645\u0627 \u064a\u062a\u0645 \u062a\u062e\u0632\u064a\u0646 \u0627\u0644\u0628\u064a\u0627\u0646\u0627\u062a \u0627\u0644\u062a\u064a \u062a\u0645 \u062c\u0645\u0639\u0647\u0627 \u0641\u064a \u0642\u0648\u0627\u0639\u062f \u0627\u0644\u0628\u064a\u0627\u0646\u0627\u062a \u0627\u0644\u062a\u064a \u064a\u0645\u0643\u0646 \u0627\u0633\u062a\u062e\u062f\u0627\u0645\u0647\u0627 \u0644\u0625\u0646\u0634\u0627\u0621 \u062a\u0642\u0627\u0631\u064a\u0631 \u0645\u062b\u0644 \u0627\u0644\u0641\u0648\u0627\u062a\u064a\u0631 \u0623\u0648 \u0627\u0644\u0631\u0648\u0627\u062a\u0628 <span style=\"text-decoration: line-through\">\u0623\u0648<\/span> \u0645\u0644\u062e\u0635\u0627\u062a \u0627\u0644\u0645\u062e\u0632\u0648\u0646 \u0623\u0648 \u062c\u062f\u0627\u0648\u0644 \u0627\u0644\u062a\u0635\u0646\u064a\u0639 \u0623\u0648 \u0633\u062c\u0644\u0627\u062a \u0627\u0644\u062a\u062d\u0643\u0645.<\/li>\n<li style=\"text-align: right\">\u0646\u0638\u0645 \u0627\u0644\u0645\u0639\u0644\u0648\u0645\u0627\u062a \u0627\u0644\u0625\u062f\u0627\u0631\u064a\u0629 (MIS): \u062a\u0633\u062a\u062e\u062f\u0645 \u0627\u0644\u0628\u064a\u0627\u0646\u0627\u062a \u0627\u0644\u062a\u064a \u064a\u062a\u0645 \u062c\u0645\u0639\u0647\u0627 \u0628\u0648\u0627\u0633\u0637\u0629 TPS \u0644\u0625\u0646\u0634\u0627\u0621 \u062a\u0642\u0627\u0631\u064a\u0631\u0645\u0644\u062e\u0635\u0627\u062a \u060c \u0627\u0633\u062a\u062b\u0646\u0627\u0621\u0627\u062a \u060c (ad-hoc)\u00a0 \u00a0\u0645\u0646 \u0642\u0628\u0644\u00a0 \u0627\u0644\u0645\u0633\u064a\u0631\u064a\u0646 \u0645\u0646 \u0627\u062c\u0644 \u0627\u062a\u062e\u0627\u0630 \u0627\u0644\u0642\u0631\u0627\u0631\u0627\u062a \u0627\u0644\u0645\u0646\u0627\u0633\u0628\u0629 \u0644\u062d\u0644 \u0627\u0644\u0645\u0634\u0627\u0643\u0644.<\/li>\n<li style=\"text-align: right\">\u0623\u0646\u0638\u0645\u0629 \u0627\u0644\u062e\u0628\u0631\u0627\u0621 ( ES ): \u0647\u0648 \u0646\u0638\u0627\u0645 \u0643\u0645\u0628\u064a\u0648\u062a\u0631 \u0645\u0635\u0645\u0645 \u0644\u062a\u062d\u0644\u064a\u0644 \u0627\u0644\u0628\u064a\u0627\u0646\u0627\u062a \u0648\u0625\u0635\u062f\u0627\u0631 \u062a\u0648\u0635\u064a\u0627\u062a \u0648\u0642\u0631\u0627\u0631\u0627\u062a \u0645\u062d\u0643\u0645\u0629.<\/li>\n<\/ul>\n<p style=\"text-align: right\">\u064a\u0645\u0643\u0646 \u0625\u0634\u0631\u0627\u0643 \u0627\u0633\u062a\u0631\u0627\u062a\u064a\u062c\u064a\u062a\u064a\u0646 \u0631\u0626\u064a\u0633\u064a\u062a\u064a\u0646 \u0641\u064a \u0643\u0644 \u0645\u0646 CV \u0648 DSS \u060c \u0628\u0645\u0627 \u0641\u064a \u0630\u0644\u0643: \u0627\u0644\u062e\u0648\u0627\u0631\u0632\u0645\u064a\u0627\u062a \u0648\u062a\u0637\u0648\u064a\u0631 \u0627\u0644\u062a\u0637\u0628\u064a\u0642\u0627\u062a.<br \/>\n\u0627\u0644\u062d\u0648\u0633\u0628\u0629 \u0627\u0644\u0633\u062d\u0627\u0628\u064a\u0629 (CC): \u062a\u0648\u0641\u0631 \u0627\u0644\u0648\u0635\u0648\u0644 \u0625\u0644\u0649 \u0627\u0644\u0628\u0631\u0627\u0645\u062c \u0648\u0627\u0644\u0647\u064a\u0627\u0643\u0644 \u0648\u0627\u0644\u0623\u0646\u0638\u0645\u0629 \u0627\u0644\u0623\u0633\u0627\u0633\u064a\u0629 \u063a\u064a\u0631 \u0645\u0643\u0644\u0641\u0629 \u0639\u0628\u0631 \u0648\u0627\u062c\u0647\u0627\u062a \u0628\u0631\u0645\u062c\u064a\u0629 \u0628\u0633\u064a\u0637\u0629 (APIs)<\/p>\n<p style=\"text-align: right\">\u00a0 .CC\u00a0\u0647\u064a \u0645\u0645\u0627\u0631\u0633\u0629 \u062a\u0633\u0645\u062d \u0628\u0627\u0633\u062a\u062e\u062f\u0627\u0645 \u0627\u0644\u0645\u0648\u0627\u0631\u062f \u0627\u0644\u0645\u0634\u062a\u0631\u0643\u0629 \u0639\u0628\u0631 \u0634\u0628\u0643\u0629 \u0645\u0646 \u0627\u0644\u062e\u0648\u0627\u062f\u0645 \u0627\u0644\u0628\u0639\u064a\u062f\u0629 \u060c \u0627\u0644\u062a\u064a \u062a\u0642\u0648\u0645 \u0628\u062a\u062e\u0632\u064a\u0646 \u0648\u0625\u062f\u0627\u0631\u0629 \u0627\u0644\u0628\u064a\u0627\u0646\u0627\u062a<br \/>\n\u0645\u0646 \u062e\u0644\u0627\u0644 \u062e\u062f\u0645\u0629 \u0627\u0644\u0625\u0646\u062a\u0631\u0646\u062a. \u062a\u0639\u062a\u0645\u062f CC \u00a0\u062d\u0627\u0644\u064a\u0627 \u0639\u0644\u064a \u0627\u0633\u062a\u0631\u0627\u062a\u064a\u062c\u064a\u0629 \u0648\u0627\u062d\u062f\u0629 \u0641\u0642\u0637 \u0648\u0647\u064a \u062a\u0637\u0648\u064a\u0631 \u0627\u0644\u062a\u0637\u0628\u064a\u0642\u0627\u062a.<\/p>\n<h2 style=\"text-align: right\"><strong>\u0627\u0644\u062e\u0628\u0631\u0627\u062a<\/strong><\/h2>\n<ul>\n<li style=\"text-align: right\">\u0627\u0644\u062a\u0639\u0644\u0645 \u0627\u0644\u0622\u0644\u064a \u0648\u0627\u0644\u062a\u0639\u0631\u0641 \u0639\u0644\u0649 \u0627\u0644\u0623\u0646\u0645\u0627\u0637<\/li>\n<li style=\"text-align: right\">\u0627\u0644\u0631\u0624\u064a\u0629 \u0628\u0648\u0627\u0633\u0637\u0629 \u0627\u0644\u062d\u0627\u0633\u0648\u0628 \u0648\u062a\u0637\u0628\u064a\u0642\u0627\u062a\u0647\u0627<\/li>\n<li style=\"text-align: right\">\u062a\u0637\u0628\u064a\u0642\u0627\u062a \u0627\u0644\u062d\u0648\u0633\u0628\u0629 \u0627\u0644\u0633\u062d\u0627\u0628\u064a\u0629<\/li>\n<li style=\"text-align: right\">\u062a\u0637\u0628\u064a\u0642\u0627\u062a CAD \u0648 PACS<\/li>\n<li style=\"text-align: right\">\u0623\u0646\u0638\u0645\u0629 \u062f\u0639\u0645 \u0627\u0644\u0642\u0631\u0627\u0631<\/li>\n<li style=\"text-align: right\">\u0627\u0633\u062a\u0631\u062c\u0627\u0639 \u0627\u0644\u0635\u0648\u0631 \u0641\u064a \u0627\u0644\u062a\u0637\u0628\u064a\u0642\u0627\u062a \u0627\u0644\u0637\u0628\u064a\u0629<\/li>\n<li style=\"text-align: right\">\u0627\u0633\u062a\u062e\u0631\u0627\u062c \u0627\u0644\u0628\u064a\u0627\u0646\u0627\u062a \u0648\u00a0\u062a\u062d\u0644\u064a\u0644\u0647\u0627<\/li>\n<li style=\"text-align: right\">\u0627\u0644\u062a\u0639\u0644\u0645 \u0627\u0644\u0639\u0645\u064a\u0642 \u0648\u0625\u0646\u062a\u0631\u0646\u062a \u0627\u0644\u0623\u0634\u064a\u0627\u0621 \u0627\u0644\u0645\u062a\u0635\u0644 \u0628\u0627\u0644\u0631\u0639\u0627\u064a\u0629 \u0627\u0644\u0635\u062d\u064a\u0629\/\u0627\u0644\u0645\u062f\u0646 \u0627\u0644\u0630\u0643\u064a\u0629<\/li>\n<li style=\"text-align: right\">\u0627\u0644\u0631\u0648\u0628\u0648\u062a\u0627\u062a \u0627\u0644\u0637\u0628\u064a\u0629 \u0648\u0627\u0644\u0631\u0639\u0627\u064a\u0629 \u0627\u0644\u0635\u062d\u064a\u0629.<\/li>\n<\/ul>\n<h2 style=\"text-align: right\"><strong>\u0645\u062c\u0627\u0644 \u0627\u0644\u062a\u0623\u062b\u064a\u0631<\/strong><\/h2>\n<p style=\"text-align: right\">\u0623\u062f\u062a \u0627\u0644\u0645\u0639\u0631\u0641\u0629 \u0648\u0627\u0644\u062e\u0628\u0631\u0629 \u0625\u0644\u0649 \u0627\u0644\u0639\u062f\u064a\u062f \u0645\u0646 \u0627\u0644\u0645\u0633\u0627\u0647\u0645\u0627\u062a \u0641\u064a \u0627\u0644\u0645\u062c\u0627\u0644\u0627\u062a \u0627\u0644\u0631\u0626\u064a\u0633\u064a\u0629 \u0627\u0644\u062b\u0644\u0627\u062b\u0629 \u0627\u0644\u0645\u0630\u0643\u0648\u0631\u0629 \u0623\u0639\u0644\u0627\u0647:<\/p>\n<ul>\n<li style=\"text-align: right\">\u0627\u0644\u0645\u0633\u0627\u0647\u0645\u0629 \u0641\u064a \u062a\u0635\u0645\u064a\u0645 \u0648\u062a\u0637\u0648\u064a\u0631\u060c \u062a\u0646\u0641\u064a\u0630 \u0627\u0644\u062a\u0637\u0628\u064a\u0642\u0627\u062a \u0648\u0627\u0644\u0623\u0646\u0638\u0645\u0629 \u0641\u064a \u0627\u0644\u0631\u0624\u064a\u0629 \u0628\u0648\u0627\u0633\u0637\u0629 \u0627\u0644\u0643\u0645\u0628\u064a\u0648\u062a\u0631.<\/li>\n<li style=\"text-align: right\">\u0627\u0644\u0645\u0633\u0627\u0647\u0645\u0629 \u0641\u064a \u062a\u0637\u0648\u064a\u0631 \u0648\u062a\u0646\u0641\u064a\u0630 \u0627\u0646\u0638\u0645\u0629 \u062f\u0639\u0645 \u0627\u0644\u0642\u0631\u0627\u0631.<\/li>\n<li style=\"text-align: right\">\u0627\u0644\u0645\u0633\u0627\u0647\u0645\u0629 \u0641\u064a \u0627\u0633\u062a\u062e\u062f\u0627\u0645 \u0627\u0644\u0645\u0648\u0627\u0631\u062f \u0627\u0644\u0645\u0634\u062a\u0631\u0643\u0629 \u0639\u0628\u0631 \u0634\u0628\u0643\u0629 \u0645\u0646 \u0627\u0644\u062e\u0648\u0627\u062f\u0645 \u0627\u0644\u0628\u0639\u064a\u062f\u0629 \u060c \u0627\u0644\u062a\u064a \u062a\u0642\u0648\u0645 \u0628\u062a\u062e\u0632\u064a\u0646 \u0648\u0625\u062f\u0627\u0631\u0629 \u0627\u0644\u0628\u064a\u0627\u0646\u0627\u062a \u0639\u0644\u0649 \u0627\u0644\u0625\u0646\u062a\u0631\u0646\u062a.<\/li>\n<\/ul>\n<h2 style=\"text-align: right\"><strong>\u0645\u0634\u0627\u0631\u064a\u0639 \u0627\u0644\u0628\u062d\u062b<\/strong><\/h2>\n<p style=\"text-align: right\">\u0645\u0634\u0627\u0631\u064a\u0639 \u0630\u0627\u062a \u0637\u0627\u0628\u0639 \u0627\u062c\u062a\u0645\u0627\u0639\u064a \u0648\u0627\u0642\u062a\u0635\u0627\u062f\u064a<\/p>\n<ul>\n<li style=\"text-align: right\">\u0627\u0644\u0645\u0634\u0631\u0648\u0639 1 : I-Bin \u060c \u0627\u0644\u062d\u0644\u0648\u0644 \u0627\u0644\u0630\u0643\u064a\u0629 \u0644\u062c\u0645\u0639 \u0627\u0644\u0646\u0641\u0627\u064a\u0627\u062a \u0648\u0625\u062f\u0627\u0631\u062a\u0647\u0627 \u0641\u064a \u0627\u0644\u0645\u062f\u0646 \u0627\u0644\u0630\u0643\u064a\u0629<\/li>\n<li style=\"text-align: right\">\u0627\u0644\u0645\u0634\u0631\u0648\u0639 2 : SADIE \u060c \u0646\u0638\u0627\u0645 \u062f\u0639\u0645 \u0627\u062a\u062e\u0627\u0630 \u0627\u0644\u0642\u0631\u0627\u0631 \u0644\u0644\u0627\u0633\u062a\u062b\u0645\u0627\u0631 \u0627\u0644\u0627\u0642\u062a\u0635\u0627\u062f\u064a<\/li>\n<li style=\"text-align: right\">\u0627\u0644\u0645\u0634\u0631\u0648\u0639 3 : PNC-TeleMed \u060c \u0627\u0644\u0628\u0648\u0627\u0628\u0629 \u0627\u0644\u0648\u0637\u0646\u064a\u0629 \u0627\u0644\u0645\u0634\u062a\u0631\u0643\u0629 \u0644\u0644\u062a\u0637\u0628\u064a\u0628 \u0639\u0646 \u0628\u064f\u0639\u062f<\/li>\n<li style=\"text-align: right\">\u0627\u0644\u0645\u0634\u0631\u0648\u0639 4 : SOCLE-SIHA \u060c \u0642\u0627\u0639\u062f\u0629 \u0627\u0644\u0646\u0638\u0627\u0645 \u0627\u0644\u0648\u0637\u0646\u064a \u0644\u0644\u0635\u062d\u0629 \u0627\u0644\u0625\u0644\u0643\u062a\u0631\u0648\u0646\u064a\u0629<\/li>\n<\/ul>\n<p style=\"text-align: right\">\u0645\u0634\u0627\u0631\u064a\u0639 \u0627\u0644\u0628\u0631\u0627\u0645\u062c \u0627\u0644\u062b\u0644\u0627\u062b\u064a\u0629<\/p>\n<ul>\n<li style=\"text-align: right\">\u0627\u0644\u0645\u0634\u0631\u0648\u0639 5 : CAD-PACS \u060c \u0645\u0646\u0647\u0627\u062c \u0627\u0644\u062a\u0635\u0648\u064a\u0631 \u0627\u0644\u0637\u0628\u064a \u0644\u0644\u0643\u0634\u0641 \u0648\u0627\u0644\u062a\u0634\u062e\u064a\u0635 \u0628\u0645\u0633\u0627\u0639\u062f\u0629 \u0627\u0644\u0643\u0645\u0628\u064a\u0648\u062a\u0631 \u0645\u0639 \u0646\u0638\u0627\u0645 \u0627\u0644\u0623\u0631\u0634\u0641\u0629<br \/>\n\u0648\u0627\u0644\u0627\u062a\u0635\u0627\u0644 \u0644\u0644\u0645\u0633\u062a\u0634\u0641\u064a\u0627\u062a \u0627\u0644\u062c\u0632\u0627\u0626\u0631\u064a\u0629<\/li>\n<\/ul>\n<h2 style=\"text-align: right\"><strong>\u0627\u0644\u062a\u0639\u0627\u0648\u0646\u0627\u062a<\/strong><\/h2>\n<p style=\"text-align: right\"><strong>\u0648\u0637\u0646\u064a\u0627<\/strong><\/p>\n<ul>\n<li style=\"text-align: right\">\u062c\u0627\u0645\u0639\u0629 \u0627\u0644\u0639\u0644\u0648\u0645 \u0648\u0627\u0644\u062a\u0643\u0646\u0648\u0644\u0648\u062c\u064a\u0627 \u0647\u0648\u0627\u0631\u064a \u0628\u0648\u0645\u062f\u064a\u0646<\/li>\n<li style=\"text-align: right\">\u062c\u0627\u0645\u0639\u0629 \u0623\u0645\u062d\u0645\u062f \u0628\u0648\u0642\u0631\u0629 \u0628\u0648\u0645\u0631\u062f\u0627\u0633<\/li>\n<li style=\"text-align: right\">\u062c\u0627\u0645\u0639\u0629 \u0633\u0639\u062f \u062f\u062d\u0644\u0628 \u0627\u0644\u0628\u0644\u064a\u062f\u0629<\/li>\n<li style=\"text-align: right\">\u00a0\u0645\u0631\u0643\u0632 \u0627\u0644\u0645\u0633\u062a\u0634\u0641\u0649 \u0627\u0644\u062c\u0627\u0645\u0639\u064a \u0627\u0644\u062f\u0648\u064a\u0631\u0629 \u060c \u0628\u0646 \u0639\u0643\u0646\u0648\u0646 \u060c \u0625\u0644\u062e<\/li>\n<li style=\"text-align: right\">\u0627\u0644\u0645\u062f\u0631\u0633\u0629 \u0627\u0644\u0639\u0644\u064a\u0627 \u0644\u0644\u0627\u0639\u0644\u0627\u0645 \u0627\u0644\u0627\u0644\u064a<\/li>\n<\/ul>\n<p style=\"text-align: right\"><strong>\u062f\u0648\u0644\u064a\u0627<\/strong><\/p>\n<ul>\n<li style=\"text-align: right\">\u062c\u0627\u0645\u0639\u0629 \u0645\u0627\u0644\u064a\u0632\u064a\u0627 \u0627\u0644\u0648\u0637\u0646\u064a\u0629<\/li>\n<li style=\"text-align: right\">\u0645\u0633\u062a\u0634\u0641\u0649 \u0627\u0644\u062c\u0627\u0645\u0639\u0629 \u0627\u0644\u0648\u0637\u0646\u064a\u0629 \u0627\u0644\u0645\u0627\u0644\u064a\u0632\u064a\u0629<\/li>\n<li style=\"text-align: right\">Laboratoire de recherche sur les technologies du commerce \u00e9lectronique<\/li>\n<li style=\"text-align: right\">Universit\u00e9 du Qu\u00e9bec \u00e0 Montr\u00e9al<\/li>\n<\/ul>\n<h2 style=\"text-align: right\"><strong>\u0623\u0637\u0631\u0648\u062d\u0627\u062a \u0627\u0644\u062f\u0643\u062a\u0648\u0631\u0627\u0647 \u0627\u0644\u062c\u0627\u0631\u064a\u0629<\/strong><\/h2>\n<ul>\n<li style=\"text-align: right\">\u0645\u0648\u0632\u0627\u064a \u0645\u0631\u064a\u0645 \u060c &#8221; \u0627\u0644\u062a\u0646\u0628\u0624 \u0628\u0627\u0644\u0647\u064a\u0627\u0643\u0644 \u0627\u0644\u0628\u0644\u0648\u0631\u064a\u0629 \u0628\u0627\u0633\u062a\u062e\u062f\u0627\u0645 \u062a\u0642\u0646\u064a\u0627\u062a \u0627\u0633\u062a\u062e\u0631\u0627\u062c \u0627\u0644\u0628\u064a\u0627\u0646\u0627\u062a \u0639\u0646 \u0637\u0631\u064a\u0642 \u0646\u0647\u062c \u0639\u0635\u0628\u064a&#8221; \u060c \u0642\u0633\u0645 \u0639\u0644\u0648\u0645 \u0627\u0644\u0643\u0645\u0628\u064a\u0648\u062a\u0631<br \/>\n\u060c (2016\u0643\u0644\u064a\u0629 \u0627\u0644\u0639\u0644\u0648\u0645 \u060c \u062c\u0627\u0645\u0639\u0629 \u0633\u0639\u062f \u062f\u062d\u0644\u0628 \u0627\u0644\u0628\u0644\u064a\u062f\u0629 1 \u060c \u0627\u0644\u062c\u0632\u0627\u0626\u0631\u00a0 ( \u0645\u0633\u062a\u0645\u0631.<\/li>\n<\/ul>\n<p style=\"text-align: right\">\n","protected":false},"excerpt":{"rendered":"<p>\u0641\u0631\u064a\u0642: \u0623\u0646\u0638\u0645\u0629 \u0627\u0644\u0645\u0639\u0644\u0648\u0645\u0627\u062a \u0627\u0644\u0645\u062a\u0642\u062f\u0645\u0629 \u0631\u0626\u064a\u0633 \u0627\u0644\u0641\u0631\u064a\u0642: \u0639\u0648\u0639\u0627\u0634 \u0645\u0635\u0637\u0641\u0649 &nbsp; \u0641\u0631\u064a\u0642 \u201c\u0646\u0638\u0645 \u0627\u0644\u0645\u0639\u0644\u0648\u0645\u0627\u062a \u0627\u0644\u0645\u062a\u0642\u062f\u0645\u0629 ( SIA ) \u201d \u062a\u0627\u0628\u0639 \u0644 \u0642\u0633\u0645 \u0627\u0644\u0627\u062a\u0635\u0627\u0644\u0627\u062a (DT) . \u064a\u0633\u062a\u062e\u062f\u0645 \u0627\u0644\u0641\u0631\u064a\u0642 \u0623\u062f\u0644\u0629 \u0645\u0646 \u0627\u0644\u0628\u062d\u0648\u062b \u0644\u0636\u0645\u0627\u0646 \u0639\u0645\u0644\u0647 \u0648 \u062a\u062d\u0633\u064a\u0646 \u062c\u0648\u062f\u0629 \u0627\u0644\u0628\u062d\u062b \u0648\u0627\u0644\u062a\u0637\u0648\u064a\u0631 \u0641\u064a \u0627\u0644\u0645\u062c\u0627\u0644\u0627\u062a \u0627\u0644\u062a\u0627\u0644\u064a\u0629: \u0627\u0644\u0631\u0624\u064a\u0629 \u0628\u0648\u0627\u0633\u0637\u0629 \u0627\u0644\u0643\u0645\u0628\u064a\u0648\u062a\u0631 (CV) \u060c \u0623\u0646\u0638\u0645\u0629 \u062f\u0639\u0645 \u0627\u0644\u0642\u0631\u0627\u0631 (DSS) \u0648\u0627\u0644\u062d\u0648\u0633\u0628\u0629 \u0627\u0644\u0633\u062d\u0627\u0628\u064a\u0629 . (CC) \u0645\u0646 \u062e\u0644\u0627\u0644 \u0627\u0644\u0623\u0639\u0645\u0627\u0644 \u0627\u0644\u0645\u0646\u062c\u0632\u0629\u0641\u064a [&hellip;]<\/p>\n","protected":false},"author":46,"featured_media":8937,"parent":7307,"menu_order":3,"comment_status":"closed","ping_status":"closed","template":"division-page.php","meta":{"footnotes":""},"class_list":["post-8299","page","type-page","status-publish","has-post-thumbnail","hentry"],"_links":{"self":[{"href":"https:\/\/www.cdta.dz\/ar\/wp-json\/wp\/v2\/pages\/8299\/"}],"collection":[{"href":"https:\/\/www.cdta.dz\/ar\/wp-json\/wp\/v2\/pages\/"}],"about":[{"href":"https:\/\/www.cdta.dz\/ar\/wp-json\/wp\/v2\/types\/page\/"}],"author":[{"embeddable":true,"href":"https:\/\/www.cdta.dz\/ar\/wp-json\/wp\/v2\/users\/46\/"}],"replies":[{"embeddable":true,"href":"https:\/\/www.cdta.dz\/ar\/wp-json\/wp\/v2\/comments\/?post=8299"}],"version-history":[{"count":3,"href":"https:\/\/www.cdta.dz\/ar\/wp-json\/wp\/v2\/pages\/8299\/revisions\/"}],"predecessor-version":[{"id":13652,"href":"https:\/\/www.cdta.dz\/ar\/wp-json\/wp\/v2\/pages\/8299\/revisions\/13652\/"}],"up":[{"embeddable":true,"href":"https:\/\/www.cdta.dz\/ar\/wp-json\/wp\/v2\/pages\/7307\/"}],"wp:featuredmedia":[{"embeddable":true,"href":"https:\/\/www.cdta.dz\/ar\/wp-json\/wp\/v2\/media\/8937\/"}],"wp:attachment":[{"href":"https:\/\/www.cdta.dz\/ar\/wp-json\/wp\/v2\/media\/?parent=8299"}],"curies":[{"name":"wp","href":"https:\/\/api.w.org\/{rel}","templated":true}]}}