{"id":8641,"date":"2019-09-25T11:27:56","date_gmt":"2019-09-25T11:27:56","guid":{"rendered":"http:\/\/10.1.5.53\/?page_id=8641"},"modified":"2022-06-27T08:36:52","modified_gmt":"2022-06-27T08:36:52","slug":"mrcn-%d8%a7%d9%84%d9%85%d9%84%d8%a7%d8%ad%d8%a9-%d9%88%d8%a7%d9%84%d8%aa%d8%ad%d9%83%d9%85-%d9%81%d9%8a-%d8%a7%d9%84%d8%b1%d9%88%d8%a8%d9%88%d8%aa%d8%a7%d8%aa-%d8%a7%d9%84%d9%85%d8%aa%d9%86%d9%82","status":"publish","type":"page","link":"https:\/\/www.cdta.dz\/ar\/%d8%a7%d9%84%d8%a8%d8%ad%d8%ab-%d9%88%d8%a7%d9%84%d8%aa%d9%83%d9%86%d9%88%d9%84%d9%88%d8%ac%d9%8a%d8%a7\/%d8%a7%d9%84%d8%a3%d9%82%d8%b3%d8%a7%d9%85\/%d9%82%d8%b3%d9%85-%d8%a7%d9%84%d8%a5%d9%86%d8%aa%d8%a7%d8%ac%d9%8a%d8%a9-%d9%88%d8%a7%d9%84%d8%a7%d9%84%d9%8a%d8%a7%d8%aa\/%d9%81%d8%b1%d9%82-%d8%a7%d9%84%d8%a8%d8%ad%d8%ab\/mrcn-%d8%a7%d9%84%d9%85%d9%84%d8%a7%d8%ad%d8%a9-%d9%88%d8%a7%d9%84%d8%aa%d8%ad%d9%83%d9%85-%d9%81%d9%8a-%d8%a7%d9%84%d8%b1%d9%88%d8%a8%d9%88%d8%aa%d8%a7%d8%aa-%d8%a7%d9%84%d9%85%d8%aa%d9%86%d9%82\/","title":{"rendered":"\u0627\u0644\u0645\u0644\u0627\u062d\u0629 \u0648\u0627\u0644\u062a\u062d\u0643\u0645 \u0641\u064a \u0627\u0644\u0631\u0648\u0628\u0648\u062a\u0627\u062a \u0627\u0644\u0645\u062a\u0646\u0642\u0644\u0629 \u0627\u0644\u0645\u0633\u062a\u0642\u0644\u0629 &#8220;NCRM&#8221;"},"content":{"rendered":"<p><strong>[vc_row][vc_column][vc_column_text el_class=&#8221;text-justify&#8221;]<\/strong><\/p>\n<p><img loading=\"lazy\" decoding=\"async\" class=\"size-full wp-image-8646 aligncenter\" src=\"https:\/\/www.cdta.dz\/wp-content\/uploads\/2019\/09\/Logo-NCRM-1.png\" alt=\"\" width=\"202\" height=\"115\" srcset=\"https:\/\/www.cdta.dz\/wp-content\/uploads\/2019\/09\/Logo-NCRM-1.png 202w, https:\/\/www.cdta.dz\/wp-content\/uploads\/2019\/09\/Logo-NCRM-1-200x115.png 200w\" sizes=\"auto, (max-width: 202px) 100vw, 202px\" \/>\u0627\u0644\u0647\u062f\u0641 \u0627\u0644\u0631\u0626\u064a\u0633\u064a \u0644\u0641\u0631\u064a\u0642 NCRM \u0647\u0648 \u062a\u0637\u0648\u064a\u0631 \u0648\u0638\u0627\u0626\u0641 \u0644\u062a\u0632\u0648\u064a\u062f \u0627\u0644\u0631\u0648\u0628\u0648\u062a\u0627\u062a \u0627\u0644\u0645\u062a\u0646\u0642\u0644\u0629 \u0628\u0627\u0644\u0625\u062f\u0631\u0627\u0643\u060c \u0648\u0645\u0639\u0627\u0644\u062c\u0629 \u0627\u0644\u0645\u0639\u0644\u0648\u0645\u0627\u062a\u060c \u0648\u0642\u062f\u0631\u0627\u062a \u0627\u062a\u062e\u0627\u0630 \u0627\u0644\u0642\u0631\u0627\u0631 \u0648\u0627\u0644\u0625\u062c\u0631\u0627\u0621\u0627\u062a \u0627\u0644\u062a\u064a \u0633\u062a\u0645\u0643\u0646\u0647\u0645 \u0645\u0646 \u0627\u0644\u0639\u0645\u0644 \u062f\u0648\u0646 \u062a\u062f\u062e\u0644 \u0628\u0634\u0631\u064a \u0641\u064a \u0628\u064a\u0626\u0627\u062a \u0645\u062a\u0646\u0648\u0639\u0629. \u0627\u0644\u062a\u064a \u064a\u0645\u0643\u0646 \u0623\u0646 \u062a\u062a\u0631\u0627\u0648\u062d \u0628\u064a\u0646 \u0627\u0644\u0645\u0633\u0627\u062d\u0627\u062a \u0627\u0644\u0645\u062d\u0644\u064a\u0629 (\u0643\u0631\u0633\u064a \u0645\u062a\u062d\u0631\u0643 \u0622\u0644\u064a\u060c \u0645\u0643\u0646\u0633\u0629 \u0643\u0647\u0631\u0628\u0627\u0626\u064a\u0629\u060c \u062c\u0632\u0627\u0632\u0629 \u062a\u0647\u0630\u064a\u0628 \u0627\u0644\u062d\u0634\u0627\u0626\u0634\u060c \u0648\u0645\u0627 \u0625\u0644\u0649 \u0630\u0644\u0643) \u0625\u0644\u0649 \u0645\u0633\u0627\u062d\u0627\u062a \u0627\u0644\u0639\u0645\u0644 \u0627\u0644\u0639\u0627\u0645\u0629 (\u0631\u0648\u0628\u0648\u062a\u0627\u062a \u0627\u0644\u0645\u0631\u0627\u0642\u0628\u0629\u060c \u0631\u0648\u0628\u0648\u062a\u0627\u062a \u062f\u0644\u064a\u0644 \u0627\u0644\u0645\u062a\u0627\u062d\u0641\u060c \u0631\u0648\u0628\u0648\u062a\u0627\u062a \u0627\u0644\u062a\u0646\u0638\u064a\u0641\u060c \u0631\u0648\u0628\u0648\u062a\u0627\u062a \u0625\u0632\u0627\u0644\u0629 \u0627\u0644\u0623\u0644\u063a\u0627\u0645\u060c \u0627\u0644\u0633\u064a\u0627\u0631\u0629 \u0627\u0644\u0630\u0643\u064a\u0629\u060c \u0648\u0645\u0627 \u0625\u0644\u0649 \u0630\u0644\u0643). \u0627\u0644\u0641\u0631\u064a\u0642 \u064a\u0647\u062a\u0645 \u0628\u062c\u0648\u0627\u0646\u0628 \u0627\u0644\u0645\u0644\u0627\u062d\u0629 \u0648\u0627\u0644\u062a\u062d\u0643\u0645 \u0627\u0644\u062a\u064a \u0633\u062a\u062c\u0639\u0644 \u0647\u0630\u0647 \u0627\u0644\u0623\u0646\u0638\u0645\u0629 \u062a\u0645\u064a\u0644 \u0646\u062d\u0648 \u0639\u0645\u0644\u064a\u0629 \u0645\u0633\u062a\u0642\u0644\u0629 \u0648\u062e\u0627\u0644\u064a\u0629 \u0645\u0646 \u0627\u0644\u0645\u062e\u0627\u0637\u0631 \u0641\u064a \u0628\u064a\u0626\u0627\u062a \u063a\u064a\u0631 \u0645\u062b\u0627\u0644\u064a\u0629 \u0645\u0646 \u062e\u0644\u0627\u0644 \u0627\u0644\u062a\u062d\u0643\u0645 \u0641\u064a \u0627\u0644\u062a\u0641\u0627\u0639\u0644 \u0628\u064a\u0646 \u0627\u0644\u0631\u0648\u0628\u0648\u062a \u0648\u0628\u064a\u0626\u062a\u0647.<br \/>\n\u0627\u0644\u0645\u0648\u0627\u0636\u064a\u0639 \u0627\u0644\u0631\u0626\u064a\u0633\u064a\u0629 \u0644\u0644\u0641\u0631\u064a\u0642 \u0647\u064a:<br \/>\n\u0627\u0644\u0645\u0644\u0627\u062d\u0629\u060c \u062a\u062d\u062f\u064a\u062f \u0627\u0644\u0645\u0648\u0642\u0639\u060c \u0627\u0644\u062a\u062e\u0637\u064a\u0637\u060c \u0627\u0644\u062a\u0641\u0627\u0639\u0644 \u0628\u064a\u0646 \u0627\u0644\u0625\u0646\u0633\u0627\u0646 \u0648\u0627\u0644\u0622\u0644\u0629\u060c \u0627\u0644\u0625\u062f\u0631\u0627\u0643.<\/p>\n<p><strong>\u0627\u0644\u0645\u0634\u0627\u0631\u064a\u0639:<\/strong><\/p>\n<p><strong>-FNR:<\/strong> \u0645\u0644\u0627\u062d\u0629\u0627\u0644\u0645\u0631\u0643\u0628\u0627\u062a \u0627\u0644\u0643\u0647\u0631\u0628\u0627\u0626\u064a\u0629: \u0646\u062d\u0648 \u0627\u0644\u0646\u0642\u0644 \u0627\u0644\u0630\u0643\u064a (NAVETI)<\/p>\n<p><strong>&#8211; \u0627\u0644\u0627\u062c\u062a\u0645\u0627\u0639\u064a\u0629 \u0648\u0627\u0644\u0627\u0642\u062a\u0635\u0627\u062f\u064a\u0629:<\/strong><\/p>\n<p>-\u0627\u0644\u0645\u0634\u0631\u0648\u0639 1: \u0643\u0631\u0633\u064a \u0645\u062a\u062d\u0631\u0643 \u0634\u0628\u0647 \u0645\u0633\u062a\u0642\u0644 (FAURSA)<br \/>\n-\u0627\u0644\u0645\u0634\u0631\u0648\u0639 2: \u0631\u0648\u0628\u0648\u062a \u0645\u0631\u0627\u0642\u0628\u0629 \u0641\u064a \u0627\u0644\u0645\u0646\u0627\u0637\u0642 \u0627\u0644\u062f\u0627\u062e\u0644\u064a\u0629 (ROSMI)<\/p>\n<p>\u0627\u0644\u0623\u062c\u0647\u0632\u0629 \\ \u0627\u0644\u0628\u0631\u0645\u062c\u064a\u0627\u062a: \u0627\u0644\u0631\u0648\u0628\u0648\u062a\u0627\u062a \u0627\u0644\u0645\u062a\u0646\u0642\u0644\u0629 \u0645\u0646 \u0646\u0648\u0639 \u0627\u0644\u0633\u064a\u0627\u0631\u0629 (Robucar \u060c Cycab \u060c Robucabs) \u060c \u0627\u0644\u0631\u0648\u0628\u0648\u062a \u0627\u0644\u062f\u0644\u064a\u0644 B21r \u060c \u0627\u0644\u0643\u0631\u0633\u064a \u0627\u0644\u0645\u062a\u062d\u0631\u0643 \u0627\u0644\u0622\u0644\u064a.<\/p>\n<p><strong>\u062a\u0642\u064a\u064a\u0645 :<\/strong><\/p>\n<p>\u0646\u0630\u0643\u0631 \u0628\u0639\u0636 \u0627\u0644\u0645\u0642\u0627\u0644\u0627\u062a \u0627\u0644\u0645\u0646\u0634\u0648\u0631\u0629 \u0641\u064a \u0627\u0644\u0645\u062c\u0644\u0627\u062a<br \/>\n1. S. BRAHIMI, O. AZOUAOUI et M. LOUDINI, \u201cIntelligent mobile robot navigation using a neuro-fuzzy approach\u201d, International Journal on Computer Aided Engineering and Technology (IJCAET), in Press.<br \/>\n2. Abdellah Khelloufi, Nouara Achour, Robin Passama, Andrea Cherubini, &#8220;Sensor-based Navigation of Omnidirectional Wheeled Robots Dealing with both Collisions and Occlusions&#8221; Robotica, 2019.<br \/>\n3. Andrea Cherubini, Robin Passama, Benjamin Navarro, Mohamed Sorour, Abdellah Khelloufi, Osama Mazhar, Sonny Tarbouriech, Jihong Zhu, Olivier Tempier, Andr\u00e9 Crosnier, Philippe Fraisse, Sofiane Ramdani, &#8220;A collaborative robot for the factory of the future: BAZAR&#8221;, International Journal of Advanced Manufacturing Technology, pp. 1-17, 2019.<br \/>\n4. Mohamed Sorour, Andrea Cherubini, Abdellah Khelloufi, Robin Passama, Philippe Fraisse, &#8220;Complementary-route based ICR control for steerable wheeled mobile robots&#8221;, Robotics and Autonomous Systems, Volume 118, pp. 131-143, 2019.<br \/>\n5. K. REBAI, O. AZOUAOUI et Y. DJEBBARA, \u201ctraffic signs recognition with deep learning\u201d, International Conference on Applied Smart Systems ICASS2018, 24-25 novembre 2018, universit\u00e9 de M\u00e9d\u00e9a, Alg\u00e9rie.<br \/>\n6. Abdellah Khelloufi,Nouara Achour, Robin Passama, Andrea Cherubini, \u201cTentacle-based moving obstacle avoidance for omnidirectional robots with visibility constraints,\u201d IEEE\/RSJ International Conference on Intelligent Robots and Systems, IROS, Vancouver, BC, Canada (2017) pp. 1331\u20131336. Top level<br \/>\n7. S. BOURAINE, Th. FRAICHARD et O. AZOUAOUI, \u201c New Path Planning Approach for Mobile Robots in Dynamic Environments\u201d, El MIR\u2019AT sciences, ISSN 2170-1555, 2016.<br \/>\n8. S. BRAHIMI, R. TIAR, O. AZOUAOUI, M. LAKROUF et M. LOUDINI, &#8221; Car-Like Mobile Robot Navigation in Unknown urban Areas &#8220;, ITSC 2016 &#8220;IEEE International Conference on Intelligent Transportation Systems &#8220;, Rio de Janero, Br\u00e9zil, 02-04 Novembre 2016. top level<br \/>\n9. S. BRAHIMI, R. TIAR, O. AZOUAOUI, M. LAKROUF et M. LOUDINI, \u201c Car-Like Mobile Robot Navigation in Unknown urban Areas \u201d, ITSC 2016 \u201cIEEE International Conference on Intelligent Transportation Systems \u201d, Rio de Janero, Br\u00e9zil, 02-04 Novembre 2016. top level<br \/>\n10. S. BOURAINE, Th. FRAICHARD et O. AZOUAOUI, \u201c Real-time Safe Path Planning for Robot Navigation in Unknown Dynamic Environments\u201d, CSA 2016, The second edition of the Computing Systems and Applications, EMP, Algeria, December 13-14, 2016.<br \/>\n11. K. MESSAOUDENE et O. AZOUAOUI, \u201cPersonalized Dynamic Model for a Car-like Vehicle \u201cRobucar\u201d Used in Localization\u201d, IEEE SMC 2015 \u201c IEEE International Conference on Systems, Man, and Cybernetics\u201d, Hong-Kong, 09 au 12 Octobre 2015.<br \/>\n12. R. TIAR, M. LAKROUF et O. AZOUAOUI, \u201cFast ICP-SLAM for a Bi-Steerable Mobile Robot in Large Environments\u201d, ICAR2015 \u201cInternational Conference on Advanced Robotics\u201d , Istanbul, Turkey, ID N\u00b0 152. du 27-31 Juillet 2015.<br \/>\n13. M.L. TAZIR, O. AZOUAOUI, M. HAZERCHI, et M. BRAHIMI, \u201cMobile Robot Path Planning for Complex Dynamic Environments\u201d, ICAR2015 \u201cInternational Conference on Advanced Robotics\u201d, Istanbul, Turkey, ID N\u00b0 152. du 27-31 Juillet 2015.<br \/>\n14. A. Durand-Petiteville, V. Cadenat and N. Ouadah. \u201cA COMPLETE SENSOR-BASED SYSTEM TO NAVIGATE THROUGH A CLUTTERED ENVIRONMENT\u201d, IFAC, ICINCO\u201915, 21-23\/07\/2015.<br \/>\n15. A. KHELLOUFI, N. OUADAH, A.O. DJEKOUNE, et N. ACHOUR, &#8220;Image-based path following for nonholonomic mobile robot&#8221;, CEIT 2015, the 3rd International Conference on Control, Engineering &amp; Information Technology, Tlemcen, Algeria, May 25-27, 2015.<br \/>\n16. S. BRAHIMI, O. AZOUAOUI, M. LOUDINI, &#8220;Neuro-Fuzzy navigation for a car-like robot in unknown environment&#8221;, ICATS 2015, International Conference on Automatic control, Telecommunication and Signals, Annaba, Algeria, November 16-18, 2015.<br \/>\n17. CHAYEB, N. OUADAH, Z. TOBAL, M. LAKROUF et O. AZOUAOUI, \u201cHOG Based Multi-object Detection for Urban Navigation\u201d, ITSC 2014 \u201cIEEE International Conference on Intelligent Transportation Systems\u201d, Qingdao, Chine, du 8 au 11 Octobre 2014. top level<br \/>\n18. S. BOURAINE, Th. FRAICHARD, O. AZOUAOUI et SALHI, \u201cPassively Safe Partial Motion Planning for Mobile Robots with Limited Field-of-Views in Unknown Dynamic Environments\u201d, ICRA 2014 \u201cIEEE International Conference on Robotics and Automation\u201d, Hong Kong, Mai 31-Juin 6, 2014. top level<br \/>\n19. K. REBAI, O. AZOUAOUI et N. ACHOUR, \u201cHS Combined Histogram for Visual Memory Building and Scene Recognition in Outdoor Environments\u201d, Workshop Visual Place Recognition in Changing Environments dans ICRA 2014, Hong Kong, Mai 31-Juin 6, 2014. top level<br \/>\n20. K. REBAI, N. ACHOUR et O. AZOUAOUI, \u201cRoad intersection detection and classification using hierarchical SVM classifier\u201d, Advanced Robotics, 28:14, 929-941, (2014), DOI: 10.1080\/01691864.2014.902327. Rang A<\/p>\n<p><strong>\u0627\u0644\u062a\u0639\u0627\u0648\u0646 :<\/strong><\/p>\n<p><strong>\u0627\u0644\u062a\u0639\u0627\u0648\u0646 \u0627\u0644\u0648\u0637\u0646\u064a<\/strong>: \u0627\u0644\u062c\u0627\u0645\u0639\u0627\u062a \u0648\u0627\u0644\u0645\u062f\u0627\u0631\u0633<strong>:<\/strong> USTHB \u060c ENST \u060c ESI \u060c U. BLIDA \u060c ENP \u060c U. Boumerdes.<\/p>\n<p><strong>\u0627\u0644\u062a\u0639\u0627\u0648\u0646 \u0627\u0644\u062f\u0648\u0644\u064a:<\/strong><\/p>\n<p>&#8211; \u0645\u0639\u0647\u062f PASCAL \u0641\u064a \u0643\u0644\u064a\u0631\u0645\u0648\u0646\u062a-\u0641\u064a\u0631\u0627\u0646\u062f (\u0628\u0641\u0631\u0646\u0633\u0627).<br \/>\n&#8211; \u0645\u062e\u062a\u0628\u0631 \u0639\u0644\u0648\u0645 \u0627\u0644\u062d\u0627\u0633\u0648\u0628\u060c \u0627\u0644\u0631\u0648\u0628\u0648\u062a\u0627\u062a \u0648\u0627\u0644\u0627\u0644\u0643\u062a\u0631\u0648\u0646\u064a\u0627\u062a \u0627\u0644\u062f\u0642\u064a\u0642\u0629 \u0641\u064a \u0645\u0648\u0646\u0628\u0644\u064a\u064a\u0647\u060c LIRMM (\u0628\u0641\u0631\u0646\u0633\u0627).<br \/>\n&#8211; \u0645\u062c\u0645\u0648\u0639\u0629 \u0628\u062d\u062b\u064a\u0629 \u0641\u064a \u0639\u0644\u0648\u0645 \u0627\u0644\u0643\u0645\u0628\u064a\u0648\u062a\u0631 \u0648\u0627\u0644\u0635\u0648\u0631\u0629 \u0648\u0627\u0644\u062a\u0644\u0642\u0627\u0626\u064a\u0629 \u0648\u0627\u0644\u0623\u062c\u0647\u0632\u0629 GREYC (\u0628\u0641\u0631\u0646\u0633\u0627).<\/p>\n<p>&nbsp;<\/p>\n<p><strong>\u00a0<\/strong><\/p>\n<p style=\"text-align: left;\"><strong>\u0631\u0626\u064a\u0633 \u0627\u0644\u0641\u0631\u064a\u0642<\/strong><\/p>\n<p style=\"text-align: left;\"><strong>\u00a0\u062f.\u00a0 \u0628\u0648\u0631\u0627\u064a\u0646 \u0635\u0627\u0631\u0629\u060c \u0623\u0633\u062a\u0627\u0630\u0629 \u0628\u062d\u062bA<\/strong><\/p>\n<p style=\"text-align: left;\"><strong>[\/vc_column_text][\/vc_column][\/vc_row]<\/strong><\/p>\n","protected":false},"excerpt":{"rendered":"<p>[vc_row][vc_column][vc_column_text el_class=&#8221;text-justify&#8221;] \u0627\u0644\u0647\u062f\u0641 \u0627\u0644\u0631\u0626\u064a\u0633\u064a \u0644\u0641\u0631\u064a\u0642 NCRM \u0647\u0648 \u062a\u0637\u0648\u064a\u0631 \u0648\u0638\u0627\u0626\u0641 \u0644\u062a\u0632\u0648\u064a\u062f \u0627\u0644\u0631\u0648\u0628\u0648\u062a\u0627\u062a \u0627\u0644\u0645\u062a\u0646\u0642\u0644\u0629 \u0628\u0627\u0644\u0625\u062f\u0631\u0627\u0643\u060c \u0648\u0645\u0639\u0627\u0644\u062c\u0629 \u0627\u0644\u0645\u0639\u0644\u0648\u0645\u0627\u062a\u060c \u0648\u0642\u062f\u0631\u0627\u062a \u0627\u062a\u062e\u0627\u0630 \u0627\u0644\u0642\u0631\u0627\u0631 \u0648\u0627\u0644\u0625\u062c\u0631\u0627\u0621\u0627\u062a \u0627\u0644\u062a\u064a \u0633\u062a\u0645\u0643\u0646\u0647\u0645 \u0645\u0646 \u0627\u0644\u0639\u0645\u0644 \u062f\u0648\u0646 \u062a\u062f\u062e\u0644 \u0628\u0634\u0631\u064a \u0641\u064a \u0628\u064a\u0626\u0627\u062a \u0645\u062a\u0646\u0648\u0639\u0629. \u0627\u0644\u062a\u064a \u064a\u0645\u0643\u0646 \u0623\u0646 \u062a\u062a\u0631\u0627\u0648\u062d \u0628\u064a\u0646 \u0627\u0644\u0645\u0633\u0627\u062d\u0627\u062a \u0627\u0644\u0645\u062d\u0644\u064a\u0629 (\u0643\u0631\u0633\u064a \u0645\u062a\u062d\u0631\u0643 \u0622\u0644\u064a\u060c \u0645\u0643\u0646\u0633\u0629 \u0643\u0647\u0631\u0628\u0627\u0626\u064a\u0629\u060c \u062c\u0632\u0627\u0632\u0629 \u062a\u0647\u0630\u064a\u0628 \u0627\u0644\u062d\u0634\u0627\u0626\u0634\u060c \u0648\u0645\u0627 \u0625\u0644\u0649 \u0630\u0644\u0643) \u0625\u0644\u0649 \u0645\u0633\u0627\u062d\u0627\u062a \u0627\u0644\u0639\u0645\u0644 \u0627\u0644\u0639\u0627\u0645\u0629 (\u0631\u0648\u0628\u0648\u062a\u0627\u062a \u0627\u0644\u0645\u0631\u0627\u0642\u0628\u0629\u060c \u0631\u0648\u0628\u0648\u062a\u0627\u062a \u062f\u0644\u064a\u0644 [&hellip;]<\/p>\n","protected":false},"author":46,"featured_media":8937,"parent":8521,"menu_order":0,"comment_status":"closed","ping_status":"closed","template":"division-page.php","meta":{"footnotes":""},"class_list":["post-8641","page","type-page","status-publish","has-post-thumbnail","hentry"],"_links":{"self":[{"href":"https:\/\/www.cdta.dz\/ar\/wp-json\/wp\/v2\/pages\/8641\/"}],"collection":[{"href":"https:\/\/www.cdta.dz\/ar\/wp-json\/wp\/v2\/pages\/"}],"about":[{"href":"https:\/\/www.cdta.dz\/ar\/wp-json\/wp\/v2\/types\/page\/"}],"author":[{"embeddable":true,"href":"https:\/\/www.cdta.dz\/ar\/wp-json\/wp\/v2\/users\/46\/"}],"replies":[{"embeddable":true,"href":"https:\/\/www.cdta.dz\/ar\/wp-json\/wp\/v2\/comments\/?post=8641"}],"version-history":[{"count":10,"href":"https:\/\/www.cdta.dz\/ar\/wp-json\/wp\/v2\/pages\/8641\/revisions\/"}],"predecessor-version":[{"id":135428,"href":"https:\/\/www.cdta.dz\/ar\/wp-json\/wp\/v2\/pages\/8641\/revisions\/135428\/"}],"up":[{"embeddable":true,"href":"https:\/\/www.cdta.dz\/ar\/wp-json\/wp\/v2\/pages\/8521\/"}],"wp:featuredmedia":[{"embeddable":true,"href":"https:\/\/www.cdta.dz\/ar\/wp-json\/wp\/v2\/media\/8937\/"}],"wp:attachment":[{"href":"https:\/\/www.cdta.dz\/ar\/wp-json\/wp\/v2\/media\/?parent=8641"}],"curies":[{"name":"wp","href":"https:\/\/api.w.org\/{rel}","templated":true}]}}