{"id":8724,"date":"2019-09-26T08:53:47","date_gmt":"2019-09-26T08:53:47","guid":{"rendered":"http:\/\/10.1.5.53\/?page_id=8724"},"modified":"2019-12-24T09:07:05","modified_gmt":"2019-12-24T09:07:05","slug":"%d9%81%d8%b1%d9%8a%d9%82-%d8%aa%d8%b1%d8%af%d8%af%d8%a7%d8%aa-%d8%a7%d9%84%d8%b1%d8%a7%d8%af%d9%8a%d9%88-%d9%88%d8%a7%d9%84%d9%87%d9%88%d8%a7%d8%a6%d9%8a%d8%a7%d8%aa","status":"publish","type":"page","link":"https:\/\/www.cdta.dz\/ar\/%d8%a7%d9%84%d8%a8%d8%ad%d8%ab-%d9%88%d8%a7%d9%84%d8%aa%d9%83%d9%86%d9%88%d9%84%d9%88%d8%ac%d9%8a%d8%a7\/%d8%a7%d9%84%d8%a3%d9%82%d8%b3%d8%a7%d9%85\/%d9%82%d8%b3%d9%85-%d8%a7%d9%84%d8%a7%d8%aa%d8%b5%d8%a7%d9%84%d8%a7%d8%aa\/%d9%81%d8%b1%d9%8a%d9%82-%d8%aa%d8%b1%d8%af%d8%af%d8%a7%d8%aa-%d8%a7%d9%84%d8%b1%d8%a7%d8%af%d9%8a%d9%88-%d9%88%d8%a7%d9%84%d9%87%d9%88%d8%a7%d8%a6%d9%8a%d8%a7%d8%aa\/","title":{"rendered":"\u0641\u0631\u064a\u0642: \u062a\u0631\u062f\u062f\u0627\u062a \u0627\u0644\u0631\u0627\u062f\u064a\u0648 \u0648\u0627\u0644\u0647\u0648\u0627\u0626\u064a\u0627\u062a"},"content":{"rendered":"<h1 style=\"text-align: right\">\u0641\u0631\u064a\u0642: \u062a\u0631\u062f\u062f\u0627\u062a \u0627\u0644\u0631\u0627\u062f\u064a\u0648 \u0648\u0627\u0644\u0647\u0648\u0627\u0626\u064a\u0627\u062a<\/h1>\n<p><img loading=\"lazy\" decoding=\"async\" class=\"wp-image-8993 aligncenter\" src=\"https:\/\/www.cdta.dz\/wp-content\/uploads\/2019\/10\/logo-equipe-300x134.jpg\" alt=\"\" width=\"127\" height=\"57\" srcset=\"https:\/\/www.cdta.dz\/wp-content\/uploads\/2019\/10\/logo-equipe-300x134.jpg 300w, https:\/\/www.cdta.dz\/wp-content\/uploads\/2019\/10\/logo-equipe-768x342.jpg 768w, https:\/\/www.cdta.dz\/wp-content\/uploads\/2019\/10\/logo-equipe.jpg 1082w\" sizes=\"auto, (max-width: 127px) 100vw, 127px\" \/><\/p>\n<p style=\"text-align: left\">\u0631\u0626\u064a\u0633 \u0627\u0644\u0641\u0631\u064a\u0642: \u0645\u0646\u0633\u0648\u0644 \u0639\u0644\u064a<\/p>\n<h2 style=\"text-align: right\"><strong>\u0644\u0645\u062d\u0629 \u0639\u0627\u0645\u0629 \u0639\u0646 \u0627\u0644\u0641\u0631\u064a\u0642<\/strong><\/h2>\n<p style=\"text-align: right\">\u0641\u0631\u064a\u0642 \u062a\u0631\u062f\u062f\u0627\u062a \u0627\u0644\u0631\u0627\u062f\u064a\u0648 \u0648\u0627\u0644\u0647\u0648\u0627\u0626\u064a\u0627\u062a \u0647\u0648 \u062c\u0632\u0621 \u0645\u0646 \u0642\u0633\u0645 \u0627\u0644\u0627\u062a\u0635\u0627\u0644\u0627\u062a. \u0645\u062e\u062a\u0635 \u0641\u064a \u062f\u0631\u0627\u0633\u0629 \u0623\u0646\u0638\u0645\u0629 \u0627\u0644\u0627\u062a\u0635\u0627\u0644\u0627\u062a \u0627\u0644\u0633\u0644\u0643\u064a\u0629 \u0648\u0627\u0644\u0644\u0627\u0633\u0644\u0643\u064a\u0629 \u0648\u0641\u064a \u062a\u0635\u0645\u064a\u0645 \u0648\u062a\u0648\u0635\u064a\u0641 \u0623\u062c\u0647\u0632\u0629 \u0627\u0644\u062a\u0631\u062f\u062f \u0627\u0644\u0644\u0627\u0633\u0644\u0643\u064a.<\/p>\n<h2 style=\"text-align: right\"><strong>\u0645\u062c\u0627\u0644\u0627\u062a \u0627\u0644\u0628\u062d\u062b<\/strong><\/h2>\n<ul>\n<li style=\"text-align: right\">\u0627\u0644\u0635\u062d\u0629 \u0627\u0644\u0625\u0644\u0643\u062a\u0631\u0648\u0646\u064a\u0629<\/li>\n<li style=\"text-align: right\">\u0627\u0644\u0631\u0642\u0645\u0646\u0629<\/li>\n<li style=\"text-align: right\">\u0627\u0644\u0623\u0645\u0646<\/li>\n<li style=\"text-align: right\">\u0627\u0644\u0623\u0646\u0638\u0645\u0629 \u0627\u0644\u0642\u0627\u0628\u0644\u0629 \u0644\u0644\u062a\u0643\u064a\u0641 \u0648\u0627\u0644\u0645\u0639\u0631\u0641\u064a\u0629<\/li>\n<li style=\"text-align: right\">\u0627\u0644\u0645\u0639\u0631\u0641\u0629 \u0648\u0627\u0644\u062a\u0643\u0648\u064a\u0646<\/li>\n<\/ul>\n<h2 style=\"text-align: right\"><strong>\u0627\u0644\u062e\u0628\u0631\u0627\u062a<\/strong><\/h2>\n<ul>\n<li style=\"text-align: right\">\u0645\u0639\u0627\u0644\u062c\u0629 \u0627\u0644\u0625\u0634\u0627\u0631\u0627\u062a \u0627\u0644\u0631\u0642\u0645\u064a\u0629<\/li>\n<li style=\"text-align: right\">\u062a\u0635\u0645\u064a\u0645 \u0648\u062a\u0648\u0635\u064a\u0641 \u0623\u062c\u0647\u0632\u0629 \u0627\u0644\u062a\u0631\u062f\u062f \u0627\u0644\u0644\u0627\u0633\u0644\u0643\u064a<\/li>\n<li style=\"text-align: right\">\u0627\u0644\u0646\u0645\u0630\u062c\u0629 \u0627\u0644\u0643\u0647\u0631\u0648\u0645\u063a\u0646\u0627\u0637\u064a\u0633\u064a\u0629<\/li>\n<li style=\"text-align: right\">\u062a\u0635\u0645\u064a\u0645 \u0647\u0648\u0627\u0626\u064a\u0627\u062a \u0645\u0635\u063a\u0631\u0629 \u0645\u062a\u0639\u062f\u062f\u0629 \u0627\u0644\u0645\u0639\u0627\u064a\u064a\u0631\u060c \u0647\u0648\u0627\u0626\u064a\u0627\u062a \u0642\u0627\u0628\u0644\u0629 \u0644\u0625\u0639\u0627\u062f\u0629 \u0627\u0644\u062a\u0634\u0643\u064a\u0644 \u0648\u0623\u0646\u0638\u0645\u0629 \u0645\u062a\u0639\u062f\u062f\u0629 \u0627\u0644\u0647\u0648\u0627\u0626\u064a\u0627\u062a<\/li>\n<\/ul>\n<h2 style=\"text-align: right\"><strong>\u0645\u062c\u0627\u0644 \u0627\u0644\u062a\u0623\u062b\u064a\u0631\u064c<\/strong><\/h2>\n<ul>\n<li style=\"text-align: right\">\u0627\u0644\u0627\u062a\u0635\u0627\u0644\u0627\u062a \u0627\u0644\u0633\u0644\u0643\u064a\u0629 \u0648\u0627\u0644\u0644\u0627\u0633\u0644\u0643\u064a\u0629<\/li>\n<\/ul>\n<h2 style=\"text-align: right\"><strong>\u0645\u0634\u0627\u0631\u064a\u0639 \u0627\u0644\u0628\u062d\u062b<\/strong><\/h2>\n<p style=\"text-align: right\">\u0645\u0634\u0627\u0631\u064a\u0639 \u0630\u0627\u062a \u0637\u0627\u0628\u0639 \u0627\u062c\u062a\u0645\u0627\u0639\u064a \u0648\u0627\u0642\u062a\u0635\u0627\u062f\u064a:<br \/>\n\u0643\u062c\u0632\u0621 \u0645\u0646 \u0647\u0630\u0647 \u0627\u0644\u0623\u0646\u0634\u0637\u0629 \u0627\u0644\u0628\u062d\u062b\u064a\u0629\u060c \u064a\u0639\u0645\u0644 \u0627\u0644\u0641\u0631\u064a\u0642 \u062d\u0627\u0644\u064a\u064b\u0627 \u0639\u0644\u0649 \u0645\u0634\u0631\u0648\u0639 \u0627\u0644\u062a\u0623\u062b\u064a\u0631 \u0627\u0644\u0627\u062c\u062a\u0645\u0627\u0639\u064a-\u0627\u0644\u0627\u0642\u062a\u0635\u0627\u062f\u064a \u0627\u0644\u0645\u0639\u0646\u0648\u0646: &#8221; <em>\u062a\u0635\u0645\u064a\u0645 \u0648\u062a\u0637\u0648\u064a\u0631 \u0623\u062c\u0647\u0632\u0629 \u0642\u064a\u0627\u0633 \u0633\u0631\u0639\u0629 \u0627\u0644\u0633\u064a\u0627\u0631\u0629 \u0648\u0627\u0644\u062a\u062d\u0643\u0645 \u0641\u064a\u0647\u0627 (<\/em><em>CD-CVM)<\/em>&#8220;. \u0627\u0644\u0647\u062f\u0641 \u0645\u0646 \u0647\u0630\u0627 \u0627\u0644\u0645\u0634\u0631\u0648\u0639 \u0647\u0648 \u062a\u0637\u0648\u064a\u0631 \u0646\u0645\u0627\u0630\u062c \u0623\u0648\u0644\u064a\u0629 \u0644\u0642\u064a\u0627\u0633 \u0627\u0644\u0633\u0631\u0639\u0629 \u0648\u0627\u0644\u062a\u062d\u0643\u0645 \u0628\u062a\u0643\u0644\u0641\u0629 \u0623\u0642\u0644 \u0644\u062a\u0644\u0628\u064a\u0629 \u0627\u0644\u0627\u062d\u062a\u064a\u0627\u062c\u0627\u062a \u0627\u0644\u0648\u0637\u0646\u064a\u0629.<br \/>\n\u0645\u0634\u0631\u0648\u0639 \u0628\u062d\u062b FNR :<\/p>\n<p style=\"text-align: right\">\u0643\u062c\u0632\u0621 \u0645\u0646 \u0645\u0634\u0627\u0631\u064a\u0639 \u0628\u062d\u062b FNR\u060c \u064a\u0639\u0645\u0644 \u0627\u0644\u0641\u0631\u064a\u0642 \u062d\u0627\u0644\u064a\u064b\u0627 \u0639\u0644\u0649 \u0645\u0634\u0631\u0648\u0639 \u0628\u0639\u0646\u0648\u0627\u0646: <em>&#8221; \u062a\u0635\u0645\u064a\u0645 \u0648\u062a\u0637\u0648\u064a\u0631 \u062d\u0644\u0648\u0644 \u0644\u062a\u062d\u0633\u064a\u0646 \u0623\u062f\u0627\u0621 \u0623\u0646\u0638\u0645\u0629 \u0627\u0644\u0627\u062a\u0635\u0627\u0644\u0627\u062a \u0627\u0644\u062d\u062f\u064a\u062b\u0629 (<\/em><em>CESCM<\/em><em>)<\/em>&#8220;. \u0627\u0644\u0647\u062f\u0641 \u0627\u0644\u0631\u0626\u064a\u0633\u064a \u0645\u0646 \u0647\u0630\u0627 \u0627\u0644\u0628\u0631\u0646\u0627\u0645\u062c \u0627\u0644\u0628\u062d\u062b\u064a \u0647\u0648 \u0627\u0642\u062a\u0631\u0627\u062d \u062d\u0644\u0648\u0644 \u0623\u0635\u0644\u064a\u0629 (\u0628\u0631\u0627\u0645\u062c \u0623\u0648 \u0623\u062c\u0647\u0632\u0629) \u0644\u062a\u062d\u0633\u064a\u0646 \u0623\u062f\u0627\u0621 \u0623\u0646\u0638\u0645\u0629 \u0627\u0644\u0627\u062a\u0635\u0627\u0644\u0627\u062a \u0645\u0646 \u062d\u064a\u062b \u0633\u0631\u0639\u0629 \u0627\u0644\u062a\u062f\u0641\u0642 \u0648\u0627\u0644\u0623\u0645\u0627\u0646.<\/p>\n<h2 style=\"text-align: right\"><strong>\u0627\u0644\u062a\u0639\u0627\u0648\u0646\u0627\u062a<\/strong><\/h2>\n<ul>\n<li style=\"text-align: right\">\u00a0Universit\u00e9 du Qu\u00e9bec en Abitibi-T\u00e9miscamingue (UQAT), Canada.<\/li>\n<li style=\"text-align: right\">Institut National de la Recherche Scientifique (INRS), Canada.<\/li>\n<li style=\"text-align: right\">University of Technology, Malaysia (UTM).<\/li>\n<li style=\"text-align: right\">Universit\u00e9 Polytechnique de haut de France (UPHR), Valenciennes \u2013 France.<\/li>\n<\/ul>\n<h2 style=\"text-align: right\"><strong>\u0627\u0644\u0623\u0637\u0631\u0648\u062d\u0627\u062a \u0627\u0644\u062c\u0627\u0631\u064a\u0629<\/strong><\/h2>\n<p style=\"text-align: right\">&#8211; \u0645\u062e\u062a\u0627\u0631\u064a \u0645\u062e\u062a\u0627\u0631\u060c &#8221; \u062f\u0631\u0627\u0633\u0629 \u0648\u062a\u0635\u0645\u064a\u0645 \u0646\u0645\u0648\u0630\u062c \u0647\u0648\u0627\u0626\u064a \u0645\u0637\u0628\u0648\u0639: \u062a\u0637\u0628\u064a\u0642 \u0639\u0644\u0649 \u0627\u0644\u062a\u0635\u0648\u064a\u0631 \u0627\u0644\u0637\u0628\u064a &#8221; \u062c\u0627\u0645\u0639\u0629 \u0627\u0644\u0639\u0644\u0648\u0645 \u0648\u0627\u0644\u062a\u0643\u0646\u0648\u0644\u0648\u062c\u064a\u0627 \u0647\u0648\u0627\u0631\u064a \u0628\u0648\u0645\u062f\u064a\u0646 (USTHB)\u060c \u0627\u0644\u062c\u0632\u0627\u0626\u0631.<\/p>\n","protected":false},"excerpt":{"rendered":"<p>\u0641\u0631\u064a\u0642: \u062a\u0631\u062f\u062f\u0627\u062a \u0627\u0644\u0631\u0627\u062f\u064a\u0648 \u0648\u0627\u0644\u0647\u0648\u0627\u0626\u064a\u0627\u062a \u0631\u0626\u064a\u0633 \u0627\u0644\u0641\u0631\u064a\u0642: \u0645\u0646\u0633\u0648\u0644 \u0639\u0644\u064a \u0644\u0645\u062d\u0629 \u0639\u0627\u0645\u0629 \u0639\u0646 \u0627\u0644\u0641\u0631\u064a\u0642 \u0641\u0631\u064a\u0642 \u062a\u0631\u062f\u062f\u0627\u062a \u0627\u0644\u0631\u0627\u062f\u064a\u0648 \u0648\u0627\u0644\u0647\u0648\u0627\u0626\u064a\u0627\u062a \u0647\u0648 \u062c\u0632\u0621 \u0645\u0646 \u0642\u0633\u0645 \u0627\u0644\u0627\u062a\u0635\u0627\u0644\u0627\u062a. \u0645\u062e\u062a\u0635 \u0641\u064a \u062f\u0631\u0627\u0633\u0629 \u0623\u0646\u0638\u0645\u0629 \u0627\u0644\u0627\u062a\u0635\u0627\u0644\u0627\u062a \u0627\u0644\u0633\u0644\u0643\u064a\u0629 \u0648\u0627\u0644\u0644\u0627\u0633\u0644\u0643\u064a\u0629 \u0648\u0641\u064a \u062a\u0635\u0645\u064a\u0645 \u0648\u062a\u0648\u0635\u064a\u0641 \u0623\u062c\u0647\u0632\u0629 \u0627\u0644\u062a\u0631\u062f\u062f \u0627\u0644\u0644\u0627\u0633\u0644\u0643\u064a. \u0645\u062c\u0627\u0644\u0627\u062a \u0627\u0644\u0628\u062d\u062b \u0627\u0644\u0635\u062d\u0629 \u0627\u0644\u0625\u0644\u0643\u062a\u0631\u0648\u0646\u064a\u0629 \u0627\u0644\u0631\u0642\u0645\u0646\u0629 \u0627\u0644\u0623\u0645\u0646 \u0627\u0644\u0623\u0646\u0638\u0645\u0629 \u0627\u0644\u0642\u0627\u0628\u0644\u0629 \u0644\u0644\u062a\u0643\u064a\u0641 \u0648\u0627\u0644\u0645\u0639\u0631\u0641\u064a\u0629 \u0627\u0644\u0645\u0639\u0631\u0641\u0629 \u0648\u0627\u0644\u062a\u0643\u0648\u064a\u0646 \u0627\u0644\u062e\u0628\u0631\u0627\u062a \u0645\u0639\u0627\u0644\u062c\u0629 \u0627\u0644\u0625\u0634\u0627\u0631\u0627\u062a \u0627\u0644\u0631\u0642\u0645\u064a\u0629 \u062a\u0635\u0645\u064a\u0645 \u0648\u062a\u0648\u0635\u064a\u0641 \u0623\u062c\u0647\u0632\u0629 \u0627\u0644\u062a\u0631\u062f\u062f \u0627\u0644\u0644\u0627\u0633\u0644\u0643\u064a [&hellip;]<\/p>\n","protected":false},"author":46,"featured_media":8937,"parent":7307,"menu_order":1,"comment_status":"closed","ping_status":"closed","template":"division-page.php","meta":{"footnotes":""},"class_list":["post-8724","page","type-page","status-publish","has-post-thumbnail","hentry"],"_links":{"self":[{"href":"https:\/\/www.cdta.dz\/ar\/wp-json\/wp\/v2\/pages\/8724\/"}],"collection":[{"href":"https:\/\/www.cdta.dz\/ar\/wp-json\/wp\/v2\/pages\/"}],"about":[{"href":"https:\/\/www.cdta.dz\/ar\/wp-json\/wp\/v2\/types\/page\/"}],"author":[{"embeddable":true,"href":"https:\/\/www.cdta.dz\/ar\/wp-json\/wp\/v2\/users\/46\/"}],"replies":[{"embeddable":true,"href":"https:\/\/www.cdta.dz\/ar\/wp-json\/wp\/v2\/comments\/?post=8724"}],"version-history":[{"count":2,"href":"https:\/\/www.cdta.dz\/ar\/wp-json\/wp\/v2\/pages\/8724\/revisions\/"}],"predecessor-version":[{"id":13647,"href":"https:\/\/www.cdta.dz\/ar\/wp-json\/wp\/v2\/pages\/8724\/revisions\/13647\/"}],"up":[{"embeddable":true,"href":"https:\/\/www.cdta.dz\/ar\/wp-json\/wp\/v2\/pages\/7307\/"}],"wp:featuredmedia":[{"embeddable":true,"href":"https:\/\/www.cdta.dz\/ar\/wp-json\/wp\/v2\/media\/8937\/"}],"wp:attachment":[{"href":"https:\/\/www.cdta.dz\/ar\/wp-json\/wp\/v2\/media\/?parent=8724"}],"curies":[{"name":"wp","href":"https:\/\/api.w.org\/{rel}","templated":true}]}}