{"id":12231,"date":"2019-11-07T12:59:54","date_gmt":"2019-11-07T12:59:54","guid":{"rendered":"http:\/\/10.1.5.53\/?page_id=12231"},"modified":"2019-11-07T15:03:54","modified_gmt":"2019-11-07T15:03:54","slug":"decoupe-sculpture-a-fil-chaud-par-strato-hwc","status":"publish","type":"page","link":"https:\/\/www.cdta.dz\/en\/research-and-technology\/technology-platforms\/prototyping-platform\/prototypage-rapide-par-le-procede-de-stratoconception\/decoupe-sculpture-a-fil-chaud-par-strato-hwc\/","title":{"rendered":"D\u00e9coupe Sculpture \u00e0 Fil chaud par Strato HWC"},"content":{"rendered":"<p>[vc_row][vc_column][vc_column_text]<\/p>\n<style type=\"text\/css\">\n#lirelasuite {display:none;}<br \/>\n<\/style>\n<p>[\/vc_column_text][\/vc_column][\/vc_row][vc_row][vc_column][vc_column_text]<\/p>\n<h1 style=\"text-align: center;\"><span style=\"color: #3366ff;\"><strong>D\u00e9coupe &amp; Sculpture \u00e0 Fil chaud par Strato HWC<\/strong><\/span><\/h1>\n<p>[\/vc_column_text][vc_row_inner][vc_column_inner width=&#8221;1\/3&#8243;][vc_hoverbox image=&#8221;9946&#8243; primary_title=&#8221;&#8221; hover_title=&#8221;D\u00e9coupe fil chaud 4 Axes&#8221;]<\/p>\n<p style=\"text-align: center;\"><span style=\"color: #0000ff;\"><strong>HWC 3722<\/strong><\/span><br \/>\nMat\u00e9riaux = polystyr\u00e8ne mousse<br \/>\nCourse X, Y, Z = 3400*2000*1200<\/p>\n<p>[\/vc_hoverbox][\/vc_column_inner][vc_column_inner width=&#8221;1\/3&#8243;][vc_hoverbox image=&#8221;9949&#8243; primary_title=&#8221;&#8221; hover_title=&#8221;D\u00e9coupe fil chaud 5 Axes&#8221;][\/vc_hoverbox][\/vc_column_inner][vc_column_inner width=&#8221;1\/3&#8243;][vc_hoverbox image=&#8221;9963&#8243; primary_title=&#8221;&#8221; hover_title=&#8221;Sculpture \u00e0 fil chaud&#8221;][\/vc_hoverbox][\/vc_column_inner][\/vc_row_inner][vc_row_inner][vc_column_inner][vc_column_text]<\/p>\n<p>&nbsp;<\/p>\n<p><strong>Ce processus vous donne la possibilit\u00e9 de r\u00e9aliser des pi\u00e8ces 3D complexes en polystyr\u00e8ne et de r\u00e9aliser de tr\u00e8s grands mod\u00e8les et dimensions comme <\/strong><a href=\"#nogo\"><span style=\"color: red;\"> Lire la suite&#8230;<\/span><\/a><\/p>\n<p id=\"lirelasuite\"><strong>\u2022 coul\u00e9e de mousse perdue,<\/strong><br \/>\n<strong>\u2022 prototype de bateau,<\/strong><br \/>\n<strong>\u2022 des drones,<\/strong><br \/>\n<strong>\u2022 conception d&#8217;architecture,<\/strong><br \/>\n<strong>\u2022 grande pale de turbine<\/strong><\/p>\n<p>[\/vc_column_text][\/vc_column_inner][\/vc_row_inner][vc_row_inner][vc_column_inner][vc_column_text]<\/p>\n<h2><\/h2>\n<h2 style=\"text-align: center;\"><span style=\"color: #3366ff;\">Exemple d\u2019application de la HWC d\u00e9coupe \u00e0 fil chaud<\/span><\/h2>\n<p>[\/vc_column_text][\/vc_column_inner][\/vc_row_inner][vc_row_inner][vc_column_inner width=&#8221;1\/6&#8243;][\/vc_column_inner][vc_column_inner width=&#8221;2\/3&#8243;][vc_gallery interval=&#8221;5&#8243; images=&#8221;9975,9972,9978,9981&#8243; img_size=&#8221;full&#8221;][\/vc_column_inner][vc_column_inner width=&#8221;1\/6&#8243;][\/vc_column_inner][\/vc_row_inner][\/vc_column][\/vc_row]<\/p>\n","protected":false},"excerpt":{"rendered":"<p>[vc_row][vc_column][vc_column_text] [\/vc_column_text][\/vc_column][\/vc_row][vc_row][vc_column][vc_column_text] D\u00e9coupe &amp; Sculpture \u00e0 Fil chaud par Strato HWC [\/vc_column_text][vc_row_inner][vc_column_inner width=&#8221;1\/3&#8243;][vc_hoverbox image=&#8221;9946&#8243; primary_title=&#8221;&#8221; hover_title=&#8221;D\u00e9coupe fil chaud 4 Axes&#8221;] HWC 3722 Mat\u00e9riaux = polystyr\u00e8ne mousse Course X, Y, Z = 3400*2000*1200 [\/vc_hoverbox][\/vc_column_inner][vc_column_inner width=&#8221;1\/3&#8243;][vc_hoverbox image=&#8221;9949&#8243; primary_title=&#8221;&#8221; hover_title=&#8221;D\u00e9coupe fil chaud 5 Axes&#8221;][\/vc_hoverbox][\/vc_column_inner][vc_column_inner width=&#8221;1\/3&#8243;][vc_hoverbox image=&#8221;9963&#8243; primary_title=&#8221;&#8221; hover_title=&#8221;Sculpture \u00e0 fil chaud&#8221;][\/vc_hoverbox][\/vc_column_inner][\/vc_row_inner][vc_row_inner][vc_column_inner][vc_column_text] &nbsp; Ce processus vous donne la possibilit\u00e9 [&hellip;]<\/p>\n","protected":false},"author":46,"featured_media":6021,"parent":12208,"menu_order":0,"comment_status":"closed","ping_status":"closed","template":"division-page.php","meta":{"footnotes":""},"class_list":["post-12231","page","type-page","status-publish","has-post-thumbnail","hentry"],"_links":{"self":[{"href":"https:\/\/www.cdta.dz\/en\/wp-json\/wp\/v2\/pages\/12231\/"}],"collection":[{"href":"https:\/\/www.cdta.dz\/en\/wp-json\/wp\/v2\/pages\/"}],"about":[{"href":"https:\/\/www.cdta.dz\/en\/wp-json\/wp\/v2\/types\/page\/"}],"author":[{"embeddable":true,"href":"https:\/\/www.cdta.dz\/en\/wp-json\/wp\/v2\/users\/46\/"}],"replies":[{"embeddable":true,"href":"https:\/\/www.cdta.dz\/en\/wp-json\/wp\/v2\/comments\/?post=12231"}],"version-history":[{"count":0,"href":"https:\/\/www.cdta.dz\/en\/wp-json\/wp\/v2\/pages\/12231\/revisions\/"}],"up":[{"embeddable":true,"href":"https:\/\/www.cdta.dz\/en\/wp-json\/wp\/v2\/pages\/12208\/"}],"wp:featuredmedia":[{"embeddable":true,"href":"https:\/\/www.cdta.dz\/en\/wp-json\/wp\/v2\/media\/6021\/"}],"wp:attachment":[{"href":"https:\/\/www.cdta.dz\/en\/wp-json\/wp\/v2\/media\/?parent=12231"}],"curies":[{"name":"wp","href":"https:\/\/api.w.org\/{rel}","templated":true}]}}