{"id":6345,"date":"2019-05-28T17:28:11","date_gmt":"2019-05-28T17:28:11","guid":{"rendered":"http:\/\/10.1.5.53\/rd-contracts\/"},"modified":"2019-12-15T15:10:11","modified_gmt":"2019-12-15T15:10:11","slug":"rd-contracts","status":"publish","type":"page","link":"https:\/\/www.cdta.dz\/en\/valorization\/partnership\/rd-contracts\/","title":{"rendered":"R&#038;D Contracts"},"content":{"rendered":"<p>[vc_row][vc_column][vc_column_text]<strong>Partners of CDTA<\/strong><\/p>\n<p>&nbsp;<\/p>\n<p><strong>universities<\/strong><\/p>\n<p><strong>Abderrahmane MIRA University of Bejaia<\/strong><\/p>\n<p>Rector: Pr SAIDANI B.<\/p>\n<p>Headquarters: Campus Aboudaou Road Tichy RN9 &#8211; Bejaia<\/p>\n<p>Contacts: Tel. 00213 34 81 68 20 Fax. 00213 34 81 68 20<\/p>\n<p>Website: https:\/\/www.univ-bejaia.dz\/<\/p>\n<p>Purpose of the convention: Cooperation agreement<\/p>\n<p>Duration of the agreement: 03 \/ 2009-02 \/ 2012<\/p>\n<p>&nbsp;<\/p>\n<p>&nbsp;<\/p>\n<p>&nbsp;<\/p>\n<p><strong>Badji Mokhtar University of Annaba<\/strong><\/p>\n<p>&nbsp;<\/p>\n<p>Creation: 1975<\/p>\n<p>Rector: Prof. HAIAHEM Ammar<\/p>\n<p>Headquarters: Badji Mokhtar University -Annaba- B.P.12, Annaba, 23000 Algeria<\/p>\n<p>Contacts: Tel. +213 (0) 38 87 24 36 Fax. +213 (0) 38 87 17 47<\/p>\n<p>Website: https:\/\/www.univ-annaba.dz\/<\/p>\n<p>Purpose of the agreement: Alg\u00e9ro-Qu\u00e9bec University Partnership<\/p>\n<p>Duration of the agreement: 2008\/2010<\/p>\n<p>&nbsp;<\/p>\n<p><strong>\u00a0Mentouri Brothers University of Constantine 1\u00a0\u00a0 <\/strong><\/p>\n<p>&nbsp;<\/p>\n<p>Creation: 1968<\/p>\n<p>Rector: Pr DJEKOUN Abdelhamid<\/p>\n<p>Headquarters: Constantine, BP, 325 Route de Ain El Bey, Algeria, 25017<\/p>\n<p>Contacts: Tel. +213 (0) 31 81 12 71<\/p>\n<p>Website: https:\/\/www.umc.edu.dz<\/p>\n<p>Purpose of the convention: Convention<\/p>\n<p>Duration of the agreement: 10\/2005<\/p>\n<p>&nbsp;<\/p>\n<p><strong>Dr Yahia Far\u00e8s University of Medea<\/strong><\/p>\n<p>&nbsp;<\/p>\n<p>Creation: 1988<\/p>\n<p>Rector: Pr. HAMIDI Youcef<\/p>\n<p>Headquarters: M\u00e9d\u00e9a University Pole, M\u00e9d\u00e9a<\/p>\n<p>Contacts: Tel. +213 25 78 58 11 Fax. 25 78 56 28<\/p>\n<p>Website: https:\/\/www.univ-medea.dz\/<\/p>\n<p>Purpose of the convention: Convention of cooperation and exchanges<\/p>\n<p>Duration of the agreement: 04 \/ 2010-03 \/ 2013<\/p>\n<p>&nbsp;<\/p>\n<p>&nbsp;<\/p>\n<p>&nbsp;<\/p>\n<p><strong>University of Science and Technology Houari Boumediene<\/strong><\/p>\n<p>&nbsp;<\/p>\n<p>Creation: 1974<\/p>\n<p>Rector: Pr. SAIDI Mohamed<\/p>\n<p>Registered office: BP 32 El Alia 16111, Bab Ezzouar, Algiers<\/p>\n<p>Contacts: Tel. +213 21 24 79 50 to 60 Fax. +213 21 24 79 04<\/p>\n<p>Website: https:\/\/www.usthb.dz\/<\/p>\n<p>Purpose of the convention: Cooperation agreement<\/p>\n<p>Duration of the agreement: 11 \/ 2001-10 \/ 2004<\/p>\n<p>&nbsp;<\/p>\n<p><strong>Hassiba Benbouali University of Chlef<\/strong><\/p>\n<p>&nbsp;<\/p>\n<p>Creation: 1983<\/p>\n<p>Rector: Pr. CHOUKRI Ali<\/p>\n<p>Registered office: B.P 78C, Ouled Fares 02180 Chlef, Algeria<\/p>\n<p>Contacts: Tel. +213 (0) 27 72 70 55 Fax. +213 (0) 27 72 70 55 \/ + 213 (0) 27 72 70 59<\/p>\n<p>Website: https:\/\/www.univ-chlef.dz\/<\/p>\n<p>Purpose of the convention: Cooperation agreement<\/p>\n<p>Duration of the agreement: 02 \/ 2011-01 \/ 2012<\/p>\n<p>&nbsp;<\/p>\n<p>&nbsp;<\/p>\n<p>&nbsp;<\/p>\n<p><strong>Kasdi Merbah University of Ouargla<\/strong><\/p>\n<p>Creation: 1988<\/p>\n<p>Rector: BOUTARFAIA Ahmed<\/p>\n<p>Headquarters: Ouargla Route de Ghardaia, BP.511, 30,000, Algeria<\/p>\n<p>Contacts: Tel. 029-71-19-02 \/ 029-71-24-68 Fax. 029-71-36-54<\/p>\n<p>Website: https:\/\/www.univ-ouargla.dz\/<\/p>\n<p>Purpose of the convention: Framework Convention for Scientific Cooperation<\/p>\n<p>Duration of the agreement: 02 \/ 2008-01 \/ 2013<\/p>\n<p>&nbsp;<\/p>\n<p><strong>M&#8217;Hamed Bougara University of Boumerd\u00e8s<\/strong><\/p>\n<p>Creation: 1998<\/p>\n<p>Rector: Pr. ABADLIA Mohamed-Tahar<\/p>\n<p>Headquarters: Independence Avenue, 35000, Boumerd\u00e8s, Algeria<\/p>\n<p>Contacts: Fax \/ Tel. (024) 79 52 76<\/p>\n<p>Website: https:\/\/www.univ-boumerdes.dz\/<\/p>\n<p>Purpose of the Convention: Framework Convention for Cooperation<\/p>\n<p>Duration of the agreement: 04\/2006<\/p>\n<p>&nbsp;<\/p>\n<p>&nbsp;<\/p>\n<p>&nbsp;<\/p>\n<p>&nbsp;<\/p>\n<p>&nbsp;<\/p>\n<p><strong>Saad Dahlab University<\/strong><\/p>\n<p>Creation: 1981<\/p>\n<p>Rector: Mr BEZZINA Mohamed<\/p>\n<p>Headquarters: Soum\u00e2a Road BP 270 Blida (09000), Algeria<\/p>\n<p>Contacts: Tel. +213 25 27 24 36 Fax. +213 25 27 23 73\/25 05<\/p>\n<p>Website: https:\/\/www.univ-blida.dz\/<\/p>\n<p>Purpose of the convention: Cooperation agreement<\/p>\n<p>Duration of the agreement:<\/p>\n<p>&nbsp;<\/p>\n<p><strong>Hadj Lakhdar University of Batna<\/strong><\/p>\n<p>Creation: 1977<\/p>\n<p>Rector: Mr DIF Abdeslam<\/p>\n<p>Headquarters: Alleys 19 May, Biskra Road, Batna 05000, Algeria<\/p>\n<p>Contacts: Tel. +213 33 31 91 34 Fax +213 33 31 91 30<\/p>\n<p>Website: https:\/\/www.univ-batna.dz\/<\/p>\n<p>Purpose of the partnership: Framework Convention on Scientific and Technological Collaboration<\/p>\n<p>Duration of the agreement: 26\/02\/2012\/2015<\/p>\n<p>&nbsp;<\/p>\n<p><strong>\u00a0Technical University of \u00a0Dortmund<\/strong><\/p>\n<p>&nbsp;<\/p>\n<p>Creation: 1968<\/p>\n<p>Rector: Mrs. Ursula Gather<\/p>\n<p>Headquarters: Emil-Figge-Stra\u00dfe 50, 44227 Dortmund, Germany<\/p>\n<p>Contacts: Tel. +49 (0) 231 \/ 755-1<\/p>\n<p>Website: https:\/\/www.tu-dortmund.de\/<\/p>\n<p>Purpose of the agreement: partnership contract (Establishing relations and creating the basis for mutual cooperation and collaboration in the fields of CDTA and TUD)<\/p>\n<p>Duration of the agreement: 11\/07 \/ 2013\/2018<\/p>\n<p>&nbsp;<\/p>\n<p><strong>Polytechnic University Hauts-de-France<\/strong><\/p>\n<p>Creation: 1964<\/p>\n<p>President: Pr. ARTIBA Abdelhakim<\/p>\n<p>Registered head office: Le Mont-Houy, 59313 Valenciennes cedex 9<\/p>\n<p>Contacts: Tel: +33 03 27 51 12 34<\/p>\n<p>Website: https:\/\/www.uphf.fr\/<\/p>\n<p>Purpose of the agreement: Framework Cooperation Agreement<\/p>\n<p>Duration of the agreement: 24\/10\/2013\/2018<\/p>\n<p>&nbsp;<\/p>\n<p><strong>Abou Bekr Belkaid University (Faculty of Science -Department of Physics)<\/strong><\/p>\n<p>&nbsp;<\/p>\n<p>Creation: 1974<\/p>\n<p>Rector: M. BOUCHERIT Kebir<\/p>\n<p>Registered office: 22, Rue Abi Ayed Abdelkrim Fg Pasteur B.P 119 13000, Tlemcen, Algeria<\/p>\n<p>Contacts: Tel. +213 43 41 11 89 Fax +213 43 41 11 91<\/p>\n<p>Website: https:\/\/www.univ-tlemcen.dz\/en<\/p>\n<p>Purpose of the convention: Cooperation agreement<\/p>\n<p>Duration of the agreement: 01\/02\/2016\/2019<\/p>\n<p>&nbsp;<\/p>\n<p><strong>University of Evry Val d&#8217;Essonne<\/strong><\/p>\n<p>&nbsp;<\/p>\n<p>Creation: 1991<\/p>\n<p>President: Mr CURMI Patrick<\/p>\n<p>Registered head office: 23 Boulevard Fran\u00e7ois Mitterrand, 91000 \u00c9vry, France<\/p>\n<p>contacts:<\/p>\n<p>Website: https:\/\/www.univ-evry.fr\/accueil.html<\/p>\n<p>Purpose of the partnership: Cooperation agreement<\/p>\n<p>Duration of the agreement: 04\/01\/2018\/2023<\/p>\n<p>&nbsp;<\/p>\n<p><strong>University of Limoges<\/strong><\/p>\n<p>&nbsp;<\/p>\n<p>Creation: 1968<\/p>\n<p>President: Mr Alain CELERIER<\/p>\n<p>Registered office: 33 rue Fran\u00e7ois Mitterrand PO Box 23204 87032 Limoges &#8211; France<\/p>\n<p>Contacts: Tel. +33 (0) 5 55 14 91 00<\/p>\n<p>Website: https:\/\/www.unilim.fr\/<\/p>\n<p>Purpose of the partnership:<\/p>\n<p>Duration of the agreement:<\/p>\n<p>&nbsp;<\/p>\n<p>&nbsp;<\/p>\n<p>&nbsp;<\/p>\n<p>&nbsp;<\/p>\n<p>&nbsp;<\/p>\n<p>&nbsp;<\/p>\n<p><strong>\u00a0<\/strong><\/p>\n<p><strong>Schools<\/strong><\/p>\n<p><strong>\u00a0<\/strong><\/p>\n<p><strong>\u00a0<\/strong><\/p>\n<p><strong>polytechnic military school chahid Abderrahmane Taleb<\/strong><\/p>\n<p>&nbsp;<\/p>\n<p>Creation: 1967<\/p>\n<p>Director:<\/p>\n<p>Registered office: B.P 17, Bordj el Bahri 16111, Algiers, Algeria<\/p>\n<p>Contacts: Tel. +213 21 86.34.69 &#8211; 21 42.67.53 Fax. 021 86.32.04<\/p>\n<p>Website: https:\/\/www.emp.mdn.dz\/<\/p>\n<p>Purpose of the partnership: Cooperation agreement<\/p>\n<p>Duration of the agreement: 01\/1997<\/p>\n<p>&nbsp;<\/p>\n<p><strong>National School of Agronomy<\/strong><\/p>\n<p>Creation: 1905<\/p>\n<p>Director: Mr. KHELIFI Lakhdar<\/p>\n<p>Headquarters: Avenue Hassan Badi &#8211; El Harrach &#8211; Algiers<\/p>\n<p>Contacts: Tel. +213 23 82 85 07\/12 Fax.213 23 82 85 03\/04<\/p>\n<p>Website: https:\/\/www.ensa.dz\/<\/p>\n<p>Purpose of the partnership: Framework Cooperation Agreement<\/p>\n<p>Duration of the agreement: 02 \/ 2014-08 \/ 2014<\/p>\n<p>&nbsp;<\/p>\n<p>&nbsp;<\/p>\n<p>&nbsp;<\/p>\n<p><strong>Agencies<\/strong><\/p>\n<p>&nbsp;<\/p>\n<p><strong>National Agency for the Valorization of Results of Research and \u00a0\u00a0\u00a0Technological Development<\/strong><\/p>\n<p>&nbsp;<\/p>\n<p>Creation: 1998<\/p>\n<p>Director: DEMMOUCHE MOUNSI Nedjoua<\/p>\n<p>Headquarters: 23 Ave Slimane Asselah Telemly Algiers Center, Algiers, Algeria<\/p>\n<p>Contacts: Tel. +213 (0) 23 50 73 62 Fax. +213 (0) 23 50 73 74<\/p>\n<p>Website: https:\/\/anvredet.org.dz<\/p>\n<p>Convention object:<\/p>\n<p>Duration of the agreement:<\/p>\n<p>&nbsp;<\/p>\n<p>&nbsp;<\/p>\n<p><strong>Algerian Space Agency<\/strong><\/p>\n<p>&nbsp;<\/p>\n<p>&nbsp;<\/p>\n<p>Creation: 2002<\/p>\n<p>Director: Mr OUSSEDIK Azzedine<\/p>\n<p>Headquarters: 14, Omar Aissaoui Street, El Hammadia, Bouzareah, Algiers<\/p>\n<p>Contacts: Tel. +213 23 27 05 31 Fax +213 23 27 05 24<\/p>\n<p>Website: https:\/\/www.asal.dz\/<\/p>\n<p>Purpose of the convention: Framework Convention<\/p>\n<p>Duration of the agreement: 03 \/ 2012-02 \/ 2015<\/p>\n<p>&nbsp;<\/p>\n<p><strong>National Youth Employment Support Agency<\/strong><\/p>\n<p>&nbsp;<\/p>\n<p>Creation: 2006<\/p>\n<p>Director: Ms DJAIDER Samira<\/p>\n<p>Registered office: 08, Rue Arezi Benbouzid- El Aanasser, Algiers<\/p>\n<p>Contacts: Tel. +213 21 678 218 \/ + 213 21 67 03 52 \/ + 213 21 678 235 \/ +213 21 678 236 \/ + 213 21 678 239 \/ + 213 21 672 792 \/ + 213 21 676 893<\/p>\n<p>Website: https:\/\/www.ansej.org.dz<\/p>\n<p>Purpose of the agreement: partnership agreement<\/p>\n<p>Duration of the agreement: 06\/11\/2016<\/p>\n<p>&nbsp;<\/p>\n<p>&nbsp;<\/p>\n<p><strong>Research Centres<\/strong><\/p>\n<p>&nbsp;<\/p>\n<p>&nbsp;<\/p>\n<p><strong>Nuclear Research Centre of Algiers<\/strong><\/p>\n<p>&nbsp;<\/p>\n<p>Creation: 1999<\/p>\n<p>Director: Mr GABOUZE Nordine<\/p>\n<p>Headquarters: 2, boulevard Frantz Fanon BP 399, Algiers-Gar, Algeria<\/p>\n<p>Contacts: Tel. +213 021 43 44 44\/021 43 35 50 Fax +213 021 43 42 80<\/p>\n<p>Website: www.crna.dz<\/p>\n<p>Purpose of the agreement: 02 Collaboration agreement on research and scientific training<\/p>\n<p>Duration of the agreement: 2004-2005<\/p>\n<p>&nbsp;<\/p>\n<p>&nbsp;<\/p>\n<p><strong>National Centre for Studies and Integrated Researches on Building<\/strong><\/p>\n<p>&nbsp;<\/p>\n<p>Creation: 1982<\/p>\n<p>Director: Mr FERA Hamid<\/p>\n<p>Headquarters: Cit\u00e9 El Mokrani, Souidania, 16097, Algiers, Algeria<\/p>\n<p>Contacts: Tel. +021 38 03 68 \/ +021 38 01 19 Fax +021 38 04 31<\/p>\n<p>Website: https:\/\/www.cnerib.edu.dz\/<\/p>\n<p>Convention object:<\/p>\n<p>Duration of the agreement: 13\/12\/2005<\/p>\n<p>&nbsp;<\/p>\n<p><strong>Centre for Research and Development of Electricity and Gas<\/strong><\/p>\n<p><strong>\u00a0<\/strong><\/p>\n<p>Creation: 2005<\/p>\n<p>Director: Mrs. SALHI Wassila<\/p>\n<p>Headquarters: Great Winds Hill, National Road No. 36, El Achour, Algiers<\/p>\n<p>Contacts: Tel. +213 21 38 61 73 to 79 &#8211; 0560 06 51 73\/74\/75 Fax +213 21 38 62 11\/12<\/p>\n<p>Website: www.credeg.dz\/<\/p>\n<p>Purpose of the partnership: Framework Convention on Scientific and Technological Cooperation<\/p>\n<p>Duration of the agreement: 2013\/2018<\/p>\n<p>&nbsp;<\/p>\n<p>&nbsp;<\/p>\n<p>&nbsp;<\/p>\n<p><strong>National Center for Toxicology<\/strong><\/p>\n<p>&nbsp;<\/p>\n<p>Creation: 1998<\/p>\n<p>Director: Mr BOUDISSA Nourddine<\/p>\n<p>Headquarters: Small road Staoueli. NIPA- Delly Brahim, Algiers<\/p>\n<p>Contacts: Tel. 023 36 75 17 \/ Fax 023 36 75 26<\/p>\n<p>Website: https:\/\/www.cnt.dz\/<\/p>\n<p>Convention object:<\/p>\n<p>Duration of the agreement:<\/p>\n<p>&nbsp;<\/p>\n<p>&nbsp;<\/p>\n<p><strong>National and Foreign Groups<\/strong><\/p>\n<p>&nbsp;<\/p>\n<p><strong>NAFTAL spa<\/strong><\/p>\n<p>&nbsp;<\/p>\n<p>Creation: 1981<\/p>\n<p>Director: Mr. RIZOU Hocine<\/p>\n<p>Headquarters: Route des Dunes, Ch\u00e9raga BP 73, Algiers<\/p>\n<p>Contacts: Tel. +213 21 38 13 13 Fax. +213 21 38 19 19<\/p>\n<p>Website: https:\/\/www.naftal.dz\/en\/<\/p>\n<p>Purpose of the partnership:<\/p>\n<p>Duration of the agreement:<\/p>\n<p>&nbsp;<\/p>\n<p>&nbsp;<\/p>\n<p>&nbsp;<\/p>\n<p>&nbsp;<\/p>\n<p><strong>SONELGAZ spa<\/strong><\/p>\n<p>Creation: 1969<\/p>\n<p>Director: Mr BOUTARFA Noureddine<\/p>\n<p>Registered office: 02, Boulevard Krim Belkacem &#8211; Algiers -Algeria<\/p>\n<p>Contacts: Tel. +213 21 72 31 00 Fax. +213 21 72 26 90<\/p>\n<p>Website: https:\/\/www.sonelgaz.dz\/<\/p>\n<p>Convention object:<\/p>\n<p>Duration of the agreement:<\/p>\n<p>&nbsp;<\/p>\n<p><strong>Industrial Group of Cements of Algeria<\/strong><\/p>\n<p>&nbsp;<\/p>\n<p>Creation: 2009<\/p>\n<p>Director: Mr GUESSOUM Rabah<\/p>\n<p>Headquarters: Dar El Beida Road &#8211; Meftah, Blida; Algeria<\/p>\n<p>Contacts: Tel. +213 025 45 61 98\/025 45 62 61 \/ Fax. +213 025 45 63 28\/025 45 62 61<\/p>\n<p>Website: https:\/\/www.gica.dz\/<\/p>\n<p>Convention object:<\/p>\n<p>Duration of the agreement<\/p>\n<p><strong>\u00a0 SIEMENS SPA<\/strong><\/p>\n<p>Creation: 1933<\/p>\n<p>Director:<\/p>\n<p>Headquarters: Lot El Kadous, lot n \u00b0 10, Moutchatchou &#8211; Hydra site 16035, Hydra &#8211; Algiers<\/p>\n<p>Contacts: Tel. + 213 021 94 63 00 to 06 Fax. + 213 021 94 63 37<\/p>\n<p>Website: https:\/\/www.siemens.dz\/en\/siemens-in-algerie\/index.htm<\/p>\n<p>https:\/\/www.siemens.dz\/<\/p>\n<p>Convention object:<\/p>\n<p>Duration of the agreement:<\/p>\n<p><strong>Public Agencies<\/strong><\/p>\n<p>&nbsp;<\/p>\n<p><strong>Municipal People&#8217;s Assembly of BABA -ASSEN<\/strong><\/p>\n<p>Creation:<\/p>\n<p>President: Mr. KHOUDJA Hamid<\/p>\n<p>Headquarters: Rue Nache Mohamed, Baba Hassen, Algiers, Algeria<\/p>\n<p>Contacts: Tel. +213 023 35 11 43 Fax. +213 23 35 11 43<\/p>\n<p>Website: \/<\/p>\n<p>Purpose of the Convention: Framework Convention Cooperation<\/p>\n<p>Duration of the agreement: 2010\/2013<\/p>\n<p>&nbsp;<\/p>\n<p><strong>Djillali Bouna\u00e2ma Hospital of\u00a0 Douera<\/strong><\/p>\n<p>Creation: 1923<\/p>\n<p>Director:<\/p>\n<p>Headquarters: Rue des Freres Halim, Douera, 16000, Algiers, Algeria.<\/p>\n<p>Contacts: Tel. +213 021 41 76 77 Fax. +213 021 41 62 25<\/p>\n<p>Website:<\/p>\n<p>Purpose of the partnership:<\/p>\n<p>Duration of the agreement:[\/vc_column_text][\/vc_column][\/vc_row]<\/p>\n","protected":false},"excerpt":{"rendered":"<p>[vc_row][vc_column][vc_column_text]Partners of CDTA &nbsp; universities Abderrahmane MIRA University of Bejaia Rector: Pr SAIDANI B. Headquarters: Campus Aboudaou Road Tichy RN9 &#8211; Bejaia Contacts: Tel. 00213 34 81 68 20 Fax. 00213 34 81 68 20 Website: https:\/\/www.univ-bejaia.dz\/ Purpose of the convention: Cooperation agreement Duration of the agreement: 03 \/ 2009-02 \/ 2012 &nbsp; &nbsp; &nbsp; [&hellip;]<\/p>\n","protected":false},"author":46,"featured_media":6684,"parent":6348,"menu_order":0,"comment_status":"closed","ping_status":"closed","template":"","meta":{"footnotes":""},"class_list":["post-6345","page","type-page","status-publish","has-post-thumbnail","hentry"],"_links":{"self":[{"href":"https:\/\/www.cdta.dz\/en\/wp-json\/wp\/v2\/pages\/6345\/"}],"collection":[{"href":"https:\/\/www.cdta.dz\/en\/wp-json\/wp\/v2\/pages\/"}],"about":[{"href":"https:\/\/www.cdta.dz\/en\/wp-json\/wp\/v2\/types\/page\/"}],"author":[{"embeddable":true,"href":"https:\/\/www.cdta.dz\/en\/wp-json\/wp\/v2\/users\/46\/"}],"replies":[{"embeddable":true,"href":"https:\/\/www.cdta.dz\/en\/wp-json\/wp\/v2\/comments\/?post=6345"}],"version-history":[{"count":1,"href":"https:\/\/www.cdta.dz\/en\/wp-json\/wp\/v2\/pages\/6345\/revisions\/"}],"predecessor-version":[{"id":13471,"href":"https:\/\/www.cdta.dz\/en\/wp-json\/wp\/v2\/pages\/6345\/revisions\/13471\/"}],"up":[{"embeddable":true,"href":"https:\/\/www.cdta.dz\/en\/wp-json\/wp\/v2\/pages\/6348\/"}],"wp:featuredmedia":[{"embeddable":true,"href":"https:\/\/www.cdta.dz\/en\/wp-json\/wp\/v2\/media\/6684\/"}],"wp:attachment":[{"href":"https:\/\/www.cdta.dz\/en\/wp-json\/wp\/v2\/media\/?parent=6345"}],"curies":[{"name":"wp","href":"https:\/\/api.w.org\/{rel}","templated":true}]}}