{"id":8067,"date":"2019-09-24T10:21:52","date_gmt":"2019-09-24T10:21:52","guid":{"rendered":"http:\/\/10.1.5.53\/?page_id=8067"},"modified":"2019-12-24T13:35:35","modified_gmt":"2019-12-24T13:35:35","slug":"team-radio-frequencies-and-antennas","status":"publish","type":"page","link":"https:\/\/www.cdta.dz\/en\/research-and-technology\/divisions\/telecom-division\/team-radio-frequencies-and-antennas\/","title":{"rendered":"Team: Radio frequencies and antennas"},"content":{"rendered":"<p>[vc_row][vc_column][vc_column_text]<\/p>\n<h1>Team: Radio frequencies and antennas<\/h1>\n<p style=\"text-align: right\"><img loading=\"lazy\" decoding=\"async\" class=\" wp-image-8994 aligncenter\" src=\"https:\/\/www.cdta.dz\/wp-content\/uploads\/2019\/10\/logo-equipe-300x134.jpg\" alt=\"\" width=\"137\" height=\"61\" srcset=\"https:\/\/www.cdta.dz\/wp-content\/uploads\/2019\/10\/logo-equipe-300x134.jpg 300w, https:\/\/www.cdta.dz\/wp-content\/uploads\/2019\/10\/logo-equipe-768x342.jpg 768w, https:\/\/www.cdta.dz\/wp-content\/uploads\/2019\/10\/logo-equipe.jpg 1082w\" sizes=\"auto, (max-width: 137px) 100vw, 137px\" \/><\/p>\n<p style=\"text-align: right\">Team leader: MANSOUL Ali<\/p>\n<h2><strong>Team Overview<\/strong><\/h2>\n<p>The Radio Frequencies and Antennas team is part of the Telecommunications division. It is specialized in the study of telecommunication systems and in the design and characterization of RF devices.<\/p>\n<h2><strong>Research Themes<\/strong><\/h2>\n<ul>\n<li>E-health<\/li>\n<li>Digital:<\/li>\n<li>Smart X<\/li>\n<li>Security<\/li>\n<li>Reconfigurable adaptive and cognitive systems<\/li>\n<li>Knowledge and training<\/li>\n<\/ul>\n<h2><strong>Expertise<\/strong><\/h2>\n<ul>\n<li>Digital signal processing<\/li>\n<li>Design and characterization of RF devices<\/li>\n<li>Electromagnetic modeling<\/li>\n<li>Design of multistandard miniature antennas, reconfigurable antennas and multi-antenna systems<\/li>\n<\/ul>\n<h2><strong>Topic of Impact<\/strong><\/h2>\n<ul>\n<li>Telecommunications<\/li>\n<\/ul>\n<h2><strong>Research projects<\/strong><\/h2>\n<h3>Socio-economic project<\/h3>\n<p>As part of these research activities the team is currently working on a project with socio-economic impact in the title is : \u201cDesign and Development of Devices for Vehicle Speed Measurement and Control\u201d. The goal behind this project is to develop prototypes for speed measurement and control at lower cost for national needs.<\/p>\n<h3>FNR research project<\/h3>\n<p>As part of FNR research projects, the team is currently working on a project in the title is: \u201cDesign and Development of Solutions to Improve Performance of Modern Communication Systems\u201d. The main objective of this research program is to propose original solutions (software or hardware) to improve the performance of communication systems in terms of data rate and security<\/p>\n<h2><strong>Colaboration<\/strong><\/h2>\n<ul>\n<li>Universit\u00e9 du Qu\u00e9bec en Abitibi-T\u00e9miscamingue (UQAT), Canada.<\/li>\n<li>Institut National de la Recherche scientifique (INRS), Canada.<\/li>\n<li>University of Technology, Malaysia (UTM).<\/li>\n<li>Universit\u00e9 Polytechnique de haut de France (UPHR), Valenciennes \u2013 France.<\/li>\n<\/ul>\n<h2><strong>Ongoing PhD Thesis<\/strong><\/h2>\n<p>Mokhtari Mokhtar, \u00ab Study and design of a printed antenna model: application to medical imaging \u00bb USTHB, Algiers, Algeria.[\/vc_column_text][\/vc_column][\/vc_row]<\/p>\n","protected":false},"excerpt":{"rendered":"<p>[vc_row][vc_column][vc_column_text] Team: Radio frequencies and antennas Team leader: MANSOUL Ali Team Overview The Radio Frequencies and Antennas team is part of the Telecommunications division. It is specialized in the study of telecommunication systems and in the design and characterization of RF devices. Research Themes E-health Digital: Smart X Security Reconfigurable adaptive and cognitive systems Knowledge [&hellip;]<\/p>\n","protected":false},"author":46,"featured_media":6015,"parent":6355,"menu_order":1,"comment_status":"closed","ping_status":"closed","template":"division-page.php","meta":{"footnotes":""},"class_list":["post-8067","page","type-page","status-publish","has-post-thumbnail","hentry"],"_links":{"self":[{"href":"https:\/\/www.cdta.dz\/en\/wp-json\/wp\/v2\/pages\/8067\/"}],"collection":[{"href":"https:\/\/www.cdta.dz\/en\/wp-json\/wp\/v2\/pages\/"}],"about":[{"href":"https:\/\/www.cdta.dz\/en\/wp-json\/wp\/v2\/types\/page\/"}],"author":[{"embeddable":true,"href":"https:\/\/www.cdta.dz\/en\/wp-json\/wp\/v2\/users\/46\/"}],"replies":[{"embeddable":true,"href":"https:\/\/www.cdta.dz\/en\/wp-json\/wp\/v2\/comments\/?post=8067"}],"version-history":[{"count":2,"href":"https:\/\/www.cdta.dz\/en\/wp-json\/wp\/v2\/pages\/8067\/revisions\/"}],"predecessor-version":[{"id":13653,"href":"https:\/\/www.cdta.dz\/en\/wp-json\/wp\/v2\/pages\/8067\/revisions\/13653\/"}],"up":[{"embeddable":true,"href":"https:\/\/www.cdta.dz\/en\/wp-json\/wp\/v2\/pages\/6355\/"}],"wp:featuredmedia":[{"embeddable":true,"href":"https:\/\/www.cdta.dz\/en\/wp-json\/wp\/v2\/media\/6015\/"}],"wp:attachment":[{"href":"https:\/\/www.cdta.dz\/en\/wp-json\/wp\/v2\/media\/?parent=8067"}],"curies":[{"name":"wp","href":"https:\/\/api.w.org\/{rel}","templated":true}]}}