{"id":8137,"date":"2019-09-24T09:37:41","date_gmt":"2019-09-24T09:37:41","guid":{"rendered":"http:\/\/10.1.5.53\/?page_id=8137"},"modified":"2022-06-27T08:36:33","modified_gmt":"2022-06-27T08:36:33","slug":"navigation-and-control-of-autonomous-mobile-robots-ncrm","status":"publish","type":"page","link":"https:\/\/www.cdta.dz\/en\/research-and-technology\/divisions\/robotics-and-industrial-automation\/productive-and-robotics-teams\/navigation-and-control-of-autonomous-mobile-robots-ncrm\/","title":{"rendered":"Navigation and Control of Autonomous Mobile Robots &#8220;NCRM&#8221;"},"content":{"rendered":"<p><img loading=\"lazy\" decoding=\"async\" class=\"size-full wp-image-8176 aligncenter\" src=\"https:\/\/www.cdta.dz\/wp-content\/uploads\/2019\/09\/Logo-NCRM.png\" alt=\"\" width=\"202\" height=\"115\" srcset=\"https:\/\/www.cdta.dz\/wp-content\/uploads\/2019\/09\/Logo-NCRM.png 202w, https:\/\/www.cdta.dz\/wp-content\/uploads\/2019\/09\/Logo-NCRM-200x115.png 200w\" sizes=\"auto, (max-width: 202px) 100vw, 202px\" \/><\/p>\n<p>&nbsp;<\/p>\n<p>[vc_row][vc_column][vc_column_text el_class=&#8221;text-justify&#8221;]<\/p>\n<p>The main objective of the NCRM team is to develop functionalities to equip mobile robots with perception, information processing, decision-making and action capabilities that will enable them to operate without human intervention in various environments. These can range from domestic spaces (robotic wheelchair, vacuum cleaner, lawnmower, etc.) to public and workspaces (cyber-cars, surveillance robots, museum guide robots, cleaning robots, demining robots, smart car, etc.). We are then interested in the navigation and control aspects that will make these systems tend towards an autonomous and risk-free operation in imperfect environments by controlling the interaction between the robot and its environment.<\/p>\n<p>The main team thematic are:<\/p>\n<p>Navigation, localization, planning, human-robot interaction, perception.<\/p>\n<p>&nbsp;<\/p>\n<p><strong><u>Projects:<\/u><\/strong><\/p>\n<p>&nbsp;<\/p>\n<p>&#8211; <strong>FNR:<\/strong> NAvigation of Electric Vehicles platforms: towards Intelligent Transport (NAVETI)<\/p>\n<p>&nbsp;<\/p>\n<p>&#8211; <strong>Socio-economic:<\/strong><\/p>\n<p><strong>Project 1:<\/strong> Semi-Autonomous Wheelchair (FAURSA)<\/p>\n<p><strong>Project 2:<\/strong> Surveillance robot in indoor environment (ROSMI)<\/p>\n<p><u>Equipment:<\/u><\/p>\n<p>Car-like mobile robots (Robucar, Cycab, Robucabs), robot guide B21r, robotic wheelchair.<\/p>\n<p>&nbsp;<\/p>\n<p><strong><u>Valuation<\/u>:<\/strong><\/p>\n<p>We quote some of the most recent articles:<\/p>\n<ol>\n<li>BRAHIMI, O. AZOUAOUI et M. LOUDINI, \u201cIntelligent mobile robot navigation using a neuro-fuzzy approach\u201d, International Journal on Computer Aided Engineering and Technology (IJCAET), in Press.<\/li>\n<li>Abdellah Khelloufi, Nouara Achour, Robin Passama, Andrea Cherubini, &#8220;Sensor-based Navigation of Omnidirectional Wheeled Robots Dealing with both Collisions and Occlusions&#8221; Robotica, 2019.<\/li>\n<li>Andrea Cherubini, Robin Passama, Benjamin Navarro, Mohamed Sorour, Abdellah Khelloufi, Osama Mazhar, Sonny Tarbouriech, Jihong Zhu, Olivier Tempier, Andr\u00e9 Crosnier, Philippe Fraisse, Sofiane Ramdani, &#8220;A collaborative robot for the factory of the future: BAZAR&#8221;,\u00a0 International Journal of Advanced Manufacturing Technology, pp. 1-17, 2019.<\/li>\n<li>Mohamed Sorour, Andrea Cherubini, Abdellah Khelloufi, Robin Passama, Philippe Fraisse, &#8220;Complementary-route based ICR control for steerable wheeled mobile robots&#8221;, Robotics and Autonomous Systems, Volume 118, pp. 131-143, 2019.<\/li>\n<li>REBAI, O. AZOUAOUI et Y. DJEBBARA, \u201ctraffic signs recognition with deep learning\u201d, International Conference on Applied Smart Systems ICASS2018, 24-25 novembre 2018, universit\u00e9 de M\u00e9d\u00e9a, Alg\u00e9rie.<\/li>\n<li>Abdellah Khelloufi,Nouara Achour, Robin Passama, Andrea Cherubini, \u201cTentacle-based moving obstacle avoidance for omnidirectional robots with visibility constraints,\u201d IEEE\/RSJ International Conference on Intelligent Robots and Systems, IROS, Vancouver, BC, Canada (2017) pp. 1331\u20131336.<strong> Top level <\/strong><\/li>\n<\/ol>\n<ol>\n<li>S. BOURAINE, Th. FRAICHARD et O. AZOUAOUI, \u201c New Path Planning Approach for Mobile Robots in Dynamic Environments\u201d, El MIR\u2019AT sciences, ISSN 2170-1555, 2016.<\/li>\n<\/ol>\n<ol start=\"8\">\n<li>BRAHIMI, R. TIAR, O. AZOUAOUI, M. LAKROUF et M. LOUDINI, &#8221; Car-Like Mobile Robot Navigation in Unknown urban Areas &#8220;, ITSC 2016 &#8220;IEEE International Conference on Intelligent Transportation Systems &#8220;, Rio de Janero, Br\u00e9zil, 02-04 Novembre 2016. top level<\/li>\n<\/ol>\n<ol>\n<li>S. BRAHIMI, R. TIAR, O. AZOUAOUI, M. LAKROUF et M. LOUDINI, <em>\u201c Car-Like Mobile Robot Navigation in Unknown urban Areas \u201d<\/em>,\u00a0ITSC 2016\u00a0\u201cIEEE International Conference on Intelligent Transportation Systems\u00a0\u201d, \u00a0Rio de Janero, Br\u00e9zil, 02-04 Novembre 2016. <strong>top level<\/strong><\/li>\n<\/ol>\n<ol start=\"10\">\n<li>BOURAINE, Th. FRAICHARD et O. AZOUAOUI, <em>\u201c <\/em><em>Real-time Safe Path Planning for Robot Navigation in Unknown Dynamic Environments<\/em><em>\u201d<\/em>, CSA 2016, The second edition of the Computing Systems and Applications, EMP, Algeria, December 13-14, 2016.<\/li>\n<\/ol>\n<ol>\n<li>K. MESSAOUDENE et O. AZOUAOUI, <em>\u201cPersonalized Dynamic Model for a Car-like Vehicle \u201cRobucar\u201d Used in Localization\u201d<\/em>,\u00a0IEEE SMC 2015 \u00a0\u201c\u00a0IEEE International Conference on Systems, Man, and Cybernetics\u201d, Hong-Kong, 09 au 12 Octobre 2015.<\/li>\n<li>R. TIAR, M. LAKROUF et O. AZOUAOUI, <em>\u201cFast ICP-SLAM for a Bi-Steerable Mobile Robot in Large Environments\u201d<\/em>, ICAR2015\u00a0 \u201cInternational Conference on Advanced Robotics\u201d , Istanbul, Turkey, ID N\u00b0 152. du 27-31 Juillet 2015.<\/li>\n<li><a href=\"#Tazir, Mohamed Lamine\">M.L. Tazir, <\/a><a href=\"#Azouaoui, Ouahiba\">O. Azouaoui, <\/a><a href=\"#Hazerchi, Mohamed\">M. Hazerchi, et<\/a> <a href=\"#Brahimi, Mohamed\">M. Brahimi<\/a>, <em>\u201c<\/em><em>Mobile Robot Path Planning for Complex Dynamic Environments<\/em><em>\u201d<\/em>, ICAR2015<strong>\u00a0 <\/strong>\u201cInternational Conference on Advanced Robotics\u201d, Istanbul, Turkey, ID N\u00b0 152. du 27-31 Juillet 2015.<\/li>\n<\/ol>\n<ol start=\"14\">\n<li>Durand-Petiteville, V. Cadenat and N. Ouadah. \u201cA COMPLETE SENSOR-BASED SYSTEM TO NAVIGATE THROUGH A CLUTTERED ENVIRONMENT<strong>\u201d, <\/strong>IFAC, <em>ICINCO\u201915<\/em>, 21-23\/07\/2015<strong>.<\/strong><\/li>\n<li>Khelloufi, N. Ouadah, A.O. Djekoune, et N. Achour, <em>&#8220;Image-based path following for nonholonomic mobile robot&#8221;<\/em>, CEIT 2015, the 3rd International Conference on Control, Engineering &amp; Information Technology, Tlemcen, Algeria, May 25-27, 2015.<\/li>\n<li>Brahimi, O. Azouaoui, M. Loudini, &#8220;<em>Neuro-Fuzzy navigation for a car-like robot in unknown environment&#8221;<\/em>, ICATS 2015, International Conference on Automatic control, Telecommunication and Signals, Annaba, Algeria, November 16-18, 2015.<\/li>\n<\/ol>\n<ol>\n<li>CHAYEB, N. OUADAH, Z. TOBAL, M. LAKROUF et O. AZOUAOUI, \u201c<em>HOG Based Multi-object Detection for Urban Navigation<\/em>\u201d, ITSC 2014<strong>\u00a0 <\/strong>\u201cIEEE International Conference on Intelligent Transportation Systems\u201d, Qingdao, Chine, du 8 au 11 Octobre 2014. <strong>top level<\/strong><\/li>\n<li>S. BOURAINE, Th. FRAICHARD, O. AZOUAOUI et SALHI, \u201c<em>Passively Safe Partial Motion Planning for Mobile Robots with Limited Field-of-Views in Unknown Dynamic Environments<\/em>\u201d, ICRA 2014 <em>\u201cIEEE International Conference on Robotics and Automation\u201d<\/em>, Hong Kong, Mai 31-Juin 6, 2014. <strong>top level<\/strong><\/li>\n<li>K. REBAI, O. AZOUAOUI et N. ACHOUR, \u201c<em>HS Combined Histogram for Visual Memory Building and Scene Recognition in Outdoor Environments<\/em>\u201d, Workshop <em>Visual Place Recognition in Changing Environments<\/em> dans ICRA 2014, Hong Kong, Mai 31-Juin 6, 2014. <strong>top level<\/strong><\/li>\n<li>K. REBAI, N. ACHOUR et O. AZOUAOUI, \u201cRoad intersection detection and classification using hierarchical SVM classifier\u201d, Advanced Robotics, 28:14, 929-941, (2014), DOI: 10.1080\/01691864.2014.902327. <strong>Rang A<\/strong><\/li>\n<\/ol>\n<p>&nbsp;<\/p>\n<p><strong><u>Collaboration\u00a0:<\/u><\/strong><\/p>\n<p><strong>National collaboration\u00a0:<\/strong> USTHB, ENST, ESI, U. BLIDA, ENP, U. Boumerdes.<\/p>\n<p><strong>International collaboration\u00a0: <\/strong><\/p>\n<ul>\n<li>Institut PASCAL, Cl\u00e9rmont-Ferrand (FR).<\/li>\n<li>The Montpellier Laboratory of Computer Science, Robotics, and Microelectronics, LIRMM (FR).<\/li>\n<li>The Laboratory GREYC, Caen (FR).<\/li>\n<\/ul>\n<p>&nbsp;<\/p>\n<p style=\"text-align: right;\"><strong>Team leader<\/strong><\/p>\n<p style=\"text-align: right;\"><strong>\u00a0Dr. Bouraine Sara, Research associate A<\/strong><\/p>\n<p style=\"text-align: right;\">[\/vc_column_text][\/vc_column][\/vc_row]<\/p>\n","protected":false},"excerpt":{"rendered":"<p>&nbsp; [vc_row][vc_column][vc_column_text el_class=&#8221;text-justify&#8221;] The main objective of the NCRM team is to develop functionalities to equip mobile robots with perception, information processing, decision-making and action capabilities that will enable them to operate without human intervention in various environments. These can range from domestic spaces (robotic wheelchair, vacuum cleaner, lawnmower, etc.) to public and workspaces (cyber-cars, [&hellip;]<\/p>\n","protected":false},"author":46,"featured_media":6015,"parent":8282,"menu_order":0,"comment_status":"closed","ping_status":"closed","template":"division-page.php","meta":{"footnotes":""},"class_list":["post-8137","page","type-page","status-publish","has-post-thumbnail","hentry"],"_links":{"self":[{"href":"https:\/\/www.cdta.dz\/en\/wp-json\/wp\/v2\/pages\/8137\/"}],"collection":[{"href":"https:\/\/www.cdta.dz\/en\/wp-json\/wp\/v2\/pages\/"}],"about":[{"href":"https:\/\/www.cdta.dz\/en\/wp-json\/wp\/v2\/types\/page\/"}],"author":[{"embeddable":true,"href":"https:\/\/www.cdta.dz\/en\/wp-json\/wp\/v2\/users\/46\/"}],"replies":[{"embeddable":true,"href":"https:\/\/www.cdta.dz\/en\/wp-json\/wp\/v2\/comments\/?post=8137"}],"version-history":[{"count":4,"href":"https:\/\/www.cdta.dz\/en\/wp-json\/wp\/v2\/pages\/8137\/revisions\/"}],"predecessor-version":[{"id":135427,"href":"https:\/\/www.cdta.dz\/en\/wp-json\/wp\/v2\/pages\/8137\/revisions\/135427\/"}],"up":[{"embeddable":true,"href":"https:\/\/www.cdta.dz\/en\/wp-json\/wp\/v2\/pages\/8282\/"}],"wp:featuredmedia":[{"embeddable":true,"href":"https:\/\/www.cdta.dz\/en\/wp-json\/wp\/v2\/media\/6015\/"}],"wp:attachment":[{"href":"https:\/\/www.cdta.dz\/en\/wp-json\/wp\/v2\/media\/?parent=8137"}],"curies":[{"name":"wp","href":"https:\/\/api.w.org\/{rel}","templated":true}]}}