{"id":10514,"date":"2019-10-21T10:10:48","date_gmt":"2019-10-21T10:10:48","guid":{"rendered":"http:\/\/10.1.5.53\/?page_id=10514"},"modified":"2019-11-07T15:43:42","modified_gmt":"2019-11-07T15:43:42","slug":"offres-de-formations","status":"publish","type":"page","link":"https:\/\/www.cdta.dz\/fr\/recherche-et-technologie\/plateformes-technologiques\/plateforme-de-prototypage\/offres-de-formations\/","title":{"rendered":"Offres de formations"},"content":{"rendered":"<p>[vc_row][vc_column][vc_column_text css_animation=\u00a0\u00bbrollIn\u00a0\u00bb css=\u00a0\u00bb.vc_custom_1571653596716{border-radius: 3px !important;}\u00a0\u00bb]<\/p>\n<h1 style=\"text-align: center;\"><em><span style=\"color: #46a8e0;\"><strong>Offres de formations<\/strong><\/span><\/em><\/h1>\n<p>&nbsp;<\/p>\n<p>[\/vc_column_text][\/vc_column][\/vc_row][vc_row][vc_column][vc_single_image image=\u00a0\u00bb10517&Prime; img_size=\u00a0\u00bblarge\u00a0\u00bb alignment=\u00a0\u00bbcenter\u00a0\u00bb style=\u00a0\u00bbvc_box_shadow_3d\u00a0\u00bb][\/vc_column][\/vc_row][vc_row][vc_column css_animation=\u00a0\u00bbbounceIn\u00a0\u00bb][vc_column_text css=\u00a0\u00bb.vc_custom_1572772270826{border-top-width: 8px !important;border-right-width: 2px !important;border-bottom-width: 8px !important;border-left-width: 8px !important;background-color: #eaeaea !important;background-position: center !important;background-repeat: no-repeat !important;background-size: contain !important;border-left-style: double !important;border-right-style: double !important;border-top-style: double !important;border-bottom-style: double !important;border-radius: 2px !important;}\u00a0\u00bb]<\/p>\n<h3><\/h3>\n<h3><\/h3>\n<ul>\n<li>\n<h3><span style=\"color: #0000ff;\"><strong>1-Maitrise des Techniques de Fabrication M\u00e9canique<\/strong><\/span><\/h3>\n<\/li>\n<\/ul>\n<h3><\/h3>\n<ul>\n<li>\n<h3><span style=\"color: #0000ff;\"><strong>2-Initiation \u00e0 la Commande Num\u00e9rique des Machines<\/strong><\/span><\/h3>\n<\/li>\n<\/ul>\n<h3><\/h3>\n<ul>\n<li>\n<h3><span style=\"color: #0000ff;\"><strong>3-Maitrise de la M\u00e9trologie 2D, 3D (MMT)<\/strong><\/span><\/h3>\n<\/li>\n<\/ul>\n<h3><\/h3>\n<ul>\n<li>\n<h3><span style=\"color: #0000ff;\"><strong>4-Maitrise de la M\u00e9trologies Tridimentionelle<\/strong><\/span><\/h3>\n<\/li>\n<\/ul>\n<h3><\/h3>\n<ul>\n<li>\n<h3><span style=\"color: #0000ff;\"><strong>5-Scaning et R\u00e9tro Conception 3D<\/strong><\/span><\/h3>\n<\/li>\n<\/ul>\n<h3><\/h3>\n<ul>\n<li>\n<h3><span style=\"color: #0000ff;\"><strong>6-Fabrication Additive<\/strong><\/span><\/h3>\n<\/li>\n<\/ul>\n<p>[\/vc_column_text][\/vc_column][\/vc_row]<\/p>\n","protected":false},"excerpt":{"rendered":"<p>[vc_row][vc_column][vc_column_text css_animation=\u00a0\u00bbrollIn\u00a0\u00bb css=\u00a0\u00bb.vc_custom_1571653596716{border-radius: 3px !important;}\u00a0\u00bb] Offres de formations &nbsp; [\/vc_column_text][\/vc_column][\/vc_row][vc_row][vc_column][vc_single_image image=\u00a0\u00bb10517&Prime; img_size=\u00a0\u00bblarge\u00a0\u00bb alignment=\u00a0\u00bbcenter\u00a0\u00bb style=\u00a0\u00bbvc_box_shadow_3d\u00a0\u00bb][\/vc_column][\/vc_row][vc_row][vc_column css_animation=\u00a0\u00bbbounceIn\u00a0\u00bb][vc_column_text css=\u00a0\u00bb.vc_custom_1572772270826{border-top-width: 8px !important;border-right-width: 2px !important;border-bottom-width: 8px !important;border-left-width: 8px !important;background-color: #eaeaea !important;background-position: center !important;background-repeat: no-repeat !important;background-size: contain !important;border-left-style: double !important;border-right-style: double !important;border-top-style: double !important;border-bottom-style: double !important;border-radius: 2px !important;}\u00a0\u00bb] 1-Maitrise des Techniques de Fabrication M\u00e9canique 2-Initiation \u00e0 la Commande Num\u00e9rique des Machines [&hellip;]<\/p>\n","protected":false},"author":46,"featured_media":2185,"parent":5546,"menu_order":0,"comment_status":"closed","ping_status":"closed","template":"division-page.php","meta":{"footnotes":""},"class_list":["post-10514","page","type-page","status-publish","has-post-thumbnail","hentry"],"_links":{"self":[{"href":"https:\/\/www.cdta.dz\/fr\/wp-json\/wp\/v2\/pages\/10514\/"}],"collection":[{"href":"https:\/\/www.cdta.dz\/fr\/wp-json\/wp\/v2\/pages\/"}],"about":[{"href":"https:\/\/www.cdta.dz\/fr\/wp-json\/wp\/v2\/types\/page\/"}],"author":[{"embeddable":true,"href":"https:\/\/www.cdta.dz\/fr\/wp-json\/wp\/v2\/users\/46\/"}],"replies":[{"embeddable":true,"href":"https:\/\/www.cdta.dz\/fr\/wp-json\/wp\/v2\/comments\/?post=10514"}],"version-history":[{"count":0,"href":"https:\/\/www.cdta.dz\/fr\/wp-json\/wp\/v2\/pages\/10514\/revisions\/"}],"up":[{"embeddable":true,"href":"https:\/\/www.cdta.dz\/fr\/wp-json\/wp\/v2\/pages\/5546\/"}],"wp:featuredmedia":[{"embeddable":true,"href":"https:\/\/www.cdta.dz\/fr\/wp-json\/wp\/v2\/media\/2185\/"}],"wp:attachment":[{"href":"https:\/\/www.cdta.dz\/fr\/wp-json\/wp\/v2\/media\/?parent=10514"}],"curies":[{"name":"wp","href":"https:\/\/api.w.org\/{rel}","templated":true}]}}