{"id":11239,"date":"2019-10-28T14:31:01","date_gmt":"2019-10-28T14:31:01","guid":{"rendered":"http:\/\/10.1.5.53\/?page_id=11239"},"modified":"2019-11-04T13:37:42","modified_gmt":"2019-11-04T13:37:42","slug":"propositions-de-stage-these-master-doctorat-division-mil","status":"publish","type":"page","link":"https:\/\/www.cdta.dz\/fr\/recherche-et-technologie\/divisions\/division-milieux-ionises-et-lasers\/propositions-de-stage-these-master-doctorat-division-mil\/","title":{"rendered":"Propositions de Stage, th\u00e8se Master, Doctorat Division MIL"},"content":{"rendered":"<p>Vous trouverez ici toutes les propositions de stage , th\u00e8se de Master I, Master II, de Doctorat relatives aux axes de recherche de la division des Milieux Ionis\u00e9s &amp; Lasers<\/p>\n","protected":false},"excerpt":{"rendered":"<p>Vous trouverez ici toutes les propositions de stage , th\u00e8se de Master I, Master II, de Doctorat relatives aux axes de recherche de la division des Milieux Ionis\u00e9s &amp; Lasers<\/p>\n","protected":false},"author":46,"featured_media":8938,"parent":5469,"menu_order":0,"comment_status":"closed","ping_status":"closed","template":"division-page.php","meta":{"footnotes":""},"class_list":["post-11239","page","type-page","status-publish","has-post-thumbnail","hentry"],"_links":{"self":[{"href":"https:\/\/www.cdta.dz\/fr\/wp-json\/wp\/v2\/pages\/11239\/"}],"collection":[{"href":"https:\/\/www.cdta.dz\/fr\/wp-json\/wp\/v2\/pages\/"}],"about":[{"href":"https:\/\/www.cdta.dz\/fr\/wp-json\/wp\/v2\/types\/page\/"}],"author":[{"embeddable":true,"href":"https:\/\/www.cdta.dz\/fr\/wp-json\/wp\/v2\/users\/46\/"}],"replies":[{"embeddable":true,"href":"https:\/\/www.cdta.dz\/fr\/wp-json\/wp\/v2\/comments\/?post=11239"}],"version-history":[{"count":0,"href":"https:\/\/www.cdta.dz\/fr\/wp-json\/wp\/v2\/pages\/11239\/revisions\/"}],"up":[{"embeddable":true,"href":"https:\/\/www.cdta.dz\/fr\/wp-json\/wp\/v2\/pages\/5469\/"}],"wp:featuredmedia":[{"embeddable":true,"href":"https:\/\/www.cdta.dz\/fr\/wp-json\/wp\/v2\/media\/8938\/"}],"wp:attachment":[{"href":"https:\/\/www.cdta.dz\/fr\/wp-json\/wp\/v2\/media\/?parent=11239"}],"curies":[{"name":"wp","href":"https:\/\/api.w.org\/{rel}","templated":true}]}}