{"id":11280,"date":"2019-10-28T17:37:30","date_gmt":"2019-10-28T17:37:30","guid":{"rendered":"http:\/\/10.1.5.53\/?page_id=11280"},"modified":"2019-11-25T21:06:18","modified_gmt":"2019-11-25T21:06:18","slug":"plateforme-de-microsysteme-electromecanique","status":"publish","type":"page","link":"https:\/\/www.cdta.dz\/fr\/recherche-et-technologie\/plateformes-technologiques\/plateforme-de-microsysteme-electromecanique\/","title":{"rendered":"Plateforme de Microsyst\u00e8me Electrom\u00e9canique"},"content":{"rendered":"<p>[vc_row][vc_column][vc_custom_heading text=\u00a0\u00bbPlateforme de Microsyst\u00e8me Electrom\u00e9canique\u00a0\u00bb font_container=\u00a0\u00bbtag:h2|text_align:center|color:%233366ff\u00a0\u00bb use_theme_fonts=\u00a0\u00bbyes\u00a0\u00bb css_animation=\u00a0\u00bbfadeIn\u00a0\u00bb][vc_column_text css_animation=\u00a0\u00bbslideInUp\u00a0\u00bb css=\u00a0\u00bb.vc_custom_1574715968002{margin-bottom: 25px !important;}\u00a0\u00bb]<\/p>\n<div style=\"width: 718px;\" class=\"wp-video\"><!--[if lt IE 9]><script>document.createElement('video');<\/script><![endif]-->\n<video class=\"wp-video-shortcode\" id=\"video-11280-1\" width=\"718\" height=\"404\" poster=\"https:\/\/www.cdta.dz\/wp-content\/uploads\/2019\/10\/slide-8.jpg\" preload=\"metadata\" controls=\"controls\"><source type=\"video\/mp4\" src=\"https:\/\/www.cdta.dz\/wp-content\/uploads\/2019\/11\/plateforme-mems.mp4?_=1\" \/><a href=\"https:\/\/www.cdta.dz\/wp-content\/uploads\/2019\/11\/plateforme-mems.mp4\">https:\/\/www.cdta.dz\/wp-content\/uploads\/2019\/11\/plateforme-mems.mp4<\/a><\/video><\/div>\n<p>[\/vc_column_text][vc_column_text css_animation=\u00a0\u00bbslideInUp\u00a0\u00bb el_class=\u00a0\u00bbtext-justify\u00a0\u00bb]La mise en place de la Plateforme de Microsyst\u00e8mes Electrom\u00e9caniques MEMS a but de permettre la promotion et le d\u00e9veloppement des technologies de micro-fabrication n\u00e9cessaire \u00e0 la r\u00e9alisation et la fabrication des MEMS. La plateforme vient en appui du d\u00e9veloppement des dispositifs miniaturis\u00e9s, en offrant des prestations de service et des formations sur les dispositifs miniaturis\u00e9s MEMS au profit des \u00e9tudiants, doctorants et du personnel de la recherche et de l\u2019enseignement sup\u00e9rieur ainsi que le secteur socio\u00e9conomique.<\/p>\n<p>La mission principale de la plateforme des microsyst\u00e8mes \u00e9lectrom\u00e9caniques MEMS est la fabrication des dispositifs miniaturis\u00e9s MEMS tels que les capteurs et les actionneurs. Ceci passe par la prise en charge<span style=\"text-decoration: line-through;\">s<\/span> des techniques li\u00e9es \u00e0 la micro-fabrication et la caract\u00e9risation des dispositifs MEMS, notamment, fabrication de prototypes, caract\u00e9risation sp\u00e9cifique des microstructures, conception et assistance.<\/p>\n<p>L\u2019activit\u00e9 actuelle, regroupe toutes les techniques utilisables pour la r\u00e9alisation des micro-dispositifs selon les \u00e9quipements disponibles actuellement, ainsi que diff\u00e9rentes demandes pour l\u2019utilisation des \u00e9quipements de la plateforme.<\/p>\n<p>Les dispositifs et les techniques concern\u00e9s par la r\u00e9alisation au niveau de la plateforme sont:<\/p>\n<ul>\n<li>R\u00e9alisation des structures MEMS de base (poutres, ponts et membranes),<\/li>\n<li>D\u00e9p\u00f4t des couches sensibles pour capteurs \u00e0 gaz (ZnO, SnO<sub>2<\/sub>, etc.) et polym\u00e8res,<\/li>\n<li>R\u00e9alisation des dispositifs \u00e0 peignes inter-digit\u00e9es,<\/li>\n<li>R\u00e9alisation des dispositifs micro-fluidiques et d\u00e9p\u00f4t des polym\u00e8res,<\/li>\n<li>Electrod\u00e9position pour r\u00e9alisation des structures MEMS,<\/li>\n<li>Gravure humide et \u00e9lectrochimique des substrats en silicium.<\/li>\n<\/ul>\n<p>La plateforme est repartie en trois zones :<\/p>\n<ul>\n<li>Zone d\u2019entr\u00e9e SAS<\/li>\n<li>Zone process &amp; caract\u00e9risation<\/li>\n<li>Zone chimie g\u00e9n\u00e9rale.<\/li>\n<\/ul>\n<p>&nbsp;<\/p>\n<p style=\"text-align: right;\"><strong>Dr. Yamna Bakha<\/strong><br \/>\nEmail : <a href=\"mailto:ybakha@cdta.dz\">ybakha@cdta.dz<\/a><\/p>\n<p>[\/vc_column_text][\/vc_column][\/vc_row]<\/p>\n","protected":false},"excerpt":{"rendered":"<p>[vc_row][vc_column][vc_custom_heading text=\u00a0\u00bbPlateforme de Microsyst\u00e8me Electrom\u00e9canique\u00a0\u00bb font_container=\u00a0\u00bbtag:h2|text_align:center|color:%233366ff\u00a0\u00bb use_theme_fonts=\u00a0\u00bbyes\u00a0\u00bb css_animation=\u00a0\u00bbfadeIn\u00a0\u00bb][vc_column_text css_animation=\u00a0\u00bbslideInUp\u00a0\u00bb css=\u00a0\u00bb.vc_custom_1574715968002{margin-bottom: 25px !important;}\u00a0\u00bb] [\/vc_column_text][vc_column_text css_animation=\u00a0\u00bbslideInUp\u00a0\u00bb el_class=\u00a0\u00bbtext-justify\u00a0\u00bb]La mise en place de la Plateforme de Microsyst\u00e8mes Electrom\u00e9caniques MEMS a but de permettre la promotion et le d\u00e9veloppement des technologies de micro-fabrication n\u00e9cessaire \u00e0 la r\u00e9alisation et la fabrication des MEMS. La plateforme vient en appui du d\u00e9veloppement des [&hellip;]<\/p>\n","protected":false},"author":45,"featured_media":8938,"parent":5542,"menu_order":0,"comment_status":"closed","ping_status":"closed","template":"division-page.php","meta":{"footnotes":""},"class_list":["post-11280","page","type-page","status-publish","has-post-thumbnail","hentry"],"_links":{"self":[{"href":"https:\/\/www.cdta.dz\/fr\/wp-json\/wp\/v2\/pages\/11280\/"}],"collection":[{"href":"https:\/\/www.cdta.dz\/fr\/wp-json\/wp\/v2\/pages\/"}],"about":[{"href":"https:\/\/www.cdta.dz\/fr\/wp-json\/wp\/v2\/types\/page\/"}],"author":[{"embeddable":true,"href":"https:\/\/www.cdta.dz\/fr\/wp-json\/wp\/v2\/users\/45\/"}],"replies":[{"embeddable":true,"href":"https:\/\/www.cdta.dz\/fr\/wp-json\/wp\/v2\/comments\/?post=11280"}],"version-history":[{"count":2,"href":"https:\/\/www.cdta.dz\/fr\/wp-json\/wp\/v2\/pages\/11280\/revisions\/"}],"predecessor-version":[{"id":13218,"href":"https:\/\/www.cdta.dz\/fr\/wp-json\/wp\/v2\/pages\/11280\/revisions\/13218\/"}],"up":[{"embeddable":true,"href":"https:\/\/www.cdta.dz\/fr\/wp-json\/wp\/v2\/pages\/5542\/"}],"wp:featuredmedia":[{"embeddable":true,"href":"https:\/\/www.cdta.dz\/fr\/wp-json\/wp\/v2\/media\/8938\/"}],"wp:attachment":[{"href":"https:\/\/www.cdta.dz\/fr\/wp-json\/wp\/v2\/media\/?parent=11280"}],"curies":[{"name":"wp","href":"https:\/\/api.w.org\/{rel}","templated":true}]}}