{"id":11308,"date":"2019-10-29T08:49:33","date_gmt":"2019-10-29T08:49:33","guid":{"rendered":"http:\/\/10.1.5.53\/?page_id=11308"},"modified":"2019-10-29T10:47:00","modified_gmt":"2019-10-29T10:47:00","slug":"organigramme","status":"publish","type":"page","link":"https:\/\/www.cdta.dz\/fr\/recherche-et-technologie\/plateformes-technologiques\/plateforme-de-microsysteme-electromecanique\/organigramme\/","title":{"rendered":"Organigramme"},"content":{"rendered":"<p>[vc_row][vc_column][vc_custom_heading text=\u00a0\u00bbOrganigramme de la plateforme de Microsyst\u00e8mes Electrom\u00e9caniques\u00a0\u00bb font_container=\u00a0\u00bbtag:h2|font_size:24|text_align:center|color:%233366ff\u00a0\u00bb use_theme_fonts=\u00a0\u00bbyes\u00a0\u00bb css_animation=\u00a0\u00bbfadeIn\u00a0\u00bb][vc_single_image image=\u00a0\u00bb11334&Prime; img_size=\u00a0\u00bblarge\u00a0\u00bb alignment=\u00a0\u00bbcenter\u00a0\u00bb onclick=\u00a0\u00bblink_image\u00a0\u00bb css_animation=\u00a0\u00bbslideInUp\u00a0\u00bb][\/vc_column][\/vc_row][vc_row][vc_column width=\u00a0\u00bb1\/2&Prime;][vc_custom_heading text=\u00a0\u00bbProcess &amp; Caract\u00e9risation\u00a0\u00bb font_container=\u00a0\u00bbtag:h3|text_align:center\u00a0\u00bb use_theme_fonts=\u00a0\u00bbyes\u00a0\u00bb css_animation=\u00a0\u00bbslideInLeft\u00a0\u00bb][vc_hoverbox image=\u00a0\u00bb11344&Prime; primary_title=\u00a0\u00bb\u00a0\u00bb hover_title=\u00a0\u00bbProcess &amp; Caract\u00e9risation\u00a0\u00bb hover_btn_title=\u00a0\u00bbLire plus\u00a0\u00bb hover_btn_style=\u00a0\u00bbclassic\u00a0\u00bb hover_btn_shape=\u00a0\u00bbsquare\u00a0\u00bb hover_btn_align=\u00a0\u00bbcenter\u00a0\u00bb css_animation=\u00a0\u00bbslideInLeft\u00a0\u00bb hover_add_button=\u00a0\u00bbtrue\u00a0\u00bb hover_btn_button_block=\u00a0\u00bbtrue\u00a0\u00bb hover_btn_link=\u00a0\u00bburl:http%3A%2F%2Fwww.cdta.net%2Ffr%2Frecherche-et-technologie%2Fplateformes-technologiques%2Fplateforme-de-microsysteme-electromecanique%2Fprocess-caracterisation%2F|title:Process%20%26%20Caract%C3%A9risation||\u00a0\u00bb]Cette zone contient les techniques des proc\u00e9d\u00e9s physiques et les m\u00e9thodes de caract\u00e9risation<span style=\"text-decoration: line-through;\">s<\/span> sp\u00e9cifiques pour la fabrication et la r\u00e9alisation des dispositifs MEMS.[\/vc_hoverbox][\/vc_column][vc_column width=\u00a0\u00bb1\/2&Prime;][vc_custom_heading text=\u00a0\u00bbChimie G\u00e9n\u00e9rale\u00a0\u00bb font_container=\u00a0\u00bbtag:h3|text_align:center\u00a0\u00bb use_theme_fonts=\u00a0\u00bbyes\u00a0\u00bb css_animation=\u00a0\u00bbslideInRight\u00a0\u00bb][vc_hoverbox image=\u00a0\u00bb11356&Prime; primary_title=\u00a0\u00bb\u00a0\u00bb hover_title=\u00a0\u00bbChimie G\u00e9n\u00e9rale\u00a0\u00bb hover_btn_title=\u00a0\u00bbLire plus\u00a0\u00bb hover_btn_style=\u00a0\u00bbclassic\u00a0\u00bb hover_btn_shape=\u00a0\u00bbsquare\u00a0\u00bb hover_btn_align=\u00a0\u00bbcenter\u00a0\u00bb css_animation=\u00a0\u00bbslideInRight\u00a0\u00bb hover_add_button=\u00a0\u00bbtrue\u00a0\u00bb hover_btn_button_block=\u00a0\u00bbtrue\u00a0\u00bb hover_btn_link=\u00a0\u00bburl:http%3A%2F%2Fwww.cdta.net%2Ffr%2Frecherche-et-technologie%2Fplateformes-technologiques%2Fplateforme-de-microsysteme-electromecanique%2Fchimie-generale%2F|title:Chimie%20G%C3%A9n%C3%A9rale||\u00a0\u00bb]Cette zone comporte les techniques et proc\u00e9d\u00e9s chimiques entrant dans la fabrication et r\u00e9alisation des dispositifs MEMS.<\/p>\n<p>&nbsp;<\/p>\n<p>[\/vc_hoverbox][\/vc_column][\/vc_row]<\/p>\n","protected":false},"excerpt":{"rendered":"<p>[vc_row][vc_column][vc_custom_heading text=\u00a0\u00bbOrganigramme de la plateforme de Microsyst\u00e8mes Electrom\u00e9caniques\u00a0\u00bb font_container=\u00a0\u00bbtag:h2|font_size:24|text_align:center|color:%233366ff\u00a0\u00bb use_theme_fonts=\u00a0\u00bbyes\u00a0\u00bb css_animation=\u00a0\u00bbfadeIn\u00a0\u00bb][vc_single_image image=\u00a0\u00bb11334&Prime; img_size=\u00a0\u00bblarge\u00a0\u00bb alignment=\u00a0\u00bbcenter\u00a0\u00bb onclick=\u00a0\u00bblink_image\u00a0\u00bb css_animation=\u00a0\u00bbslideInUp\u00a0\u00bb][\/vc_column][\/vc_row][vc_row][vc_column width=\u00a0\u00bb1\/2&Prime;][vc_custom_heading text=\u00a0\u00bbProcess &amp; Caract\u00e9risation\u00a0\u00bb font_container=\u00a0\u00bbtag:h3|text_align:center\u00a0\u00bb use_theme_fonts=\u00a0\u00bbyes\u00a0\u00bb css_animation=\u00a0\u00bbslideInLeft\u00a0\u00bb][vc_hoverbox image=\u00a0\u00bb11344&Prime; primary_title=\u00a0\u00bb\u00a0\u00bb hover_title=\u00a0\u00bbProcess &amp; Caract\u00e9risation\u00a0\u00bb hover_btn_title=\u00a0\u00bbLire plus\u00a0\u00bb hover_btn_style=\u00a0\u00bbclassic\u00a0\u00bb hover_btn_shape=\u00a0\u00bbsquare\u00a0\u00bb hover_btn_align=\u00a0\u00bbcenter\u00a0\u00bb css_animation=\u00a0\u00bbslideInLeft\u00a0\u00bb hover_add_button=\u00a0\u00bbtrue\u00a0\u00bb hover_btn_button_block=\u00a0\u00bbtrue\u00a0\u00bb hover_btn_link=\u00a0\u00bburl:http%3A%2F%2Fwww.cdta.net%2Ffr%2Frecherche-et-technologie%2Fplateformes-technologiques%2Fplateforme-de-microsysteme-electromecanique%2Fprocess-caracterisation%2F|title:Process%20%26%20Caract%C3%A9risation||\u00a0\u00bb]Cette zone contient les techniques des proc\u00e9d\u00e9s physiques et les m\u00e9thodes de caract\u00e9risations sp\u00e9cifiques pour la fabrication et la [&hellip;]<\/p>\n","protected":false},"author":45,"featured_media":8938,"parent":11280,"menu_order":0,"comment_status":"closed","ping_status":"closed","template":"division-page.php","meta":{"footnotes":""},"class_list":["post-11308","page","type-page","status-publish","has-post-thumbnail","hentry"],"_links":{"self":[{"href":"https:\/\/www.cdta.dz\/fr\/wp-json\/wp\/v2\/pages\/11308\/"}],"collection":[{"href":"https:\/\/www.cdta.dz\/fr\/wp-json\/wp\/v2\/pages\/"}],"about":[{"href":"https:\/\/www.cdta.dz\/fr\/wp-json\/wp\/v2\/types\/page\/"}],"author":[{"embeddable":true,"href":"https:\/\/www.cdta.dz\/fr\/wp-json\/wp\/v2\/users\/45\/"}],"replies":[{"embeddable":true,"href":"https:\/\/www.cdta.dz\/fr\/wp-json\/wp\/v2\/comments\/?post=11308"}],"version-history":[{"count":0,"href":"https:\/\/www.cdta.dz\/fr\/wp-json\/wp\/v2\/pages\/11308\/revisions\/"}],"up":[{"embeddable":true,"href":"https:\/\/www.cdta.dz\/fr\/wp-json\/wp\/v2\/pages\/11280\/"}],"wp:featuredmedia":[{"embeddable":true,"href":"https:\/\/www.cdta.dz\/fr\/wp-json\/wp\/v2\/media\/8938\/"}],"wp:attachment":[{"href":"https:\/\/www.cdta.dz\/fr\/wp-json\/wp\/v2\/media\/?parent=11308"}],"curies":[{"name":"wp","href":"https:\/\/api.w.org\/{rel}","templated":true}]}}