{"id":11320,"date":"2019-10-29T09:39:54","date_gmt":"2019-10-29T09:39:54","guid":{"rendered":"http:\/\/10.1.5.53\/?page_id=11320"},"modified":"2019-11-25T09:01:42","modified_gmt":"2019-11-25T09:01:42","slug":"process-caracterisation","status":"publish","type":"page","link":"https:\/\/www.cdta.dz\/fr\/recherche-et-technologie\/plateformes-technologiques\/plateforme-de-microsysteme-electromecanique\/process-caracterisation\/","title":{"rendered":"Process &#038; Caract\u00e9risation"},"content":{"rendered":"<p>[vc_row][vc_column][vc_custom_heading text=\u00a0\u00bbProcess &amp; Caract\u00e9risation\u00a0\u00bb font_container=\u00a0\u00bbtag:h2|text_align:center|color:%233366ff\u00a0\u00bb use_theme_fonts=\u00a0\u00bbyes\u00a0\u00bb css_animation=\u00a0\u00bbfadeIn\u00a0\u00bb][vc_column_text css_animation=\u00a0\u00bbfadeInUp\u00a0\u00bb]Cette zone contient les techniques des proc\u00e9d\u00e9s physiques et les m\u00e9thodes de caract\u00e9risation<span style=\"text-decoration: line-through;\">s<\/span> sp\u00e9cifiques pour la fabrication et la r\u00e9alisation des dispositifs MEMS.<\/p>\n<p>La zone <em>process &amp; caract\u00e9risation<\/em> est constitu\u00e9e des \u00e9quipements suivants :<\/p>\n<ul>\n<li>Tables d\u2019\u00e9lectronique g\u00e9n\u00e9rale,<\/li>\n<li>Equipements pour la caract\u00e9risation \u00e9lectronique,<\/li>\n<li>Four d\u2019oxydation MTI1200,<\/li>\n<li>Profilom\u00e8tre Dektak,<\/li>\n<li>Microscopes optiques,<\/li>\n<li>Banc de d\u00e9tection des gaz,<\/li>\n<li>Banc de caract\u00e9risation des microstructures m\u00e9caniques (en d\u00e9veloppement).<\/li>\n<\/ul>\n<p>[\/vc_column_text][vc_empty_space][\/vc_column][\/vc_row][vc_row][vc_column][vc_custom_heading text=\u00a0\u00bbZone physique\u00a0\u00bb font_container=\u00a0\u00bbtag:h4|text_align:center|color:%233366ff\u00a0\u00bb use_theme_fonts=\u00a0\u00bbyes\u00a0\u00bb css_animation=\u00a0\u00bbfadeInUp\u00a0\u00bb][vc_single_image image=\u00a0\u00bb13156&Prime; img_size=\u00a0\u00bbfull\u00a0\u00bb add_caption=\u00a0\u00bbyes\u00a0\u00bb alignment=\u00a0\u00bbcenter\u00a0\u00bb style=\u00a0\u00bbvc_box_shadow_3d\u00a0\u00bb onclick=\u00a0\u00bblink_image\u00a0\u00bb css_animation=\u00a0\u00bbfadeInUp\u00a0\u00bb][vc_empty_space][\/vc_column][\/vc_row][vc_row][vc_column][vc_empty_space][\/vc_column][\/vc_row][vc_row][vc_column width=\u00a0\u00bb1\/2&Prime;][vc_custom_heading text=\u00a0\u00bbTables et \u00e9quipements d\u2019\u00e9lectronique g\u00e9n\u00e9rale\u00a0\u00bb font_container=\u00a0\u00bbtag:h4|text_align:center|color:%233366ff\u00a0\u00bb use_theme_fonts=\u00a0\u00bbyes\u00a0\u00bb css_animation=\u00a0\u00bbfadeInUp\u00a0\u00bb][vc_single_image image=\u00a0\u00bb13159&Prime; img_size=\u00a0\u00bbfull\u00a0\u00bb add_caption=\u00a0\u00bbyes\u00a0\u00bb alignment=\u00a0\u00bbcenter\u00a0\u00bb style=\u00a0\u00bbvc_box_shadow_3d\u00a0\u00bb onclick=\u00a0\u00bblink_image\u00a0\u00bb css_animation=\u00a0\u00bbfadeInUp\u00a0\u00bb][\/vc_column][vc_column width=\u00a0\u00bb1\/2&Prime;][vc_custom_heading text=\u00a0\u00bbFour d\u2019oxydation\u00a0\u00bb font_container=\u00a0\u00bbtag:h4|text_align:center|color:%233366ff\u00a0\u00bb use_theme_fonts=\u00a0\u00bbyes\u00a0\u00bb css_animation=\u00a0\u00bbfadeInUp\u00a0\u00bb][vc_single_image image=\u00a0\u00bb13162&Prime; img_size=\u00a0\u00bbfull\u00a0\u00bb add_caption=\u00a0\u00bbyes\u00a0\u00bb alignment=\u00a0\u00bbcenter\u00a0\u00bb style=\u00a0\u00bbvc_box_shadow_3d\u00a0\u00bb onclick=\u00a0\u00bblink_image\u00a0\u00bb css_animation=\u00a0\u00bbfadeInUp\u00a0\u00bb][\/vc_column][\/vc_row][vc_row][vc_column][vc_empty_space][\/vc_column][\/vc_row][vc_row][vc_column width=\u00a0\u00bb1\/2&Prime;][vc_custom_heading text=\u00a0\u00bbProfilom\u00e8tre m\u00e9canique\u00a0\u00bb font_container=\u00a0\u00bbtag:h4|text_align:center|color:%233366ff\u00a0\u00bb use_theme_fonts=\u00a0\u00bbyes\u00a0\u00bb css_animation=\u00a0\u00bbfadeInUp\u00a0\u00bb][vc_single_image image=\u00a0\u00bb13165&Prime; img_size=\u00a0\u00bbfull\u00a0\u00bb add_caption=\u00a0\u00bbyes\u00a0\u00bb alignment=\u00a0\u00bbcenter\u00a0\u00bb style=\u00a0\u00bbvc_box_shadow_3d\u00a0\u00bb onclick=\u00a0\u00bblink_image\u00a0\u00bb css_animation=\u00a0\u00bbfadeInUp\u00a0\u00bb][\/vc_column][vc_column width=\u00a0\u00bb1\/2&Prime;][vc_custom_heading text=\u00a0\u00bbMicroscopes optique\u00a0\u00bb font_container=\u00a0\u00bbtag:h4|text_align:center|color:%233366ff\u00a0\u00bb use_theme_fonts=\u00a0\u00bbyes\u00a0\u00bb css_animation=\u00a0\u00bbfadeInUp\u00a0\u00bb][vc_single_image image=\u00a0\u00bb13168&Prime; img_size=\u00a0\u00bbfull\u00a0\u00bb add_caption=\u00a0\u00bbyes\u00a0\u00bb alignment=\u00a0\u00bbcenter\u00a0\u00bb style=\u00a0\u00bbvc_box_shadow_3d\u00a0\u00bb onclick=\u00a0\u00bblink_image\u00a0\u00bb css_animation=\u00a0\u00bbfadeInUp\u00a0\u00bb][\/vc_column][\/vc_row][vc_row][vc_column][vc_empty_space][\/vc_column][\/vc_row][vc_row][vc_column width=\u00a0\u00bb1\/4&Prime;][\/vc_column][vc_column width=\u00a0\u00bb1\/2&Prime;][vc_custom_heading text=\u00a0\u00bbBanc de d\u00e9tection des gaz\u00a0\u00bb font_container=\u00a0\u00bbtag:h4|text_align:center|color:%233366ff\u00a0\u00bb use_theme_fonts=\u00a0\u00bbyes\u00a0\u00bb css_animation=\u00a0\u00bbfadeInUp\u00a0\u00bb][vc_single_image image=\u00a0\u00bb13171&Prime; img_size=\u00a0\u00bbfull\u00a0\u00bb add_caption=\u00a0\u00bbyes\u00a0\u00bb alignment=\u00a0\u00bbcenter\u00a0\u00bb style=\u00a0\u00bbvc_box_shadow_3d\u00a0\u00bb onclick=\u00a0\u00bblink_image\u00a0\u00bb css_animation=\u00a0\u00bbfadeInUp\u00a0\u00bb][\/vc_column][vc_column width=\u00a0\u00bb1\/4&Prime;][\/vc_column][\/vc_row]<\/p>\n","protected":false},"excerpt":{"rendered":"<p>[vc_row][vc_column][vc_custom_heading text=\u00a0\u00bbProcess &amp; Caract\u00e9risation\u00a0\u00bb font_container=\u00a0\u00bbtag:h2|text_align:center|color:%233366ff\u00a0\u00bb use_theme_fonts=\u00a0\u00bbyes\u00a0\u00bb css_animation=\u00a0\u00bbfadeIn\u00a0\u00bb][vc_column_text css_animation=\u00a0\u00bbfadeInUp\u00a0\u00bb]Cette zone contient les techniques des proc\u00e9d\u00e9s physiques et les m\u00e9thodes de caract\u00e9risations sp\u00e9cifiques pour la fabrication et la r\u00e9alisation des dispositifs MEMS. La zone process &amp; caract\u00e9risation est constitu\u00e9e des \u00e9quipements suivants : Tables d\u2019\u00e9lectronique g\u00e9n\u00e9rale, Equipements pour la caract\u00e9risation \u00e9lectronique, Four d\u2019oxydation MTI1200, Profilom\u00e8tre Dektak, Microscopes [&hellip;]<\/p>\n","protected":false},"author":45,"featured_media":8938,"parent":11280,"menu_order":0,"comment_status":"closed","ping_status":"closed","template":"division-page.php","meta":{"footnotes":""},"class_list":["post-11320","page","type-page","status-publish","has-post-thumbnail","hentry"],"_links":{"self":[{"href":"https:\/\/www.cdta.dz\/fr\/wp-json\/wp\/v2\/pages\/11320\/"}],"collection":[{"href":"https:\/\/www.cdta.dz\/fr\/wp-json\/wp\/v2\/pages\/"}],"about":[{"href":"https:\/\/www.cdta.dz\/fr\/wp-json\/wp\/v2\/types\/page\/"}],"author":[{"embeddable":true,"href":"https:\/\/www.cdta.dz\/fr\/wp-json\/wp\/v2\/users\/45\/"}],"replies":[{"embeddable":true,"href":"https:\/\/www.cdta.dz\/fr\/wp-json\/wp\/v2\/comments\/?post=11320"}],"version-history":[{"count":4,"href":"https:\/\/www.cdta.dz\/fr\/wp-json\/wp\/v2\/pages\/11320\/revisions\/"}],"predecessor-version":[{"id":13184,"href":"https:\/\/www.cdta.dz\/fr\/wp-json\/wp\/v2\/pages\/11320\/revisions\/13184\/"}],"up":[{"embeddable":true,"href":"https:\/\/www.cdta.dz\/fr\/wp-json\/wp\/v2\/pages\/11280\/"}],"wp:featuredmedia":[{"embeddable":true,"href":"https:\/\/www.cdta.dz\/fr\/wp-json\/wp\/v2\/media\/8938\/"}],"wp:attachment":[{"href":"https:\/\/www.cdta.dz\/fr\/wp-json\/wp\/v2\/media\/?parent=11320"}],"curies":[{"name":"wp","href":"https:\/\/api.w.org\/{rel}","templated":true}]}}