{"id":13487,"date":"2019-12-17T14:00:51","date_gmt":"2019-12-17T14:00:51","guid":{"rendered":"http:\/\/10.1.5.53\/?page_id=13487"},"modified":"2020-01-22T13:29:20","modified_gmt":"2020-01-22T13:29:20","slug":"equipes","status":"publish","type":"page","link":"https:\/\/www.cdta.dz\/fr\/recherche-et-technologie\/divisions\/division-telecom\/equipes\/","title":{"rendered":"&#8212;Equipes de la divisionTelecom"},"content":{"rendered":"<article id=\"post-8282\" class=\"post-8282 page type-page status-publish has-post-thumbnail hentry\">La DivisionT\u00e9l\u00e9com est compos\u00e9e de quatre \u00e9quipes de recherche:<\/p>\n<ul>\n<li><a href=\"https:\/\/www.cdta.dz\/en\/research-and-technology\/divisions\/telecom-division\/team-radio-frequencies-and-antennas\/\">RFA<\/a> &#8211;<a href=\"https:\/\/www.cdta.dz\/fr\/membres-rfa\/\"> Membres-RFA<\/a><\/li>\n<li><a href=\"https:\/\/www.cdta.dz\/en\/research-and-technology\/divisions\/telecom-division\/team-wireless-communications\/\">CSF<\/a> &#8211; <a href=\"https:\/\/www.cdta.dz\/fr\/membres-csf\/\">Membres-CSF<\/a><\/li>\n<li><a href=\"https:\/\/www.cdta.dz\/en\/research-and-technology\/divisions\/telecom-division\/team-advanced-information-systems\/\">SIA<\/a> &#8211; <a href=\"https:\/\/www.cdta.dz\/fr\/membres-sia\/\">Membres-SIA<\/a><\/li>\n<li><a href=\"https:\/\/www.cdta.dz\/en\/research-and-technology\/divisions\/telecom-division\/team-biometrics-multimedia-security-and-forensics\/\">BIOSMC<\/a>&#8211; <a href=\"https:\/\/www.cdta.dz\/fr\/membres-biosmc\/\">Membres-BIOSMC<\/a><\/li>\n<\/ul>\n<h3><\/h3>\n<\/article>\n","protected":false},"excerpt":{"rendered":"<p>La DivisionT\u00e9l\u00e9com est compos\u00e9e de quatre \u00e9quipes de recherche: RFA &#8211; Membres-RFA CSF &#8211; Membres-CSF SIA &#8211; Membres-SIA BIOSMC&#8211; Membres-BIOSMC<\/p>\n","protected":false},"author":46,"featured_media":0,"parent":2698,"menu_order":0,"comment_status":"closed","ping_status":"closed","template":"","meta":{"footnotes":""},"class_list":["post-13487","page","type-page","status-publish","hentry"],"_links":{"self":[{"href":"https:\/\/www.cdta.dz\/fr\/wp-json\/wp\/v2\/pages\/13487\/"}],"collection":[{"href":"https:\/\/www.cdta.dz\/fr\/wp-json\/wp\/v2\/pages\/"}],"about":[{"href":"https:\/\/www.cdta.dz\/fr\/wp-json\/wp\/v2\/types\/page\/"}],"author":[{"embeddable":true,"href":"https:\/\/www.cdta.dz\/fr\/wp-json\/wp\/v2\/users\/46\/"}],"replies":[{"embeddable":true,"href":"https:\/\/www.cdta.dz\/fr\/wp-json\/wp\/v2\/comments\/?post=13487"}],"version-history":[{"count":7,"href":"https:\/\/www.cdta.dz\/fr\/wp-json\/wp\/v2\/pages\/13487\/revisions\/"}],"predecessor-version":[{"id":14039,"href":"https:\/\/www.cdta.dz\/fr\/wp-json\/wp\/v2\/pages\/13487\/revisions\/14039\/"}],"up":[{"embeddable":true,"href":"https:\/\/www.cdta.dz\/fr\/wp-json\/wp\/v2\/pages\/2698\/"}],"wp:attachment":[{"href":"https:\/\/www.cdta.dz\/fr\/wp-json\/wp\/v2\/media\/?parent=13487"}],"curies":[{"name":"wp","href":"https:\/\/api.w.org\/{rel}","templated":true}]}}