{"id":13613,"date":"2019-12-23T09:56:21","date_gmt":"2019-12-23T09:56:21","guid":{"rendered":"http:\/\/10.1.5.53\/?page_id=13613"},"modified":"2021-02-15T13:51:59","modified_gmt":"2021-02-15T13:51:59","slug":"membres-sia","status":"publish","type":"page","link":"https:\/\/www.cdta.dz\/fr\/membres-sia\/","title":{"rendered":"&#8212; &#8212; &#8212; &#8212; Membres-SIA"},"content":{"rendered":"<h4><img loading=\"lazy\" decoding=\"async\" class=\"wp-image-48440 alignleft\" src=\"https:\/\/www.cdta.dz\/wp-content\/uploads\/2021\/02\/DV_Aouache-300x300.jpg\" alt=\"\" width=\"181\" height=\"181\" srcset=\"https:\/\/www.cdta.dz\/wp-content\/uploads\/2021\/02\/DV_Aouache-300x300.jpg 300w, https:\/\/www.cdta.dz\/wp-content\/uploads\/2021\/02\/DV_Aouache-150x150.jpg 150w, https:\/\/www.cdta.dz\/wp-content\/uploads\/2021\/02\/DV_Aouache-768x769.jpg 768w, https:\/\/www.cdta.dz\/wp-content\/uploads\/2021\/02\/DV_Aouache-200x200.jpg 200w, https:\/\/www.cdta.dz\/wp-content\/uploads\/2021\/02\/DV_Aouache-445x445.jpg 445w, https:\/\/www.cdta.dz\/wp-content\/uploads\/2021\/02\/DV_Aouache-60x60.jpg 60w, https:\/\/www.cdta.dz\/wp-content\/uploads\/2021\/02\/DV_Aouache-600x600.jpg 600w, https:\/\/www.cdta.dz\/wp-content\/uploads\/2021\/02\/DV_Aouache.jpg 826w\" sizes=\"auto, (max-width: 181px) 100vw, 181px\" \/>AOUACHE Mustapha<\/h4>\n<p>Ma\u00eetre de recherche (A)<\/p>\n<p><a href=\"mailto:moauache@cdta.dz\">maouache@cdta.dz<\/a><\/p>\n<p><a href=\"https:\/\/scholar.google.fr\/citations?user=RWXLsE0AAAAJ&amp;hl=fr&amp;oi=ao\">Google scholar citations<\/a><\/p>\n<p>&nbsp;<\/p>\n<p>&nbsp;<\/p>\n<p>&nbsp;<\/p>\n<p><img loading=\"lazy\" decoding=\"async\" class=\"size-full wp-image-13560 alignleft\" src=\"https:\/\/www.cdta.dz\/wp-content\/uploads\/2019\/12\/Profile-homme-1-150x150-2.jpg\" alt=\"\" width=\"150\" height=\"150\" srcset=\"https:\/\/www.cdta.dz\/wp-content\/uploads\/2019\/12\/Profile-homme-1-150x150-2.jpg 150w, https:\/\/www.cdta.dz\/wp-content\/uploads\/2019\/12\/Profile-homme-1-150x150-2-60x60.jpg 60w\" sizes=\"auto, (max-width: 150px) 100vw, 150px\" \/><\/p>\n<h4>BOUABDALLAH Amine<\/h4>\n<p>Ma\u00eetre de recherche (B)<\/p>\n<p><a href=\"mailto:abouabdallah@cdta.dz\">abouabdallah@cdta.dz<\/a><\/p>\n<p>Google scholar citations<\/p>\n<p>&nbsp;<\/p>\n<p>&nbsp;<\/p>\n<p>&nbsp;<\/p>\n<h4><img loading=\"lazy\" decoding=\"async\" class=\"wp-image-13506 alignleft\" src=\"https:\/\/www.cdta.dz\/wp-content\/uploads\/2019\/12\/Profile-femme-1.jpg\" alt=\"\" width=\"156\" height=\"159\" srcset=\"https:\/\/www.cdta.dz\/wp-content\/uploads\/2019\/12\/Profile-femme-1.jpg 212w, https:\/\/www.cdta.dz\/wp-content\/uploads\/2019\/12\/Profile-femme-1-60x60.jpg 60w\" sizes=\"auto, (max-width: 156px) 100vw, 156px\" \/><\/h4>\n<h4>AOUACHRIA Moufida<\/h4>\n<p>Attach\u00e9e de recherche<\/p>\n<p><a href=\"mailto:maouachria@cdta.dz\">maouachria@cdta.dz<\/a><\/p>\n<p><a href=\"https:\/\/scholar.google.fr\/citations?user=oTKKWaAAAAAJ&amp;hl=fr&amp;oi=ao\">Google scholar citations<\/a><\/p>\n<p>&nbsp;<\/p>\n<p>&nbsp;<\/p>\n<h4><img loading=\"lazy\" decoding=\"async\" class=\" wp-image-13875 alignleft\" src=\"https:\/\/www.cdta.dz\/wp-content\/uploads\/2020\/01\/Photo-Semar-Bitah-Kahina.jpg\" alt=\"\" width=\"133\" height=\"152\" \/>SEMAR Kahina<\/h4>\n<p>Ing\u00e9nieur de recherche<\/p>\n<p><a href=\"mailto:ksemar@cdta.dz\">ksemar@cdta.dz<\/a><\/p>\n<p><a href=\"https:\/\/scholar.google.fr\/citations?user=tSGBdZ0AAAAJ&amp;hl=fr&amp;oi=ao\">Google scholar citations<\/a><\/p>\n<p>&nbsp;<\/p>\n<p>&nbsp;<\/p>\n<h4><img loading=\"lazy\" decoding=\"async\" class=\"wp-image-13506 alignleft\" src=\"https:\/\/www.cdta.dz\/wp-content\/uploads\/2019\/12\/Profile-femme-1.jpg\" alt=\"\" width=\"156\" height=\"159\" srcset=\"https:\/\/www.cdta.dz\/wp-content\/uploads\/2019\/12\/Profile-femme-1.jpg 212w, https:\/\/www.cdta.dz\/wp-content\/uploads\/2019\/12\/Profile-femme-1-60x60.jpg 60w\" sizes=\"auto, (max-width: 156px) 100vw, 156px\" \/>TARABET Chahrazed<\/h4>\n<p>Ing\u00e9nieur de soutien \u00e0 la recherche<\/p>\n<p><a href=\"mailto:ctarabet@cdta.dz\">ctarabet@cdta.dz<\/a><\/p>\n<p><a href=\"https:\/\/scholar.google.fr\/citations?user=8FVfRv8AAAAJ&amp;hl=fr&amp;oi=ao\">Google scholar citations<\/a><\/p>\n<p>&nbsp;<\/p>\n<p>&nbsp;<\/p>\n<h4><img loading=\"lazy\" decoding=\"async\" class=\"wp-image-13860 alignleft\" src=\"https:\/\/www.cdta.dz\/wp-content\/uploads\/2020\/01\/meri.png\" alt=\"\" width=\"160\" height=\"160\" srcset=\"https:\/\/www.cdta.dz\/wp-content\/uploads\/2020\/01\/meri.png 234w, https:\/\/www.cdta.dz\/wp-content\/uploads\/2020\/01\/meri-150x150.png 150w, https:\/\/www.cdta.dz\/wp-content\/uploads\/2020\/01\/meri-200x200.png 200w, https:\/\/www.cdta.dz\/wp-content\/uploads\/2020\/01\/meri-60x60.png 60w\" sizes=\"auto, (max-width: 160px) 100vw, 160px\" \/>MOUZAI Meriem<\/h4>\n<p>Ing\u00e9nieur de soutien \u00e0 la recherche<\/p>\n<p><a href=\"mailto:mmouzai@cdta.dz\">mmouzai@cdta.dz<\/a><\/p>\n<p><a href=\"https:\/\/scholar.google.fr\/citations?user=5dWH_a4AAAAJ&amp;hl=fr&amp;oi=ao\">Google scholar citations<\/a><\/p>\n<p>&nbsp;<\/p>\n<p>&nbsp;<\/p>\n<h4><img loading=\"lazy\" decoding=\"async\" class=\"wp-image-13506 alignleft\" src=\"https:\/\/www.cdta.dz\/wp-content\/uploads\/2019\/12\/Profile-femme-1.jpg\" alt=\"\" width=\"156\" height=\"159\" srcset=\"https:\/\/www.cdta.dz\/wp-content\/uploads\/2019\/12\/Profile-femme-1.jpg 212w, https:\/\/www.cdta.dz\/wp-content\/uploads\/2019\/12\/Profile-femme-1-60x60.jpg 60w\" sizes=\"auto, (max-width: 156px) 100vw, 156px\" \/>FARHI Faiza<\/h4>\n<p>Ing\u00e9nieur de soutien \u00e0 la recherche<\/p>\n<p><a href=\"mailto:ffarhi@cdta.dz\">ffarhi@cdta.dz<\/a><\/p>\n<p>Google scholar citations<\/p>\n<p>&nbsp;<\/p>\n<h4><\/h4>\n<p>&nbsp;<\/p>\n","protected":false},"excerpt":{"rendered":"<p>AOUACHE Mustapha Ma\u00eetre de recherche (A) maouache@cdta.dz Google scholar citations &nbsp; &nbsp; &nbsp; BOUABDALLAH Amine Ma\u00eetre de recherche (B) abouabdallah@cdta.dz Google scholar citations &nbsp; &nbsp; &nbsp; AOUACHRIA Moufida Attach\u00e9e de recherche maouachria@cdta.dz Google scholar citations &nbsp; &nbsp; SEMAR Kahina Ing\u00e9nieur de recherche ksemar@cdta.dz Google scholar citations &nbsp; &nbsp; TARABET Chahrazed Ing\u00e9nieur de soutien \u00e0 la [&hellip;]<\/p>\n","protected":false},"author":46,"featured_media":0,"parent":0,"menu_order":0,"comment_status":"closed","ping_status":"closed","template":"","meta":{"footnotes":""},"class_list":["post-13613","page","type-page","status-publish","hentry"],"_links":{"self":[{"href":"https:\/\/www.cdta.dz\/fr\/wp-json\/wp\/v2\/pages\/13613\/"}],"collection":[{"href":"https:\/\/www.cdta.dz\/fr\/wp-json\/wp\/v2\/pages\/"}],"about":[{"href":"https:\/\/www.cdta.dz\/fr\/wp-json\/wp\/v2\/types\/page\/"}],"author":[{"embeddable":true,"href":"https:\/\/www.cdta.dz\/fr\/wp-json\/wp\/v2\/users\/46\/"}],"replies":[{"embeddable":true,"href":"https:\/\/www.cdta.dz\/fr\/wp-json\/wp\/v2\/comments\/?post=13613"}],"version-history":[{"count":14,"href":"https:\/\/www.cdta.dz\/fr\/wp-json\/wp\/v2\/pages\/13613\/revisions\/"}],"predecessor-version":[{"id":48512,"href":"https:\/\/www.cdta.dz\/fr\/wp-json\/wp\/v2\/pages\/13613\/revisions\/48512\/"}],"wp:attachment":[{"href":"https:\/\/www.cdta.dz\/fr\/wp-json\/wp\/v2\/media\/?parent=13613"}],"curies":[{"name":"wp","href":"https:\/\/api.w.org\/{rel}","templated":true}]}}