{"id":13715,"date":"2019-12-29T09:40:57","date_gmt":"2019-12-29T09:40:57","guid":{"rendered":"http:\/\/10.1.5.53\/?page_id=13715"},"modified":"2019-12-30T13:10:36","modified_gmt":"2019-12-30T13:10:36","slug":"membres-de-lequipe-ac2","status":"publish","type":"page","link":"https:\/\/www.cdta.dz\/fr\/recherche-et-technologie\/divisions\/division-architecture-des-systemes-et-multimedia\/equipe-architecture-pour-la-classification-et-la-cryptographie\/membres-de-lequipe-ac2\/","title":{"rendered":"Membres de l\u2019\u00e9quipe AC2"},"content":{"rendered":"<h2><strong>Membres de l\u2019\u00e9quipe AC2<\/strong><\/h2>\n<p>&nbsp;<\/p>\n<p><a href=\"https:\/\/scholar.google.de\/citations?hl=en&amp;user=cKnRqGYAAAAJ\">Alim Ferhat Taleb Fatiha<\/a><a href=\"https:\/\/scholar.google.de\/citations?hl=en&amp;user=cKnRqGYAAAAJ\"><img loading=\"lazy\" decoding=\"async\" class=\"wp-image-13506 size-thumbnail alignleft\" src=\"https:\/\/www.cdta.dz\/wp-content\/uploads\/2019\/12\/Profile-femme-1-150x150.jpg\" alt=\"\" width=\"150\" height=\"150\" srcset=\"https:\/\/www.cdta.dz\/wp-content\/uploads\/2019\/12\/Profile-femme-1-150x150.jpg 150w, https:\/\/www.cdta.dz\/wp-content\/uploads\/2019\/12\/Profile-femme-1-200x200.jpg 200w, https:\/\/www.cdta.dz\/wp-content\/uploads\/2019\/12\/Profile-femme-1-60x60.jpg 60w\" sizes=\"auto, (max-width: 150px) 100vw, 150px\" \/><\/a><\/p>\n<p>Maitre de recherche B<\/p>\n<p>falim@cdta.dz<\/p>\n<p>&nbsp;<\/p>\n<p>&nbsp;<\/p>\n<p>&nbsp;<\/p>\n<p><a href=\"https:\/\/scholar.google.com\/citations?hl=fr&amp;user=UXdNujIAAAAJ\"><img loading=\"lazy\" decoding=\"async\" class=\"size-full wp-image-13559 alignleft\" src=\"https:\/\/www.cdta.dz\/wp-content\/uploads\/2019\/12\/Profile-homme-1-150x150-2.jpg\" alt=\"\" width=\"150\" height=\"150\" srcset=\"https:\/\/www.cdta.dz\/wp-content\/uploads\/2019\/12\/Profile-homme-1-150x150-2.jpg 150w, https:\/\/www.cdta.dz\/wp-content\/uploads\/2019\/12\/Profile-homme-1-150x150-2-60x60.jpg 60w\" sizes=\"auto, (max-width: 150px) 100vw, 150px\" \/>Issad Mohamed<\/a><\/p>\n<p>Maitre de recherche B<\/p>\n<p>missad@cdta.dz<\/p>\n<p>&nbsp;<\/p>\n<p>&nbsp;<\/p>\n<p>&nbsp;<\/p>\n<p><a href=\"https:\/\/scholar.google.com\/citations?hl=fr&amp;user=UXdNujIAAAAJ\"><img loading=\"lazy\" decoding=\"async\" class=\"size-full wp-image-13559 alignleft\" src=\"https:\/\/www.cdta.dz\/wp-content\/uploads\/2019\/12\/Profile-homme-1-150x150-2.jpg\" alt=\"\" width=\"150\" height=\"150\" srcset=\"https:\/\/www.cdta.dz\/wp-content\/uploads\/2019\/12\/Profile-homme-1-150x150-2.jpg 150w, https:\/\/www.cdta.dz\/wp-content\/uploads\/2019\/12\/Profile-homme-1-150x150-2-60x60.jpg 60w\" sizes=\"auto, (max-width: 150px) 100vw, 150px\" \/><\/a><a href=\"https:\/\/scholar.google.fr\/citations?hl=fr&amp;user=dDD8QxoAAAAJ\">Hachemi belkacem<\/a><\/p>\n<p>Attach\u00e9 de recherche<\/p>\n<p>bhachemi@cdta.dz<\/p>\n<p>&nbsp;<\/p>\n<p>&nbsp;<\/p>\n<p>&nbsp;<\/p>\n<p><a href=\"https:\/\/scholar.google.com\/citations?hl=fr&amp;user=UXdNujIAAAAJ\"><img loading=\"lazy\" decoding=\"async\" class=\"size-full wp-image-13559 alignleft\" src=\"https:\/\/www.cdta.dz\/wp-content\/uploads\/2019\/12\/Profile-homme-1-150x150-2.jpg\" alt=\"\" width=\"150\" height=\"150\" srcset=\"https:\/\/www.cdta.dz\/wp-content\/uploads\/2019\/12\/Profile-homme-1-150x150-2.jpg 150w, https:\/\/www.cdta.dz\/wp-content\/uploads\/2019\/12\/Profile-homme-1-150x150-2-60x60.jpg 60w\" sizes=\"auto, (max-width: 150px) 100vw, 150px\" \/><\/a><a href=\"https:\/\/scholar.google.com\/citations?user=6j2KnlUAAAAJ&amp;hl=en\">Abdelaziz Mohammed<\/a><\/p>\n<p>Attach\u00e9 de Recherche<\/p>\n<p>mabdelaziz@cdta.dz<\/p>\n<p>&nbsp;<\/p>\n<p>&nbsp;<\/p>\n<p>&nbsp;<\/p>\n<p><a href=\"https:\/\/scholar.google.de\/citations?hl=en&amp;user=cKnRqGYAAAAJ\"><img loading=\"lazy\" decoding=\"async\" class=\"wp-image-13506 size-thumbnail alignleft\" src=\"https:\/\/www.cdta.dz\/wp-content\/uploads\/2019\/12\/Profile-femme-1-150x150.jpg\" alt=\"\" width=\"150\" height=\"150\" srcset=\"https:\/\/www.cdta.dz\/wp-content\/uploads\/2019\/12\/Profile-femme-1-150x150.jpg 150w, https:\/\/www.cdta.dz\/wp-content\/uploads\/2019\/12\/Profile-femme-1-200x200.jpg 200w, https:\/\/www.cdta.dz\/wp-content\/uploads\/2019\/12\/Profile-femme-1-60x60.jpg 60w\" sizes=\"auto, (max-width: 150px) 100vw, 150px\" \/><\/a><a href=\"https:\/\/scholar.google.com\/citations?user=dK_3vQYAAAAJ&amp;hl=en\">Ait Mohamed Linda<\/a><\/p>\n<p>Ing\u00e9nieur soutien \u00e0 la recherche<\/p>\n<p>laitmohamed@cdta.dz<\/p>\n<p>&nbsp;<\/p>\n<p>&nbsp;<\/p>\n<p>&nbsp;<\/p>\n<p><a href=\"https:\/\/scholar.google.de\/citations?hl=en&amp;user=cKnRqGYAAAAJ\"><img loading=\"lazy\" decoding=\"async\" class=\"wp-image-13506 size-thumbnail alignleft\" src=\"https:\/\/www.cdta.dz\/wp-content\/uploads\/2019\/12\/Profile-femme-1-150x150.jpg\" alt=\"\" width=\"150\" height=\"150\" srcset=\"https:\/\/www.cdta.dz\/wp-content\/uploads\/2019\/12\/Profile-femme-1-150x150.jpg 150w, https:\/\/www.cdta.dz\/wp-content\/uploads\/2019\/12\/Profile-femme-1-200x200.jpg 200w, https:\/\/www.cdta.dz\/wp-content\/uploads\/2019\/12\/Profile-femme-1-60x60.jpg 60w\" sizes=\"auto, (max-width: 150px) 100vw, 150px\" \/><\/a><a href=\"https:\/\/scholar.google.fr\/citations?user=Cwn-2AYAAAAJ&amp;hl=fr\">Messaoudi khadidja<\/a><\/p>\n<p>Ing\u00e9nieur de recherche<\/p>\n<p>kmessaoudi@cdta.dz<\/p>\n<p>&nbsp;<\/p>\n<p>&nbsp;<\/p>\n<p>&nbsp;<\/p>\n<p><a href=\"https:\/\/scholar.google.com\/citations?hl=fr&amp;user=UXdNujIAAAAJ\"><img loading=\"lazy\" decoding=\"async\" class=\"size-full wp-image-13559 alignleft\" src=\"https:\/\/www.cdta.dz\/wp-content\/uploads\/2019\/12\/Profile-homme-1-150x150-2.jpg\" alt=\"\" width=\"150\" height=\"150\" srcset=\"https:\/\/www.cdta.dz\/wp-content\/uploads\/2019\/12\/Profile-homme-1-150x150-2.jpg 150w, https:\/\/www.cdta.dz\/wp-content\/uploads\/2019\/12\/Profile-homme-1-150x150-2-60x60.jpg 60w\" sizes=\"auto, (max-width: 150px) 100vw, 150px\" \/><\/a><a href=\"https:\/\/scholar.google.com\/citations?view_op=list_works&amp;hl=fr&amp;user=ruGWdaIAAAAJ\">TALBI Farid<\/a><\/p>\n<p>Ing\u00e9nieur d\u2019\u00e9tat soutien \u00e0 la recherche<\/p>\n<p>ftalbi@cdta.dz<\/p>\n<p>&nbsp;<\/p>\n<p>&nbsp;<\/p>\n<p>&nbsp;<\/p>\n<p><a href=\"https:\/\/scholar.google.com\/citations?hl=fr&amp;user=UXdNujIAAAAJ\"><img loading=\"lazy\" decoding=\"async\" class=\"size-full wp-image-13559 alignleft\" src=\"https:\/\/www.cdta.dz\/wp-content\/uploads\/2019\/12\/Profile-homme-1-150x150-2.jpg\" alt=\"\" width=\"150\" height=\"150\" srcset=\"https:\/\/www.cdta.dz\/wp-content\/uploads\/2019\/12\/Profile-homme-1-150x150-2.jpg 150w, https:\/\/www.cdta.dz\/wp-content\/uploads\/2019\/12\/Profile-homme-1-150x150-2-60x60.jpg 60w\" sizes=\"auto, (max-width: 150px) 100vw, 150px\" \/><\/a>Seddiki Sofiane<\/p>\n<p>Ing\u00e9nieur de recherche conseiller<\/p>\n<p>sseddiki@cdta.dz<\/p>\n<p>&nbsp;<\/p>\n<p>&nbsp;<\/p>\n<p>&nbsp;<\/p>\n<p><a href=\"https:\/\/scholar.google.de\/citations?hl=en&amp;user=cKnRqGYAAAAJ\"><img loading=\"lazy\" decoding=\"async\" class=\"wp-image-13506 size-thumbnail alignleft\" src=\"https:\/\/www.cdta.dz\/wp-content\/uploads\/2019\/12\/Profile-femme-1-150x150.jpg\" alt=\"\" width=\"150\" height=\"150\" srcset=\"https:\/\/www.cdta.dz\/wp-content\/uploads\/2019\/12\/Profile-femme-1-150x150.jpg 150w, https:\/\/www.cdta.dz\/wp-content\/uploads\/2019\/12\/Profile-femme-1-200x200.jpg 200w, https:\/\/www.cdta.dz\/wp-content\/uploads\/2019\/12\/Profile-femme-1-60x60.jpg 60w\" sizes=\"auto, (max-width: 150px) 100vw, 150px\" \/><\/a><a href=\"https:\/\/scholar.google.fr\/citations?hl=fr&amp;user=zzAGkfgAAAAJ\">Anane Nadjia<\/a><\/p>\n<p>anane@cdta.dz<\/p>\n<p>Ing\u00e9nieur de recherche conseiller<\/p>\n<p>&nbsp;<\/p>\n<p>&nbsp;<\/p>\n<p>&nbsp;<\/p>\n<p><a href=\"https:\/\/scholar.google.com\/citations?hl=fr&amp;user=UXdNujIAAAAJ\"><img loading=\"lazy\" decoding=\"async\" class=\"size-full wp-image-13559 alignleft\" src=\"https:\/\/www.cdta.dz\/wp-content\/uploads\/2019\/12\/Profile-homme-1-150x150-2.jpg\" alt=\"\" width=\"150\" height=\"150\" srcset=\"https:\/\/www.cdta.dz\/wp-content\/uploads\/2019\/12\/Profile-homme-1-150x150-2.jpg 150w, https:\/\/www.cdta.dz\/wp-content\/uploads\/2019\/12\/Profile-homme-1-150x150-2-60x60.jpg 60w\" sizes=\"auto, (max-width: 150px) 100vw, 150px\" \/><\/a>Bellemou Ahmed Mohamed<\/p>\n","protected":false},"excerpt":{"rendered":"<p>Membres de l\u2019\u00e9quipe AC2 &nbsp; Alim Ferhat Taleb Fatiha Maitre de recherche B falim@cdta.dz &nbsp; &nbsp; &nbsp; Issad Mohamed Maitre de recherche B missad@cdta.dz &nbsp; &nbsp; &nbsp; Hachemi belkacem Attach\u00e9 de recherche bhachemi@cdta.dz &nbsp; &nbsp; &nbsp; Abdelaziz Mohammed Attach\u00e9 de Recherche mabdelaziz@cdta.dz &nbsp; &nbsp; &nbsp; Ait Mohamed Linda Ing\u00e9nieur soutien \u00e0 la recherche laitmohamed@cdta.dz &nbsp; [&hellip;]<\/p>\n","protected":false},"author":46,"featured_media":8938,"parent":7704,"menu_order":0,"comment_status":"closed","ping_status":"closed","template":"division-page.php","meta":{"footnotes":""},"class_list":["post-13715","page","type-page","status-publish","has-post-thumbnail","hentry"],"_links":{"self":[{"href":"https:\/\/www.cdta.dz\/fr\/wp-json\/wp\/v2\/pages\/13715\/"}],"collection":[{"href":"https:\/\/www.cdta.dz\/fr\/wp-json\/wp\/v2\/pages\/"}],"about":[{"href":"https:\/\/www.cdta.dz\/fr\/wp-json\/wp\/v2\/types\/page\/"}],"author":[{"embeddable":true,"href":"https:\/\/www.cdta.dz\/fr\/wp-json\/wp\/v2\/users\/46\/"}],"replies":[{"embeddable":true,"href":"https:\/\/www.cdta.dz\/fr\/wp-json\/wp\/v2\/comments\/?post=13715"}],"version-history":[{"count":1,"href":"https:\/\/www.cdta.dz\/fr\/wp-json\/wp\/v2\/pages\/13715\/revisions\/"}],"predecessor-version":[{"id":13721,"href":"https:\/\/www.cdta.dz\/fr\/wp-json\/wp\/v2\/pages\/13715\/revisions\/13721\/"}],"up":[{"embeddable":true,"href":"https:\/\/www.cdta.dz\/fr\/wp-json\/wp\/v2\/pages\/7704\/"}],"wp:featuredmedia":[{"embeddable":true,"href":"https:\/\/www.cdta.dz\/fr\/wp-json\/wp\/v2\/media\/8938\/"}],"wp:attachment":[{"href":"https:\/\/www.cdta.dz\/fr\/wp-json\/wp\/v2\/media\/?parent=13715"}],"curies":[{"name":"wp","href":"https:\/\/api.w.org\/{rel}","templated":true}]}}