{"id":13741,"date":"2019-12-29T10:16:43","date_gmt":"2019-12-29T10:16:43","guid":{"rendered":"http:\/\/10.1.5.53\/?page_id=13741"},"modified":"2019-12-31T08:53:10","modified_gmt":"2019-12-31T08:53:10","slug":"members-diim","status":"publish","type":"page","link":"https:\/\/www.cdta.dz\/fr\/recherche-et-technologie\/divisions\/division-architecture-des-systemes-et-multimedia\/equipe-design-and-implementation-of-intelligent-machines\/members-diim\/","title":{"rendered":"Members de l&rsquo;\u00e9quipe DIIM"},"content":{"rendered":"<h2><strong>Members de l&rsquo;\u00e9quipe DIIM<\/strong><\/h2>\n<p>&nbsp;<\/p>\n<p><a href=\"https:\/\/scholar.google.fr\/citations?hl=fr&amp;pli=1&amp;user=Zrs-faIAAAAJ\">Djamel Bouchaffra<\/a><a href=\"https:\/\/scholar.google.fr\/citations?hl=fr&amp;pli=1&amp;user=Zrs-faIAAAAJ\"><img loading=\"lazy\" decoding=\"async\" class=\"alignleft wp-image-13561 size-full\" src=\"https:\/\/www.cdta.dz\/wp-content\/uploads\/2019\/12\/Profile-homme-1-150x150-2.jpg\" alt=\"\" width=\"150\" height=\"150\" srcset=\"https:\/\/www.cdta.dz\/wp-content\/uploads\/2019\/12\/Profile-homme-1-150x150-2.jpg 150w, https:\/\/www.cdta.dz\/wp-content\/uploads\/2019\/12\/Profile-homme-1-150x150-2-60x60.jpg 60w\" sizes=\"auto, (max-width: 150px) 100vw, 150px\" \/><\/a><\/p>\n<p>Directeur de Recherche<\/p>\n<p>&nbsp;<\/p>\n<p>&nbsp;<\/p>\n<p>&nbsp;<\/p>\n<p>&nbsp;<\/p>\n<p><a href=\"https:\/\/scholar.google.fr\/citations?hl=fr&amp;pli=1&amp;user=Zrs-faIAAAAJ\"><img loading=\"lazy\" decoding=\"async\" class=\"alignleft wp-image-13561 size-full\" src=\"https:\/\/www.cdta.dz\/wp-content\/uploads\/2019\/12\/Profile-homme-1-150x150-2.jpg\" alt=\"\" width=\"150\" height=\"150\" srcset=\"https:\/\/www.cdta.dz\/wp-content\/uploads\/2019\/12\/Profile-homme-1-150x150-2.jpg 150w, https:\/\/www.cdta.dz\/wp-content\/uploads\/2019\/12\/Profile-homme-1-150x150-2-60x60.jpg 60w\" sizes=\"auto, (max-width: 150px) 100vw, 150px\" \/><\/a>Nabil Zerrouki<\/p>\n<p>Ma\u00eetre de Recherche B<\/p>\n<p>&nbsp;<\/p>\n<p>&nbsp;<\/p>\n<p>&nbsp;<\/p>\n<p>&nbsp;<\/p>\n<p><img loading=\"lazy\" decoding=\"async\" class=\"wp-image-13508 size-thumbnail alignleft\" src=\"https:\/\/www.cdta.dz\/wp-content\/uploads\/2019\/12\/Profile-femme-1-150x150.jpg\" alt=\"\" width=\"150\" height=\"150\" srcset=\"https:\/\/www.cdta.dz\/wp-content\/uploads\/2019\/12\/Profile-femme-1-150x150.jpg 150w, https:\/\/www.cdta.dz\/wp-content\/uploads\/2019\/12\/Profile-femme-1-200x200.jpg 200w, https:\/\/www.cdta.dz\/wp-content\/uploads\/2019\/12\/Profile-femme-1-60x60.jpg 60w\" sizes=\"auto, (max-width: 150px) 100vw, 150px\" \/>Assia Baouta<\/p>\n<p>Attach\u00e9e de Recherche<\/p>\n<p>&nbsp;<\/p>\n<p>&nbsp;<\/p>\n<p>&nbsp;<\/p>\n<p>&nbsp;<\/p>\n<p><a href=\"https:\/\/scholar.google.fr\/citations?hl=fr&amp;pli=1&amp;user=Zrs-faIAAAAJ\"><img loading=\"lazy\" decoding=\"async\" class=\"alignleft wp-image-13561 size-full\" src=\"https:\/\/www.cdta.dz\/wp-content\/uploads\/2019\/12\/Profile-homme-1-150x150-2.jpg\" alt=\"\" width=\"150\" height=\"150\" srcset=\"https:\/\/www.cdta.dz\/wp-content\/uploads\/2019\/12\/Profile-homme-1-150x150-2.jpg 150w, https:\/\/www.cdta.dz\/wp-content\/uploads\/2019\/12\/Profile-homme-1-150x150-2-60x60.jpg 60w\" sizes=\"auto, (max-width: 150px) 100vw, 150px\" \/><\/a>Lotfi Hocini<\/p>\n<p>Attach\u00e9 de Recherche<\/p>\n<p>&nbsp;<\/p>\n<p>&nbsp;<\/p>\n<p>&nbsp;<\/p>\n<p>&nbsp;<\/p>\n<p><img loading=\"lazy\" decoding=\"async\" class=\"wp-image-13508 size-thumbnail alignleft\" src=\"https:\/\/www.cdta.dz\/wp-content\/uploads\/2019\/12\/Profile-femme-1-150x150.jpg\" alt=\"\" width=\"150\" height=\"150\" srcset=\"https:\/\/www.cdta.dz\/wp-content\/uploads\/2019\/12\/Profile-femme-1-150x150.jpg 150w, https:\/\/www.cdta.dz\/wp-content\/uploads\/2019\/12\/Profile-femme-1-200x200.jpg 200w, https:\/\/www.cdta.dz\/wp-content\/uploads\/2019\/12\/Profile-femme-1-60x60.jpg 60w\" sizes=\"auto, (max-width: 150px) 100vw, 150px\" \/>Yamina Bennamane<\/p>\n<p>Ing\u00e9nieur<\/p>\n<p>&nbsp;<\/p>\n<p>&nbsp;<\/p>\n<p>&nbsp;<\/p>\n<p>&nbsp;<\/p>\n<p><img loading=\"lazy\" decoding=\"async\" class=\"wp-image-13508 size-thumbnail alignleft\" src=\"https:\/\/www.cdta.dz\/wp-content\/uploads\/2019\/12\/Profile-femme-1-150x150.jpg\" alt=\"\" width=\"150\" height=\"150\" srcset=\"https:\/\/www.cdta.dz\/wp-content\/uploads\/2019\/12\/Profile-femme-1-150x150.jpg 150w, https:\/\/www.cdta.dz\/wp-content\/uploads\/2019\/12\/Profile-femme-1-200x200.jpg 200w, https:\/\/www.cdta.dz\/wp-content\/uploads\/2019\/12\/Profile-femme-1-60x60.jpg 60w\" sizes=\"auto, (max-width: 150px) 100vw, 150px\" \/>Meriem Khelladi<\/p>\n<p>Ing\u00e9nieur<\/p>\n","protected":false},"excerpt":{"rendered":"<p>Members de l&rsquo;\u00e9quipe DIIM &nbsp; Djamel Bouchaffra Directeur de Recherche &nbsp; &nbsp; &nbsp; &nbsp; Nabil Zerrouki Ma\u00eetre de Recherche B &nbsp; &nbsp; &nbsp; &nbsp; Assia Baouta Attach\u00e9e de Recherche &nbsp; &nbsp; &nbsp; &nbsp; Lotfi Hocini Attach\u00e9 de Recherche &nbsp; &nbsp; &nbsp; &nbsp; Yamina Bennamane Ing\u00e9nieur &nbsp; &nbsp; &nbsp; &nbsp; Meriem Khelladi Ing\u00e9nieur<\/p>\n","protected":false},"author":46,"featured_media":8938,"parent":7710,"menu_order":0,"comment_status":"closed","ping_status":"closed","template":"division-page.php","meta":{"footnotes":""},"class_list":["post-13741","page","type-page","status-publish","has-post-thumbnail","hentry"],"_links":{"self":[{"href":"https:\/\/www.cdta.dz\/fr\/wp-json\/wp\/v2\/pages\/13741\/"}],"collection":[{"href":"https:\/\/www.cdta.dz\/fr\/wp-json\/wp\/v2\/pages\/"}],"about":[{"href":"https:\/\/www.cdta.dz\/fr\/wp-json\/wp\/v2\/types\/page\/"}],"author":[{"embeddable":true,"href":"https:\/\/www.cdta.dz\/fr\/wp-json\/wp\/v2\/users\/46\/"}],"replies":[{"embeddable":true,"href":"https:\/\/www.cdta.dz\/fr\/wp-json\/wp\/v2\/comments\/?post=13741"}],"version-history":[{"count":1,"href":"https:\/\/www.cdta.dz\/fr\/wp-json\/wp\/v2\/pages\/13741\/revisions\/"}],"predecessor-version":[{"id":13742,"href":"https:\/\/www.cdta.dz\/fr\/wp-json\/wp\/v2\/pages\/13741\/revisions\/13742\/"}],"up":[{"embeddable":true,"href":"https:\/\/www.cdta.dz\/fr\/wp-json\/wp\/v2\/pages\/7710\/"}],"wp:featuredmedia":[{"embeddable":true,"href":"https:\/\/www.cdta.dz\/fr\/wp-json\/wp\/v2\/media\/8938\/"}],"wp:attachment":[{"href":"https:\/\/www.cdta.dz\/fr\/wp-json\/wp\/v2\/media\/?parent=13741"}],"curies":[{"name":"wp","href":"https:\/\/api.w.org\/{rel}","templated":true}]}}