{"id":13745,"date":"2019-12-29T10:25:25","date_gmt":"2019-12-29T10:25:25","guid":{"rendered":"http:\/\/10.1.5.53\/?page_id=13745"},"modified":"2019-12-31T09:20:52","modified_gmt":"2019-12-31T09:20:52","slug":"members-tsam","status":"publish","type":"page","link":"https:\/\/www.cdta.dz\/fr\/recherche-et-technologie\/divisions\/division-architecture-des-systemes-et-multimedia\/equipe-traitement-du-signal-et-applications-medicales\/members-tsam\/","title":{"rendered":"Members de l&rsquo;\u00e9quipe TSAM"},"content":{"rendered":"<h2><strong>Members de l&rsquo;\u00e9quipe TSAM<\/strong><\/h2>\n<p>&nbsp;<\/p>\n<p><img loading=\"lazy\" decoding=\"async\" class=\"size-full wp-image-13561 alignleft\" src=\"https:\/\/www.cdta.dz\/wp-content\/uploads\/2019\/12\/Profile-homme-1-150x150-2.jpg\" alt=\"\" width=\"150\" height=\"150\" srcset=\"https:\/\/www.cdta.dz\/wp-content\/uploads\/2019\/12\/Profile-homme-1-150x150-2.jpg 150w, https:\/\/www.cdta.dz\/wp-content\/uploads\/2019\/12\/Profile-homme-1-150x150-2-60x60.jpg 60w\" sizes=\"auto, (max-width: 150px) 100vw, 150px\" \/>YKHLEF Fay\u00e7al<\/p>\n<p>Ma\u00eetre de Recherche B<\/p>\n<p>fykhlef@cdta.dz<\/p>\n<p>&nbsp;<\/p>\n<p>&nbsp;<\/p>\n<p>&nbsp;<\/p>\n<p><img loading=\"lazy\" decoding=\"async\" class=\"size-full wp-image-13561 alignleft\" src=\"https:\/\/www.cdta.dz\/wp-content\/uploads\/2019\/12\/Profile-homme-1-150x150-2.jpg\" alt=\"\" width=\"150\" height=\"150\" srcset=\"https:\/\/www.cdta.dz\/wp-content\/uploads\/2019\/12\/Profile-homme-1-150x150-2.jpg 150w, https:\/\/www.cdta.dz\/wp-content\/uploads\/2019\/12\/Profile-homme-1-150x150-2-60x60.jpg 60w\" sizes=\"auto, (max-width: 150px) 100vw, 150px\" \/>MEROUBI Hamid<\/p>\n<p>Charg\u00e9 de Recherche<\/p>\n<p>hmeraoubi@cdta.dz<\/p>\n<p>&nbsp;<\/p>\n<p>&nbsp;<\/p>\n<p>&nbsp;<\/p>\n<p><img loading=\"lazy\" decoding=\"async\" class=\"wp-image-13508 size-thumbnail alignleft\" src=\"https:\/\/www.cdta.dz\/wp-content\/uploads\/2019\/12\/Profile-femme-1-150x150.jpg\" alt=\"\" width=\"150\" height=\"150\" srcset=\"https:\/\/www.cdta.dz\/wp-content\/uploads\/2019\/12\/Profile-femme-1-150x150.jpg 150w, https:\/\/www.cdta.dz\/wp-content\/uploads\/2019\/12\/Profile-femme-1-200x200.jpg 200w, https:\/\/www.cdta.dz\/wp-content\/uploads\/2019\/12\/Profile-femme-1-60x60.jpg 60w\" sizes=\"auto, (max-width: 150px) 100vw, 150px\" \/>BENZABA Wahiba<\/p>\n<p>Ing\u00e9nieur de Recherche Conseill\u00e9<\/p>\n<p>wbenzaba@cdta.dz<\/p>\n<p>&nbsp;<\/p>\n<p>&nbsp;<\/p>\n<p>&nbsp;<\/p>\n<p><img loading=\"lazy\" decoding=\"async\" class=\"wp-image-13508 size-thumbnail alignleft\" src=\"https:\/\/www.cdta.dz\/wp-content\/uploads\/2019\/12\/Profile-femme-1-150x150.jpg\" alt=\"\" width=\"150\" height=\"150\" srcset=\"https:\/\/www.cdta.dz\/wp-content\/uploads\/2019\/12\/Profile-femme-1-150x150.jpg 150w, https:\/\/www.cdta.dz\/wp-content\/uploads\/2019\/12\/Profile-femme-1-200x200.jpg 200w, https:\/\/www.cdta.dz\/wp-content\/uploads\/2019\/12\/Profile-femme-1-60x60.jpg 60w\" sizes=\"auto, (max-width: 150px) 100vw, 150px\" \/>BOUTALEB Retiba<\/p>\n<p>Ing\u00e9nieur de Recherche<\/p>\n<p>rboutaleb@cdta.dz<\/p>\n<p>&nbsp;<\/p>\n<p>&nbsp;<\/p>\n<p>&nbsp;<\/p>\n<p><img loading=\"lazy\" decoding=\"async\" class=\"size-full wp-image-13561 alignleft\" src=\"https:\/\/www.cdta.dz\/wp-content\/uploads\/2019\/12\/Profile-homme-1-150x150-2.jpg\" alt=\"\" width=\"150\" height=\"150\" srcset=\"https:\/\/www.cdta.dz\/wp-content\/uploads\/2019\/12\/Profile-homme-1-150x150-2.jpg 150w, https:\/\/www.cdta.dz\/wp-content\/uploads\/2019\/12\/Profile-homme-1-150x150-2-60x60.jpg 60w\" sizes=\"auto, (max-width: 150px) 100vw, 150px\" \/>DERBAL Abdeladhime<\/p>\n<p>Ing\u00e9nieur \/ Doctorant<\/p>\n<p>aderbal@cdta.dz<\/p>\n","protected":false},"excerpt":{"rendered":"<p>Members de l&rsquo;\u00e9quipe TSAM &nbsp; YKHLEF Fay\u00e7al Ma\u00eetre de Recherche B fykhlef@cdta.dz &nbsp; &nbsp; &nbsp; MEROUBI Hamid Charg\u00e9 de Recherche hmeraoubi@cdta.dz &nbsp; &nbsp; &nbsp; BENZABA Wahiba Ing\u00e9nieur de Recherche Conseill\u00e9 wbenzaba@cdta.dz &nbsp; &nbsp; &nbsp; BOUTALEB Retiba Ing\u00e9nieur de Recherche rboutaleb@cdta.dz &nbsp; &nbsp; &nbsp; DERBAL Abdeladhime Ing\u00e9nieur \/ Doctorant aderbal@cdta.dz<\/p>\n","protected":false},"author":46,"featured_media":8938,"parent":7563,"menu_order":0,"comment_status":"closed","ping_status":"closed","template":"division-page.php","meta":{"footnotes":""},"class_list":["post-13745","page","type-page","status-publish","has-post-thumbnail","hentry"],"_links":{"self":[{"href":"https:\/\/www.cdta.dz\/fr\/wp-json\/wp\/v2\/pages\/13745\/"}],"collection":[{"href":"https:\/\/www.cdta.dz\/fr\/wp-json\/wp\/v2\/pages\/"}],"about":[{"href":"https:\/\/www.cdta.dz\/fr\/wp-json\/wp\/v2\/types\/page\/"}],"author":[{"embeddable":true,"href":"https:\/\/www.cdta.dz\/fr\/wp-json\/wp\/v2\/users\/46\/"}],"replies":[{"embeddable":true,"href":"https:\/\/www.cdta.dz\/fr\/wp-json\/wp\/v2\/comments\/?post=13745"}],"version-history":[{"count":4,"href":"https:\/\/www.cdta.dz\/fr\/wp-json\/wp\/v2\/pages\/13745\/revisions\/"}],"predecessor-version":[{"id":13782,"href":"https:\/\/www.cdta.dz\/fr\/wp-json\/wp\/v2\/pages\/13745\/revisions\/13782\/"}],"up":[{"embeddable":true,"href":"https:\/\/www.cdta.dz\/fr\/wp-json\/wp\/v2\/pages\/7563\/"}],"wp:featuredmedia":[{"embeddable":true,"href":"https:\/\/www.cdta.dz\/fr\/wp-json\/wp\/v2\/media\/8938\/"}],"wp:attachment":[{"href":"https:\/\/www.cdta.dz\/fr\/wp-json\/wp\/v2\/media\/?parent=13745"}],"curies":[{"name":"wp","href":"https:\/\/api.w.org\/{rel}","templated":true}]}}