{"id":14167,"date":"2020-03-01T08:30:58","date_gmt":"2020-03-01T08:30:58","guid":{"rendered":"http:\/\/10.1.5.53\/?page_id=14167"},"modified":"2020-03-08T10:15:45","modified_gmt":"2020-03-08T10:15:45","slug":"plateforme-academique-pour-la-conception-full-custom-de-circuits-integres-en-technologie-cmos-1-%c2%b5m","status":"publish","type":"page","link":"https:\/\/www.cdta.dz\/fr\/recherche-et-technologie\/plateformes-technologiques\/plateforme-de-micro-fabrication\/section-de-conception-digitale-analogue-et-microelectromecanique\/plateforme-academique-pour-la-conception-full-custom-de-circuits-integres-en-technologie-cmos-1-%c2%b5m\/","title":{"rendered":"Plateforme acad\u00e9mique pour la conception full-custom de circuits int\u00e9gr\u00e9s en technologie CMOS 1-um"},"content":{"rendered":"<p>[vc_row][vc_column][vc_column_text]<\/p>\n<h2><\/h2>\n<h2 style=\"text-align: center;\"><span style=\"color: #3366ff;\"><strong>Plateforme acad\u00e9mique pour la conception full-custom de circuits int\u00e9gr\u00e9s en technologie CMOS 1-\u00b5m<\/strong><\/span><\/h2>\n<p>&nbsp;<\/p>\n<p>[\/vc_column_text][vc_single_image image=\u00a0\u00bb14175&Prime; img_size=\u00a0\u00bbfull\u00a0\u00bb add_caption=\u00a0\u00bbyes\u00a0\u00bb alignment=\u00a0\u00bbcenter\u00a0\u00bb style=\u00a0\u00bbvc_box_shadow\u00a0\u00bb onclick=\u00a0\u00bbzoom\u00a0\u00bb css_animation=\u00a0\u00bbfadeInLeft\u00a0\u00bb][vc_column_text]<\/p>\n<p>&nbsp;<\/p>\n<p>En vue de promouvoir l\u2019enseignement de la conception de circuits int\u00e9gr\u00e9s, la plateforme technologique de microfabrication (PTM) met \u00e0 la disposition de la communaut\u00e9 universitaire, enseignants et \u00a0\u00e9tudiants, une plateforme acad\u00e9mique pour la conception full-custom de circuits int\u00e9gr\u00e9s en technologie CMOS 1-\u00b5m. Cette plateforme est bas\u00e9e sur un package d\u2019outils de conception \u00e0 acc\u00e8s libre \u00e0 savoir Glade, Spice Opus, et LTspice. Ces outils permettent de\u00a0:<\/p>\n<ul>\n<li>Editer un sch\u00e9ma \u00e9lectrique d\u2019un circuit\u00a0;<\/li>\n<li>Simuler un circuit et visualiser ses r\u00e9sultats de simulations\u00a0;<\/li>\n<li>R\u00e9aliser le dessin de masques (Layout) et le v\u00e9rifier.<\/li>\n<\/ul>\n<p>Pour installer et travailler sur cette plateforme, vous pouvez la t\u00e9l\u00e9charger en fichier zip \u00e0 partir du lien suivant\u00a0:<\/p>\n<p><span style=\"color: #3366ff;\"><a style=\"color: #3366ff;\" href=\"https:\/\/drive.google.com\/open?id=19tOI_kyZxJcEvMWNQY-7afa7SvzXOBgX\" target=\"_blank\" rel=\"noopener noreferrer\">https:\/\/drive.google.com\/open?id=19tOI_kyZxJcEvMWNQY-7afa7SvzXOBgX<\/a><\/span><\/p>\n<p>Consultez r\u00e9guli\u00e8rement notre page web pour toute nouveaut\u00e9 concernant les exemples de conception de circuits int\u00e9gr\u00e9s que nous allons mettre \u00e0 votre disposition.[\/vc_column_text][\/vc_column][\/vc_row]<\/p>\n","protected":false},"excerpt":{"rendered":"<p>[vc_row][vc_column][vc_column_text] Plateforme acad\u00e9mique pour la conception full-custom de circuits int\u00e9gr\u00e9s en technologie CMOS 1-\u00b5m &nbsp; [\/vc_column_text][vc_single_image image=\u00a0\u00bb14175&Prime; img_size=\u00a0\u00bbfull\u00a0\u00bb add_caption=\u00a0\u00bbyes\u00a0\u00bb alignment=\u00a0\u00bbcenter\u00a0\u00bb style=\u00a0\u00bbvc_box_shadow\u00a0\u00bb onclick=\u00a0\u00bbzoom\u00a0\u00bb css_animation=\u00a0\u00bbfadeInLeft\u00a0\u00bb][vc_column_text] &nbsp; En vue de promouvoir l\u2019enseignement de la conception de circuits int\u00e9gr\u00e9s, la plateforme technologique de microfabrication (PTM) met \u00e0 la disposition de la communaut\u00e9 universitaire, enseignants et \u00a0\u00e9tudiants, une plateforme acad\u00e9mique [&hellip;]<\/p>\n","protected":false},"author":46,"featured_media":0,"parent":6878,"menu_order":0,"comment_status":"closed","ping_status":"closed","template":"division-page.php","meta":{"footnotes":""},"class_list":["post-14167","page","type-page","status-publish","hentry"],"_links":{"self":[{"href":"https:\/\/www.cdta.dz\/fr\/wp-json\/wp\/v2\/pages\/14167\/"}],"collection":[{"href":"https:\/\/www.cdta.dz\/fr\/wp-json\/wp\/v2\/pages\/"}],"about":[{"href":"https:\/\/www.cdta.dz\/fr\/wp-json\/wp\/v2\/types\/page\/"}],"author":[{"embeddable":true,"href":"https:\/\/www.cdta.dz\/fr\/wp-json\/wp\/v2\/users\/46\/"}],"replies":[{"embeddable":true,"href":"https:\/\/www.cdta.dz\/fr\/wp-json\/wp\/v2\/comments\/?post=14167"}],"version-history":[{"count":10,"href":"https:\/\/www.cdta.dz\/fr\/wp-json\/wp\/v2\/pages\/14167\/revisions\/"}],"predecessor-version":[{"id":14189,"href":"https:\/\/www.cdta.dz\/fr\/wp-json\/wp\/v2\/pages\/14167\/revisions\/14189\/"}],"up":[{"embeddable":true,"href":"https:\/\/www.cdta.dz\/fr\/wp-json\/wp\/v2\/pages\/6878\/"}],"wp:attachment":[{"href":"https:\/\/www.cdta.dz\/fr\/wp-json\/wp\/v2\/media\/?parent=14167"}],"curies":[{"name":"wp","href":"https:\/\/api.w.org\/{rel}","templated":true}]}}