{"id":245,"date":"2015-06-23T06:08:22","date_gmt":"2015-06-23T06:08:22","guid":{"rendered":"http:\/\/10.1.5.53\/?page_id=245"},"modified":"2019-11-13T19:04:14","modified_gmt":"2019-11-13T19:04:14","slug":"nous-contacter","status":"publish","type":"page","link":"https:\/\/www.cdta.dz\/fr\/communication\/contact\/nous-contacter\/","title":{"rendered":"Nous contacter"},"content":{"rendered":"<p>[vc_row][vc_column css=\u00a0\u00bb.vc_custom_1545239297859{padding-top: 30px !important;padding-right: 30px !important;padding-bottom: 30px !important;padding-left: 30px !important;background-color: #ffffff !important;}\u00a0\u00bb]<section class=\"site-block white  border-top-off\" id=\"section-contact\"><div class=\"row large\"> <div class=\"col-md-6 col-sm-6\"> <h3 class=\"font-w700 margin-b40\">Nous contacter<\/h3><div class=\"data-form\"><div class=\"row\">\n<div class=\"wpcf7 no-js\" id=\"wpcf7-f6057-o1\" lang=\"fr-FR\" dir=\"ltr\">\n<div class=\"screen-reader-response\"><p role=\"status\" aria-live=\"polite\" aria-atomic=\"true\"><\/p> <ul><\/ul><\/div>\n<form action=\"\/fr\/wp-json\/wp\/v2\/pages\/245\/#wpcf7-f6057-o1\" method=\"post\" class=\"wpcf7-form init\" aria-label=\"Contact form\" novalidate=\"novalidate\" data-status=\"init\">\n<div style=\"display: none;\">\n<input type=\"hidden\" name=\"_wpcf7\" value=\"6057\" \/>\n<input type=\"hidden\" name=\"_wpcf7_version\" value=\"5.7.7\" \/>\n<input type=\"hidden\" name=\"_wpcf7_locale\" value=\"fr_FR\" \/>\n<input type=\"hidden\" name=\"_wpcf7_unit_tag\" value=\"wpcf7-f6057-o1\" \/>\n<input type=\"hidden\" name=\"_wpcf7_container_post\" value=\"0\" \/>\n<input type=\"hidden\" name=\"_wpcf7_posted_data_hash\" value=\"\" \/>\n<input type=\"hidden\" name=\"_wpcf7_recaptcha_response\" value=\"\" \/>\n<\/div>\n<div class=\"col-md-6\">\n\t<p><label>Nom <span class=\"text-red\">*<\/span><\/label><br \/>\n<span class=\"wpcf7-form-control-wrap\" data-name=\"text-198\"><input size=\"40\" class=\"wpcf7-form-control wpcf7-text wpcf7-validates-as-required\" aria-required=\"true\" aria-invalid=\"false\" placeholder=\"Entrez votre nom\" value=\"\" type=\"text\" name=\"text-198\" \/><\/span>\n\t<\/p>\n<\/div>\n<div class=\"col-md-6\">\n\t<p><label>Pr\u00e9nom <span class=\"text-red\">*<\/span><\/label><br \/>\n<span class=\"wpcf7-form-control-wrap\" data-name=\"text-207\"><input size=\"40\" class=\"wpcf7-form-control wpcf7-text wpcf7-validates-as-required\" aria-required=\"true\" aria-invalid=\"false\" placeholder=\"Entrez votre pr\u00e9nom\" value=\"\" type=\"text\" name=\"text-207\" \/><\/span>\n\t<\/p>\n<\/div>\n<div class=\"col-md-6\">\n\t<p><label>Email <span class=\"text-red\">*<\/span><\/label><br \/>\n<span class=\"wpcf7-form-control-wrap\" data-name=\"email-425\"><input size=\"40\" class=\"wpcf7-form-control wpcf7-text wpcf7-email wpcf7-validates-as-required wpcf7-validates-as-email\" aria-required=\"true\" aria-invalid=\"false\" placeholder=\"Entrez votre email\" value=\"\" type=\"email\" name=\"email-425\" \/><\/span>\n\t<\/p>\n<\/div>\n<div class=\"col-md-6\">\n\t<p><label>T\u00e9l\u00e9phone<\/label><br \/>\n<span class=\"wpcf7-form-control-wrap\" data-name=\"text-828\"><input size=\"40\" class=\"wpcf7-form-control wpcf7-text\" aria-invalid=\"false\" placeholder=\"Entrez votre t\u00e9l\u00e9phone\" value=\"\" type=\"text\" name=\"text-828\" \/><\/span>\n\t<\/p>\n<\/div>\n<div class=\"col-md-12\">\n\t<p><label>Sujet <span class=\"text-red\">*<\/span><\/label><br \/>\n<span class=\"wpcf7-form-control-wrap\" data-name=\"text-614\"><input size=\"40\" class=\"wpcf7-form-control wpcf7-text wpcf7-validates-as-required\" aria-required=\"true\" aria-invalid=\"false\" placeholder=\"Entrez votre sujet\" value=\"\" type=\"text\" name=\"text-614\" \/><\/span>\n\t<\/p>\n<\/div>\n<div class=\"col-md-12\">\n\t<p><label>Message <span class=\"text-red\">*<\/span><\/label><br \/>\n<span class=\"wpcf7-form-control-wrap\" data-name=\"textarea-508\"><textarea cols=\"6\" rows=\"8\" class=\"wpcf7-form-control wpcf7-textarea wpcf7-validates-as-required\" aria-required=\"true\" aria-invalid=\"false\" placeholder=\"Entrez votre message\" name=\"textarea-508\"><\/textarea><\/span>\n\t<\/p>\n<\/div>\n<div class=\"col-md-12\">\n\t<p><input class=\"wpcf7-form-control has-spinner wpcf7-submit btn btn-red\" type=\"submit\" value=\"Envoyer\" \/>\n\t<\/p>\n<\/div><div class=\"wpcf7-response-output\" aria-hidden=\"true\"><\/div>\n<\/form>\n<\/div>\n<\/div> <\/div><div class=\"mobile-space\"><\/div> <\/div><div class=\"col-md-6 col-sm-6\"><h3 class=\"font-w700 margin-b40\">INFO DE CONTACT<\/h3><h4 class=\"margin-b20\">Si\u00e8ge social<\/h4><ul class=\"contact-list\"><li><i class=\"fa fa-map-marker\"><\/i>Cit\u00e9 20 ao\u00fbt 1956 Baba Hassen, Alger, Alg\u00e9rie<\/li><li><i class=\"fa fa-phone\"><\/i>+213(0) 23 35 22 60\/68<\/li><li><i class=\"fa fa-phone\"><\/i>+213(0) 23 35 22 65<\/li><li><i class=\"fa fa-fax\"><\/i>+213(0) 23 35 22 63<\/li><li><i class=\"fa fa-send\"><\/i><a class=\"btn btn-link\" href=\"mailto:contact@cdta.dz\">contact@cdta.dz<\/a><\/li> <\/ul><hr class=\"margin-v40\"><h4 class=\"margin-b20\">Follow Us On Social Media<\/h4><ul class=\"social-icons social-round social-hovered clearfix\"><li class=\"facebook\"><a style=\"background-color:#3b579a;\" title=\"facebook\" target=\"_blank\" href=\"https:\/\/www.facebook.com\/cdta.dz.official\/\"><i class=\"fa fa-facebook\"><\/i><\/a><\/li><li class=\"twitter\"><a style=\"background-color:#01b9f5;\" title=\"twitter\" target=\"_blank\" href=\"\"><i class=\"fa fa-twitter\"><\/i><\/a><\/li><li class=\"linkedin\"><a style=\"background-color:#1483c3;\" title=\"linkedin\" target=\"_blank\" href=\"\"><i class=\"fa fa-linkedin\"><\/i><\/a><\/li><li class=\"youtube\"><a style=\"background-color:#ff0000;\" title=\"youtube\" target=\"_blank\" href=\"https:\/\/www.youtube.com\/channel\/UCsry-zaI3fP9Ju9L6OBMGDg\"><i class=\"fa fa-youtube\"><\/i><\/a><\/li><li class=\"pinterest\"><a style=\"background-color:#bd081c;\" title=\"pinterest\" target=\"_blank\" href=\"\"><i class=\"fa fa-pinterest\"><\/i><\/a><\/li><\/ul> <\/div><\/div><\/section>[\/vc_column][\/vc_row][vc_row][vc_column][vc_gmaps link=\u00a0\u00bb#E-8_JTNDaWZyYW1lJTIwc3JjJTNEJTIyaHR0cHMlM0ElMkYlMkZ3d3cuZ29vZ2xlLmNvbSUyRm1hcHMlMkZlbWJlZCUzRnBiJTNEJTIxMW0xOCUyMTFtMTIlMjExbTMlMjExZDMxOTkuMzc2NDMwMjMzNzgzNiUyMTJkMi45Nzk2ODgzMTUzMzEwODc0JTIxM2QzNi42ODk0OTEyODE2MjM0MiUyMTJtMyUyMTFmMCUyMTJmMCUyMTNmMCUyMTNtMiUyMTFpMTAyNCUyMTJpNzY4JTIxNGYxMy4xJTIxM20zJTIxMW0yJTIxMXMweDEyOGZhZWUzYTJiOTQ1YjElMjUzQTB4ZTA4NjUxNDUyM2JjNWZhZiUyMTJzQ2VudHJlJTJCZGUlMkJEJTI1QzMlMjVBOXZlbG9wcGVtZW50JTJCZGVzJTJCVGVjaG5vbG9naWVzJTJCQXZhbmMlMjVDMyUyNUE5ZXMlMkJDRFRBJTIxNWUwJTIxM20yJTIxMXNmciUyMTJzZHolMjE0djE1NTU1MjgyNjM1OTglMjE1bTIlMjExc2ZyJTIxMnNkeiUyMiUyMHdpZHRoJTNEJTIyODAwJTIyJTIwaGVpZ2h0JTNEJTIyNDUwJTIyJTIwZnJhbWVib3JkZXIlM0QlMjIwJTIyJTIwc3R5bGUlM0QlMjJib3JkZXIlM0EwJTIyJTIwYWxsb3dmdWxsc2NyZWVuJTNFJTNDJTJGaWZyYW1lJTNF\u00a0\u00bb size=\u00a0\u00bb450px\u00a0\u00bb][\/vc_column][\/vc_row]<\/p>\n","protected":false},"excerpt":{"rendered":"<p>[vc_row][vc_column css=\u00a0\u00bb.vc_custom_1545239297859{padding-top: 30px !important;padding-right: 30px !important;padding-bottom: 30px !important;padding-left: 30px !important;background-color: #ffffff !important;}\u00a0\u00bb][\/vc_column][\/vc_row][vc_row][vc_column][vc_gmaps link=\u00a0\u00bb#E-8_JTNDaWZyYW1lJTIwc3JjJTNEJTIyaHR0cHMlM0ElMkYlMkZ3d3cuZ29vZ2xlLmNvbSUyRm1hcHMlMkZlbWJlZCUzRnBiJTNEJTIxMW0xOCUyMTFtMTIlMjExbTMlMjExZDMxOTkuMzc2NDMwMjMzNzgzNiUyMTJkMi45Nzk2ODgzMTUzMzEwODc0JTIxM2QzNi42ODk0OTEyODE2MjM0MiUyMTJtMyUyMTFmMCUyMTJmMCUyMTNmMCUyMTNtMiUyMTFpMTAyNCUyMTJpNzY4JTIxNGYxMy4xJTIxM20zJTIxMW0yJTIxMXMweDEyOGZhZWUzYTJiOTQ1YjElMjUzQTB4ZTA4NjUxNDUyM2JjNWZhZiUyMTJzQ2VudHJlJTJCZGUlMkJEJTI1QzMlMjVBOXZlbG9wcGVtZW50JTJCZGVzJTJCVGVjaG5vbG9naWVzJTJCQXZhbmMlMjVDMyUyNUE5ZXMlMkJDRFRBJTIxNWUwJTIxM20yJTIxMXNmciUyMTJzZHolMjE0djE1NTU1MjgyNjM1OTglMjE1bTIlMjExc2ZyJTIxMnNkeiUyMiUyMHdpZHRoJTNEJTIyODAwJTIyJTIwaGVpZ2h0JTNEJTIyNDUwJTIyJTIwZnJhbWVib3JkZXIlM0QlMjIwJTIyJTIwc3R5bGUlM0QlMjJib3JkZXIlM0EwJTIyJTIwYWxsb3dmdWxsc2NyZWVuJTNFJTNDJTJGaWZyYW1lJTNF\u00a0\u00bb size=\u00a0\u00bb450px\u00a0\u00bb][\/vc_column][\/vc_row]<\/p>\n","protected":false},"author":45,"featured_media":2195,"parent":5576,"menu_order":0,"comment_status":"open","ping_status":"closed","template":"fullwidth-page.php","meta":{"footnotes":""},"class_list":["post-245","page","type-page","status-publish","has-post-thumbnail","hentry"],"_links":{"self":[{"href":"https:\/\/www.cdta.dz\/fr\/wp-json\/wp\/v2\/pages\/245\/"}],"collection":[{"href":"https:\/\/www.cdta.dz\/fr\/wp-json\/wp\/v2\/pages\/"}],"about":[{"href":"https:\/\/www.cdta.dz\/fr\/wp-json\/wp\/v2\/types\/page\/"}],"author":[{"embeddable":true,"href":"https:\/\/www.cdta.dz\/fr\/wp-json\/wp\/v2\/users\/45\/"}],"replies":[{"embeddable":true,"href":"https:\/\/www.cdta.dz\/fr\/wp-json\/wp\/v2\/comments\/?post=245"}],"version-history":[{"count":0,"href":"https:\/\/www.cdta.dz\/fr\/wp-json\/wp\/v2\/pages\/245\/revisions\/"}],"up":[{"embeddable":true,"href":"https:\/\/www.cdta.dz\/fr\/wp-json\/wp\/v2\/pages\/5576\/"}],"wp:featuredmedia":[{"embeddable":true,"href":"https:\/\/www.cdta.dz\/fr\/wp-json\/wp\/v2\/media\/2195\/"}],"wp:attachment":[{"href":"https:\/\/www.cdta.dz\/fr\/wp-json\/wp\/v2\/media\/?parent=245"}],"curies":[{"name":"wp","href":"https:\/\/api.w.org\/{rel}","templated":true}]}}