{"id":2698,"date":"2019-03-13T17:49:25","date_gmt":"2019-03-13T17:49:25","guid":{"rendered":"http:\/\/10.1.5.53\/?page_id=2698"},"modified":"2024-11-27T11:05:18","modified_gmt":"2024-11-27T11:05:18","slug":"division-telecom","status":"publish","type":"page","link":"https:\/\/www.cdta.dz\/fr\/recherche-et-technologie\/divisions\/division-telecom\/","title":{"rendered":"Division T\u00e9l\u00e9com"},"content":{"rendered":"<p>[vc_row][vc_column][vc_column_text el_class=\u00a0\u00bbtext-justify\u00a0\u00bb]<\/p>\n<h1><strong><img loading=\"lazy\" decoding=\"async\" class=\"size-medium wp-image-12664 aligncenter\" src=\"https:\/\/www.cdta.dz\/wp-content\/uploads\/2019\/11\/DT-Logo-300x91.jpg\" alt=\"\" width=\"300\" height=\"91\" srcset=\"https:\/\/www.cdta.dz\/wp-content\/uploads\/2019\/11\/DT-Logo-300x91.jpg 300w, https:\/\/www.cdta.dz\/wp-content\/uploads\/2019\/11\/DT-Logo-768x233.jpg 768w, https:\/\/www.cdta.dz\/wp-content\/uploads\/2019\/11\/DT-Logo.jpg 1024w\" sizes=\"auto, (max-width: 300px) 100vw, 300px\" \/><\/strong><\/h1>\n<h2><span style=\"color: #000000;\"><strong>Division T\u00e9l\u00e9com (DT)\u00a0<\/strong><\/span><\/h2>\n<h3><span style=\"color: #000000;\"><strong>Pr\u00e9sentation de la division<\/strong><\/span><\/h3>\n<p>Depuis sa cr\u00e9ation en 2014, la\u00a0 Division\u00a0 T\u00e9l\u00e9com\u00a0 est\u00a0 charg\u00e9e\u00a0 de mener\u00a0 des\u00a0 \u00e9tudes\u00a0 et\u00a0 des\u00a0 travaux\u00a0 de\u00a0 recherche sur\u00a0 les\u00a0 domaines\u00a0 des\u00a0 antennes\u00a0 et\u00a0 de\u00a0 la propagation\u00a0 des\u00a0 signaux,\u00a0 des\u00a0 communications Sans-fils,\u00a0 des\u00a0 r\u00e9seaux\u00a0 et\u00a0 protocoles\u00a0 de communication,\u00a0 des\u00a0 syst\u00e8mes\u00a0 d\u2019information\u00a0 et\u00a0 de communication,\u00a0 du\u00a0 calcul\u00a0 sur\u00a0 Cloud,\u00a0 de\u00a0 l\u2019ing\u00e9nierie\u00a0 des connaissances,\u00a0 du\u00a0 traitement\u00a0 du\u00a0 signal\u00a0 et\u00a0 des\u00a0 syst\u00e8mes biom\u00e9triques et multim\u00e9dia, pour les besoins des administrations et institutions publiques,\u00a0 et des secteurs de l\u2019industrie, de la sant\u00e9, de l\u2019audiovisuel et de la t\u00e9l\u00e9communication.<\/p>\n<h3><span style=\"color: #000000;\"><strong>Missions de la Division<\/strong><\/span><\/h3>\n<ul>\n<li>Elaborer de nouvelles approches d\u2019acc\u00e8s sans-\u00adfils et de traitement de signal, pour impl\u00e9menter des techniques originales d\u2019acc\u00e8s et de gestion de la mobilit\u00e9 ;<\/li>\n<li>Elaborer de nouvelles approches de traitement des signaux multim\u00e9dia, pour les syst\u00e8mes biom\u00e9triques\/criminalistiques et la s\u00e9curit\u00e9 du contenu ;<\/li>\n<li>Elaborer de nouvelles approches, pour la mise en \u0153uvre des syst\u00e8mes d\u2019information ouverts, \u00e0 travers l\u2019exploitation des standards technologiques du Web et de ses nouvelles extensions ;<\/li>\n<li>Elaborer de nouvelles approches, pour concevoir et r\u00e9aliser diff\u00e9rents dispositifs RF ciblant diverses applications ;<\/li>\n<li>Mettre en place une structure d\u2019excellence en mati\u00e8re de recherche, de d\u00e9veloppement et de prestation, dans\u00a0 les\u00a0 domaines\u00a0 des\u00a0 antennes\u00a0 et\u00a0 propagation,\u00a0 des\u00a0 capteurs\u00a0 sans-fi\u00adls,\u00a0 des syst\u00e8mes\u00a0 de\u00a0 communication\u00a0 embarqu\u00e9s,\u00a0 des\u00a0 infrastructures\u00a0 Cloud\u00a0 et\u00a0 des\u00a0 syst\u00e8mes d\u2019acquisition multim\u00e9dia ;<\/li>\n<li>D\u00e9velopper des applications E-sant\u00e9 et des syst\u00e8mes d\u2019aide \u00e0 la d\u00e9cision.<\/li>\n<li>Contribuer \u00e0 la formation du personnel et \u00e0 l\u2019encadrement et le suivi des m\u00e9moires de \u00adfin d\u2019\u00e9tudes et des th\u00e8ses de doctorat.<\/li>\n<\/ul>\n<h3><span style=\"color: #000000;\"><strong>Strat\u00e9gies de la division<\/strong><\/span><\/h3>\n<ul>\n<li><span class=\"tlid-translation translation\" lang=\"fr\"><span class=\"\" title=\"\">\u00c9tablir un plan de recherche actif et fonctionnel avec les diff\u00e9rentes \u00e9quipes de recherche de la DT.<\/span><\/span><\/li>\n<li><span class=\"tlid-translation translation\" lang=\"fr\"><span class=\"\" title=\"\">\u00c9tablir des liens de recherche actifs et fonctionnels avec les autres divisions et leurs groupes de recherche.<\/span><\/span><\/li>\n<li><span class=\"tlid-translation translation\" lang=\"fr\"><span class=\"\" title=\"\">Maximiser les r\u00e9sultats de la recherche via des publications, des produits et des brevets .<\/span><\/span><\/li>\n<li><span class=\"tlid-translation translation\" lang=\"fr\"><span class=\"\" title=\"\">Chercher et maintenir activement un partenariat de recherche intelligent avec des groupes de recherche universitaires nationaux \/ internationaux .<\/span><\/span><\/li>\n<li><span class=\"tlid-translation translation\" lang=\"fr\"><span class=\"\" title=\"\">Donner aux chercheurs de la DT l&rsquo;occasion de suivre des formations compl\u00e9mentaires en vue de leur avancement professionnel.<\/span><\/span><\/li>\n<li><span class=\"tlid-translation translation\" lang=\"fr\"><span class=\"\" title=\"\">D\u00e9velopper des ressources et des infrastructures cl\u00e9s pour la recherche, les services et la formation.<\/span><\/span><\/li>\n<\/ul>\n<h3><span style=\"color: #000000;\"><strong>Equipes de la division\u00a0<\/strong><\/span><\/h3>\n<p>La Division T\u00e9l\u00e9com comprend quatre \u00e9quipes de recherche r\u00e9parties comme suit:<\/p>\n<ul>\n<li><span style=\"color: #000000;\"><a style=\"color: #000000;\" href=\"https:\/\/www.cdta.dz\/fr\/recherche-et-technologie\/divisions\/division-telecom\/equipe-communications-sans-fils\/\">Communication sans fils (CSF)<\/a><\/span><\/li>\n<li><span style=\"color: #000000;\"><a style=\"color: #000000;\" href=\"https:\/\/www.cdta.dz\/fr\/recherche-et-technologie\/divisions\/division-telecom\/equipe-radiofrequences-et-antennes\/\">Radio fr\u00e9quences et Antennes (RFA)<\/a><\/span><\/li>\n<li><span style=\"color: #000000;\">Biom\u00e9trie, s\u00e9curit\u00e9 Multim\u00e9dia et criminalistique (BIOSMC)<\/span><\/li>\n<li><span style=\"color: #000000;\"><a style=\"color: #000000;\" href=\"https:\/\/www.cdta.dz\/fr\/recherche-et-technologie\/divisions\/division-telecom\/equipe-systemes-dinformation-avances\/\">Syst\u00e8mes d\u2019Information Avanc\u00e9s (SIA)<\/a><\/span><\/li>\n<\/ul>\n<h4 style=\"text-align: right;\"><strong>Directeur de la Division<\/strong><\/h4>\n<p style=\"text-align: right;\"><strong>Dr.\u00a0 AOUACHE Mustapha<\/strong><\/p>\n<h3><span style=\"color: #000000;\"><strong>Organigramme de la division<\/strong><\/span><\/h3>\n<p>&nbsp;<\/p>\n<p><img loading=\"lazy\" decoding=\"async\" class=\"wp-image-201999 aligncenter\" src=\"https:\/\/www.cdta.dz\/wp-content\/uploads\/2024\/11\/Image4-300x192.png\" alt=\"\" width=\"594\" height=\"379\" srcset=\"https:\/\/www.cdta.dz\/wp-content\/uploads\/2024\/11\/Image4-300x192.png 300w, https:\/\/www.cdta.dz\/wp-content\/uploads\/2024\/11\/Image4-768x491.png 768w, https:\/\/www.cdta.dz\/wp-content\/uploads\/2024\/11\/Image4.png 1204w\" sizes=\"auto, (max-width: 594px) 100vw, 594px\" \/>[\/vc_column_text][\/vc_column][\/vc_row]<\/p>\n","protected":false},"excerpt":{"rendered":"<p>[vc_row][vc_column][vc_column_text el_class=\u00a0\u00bbtext-justify\u00a0\u00bb] Division T\u00e9l\u00e9com (DT)\u00a0 Pr\u00e9sentation de la division Depuis sa cr\u00e9ation en 2014, la\u00a0 Division\u00a0 T\u00e9l\u00e9com\u00a0 est\u00a0 charg\u00e9e\u00a0 de mener\u00a0 des\u00a0 \u00e9tudes\u00a0 et\u00a0 des\u00a0 travaux\u00a0 de\u00a0 recherche sur\u00a0 les\u00a0 domaines\u00a0 des\u00a0 antennes\u00a0 et\u00a0 de\u00a0 la propagation\u00a0 des\u00a0 signaux,\u00a0 des\u00a0 communications Sans-fils,\u00a0 des\u00a0 r\u00e9seaux\u00a0 et\u00a0 protocoles\u00a0 de communication,\u00a0 des\u00a0 syst\u00e8mes\u00a0 d\u2019information\u00a0 et\u00a0 de communication,\u00a0 du\u00a0 [&hellip;]<\/p>\n","protected":false},"author":46,"featured_media":2195,"parent":5526,"menu_order":0,"comment_status":"closed","ping_status":"closed","template":"division-page.php","meta":{"footnotes":""},"class_list":["post-2698","page","type-page","status-publish","has-post-thumbnail","hentry"],"_links":{"self":[{"href":"https:\/\/www.cdta.dz\/fr\/wp-json\/wp\/v2\/pages\/2698\/"}],"collection":[{"href":"https:\/\/www.cdta.dz\/fr\/wp-json\/wp\/v2\/pages\/"}],"about":[{"href":"https:\/\/www.cdta.dz\/fr\/wp-json\/wp\/v2\/types\/page\/"}],"author":[{"embeddable":true,"href":"https:\/\/www.cdta.dz\/fr\/wp-json\/wp\/v2\/users\/46\/"}],"replies":[{"embeddable":true,"href":"https:\/\/www.cdta.dz\/fr\/wp-json\/wp\/v2\/comments\/?post=2698"}],"version-history":[{"count":6,"href":"https:\/\/www.cdta.dz\/fr\/wp-json\/wp\/v2\/pages\/2698\/revisions\/"}],"predecessor-version":[{"id":202003,"href":"https:\/\/www.cdta.dz\/fr\/wp-json\/wp\/v2\/pages\/2698\/revisions\/202003\/"}],"up":[{"embeddable":true,"href":"https:\/\/www.cdta.dz\/fr\/wp-json\/wp\/v2\/pages\/5526\/"}],"wp:featuredmedia":[{"embeddable":true,"href":"https:\/\/www.cdta.dz\/fr\/wp-json\/wp\/v2\/media\/2195\/"}],"wp:attachment":[{"href":"https:\/\/www.cdta.dz\/fr\/wp-json\/wp\/v2\/media\/?parent=2698"}],"curies":[{"name":"wp","href":"https:\/\/api.w.org\/{rel}","templated":true}]}}