{"id":2700,"date":"2019-03-15T18:10:55","date_gmt":"2019-03-15T18:10:55","guid":{"rendered":"http:\/\/10.1.5.53\/?page_id=2700"},"modified":"2020-11-22T12:12:27","modified_gmt":"2020-11-22T12:12:27","slug":"division-architecture-des-systemes-et-multimedia","status":"publish","type":"page","link":"https:\/\/www.cdta.dz\/fr\/recherche-et-technologie\/divisions\/division-architecture-des-systemes-et-multimedia\/","title":{"rendered":"Division Architecture des Syst\u00e8mes et Multim\u00e9dias (ASM)"},"content":{"rendered":"<h2><strong>Division Architecture des Syst\u00e8mes et Multim\u00e9dia (ASM)<\/strong><\/h2>\n<p>&nbsp;<\/p>\n<h3><strong>Pr\u00e9sentation\u00a0de la division<\/strong><\/h3>\n<p>La Division ASM est une structure de recherche et de d\u00e9veloppement qui a pour missions\u00a0de:<\/p>\n<ul>\n<li>R\u00e9aliser des recherches pertinentes de haut niveau, qui tiennent compte desbesoins du milieu industriel et de la soci\u00e9t\u00e9;<\/li>\n<li>Avoir un rayonnement intellectuel et social, concr\u00e9tis\u00e9 par desinteractions avec les milieux internes et externes \u00e0 note pays.<\/li>\n<li>Contribuer \u00e0 la formation etassurer un encadrementde qualit\u00e9 en ing\u00e9nierie \u00e0 tous les cycles universitairesLicence, Master et Doctorat.<\/li>\n<\/ul>\n<h3><strong>Equipes de recherche<\/strong><\/h3>\n<ul>\n<li><a href=\"https:\/\/www.cdta.dz\/fr\/recherche-et-technologie\/divisions\/division-architecture-des-systemes-et-multimedia\/equipe-architecture-pour-la-classification-et-la-cryptographie\">Architecture pour la Classification et la Cryptographie (AC2)<\/a><\/li>\n<li><a href=\"https:\/\/www.cdta.dz\/fr\/division-architecture-des-systemes-et-multimedia\/equipe-traitement-du-signal-et-applications-medicales\/\">Traitement du Signal et Applications M\u00e9dicales (TSAM)<\/a><\/li>\n<li><a href=\"https:\/\/www.cdta.dz\/fr\/division-architecture-des-systemes-et-multimedia\/equipe-instrumentation-et-controle-de-qualite\/\">Instrumentation et Contr\u00f4le de Qualit\u00e9 (ICQ)<\/a><\/li>\n<li><a href=\"https:\/\/www.cdta.dz\/fr\/recherche-et-technologie\/divisions\/division-architecture-des-systemes-et-multimedia\/equipe-design-and-implementation-of-intelligent-machines\/\">Design and Implementation of Intelligent Machines(DIIM)<\/a><\/li>\n<li><a href=\"https:\/\/www.cdta.dz\/fr\/recherche-et-technologie\/divisions\/division-architecture-des-systemes-et-multimedia\/equipe-binary-arithmetic-for-numeric-applications-bana\/\">Binary Arithmetic for Numeric Applications (BANA)<\/a><\/li>\n<\/ul>\n<h3><strong>Th\u00e8mes de recherche<\/strong><\/h3>\n<ul>\n<li>Algorithmes de traitement des images\u00a0: classification, segmentation, compression, reconstruction 2-D, 3-D\u00a0;<\/li>\n<li>Biom\u00e9trie avec vieillissement<\/li>\n<li>Localisation de sources sonores<\/li>\n<li>Analyse d\u2019images m\u00e9dicales<\/li>\n<li>Analyse de la parole<\/li>\n<li>D\u00e9tection des \u00e9v\u00e9nements anormaux<\/li>\n<li>Surveillance<\/li>\n<li>Interface cerveau-machine<\/li>\n<li>Instrumentation et contr\u00f4le de qualit\u00e9<\/li>\n<li>Cryptographie<\/li>\n<li>S\u00e9curit\u00e9 de l\u2019information<\/li>\n<li>Syst\u00e8mes embarqu\u00e9s<\/li>\n<li>Syst\u00e8mes \u00e0 temps r\u00e9el<\/li>\n<li>Arithm\u00e9tique des ordinateurs pour applications VLSI<\/li>\n<\/ul>\n<h3><strong>Expertise<\/strong><\/h3>\n<ul>\n<li>Traitement du signal et des images<\/li>\n<li>Reconnaissance de formes et machines d&rsquo;apprentissage<\/li>\n<li>Math\u00e9matiques appliqu\u00e9es<\/li>\n<li>Cryptographie<\/li>\n<li>Instrumentations et mesures<\/li>\n<li>Circuits et syst\u00e8mes embarqu\u00e9s<\/li>\n<li>Arithm\u00e9tique binaire<\/li>\n<\/ul>\n<h3><strong>Domaines d\u2019impact<\/strong><\/h3>\n<ul>\n<li>Technologie de l\u2019information et de communication<\/li>\n<li>Sant\u00e9, Syst\u00e8me d\u2019information hospitalier<\/li>\n<li>Hydrocarbures<\/li>\n<li>S\u00e9curit\u00e9, Service Publique, Gestion de Donn\u00e9es<\/li>\n<\/ul>\n<h3 style=\"text-align: left;\"><strong>Organigramme de la division<\/strong><\/h3>\n<p><img loading=\"lazy\" decoding=\"async\" class=\"wp-image-7715 aligncenter\" src=\"https:\/\/www.cdta.dz\/wp-content\/uploads\/2019\/09\/DASM_Organigrame-4.jpg\" alt=\"\" width=\"548\" height=\"188\" srcset=\"https:\/\/www.cdta.dz\/wp-content\/uploads\/2019\/09\/DASM_Organigrame-4.jpg 1297w, https:\/\/www.cdta.dz\/wp-content\/uploads\/2019\/09\/DASM_Organigrame-4-300x103.jpg 300w, https:\/\/www.cdta.dz\/wp-content\/uploads\/2019\/09\/DASM_Organigrame-4-768x265.jpg 768w\" sizes=\"auto, (max-width: 548px) 100vw, 548px\" \/><\/p>\n<p style=\"text-align: right;\"><span style=\"text-align: right;\">Directeur de la Division ASM<\/span><\/p>\n<p style=\"text-align: right;\">Dr. Djamel BOUCHAFFRA<\/p>\n","protected":false},"excerpt":{"rendered":"<p>Division Architecture des Syst\u00e8mes et Multim\u00e9dia (ASM) &nbsp; Pr\u00e9sentation\u00a0de la division La Division ASM est une structure de recherche et de d\u00e9veloppement qui a pour missions\u00a0de: R\u00e9aliser des recherches pertinentes de haut niveau, qui tiennent compte desbesoins du milieu industriel et de la soci\u00e9t\u00e9; Avoir un rayonnement intellectuel et social, concr\u00e9tis\u00e9 par desinteractions avec les [&hellip;]<\/p>\n","protected":false},"author":46,"featured_media":2195,"parent":5526,"menu_order":1,"comment_status":"closed","ping_status":"closed","template":"division-page.php","meta":{"footnotes":""},"class_list":["post-2700","page","type-page","status-publish","has-post-thumbnail","hentry"],"_links":{"self":[{"href":"https:\/\/www.cdta.dz\/fr\/wp-json\/wp\/v2\/pages\/2700\/"}],"collection":[{"href":"https:\/\/www.cdta.dz\/fr\/wp-json\/wp\/v2\/pages\/"}],"about":[{"href":"https:\/\/www.cdta.dz\/fr\/wp-json\/wp\/v2\/types\/page\/"}],"author":[{"embeddable":true,"href":"https:\/\/www.cdta.dz\/fr\/wp-json\/wp\/v2\/users\/46\/"}],"replies":[{"embeddable":true,"href":"https:\/\/www.cdta.dz\/fr\/wp-json\/wp\/v2\/comments\/?post=2700"}],"version-history":[{"count":3,"href":"https:\/\/www.cdta.dz\/fr\/wp-json\/wp\/v2\/pages\/2700\/revisions\/"}],"predecessor-version":[{"id":17270,"href":"https:\/\/www.cdta.dz\/fr\/wp-json\/wp\/v2\/pages\/2700\/revisions\/17270\/"}],"up":[{"embeddable":true,"href":"https:\/\/www.cdta.dz\/fr\/wp-json\/wp\/v2\/pages\/5526\/"}],"wp:featuredmedia":[{"embeddable":true,"href":"https:\/\/www.cdta.dz\/fr\/wp-json\/wp\/v2\/media\/2195\/"}],"wp:attachment":[{"href":"https:\/\/www.cdta.dz\/fr\/wp-json\/wp\/v2\/media\/?parent=2700"}],"curies":[{"name":"wp","href":"https:\/\/api.w.org\/{rel}","templated":true}]}}