{"id":5413,"date":"2019-04-18T14:46:18","date_gmt":"2019-04-18T14:46:18","guid":{"rendered":"http:\/\/10.1.5.53\/?page_id=5413"},"modified":"2019-11-20T09:38:27","modified_gmt":"2019-11-20T09:38:27","slug":"vision-missions","status":"publish","type":"page","link":"https:\/\/www.cdta.dz\/fr\/cdta\/presentation-du-cdta\/vision-missions\/","title":{"rendered":"Vision &#038; Missions"},"content":{"rendered":"<p>[vc_row][vc_column][vc_column_text el_class=\u00a0\u00bbtext-justify\u00a0\u00bb]<\/p>\n<h3><strong>Vision et Mission<\/strong><\/h3>\n<p>Le Centre de D\u00e9veloppement des Technologies Avanc\u00e9es prend en charge au niveau national le d\u00e9veloppement des technologies de pointe dans un champ th\u00e9matique pluridisciplinaire riche en sp\u00e9cialisation ou concourent des domaines aussi diversifi\u00e9s que novateurs tels :<\/p>\n<ul>\n<li>La robotique et la productique;<\/li>\n<li>L\u2019industrie 4.0;<\/li>\n<li>La r\u00e9alit\u00e9 augment\u00e9e et la r\u00e9alit\u00e9 virtuelle;<\/li>\n<li>L\u2019automatisme et l\u2019intelligence artificielle;<\/li>\n<li>Le plasma et l\u2019interaction Laser Mati\u00e8re;<\/li>\n<li>L\u2019optique, la photonique et le laser;<\/li>\n<li>Les sciences des mat\u00e9riaux;<\/li>\n<li>La micro\u00e9lectronique et les microsyst\u00e8mes;<\/li>\n<li>La conception et d\u00e9veloppement des circuits int\u00e9gr\u00e9s;<\/li>\n<li>Les nanomat\u00e9riaux et la nanotechnologie;<\/li>\n<li>La conception, le d\u00e9veloppement et le prototypage de syst\u00e8mes int\u00e9gr\u00e9s;<\/li>\n<li>L\u2019architecture des syst\u00e8mes et les multim\u00e9dias;<\/li>\n<li>Les t\u00e9l\u00e9communications et les syst\u00e8mes d&rsquo;information avanc\u00e9s;<\/li>\n<li>La biom\u00e9trie, le traitement du signal biom\u00e9dical et les syst\u00e8mes intelligents;<\/li>\n<li>La vision par ordinateur pour l&rsquo;interaction homme-machine;<\/li>\n<li>Le Cloud Computing, les Big Data et l&rsquo;Internet des objets;<\/li>\n<li>Les syst\u00e8mes embarqu\u00e9s;<\/li>\n<li>Les techniques de caract\u00e9risation physico-chimiques et \u00e9lectriques;<\/li>\n<li>Le soutien technique aux projets de recherche, dont les techniques en Fab-lab;<\/li>\n<li>Les outils de conception (CAO)<\/li>\n<li>Les proc\u00e9d\u00e9s de projection thermique.<\/li>\n<\/ul>\n<p>Dans plusieurs de ces domaines, le CDTA rec\u00e8le un potentiel d\u2019expertise et de savoir-faire riche de trente ans et plus d\u2019activit\u00e9, d\u2019o\u00f9 son aura national. Conscient de cet atout, l\u2019encadrement du Centre s\u2019emploie \u00e0 faire jouer \u00e0 plein r\u00e9gime la transversalit\u00e9 entre ces disciplines afin de se sp\u00e9cialiser encore plus dans les technologies int\u00e9gratives orient\u00e9es vers un d\u00e9veloppement technologique \u00e0 m\u00eame d\u2019impacter le quotidien du citoyen. C\u2019est ainsi que six domaines d\u2019impact ont \u00e9t\u00e9 cibl\u00e9s par le plan de charge scientifique et technologique en cours au Centre, \u00e0 savoir :<\/p>\n<ol>\n<li>La sant\u00e9;<\/li>\n<li>L\u2019\u00e9nergie;<\/li>\n<li>L\u2019environnement;<\/li>\n<li>L\u2019eau;<\/li>\n<li>Le num\u00e9rique;<\/li>\n<li>Les technologies industrielles.<\/li>\n<\/ol>\n<p>Et pour chacun de ces six domaines d\u2019impact, plusieurs Divisions de recherche et plusieurs \u00e9quipes focalisent \u00e0 la fois leurs activit\u00e9s. La transversalit\u00e9 de leurs actions vient d\u2019\u00eatre port\u00e9e de <strong>20%<\/strong> \u00e0 <strong>60%<\/strong> relativement au nombre total des projets engag\u00e9s au sein du Centre. Cette connectivit\u00e9 th\u00e9matique est \u00e0 am\u00e9liorer encore plus \u00e0 moyen terme pour rendre tous les projets transversaux et tirer ainsi le maximum de profit de la diversit\u00e9 disciplinaire du Centre.<\/p>\n<p>M\u00eame si le CDTA joue encore son r\u00f4le d\u2019un Centre de D\u00e9veloppement des Technologies, en t\u00e9moigne le nombre de produits, technologiques et logiciels, en surplus de 30 % relativement aux publications scientifiques g\u00e9n\u00e9r\u00e9es par l\u2019activit\u00e9 de recherche \u2013d\u00e9veloppement, beaucoup reste \u00e0 faire dans ce sens. Pr\u00e9cis\u00e9ment, dans la valorisation de ces produits au moyens d\u2019instruments \u00e0 port\u00e9e de main comme l\u2019incubation, la cr\u00e9ation de filiales, le partenariat cibl\u00e9 et les offres de formation, de consulting et d\u2019expertise d\u00e9di\u00e9es.<\/p>\n<p>Le CDTA reste fortement engag\u00e9 avec le secteur acad\u00e9mique o\u00f9 en moyenne chaque chercheur est impliqu\u00e9 soit en formation soit par un encadrement avec l\u2019Universit\u00e9. Il y a lieu d\u2019aiguiller cet effort, \u00e0 moyen terme, vers des collaborations conventionn\u00e9es en soutien \u00e0 la fois aux projets de d\u00e9veloppement utiles touchant les six domaines d\u2019impact plus haut et \u00e9galement en prodiguant plus de technicit\u00e9 aux \u00e9tudiants th\u00e9sard engag\u00e9s.<\/p>\n<p>Beaucoup reste \u00e0 faire en mati\u00e8re d\u2019ouverture du Centre \u00e0 l\u2019international, notamment \u00e0 travers l\u2019accueil de chercheurs invit\u00e9s en s\u00e9jour sabbatique, le recrutement d\u2019\u00e9tudiants th\u00e9sards et de post-doc \u00e0 l\u2019international et l\u2019insertion dans des collaborations multilat\u00e9rales. Des m\u00e9canismes idoines sont \u00e0 cr\u00e9er pour aider \u00e0 embrasser, une fois pour toute, les standards internationaux en mati\u00e8re de recherche et d\u00e9veloppement. Parmi ceux-ci l\u2019\u00e9chelle des TRL et l\u2019imp\u00e9ratif de son entame simultan\u00e9e sur ses neuf niveaux en renfor\u00e7ant l\u2019effort de recherche par :<\/p>\n<ul>\n<li>Un effort accru sur le d\u00e9veloppement technologique, notamment le prototypage aux niveaux <strong>TRL4<\/strong> \u00e0 <strong>TRL6<\/strong>, les quatre plateformes technologiques r\u00e9cemment install\u00e9es joueront un r\u00f4le de locomotives vers la r\u00e9alisation de cet objectif;<\/li>\n<li>Un ciblage du partenariat national et international pour mieux prendre en charge des projets d\u2019utilit\u00e9 publique sur les niveaux <strong>TRL7<\/strong> au <strong>TRL9<\/strong>.<\/li>\n<\/ul>\n<p>Pour ce, le Centre sera aux prises avec le redressement de sa pyramide de personnels de sorte \u00e0 renforcer son personnel de soutien \u00e0 la R&amp;D, particuli\u00e8rement ceux des fili\u00e8res de conception et d\u2019ex\u00e9cution : ing\u00e9nieurs et techniciens, par un recrutement cons\u00e9quent et un cadre de travail et de vie attractif au sein du Centre. M\u00eame si les produits du Centre restent en de\u00e7\u00e0 de ceux livr\u00e9s sur le commerce national ou international par leur aspect de finition et d\u2019esth\u00e9tique, \u00e0 y voir de plus pr\u00e8s, ils pr\u00e9sentent de forts atouts qui en font hors de port\u00e9es de toute concurrence, \u00e0 savoir :<\/p>\n<ul>\n<li>La capacit\u00e9 d\u2019adapter des solutions sp\u00e9cifiques \u00e0 des probl\u00e9matiques sp\u00e9cifiques;<\/li>\n<li>L\u2019aspect \u00e9volutif des solutions propos\u00e9es;<\/li>\n<li>L\u2019assistance offerte aux partenaires pour formuler leurs cahiers techniques avant m\u00eame l\u2019engagement des contrats;<\/li>\n<li>La disponibilit\u00e9 en mati\u00e8re d\u2019accompagnement, de formation, de remise \u00e0 jour des solutions, etc.<\/li>\n<\/ul>\n<p>Pour tous ces atouts, le CDTA est \u00e0 m\u00eame de voir grand et y aller graduellement ; vers l\u2019accomplissement de sa mission premi\u00e8re et finale : celle de mettre sa science et technologie au service de la soci\u00e9t\u00e9 et du citoyen.[\/vc_column_text][\/vc_column][\/vc_row]<\/p>\n","protected":false},"excerpt":{"rendered":"<p>[vc_row][vc_column][vc_column_text el_class=\u00a0\u00bbtext-justify\u00a0\u00bb] Vision et Mission Le Centre de D\u00e9veloppement des Technologies Avanc\u00e9es prend en charge au niveau national le d\u00e9veloppement des technologies de pointe dans un champ th\u00e9matique pluridisciplinaire riche en sp\u00e9cialisation ou concourent des domaines aussi diversifi\u00e9s que novateurs tels : La robotique et la productique; L\u2019industrie 4.0; La r\u00e9alit\u00e9 augment\u00e9e et la r\u00e9alit\u00e9 [&hellip;]<\/p>\n","protected":false},"author":46,"featured_media":2195,"parent":5536,"menu_order":0,"comment_status":"closed","ping_status":"closed","template":"","meta":{"footnotes":""},"class_list":["post-5413","page","type-page","status-publish","has-post-thumbnail","hentry"],"_links":{"self":[{"href":"https:\/\/www.cdta.dz\/fr\/wp-json\/wp\/v2\/pages\/5413\/"}],"collection":[{"href":"https:\/\/www.cdta.dz\/fr\/wp-json\/wp\/v2\/pages\/"}],"about":[{"href":"https:\/\/www.cdta.dz\/fr\/wp-json\/wp\/v2\/types\/page\/"}],"author":[{"embeddable":true,"href":"https:\/\/www.cdta.dz\/fr\/wp-json\/wp\/v2\/users\/46\/"}],"replies":[{"embeddable":true,"href":"https:\/\/www.cdta.dz\/fr\/wp-json\/wp\/v2\/comments\/?post=5413"}],"version-history":[{"count":0,"href":"https:\/\/www.cdta.dz\/fr\/wp-json\/wp\/v2\/pages\/5413\/revisions\/"}],"up":[{"embeddable":true,"href":"https:\/\/www.cdta.dz\/fr\/wp-json\/wp\/v2\/pages\/5536\/"}],"wp:featuredmedia":[{"embeddable":true,"href":"https:\/\/www.cdta.dz\/fr\/wp-json\/wp\/v2\/media\/2195\/"}],"wp:attachment":[{"href":"https:\/\/www.cdta.dz\/fr\/wp-json\/wp\/v2\/media\/?parent=5413"}],"curies":[{"name":"wp","href":"https:\/\/api.w.org\/{rel}","templated":true}]}}