{"id":5420,"date":"2019-04-18T14:52:36","date_gmt":"2019-04-18T14:52:36","guid":{"rendered":"http:\/\/10.1.5.53\/?page_id=5420"},"modified":"2019-06-27T16:30:25","modified_gmt":"2019-06-27T16:30:25","slug":"historique-du-cdta","status":"publish","type":"page","link":"https:\/\/www.cdta.dz\/fr\/cdta\/presentation-du-cdta\/historique-du-cdta\/","title":{"rendered":"Historique du CDTA"},"content":{"rendered":"<p><strong>Historique du CDTA<\/strong><\/p>\n<p><strong>Textes r\u00e9glementaires r\u00e9gissant le CDTA en tant que EPST<\/strong><\/p>\n<p><u>D\u00e9cret ex\u00e9cutif n\u00b0 99-256<\/u> du 8 Cha\u00e2bane 1420 correspondant au 16 novembre 1999 fixant les modalit\u00e9s\u00a0 de\u00a0 cr\u00e9ation,\u00a0 d\u2019organisation\u00a0 et\u00a0 de\u00a0 fonctionnement\u00a0 de\u00a0 l\u2019\u00e9tablissement\u00a0 public\u00a0 \u00e0 caract\u00e8re scientifique et technologique.<\/p>\n<p>L\u2019\u00e9tablissement est dirig\u00e9 par un directeur, administr\u00e9 par un\u00a0 conseil d\u2019administration et\u00a0 dot\u00e9 d\u2019un conseil scientifique.<\/p>\n<p>Le directeur est assist\u00e9 par un directeur adjoint, nomm\u00e9 par arr\u00eat\u00e9 \u00a0de l\u2019autorit\u00e9 de tutelle, sur proposition du directeur.<\/p>\n<p>Le directeur adjoint coordonne l\u2019activit\u00e9 des d\u00e9partements administratifs et techniques qui sont organis\u00e9s en services<\/p>\n<p><strong>1982<\/strong> : cr\u00e9ation du Centre de D\u00e9veloppement des Techniques Avanc\u00e9es au sein du Commissariat aux \u00c9nergies Nouvelles (CEN)<\/p>\n<p>Laboratoires : Architecture des Syst\u00e8mes \/ Robotique \/ Laser \/ Plasma \/ Fusion thermonucl\u00e9aire \/ \u00c9tude spatiale des rayonnements<\/p>\n<p><strong>22 mars 1988<\/strong> : cr\u00e9ation du \u2018\u2019Centre de D\u00e9veloppement des Technologies Avanc\u00e9es\u2019\u2019 par D\u00e9cret Pr\u00e9sidentiel n\u00b0 88-61.<\/p>\n<p><strong>29 novembre 1988<\/strong> : organisation interne du CDTA fix\u00e9e par Arr\u00eat\u00e9 Interminist\u00e9riel.<\/p>\n<p>D\u00e9partements de recherche et d\u00e9veloppement : Cybern\u00e9tique \/ Milieux Ionis\u00e9s \/ Micro\u00e9lectronique<\/p>\n<p><strong>28 d\u00e9cembre 1988<\/strong> : rattachement de l\u2019Unit\u00e9 de D\u00e9veloppement de la Technologie du Silicium au CDTA par Arr\u00eat\u00e9 Minist\u00e9riel.<\/p>\n<p><strong>16 novembre 1999<\/strong> : D\u00e9cret Ex\u00e9cutif n\u00b099-256 fixant les modalit\u00e9s de cr\u00e9ation, d\u2019organisation et de fonctionnement de l\u2019\u00e9tablissement public \u00e0 caract\u00e8re scientifique et technologique.<\/p>\n<p><strong>01 d\u00e9cembre 2003<\/strong> : D\u00e9cret Ex\u00e9cutif n\u00b0 03-457 modifiant et compl\u00e9tant le d\u00e9cret N\u00b0 88-61 du 22 mars 1988 portant cr\u00e9ation du Centre de D\u00e9veloppement des Technologies Avanc\u00e9es et passage du Centre au statut d\u2019\u00c9tablissement Public \u00e0 Caract\u00e8re Scientifique et Technologique.<\/p>\n<p><strong>02 septembre 2006<\/strong> : Arr\u00eat\u00e9 Interminist\u00e9riel portant organisation interne du Centre de D\u00e9veloppement des Technologies Avanc\u00e9es : Divisions de recherche : Architecture des syst\u00e8mes et multim\u00e9dia \/ Micro\u00e9lectronique et nanotechnologie \/ Milieux ionis\u00e9s et laser \/ Productique et Robotique 08<\/p>\n<p><strong>08<\/strong> <strong>novembre 2007<\/strong> : Arr\u00eat\u00e9 Interminist\u00e9riel compl\u00e9tant l&rsquo;arr\u00eat\u00e9 interminist\u00e9riel du 02 septembre 2006 portant organisation interne du Centre de D\u00e9veloppement des Technologies Avanc\u00e9es et relatif aux activit\u00e9s de l\u2019Unit\u00e9 de D\u00e9veloppement de la Technologie du Silicium. 1<\/p>\n<p><strong>5 mars 2011 : <\/strong>Arr\u00eat\u00e9 Minist\u00e9riel n\u00b0 143 portant cr\u00e9ation d\u2019une Unit\u00e9 de Recherche en Photonique et Optique, sise \u00e0 S\u00e9tif et rattach\u00e9e au Centre de D\u00e9veloppement des Technologies Avanc\u00e9es.<\/p>\n<p><strong>21 ao\u00fbt 2012:<\/strong> D\u00e9cret ex\u00e9cutif n\u00b0 12-316 du 3 Chaoual 1433 correspondant au portant cr\u00e9ation du centre de recherche en technologie dessemi-conducteurs pour l\u2019\u00e9nerg\u00e9tique (CRTSE).<\/p>\n<p><strong>Article 1er<\/strong>. . En application des dispositions de l\u2019article 2 du d\u00e9cret ex\u00e9cutif n\u00b0 11-396 du 28 Dhou El Hidja 1432 correspondant au 24 novembre 2011,susvis\u00e9, il est cr\u00e9\u00e9 un centre de recherche d\u00e9nomm\u00e9 Centre de recherche en technologie des semi-conducteurs pour l\u2019\u00e9nerg\u00e9tique (CRTSE) d\u00e9sign\u00e9 ci-apr\u00e8s \u00ab le centre \u00bb. Voir <strong>Art. 6.<\/strong><\/p>\n<p><strong>Art. 8. .<\/strong> Les personnels relevant de l\u2019unit\u00e9 de d\u00e9veloppement de la technologie de silicium (UDTS) relevant du centre de d\u00e9veloppement des technologies avanc\u00e9es sont transf\u00e9r\u00e9s au centre de recherche en technologie des semi-conducteurs pour l\u2019\u00e9nerg\u00e9tique (CRTSE) conform\u00e9ment \u00e0 la l\u00e9gislation et \u00e0 la r\u00e9glementation en vigueur.<\/p>\n<p><strong>04 janvier 2014:<\/strong> Arr\u00eat\u00e9 n\u00b0 003 du 04 Janvier 2014 , cr\u00e9ation d\u2019une Unit\u00e9 de Recherche intitul\u00e9e Composants et Dispositifs Opto\u00e9lectroniques; au sein du Centre de D\u00e9veloppement des Technologies Avanc\u00e9es, a \u00e9t\u00e9 cr\u00e9\u00e9e par l\u2019 ,Le si\u00e8ge de l\u2019unit\u00e9 de recherche est fix\u00e9 \u00e0 la wilaya de S\u00e9tif.<\/p>\n","protected":false},"excerpt":{"rendered":"<p>Historique du CDTA Textes r\u00e9glementaires r\u00e9gissant le CDTA en tant que EPST D\u00e9cret ex\u00e9cutif n\u00b0 99-256 du 8 Cha\u00e2bane 1420 correspondant au 16 novembre 1999 fixant les modalit\u00e9s\u00a0 de\u00a0 cr\u00e9ation,\u00a0 d\u2019organisation\u00a0 et\u00a0 de\u00a0 fonctionnement\u00a0 de\u00a0 l\u2019\u00e9tablissement\u00a0 public\u00a0 \u00e0 caract\u00e8re scientifique et technologique. L\u2019\u00e9tablissement est dirig\u00e9 par un directeur, administr\u00e9 par un\u00a0 conseil d\u2019administration et\u00a0 dot\u00e9 [&hellip;]<\/p>\n","protected":false},"author":46,"featured_media":2195,"parent":5536,"menu_order":0,"comment_status":"closed","ping_status":"closed","template":"","meta":{"footnotes":""},"class_list":["post-5420","page","type-page","status-publish","has-post-thumbnail","hentry"],"_links":{"self":[{"href":"https:\/\/www.cdta.dz\/fr\/wp-json\/wp\/v2\/pages\/5420\/"}],"collection":[{"href":"https:\/\/www.cdta.dz\/fr\/wp-json\/wp\/v2\/pages\/"}],"about":[{"href":"https:\/\/www.cdta.dz\/fr\/wp-json\/wp\/v2\/types\/page\/"}],"author":[{"embeddable":true,"href":"https:\/\/www.cdta.dz\/fr\/wp-json\/wp\/v2\/users\/46\/"}],"replies":[{"embeddable":true,"href":"https:\/\/www.cdta.dz\/fr\/wp-json\/wp\/v2\/comments\/?post=5420"}],"version-history":[{"count":0,"href":"https:\/\/www.cdta.dz\/fr\/wp-json\/wp\/v2\/pages\/5420\/revisions\/"}],"up":[{"embeddable":true,"href":"https:\/\/www.cdta.dz\/fr\/wp-json\/wp\/v2\/pages\/5536\/"}],"wp:featuredmedia":[{"embeddable":true,"href":"https:\/\/www.cdta.dz\/fr\/wp-json\/wp\/v2\/media\/2195\/"}],"wp:attachment":[{"href":"https:\/\/www.cdta.dz\/fr\/wp-json\/wp\/v2\/media\/?parent=5420"}],"curies":[{"name":"wp","href":"https:\/\/api.w.org\/{rel}","templated":true}]}}