{"id":5424,"date":"2019-04-18T14:53:18","date_gmt":"2019-04-18T14:53:18","guid":{"rendered":"http:\/\/10.1.5.53\/?page_id=5424"},"modified":"2019-10-27T07:50:10","modified_gmt":"2019-10-27T07:50:10","slug":"programme-madinati","status":"publish","type":"page","link":"https:\/\/www.cdta.dz\/fr\/cdta-societe\/programme-madinati\/","title":{"rendered":"Programme Madinati"},"content":{"rendered":"<p><strong>Partenariat CDTA- Commune de Baba Hassen<\/strong><\/p>\n<p>&nbsp;<\/p>\n<p>Un partenariat est entam\u00e9 entre le CDTA et L\u2019APC de Baba Hassen, destin\u00e9 \u00e0 prendre en charge les besoins des citoyens de la ville de Baba Hassen en mati\u00e8re, notamment, de\u00a0:<\/p>\n<ul>\n<li>E-Education, par le d\u00e9veloppement d\u2019une plateforme num\u00e9rique collaborative qui rapproche les parents d\u2019\u00e9l\u00e8ves, les enseignants et l\u2019encadrement des \u00e9coles primaires de la commune\u00a0;<\/li>\n<li>Rapprochement citoyens-collectivit\u00e9 locale par le d\u00e9veloppement d\u2019un portail num\u00e9rique interactif contenant des comptes affect\u00e9s \u00e0 tous les citoyens de Baba Hassen et permettant des op\u00e9rations telles que le sondage d\u2019opinions de la population, le suivi des dossiers soumis \u00e0 l\u2019administration, etc.\u00a0;<\/li>\n<li>Gestion am\u00e9lior\u00e9e du foncier de la ville\u00a0en faisant intervenir l\u2019outil num\u00e9rique : r\u00e9gularisation des lotissements, \u00a0\u00e9tats des lieux, v\u00e9rification des lev\u00e9es de r\u00e9serves, etc.<\/li>\n<\/ul>\n<p>&nbsp;<\/p>\n","protected":false},"excerpt":{"rendered":"<p>Partenariat CDTA- Commune de Baba Hassen &nbsp; Un partenariat est entam\u00e9 entre le CDTA et L\u2019APC de Baba Hassen, destin\u00e9 \u00e0 prendre en charge les besoins des citoyens de la ville de Baba Hassen en mati\u00e8re, notamment, de\u00a0: E-Education, par le d\u00e9veloppement d\u2019une plateforme num\u00e9rique collaborative qui rapproche les parents d\u2019\u00e9l\u00e8ves, les enseignants et l\u2019encadrement [&hellip;]<\/p>\n","protected":false},"author":46,"featured_media":2195,"parent":5538,"menu_order":0,"comment_status":"closed","ping_status":"closed","template":"","meta":{"footnotes":""},"class_list":["post-5424","page","type-page","status-publish","has-post-thumbnail","hentry"],"_links":{"self":[{"href":"https:\/\/www.cdta.dz\/fr\/wp-json\/wp\/v2\/pages\/5424\/"}],"collection":[{"href":"https:\/\/www.cdta.dz\/fr\/wp-json\/wp\/v2\/pages\/"}],"about":[{"href":"https:\/\/www.cdta.dz\/fr\/wp-json\/wp\/v2\/types\/page\/"}],"author":[{"embeddable":true,"href":"https:\/\/www.cdta.dz\/fr\/wp-json\/wp\/v2\/users\/46\/"}],"replies":[{"embeddable":true,"href":"https:\/\/www.cdta.dz\/fr\/wp-json\/wp\/v2\/comments\/?post=5424"}],"version-history":[{"count":0,"href":"https:\/\/www.cdta.dz\/fr\/wp-json\/wp\/v2\/pages\/5424\/revisions\/"}],"up":[{"embeddable":true,"href":"https:\/\/www.cdta.dz\/fr\/wp-json\/wp\/v2\/pages\/5538\/"}],"wp:featuredmedia":[{"embeddable":true,"href":"https:\/\/www.cdta.dz\/fr\/wp-json\/wp\/v2\/media\/2195\/"}],"wp:attachment":[{"href":"https:\/\/www.cdta.dz\/fr\/wp-json\/wp\/v2\/media\/?parent=5424"}],"curies":[{"name":"wp","href":"https:\/\/api.w.org\/{rel}","templated":true}]}}