{"id":5469,"date":"2019-04-21T14:44:17","date_gmt":"2019-04-21T14:44:17","guid":{"rendered":"http:\/\/10.1.5.53\/?page_id=5469"},"modified":"2021-01-24T10:52:35","modified_gmt":"2021-01-24T10:52:35","slug":"division-milieux-ionises-et-lasers","status":"publish","type":"page","link":"https:\/\/www.cdta.dz\/fr\/recherche-et-technologie\/divisions\/division-milieux-ionises-et-lasers\/","title":{"rendered":"Division Milieux Ionis\u00e9s &amp; Lasers"},"content":{"rendered":"<p>[vc_row][vc_column][vc_column_text el_class=\u00a0\u00bbtext-justify\u00a0\u00bb]<\/p>\n<h2>Pr\u00e9sentation de la Division Milieux Ionis\u00e9s et Lasers<\/h2>\n<p>La Division Milieux Ionis\u00e9s &amp; Lasers regroupe une soixantaine de chercheurs permanents ainsi qu\u2019une dizaine d\u2019ing\u00e9nieurs et techniciens qui travaillent sur les plasmas, les lasers et les proc\u00e9d\u00e9s appliqu\u00e9s aux mat\u00e9riaux. Comme toute structure de recherche, la division a comme objectif central d\u2019\u0153uvrer dans son domaine d\u2019expertise \u00e0 d\u00e9velopper les capacit\u00e9s nationales en mati\u00e8re d\u2019\u00e9tude, d\u2019expertise et d\u2019engineering, de compr\u00e9hension et de ma\u00eetrise des sciences et technologies et de leur transfert et application dans tous les secteurs d\u2019activit\u00e9s.<\/p>\n<p>A travers son ouverture sur le monde socio-\u00e9conomique, elle \u0153uvre \u00e9galement \u00e0 la fourniture du meilleur service possible \u00e0 la soci\u00e9t\u00e9, aux entreprises et aux universit\u00e9s afin d\u2019am\u00e9liorer leurs capacit\u00e9s et leurs comp\u00e9tences dans les th\u00e9matiques qui font l\u2019objet de ses expertises.<\/p>\n<p>Les activit\u00e9s de recherche au niveau de la division sont multidisciplinaires et sont r\u00e9solument centr\u00e9es autour des sciences fondamentales et les diverses sciences de l\u2019ing\u00e9nieur. Les \u00e9quipes de recherche associent des physiciens, des chimistes, des \u00e9lectroniciens et des sp\u00e9cialistes des mat\u00e9riaux qui m\u00e8nent conjointement des travaux de recherche-d\u00e9veloppement \u00e0 m\u00eame de r\u00e9pondre aux probl\u00e9matiques actuelles pos\u00e9es \u00e0 la fois par l\u2019avancement de ces disciplines et par les besoins qui s\u2019expriment dans le monde des utilisateurs \u00e0 travers les partenariats.<\/p>\n<h2>Les travaux de recherche<\/h2>\n<ul>\n<li>Les technologies des syst\u00e8mes lasers ;<\/li>\n<li>Les techniques LiDAR ;<\/li>\n<li>La caract\u00e9risation physico-chimique des mat\u00e9riaux ;<\/li>\n<li>La synth\u00e8se des mat\u00e9riaux ;<\/li>\n<li>Les diagnostics des plasmas ;<\/li>\n<li>La caract\u00e9risation des milieux multicouches par ultrasons ;<\/li>\n<li>L\u2019interaction laser mati\u00e8re : plasmas cr\u00e9\u00e9s par laser et LIBS ;<\/li>\n<li>La mod\u00e9lisation de l\u2019\u00e9coulement fluide et transfert de chaleur et de masse ;<\/li>\n<li>La mod\u00e9lisation et la pr\u00e9diction des propri\u00e9t\u00e9s des mat\u00e9riaux ;<\/li>\n<li>Le d\u00e9veloppement de sources d\u2019ions et de sources de plasmas ;<\/li>\n<li>Les proc\u00e9d\u00e9s de traitement de mat\u00e9riaux par laser (marquage, soudage, d\u00e9coupe, fabrication 3D\u2026) ;<\/li>\n<li>Le traitement de mat\u00e9riaux par projection thermique (HVOF, Cold spray, Arc-fil\u2026) ;<\/li>\n<li>Les techniques de d\u00e9position par plasma froid PVD, PECVD, PLD.<\/li>\n<\/ul>\n<p>&nbsp;<\/p>\n<h3 style=\"text-align: right;\"><strong>Directeur de la Division MIL<\/strong><\/h3>\n<h3 style=\"text-align: right;\">Dr. El-Hachemi AMARA<\/h3>\n<p>&nbsp;<\/p>\n<p><img loading=\"lazy\" decoding=\"async\" class=\"alignnone wp-image-48005 \" src=\"https:\/\/www.cdta.dz\/wp-content\/uploads\/2021\/01\/Organigramme-MIL-Fr-300x169-3-300x169.jpg\" alt=\"\" width=\"1051\" height=\"592\" srcset=\"https:\/\/www.cdta.dz\/wp-content\/uploads\/2021\/01\/Organigramme-MIL-Fr-300x169-3-300x169.jpg 300w, https:\/\/www.cdta.dz\/wp-content\/uploads\/2021\/01\/Organigramme-MIL-Fr-300x169-3-768x432.jpg 768w, https:\/\/www.cdta.dz\/wp-content\/uploads\/2021\/01\/Organigramme-MIL-Fr-300x169-3-1536x864.jpg 1536w, https:\/\/www.cdta.dz\/wp-content\/uploads\/2021\/01\/Organigramme-MIL-Fr-300x169-3.jpg 1600w\" sizes=\"auto, (max-width: 1051px) 100vw, 1051px\" \/><\/p>\n<p>&nbsp;<\/p>\n<p>[\/vc_column_text][\/vc_column][\/vc_row]<\/p>\n","protected":false},"excerpt":{"rendered":"<p>[vc_row][vc_column][vc_column_text el_class=\u00a0\u00bbtext-justify\u00a0\u00bb] Pr\u00e9sentation de la Division Milieux Ionis\u00e9s et Lasers La Division Milieux Ionis\u00e9s &amp; Lasers regroupe une soixantaine de chercheurs permanents ainsi qu\u2019une dizaine d\u2019ing\u00e9nieurs et techniciens qui travaillent sur les plasmas, les lasers et les proc\u00e9d\u00e9s appliqu\u00e9s aux mat\u00e9riaux. Comme toute structure de recherche, la division a comme objectif central d\u2019\u0153uvrer dans son [&hellip;]<\/p>\n","protected":false},"author":46,"featured_media":2195,"parent":5526,"menu_order":0,"comment_status":"closed","ping_status":"closed","template":"division-page.php","meta":{"footnotes":""},"class_list":["post-5469","page","type-page","status-publish","has-post-thumbnail","hentry"],"_links":{"self":[{"href":"https:\/\/www.cdta.dz\/fr\/wp-json\/wp\/v2\/pages\/5469\/"}],"collection":[{"href":"https:\/\/www.cdta.dz\/fr\/wp-json\/wp\/v2\/pages\/"}],"about":[{"href":"https:\/\/www.cdta.dz\/fr\/wp-json\/wp\/v2\/types\/page\/"}],"author":[{"embeddable":true,"href":"https:\/\/www.cdta.dz\/fr\/wp-json\/wp\/v2\/users\/46\/"}],"replies":[{"embeddable":true,"href":"https:\/\/www.cdta.dz\/fr\/wp-json\/wp\/v2\/comments\/?post=5469"}],"version-history":[{"count":10,"href":"https:\/\/www.cdta.dz\/fr\/wp-json\/wp\/v2\/pages\/5469\/revisions\/"}],"predecessor-version":[{"id":48008,"href":"https:\/\/www.cdta.dz\/fr\/wp-json\/wp\/v2\/pages\/5469\/revisions\/48008\/"}],"up":[{"embeddable":true,"href":"https:\/\/www.cdta.dz\/fr\/wp-json\/wp\/v2\/pages\/5526\/"}],"wp:featuredmedia":[{"embeddable":true,"href":"https:\/\/www.cdta.dz\/fr\/wp-json\/wp\/v2\/media\/2195\/"}],"wp:attachment":[{"href":"https:\/\/www.cdta.dz\/fr\/wp-json\/wp\/v2\/media\/?parent=5469"}],"curies":[{"name":"wp","href":"https:\/\/api.w.org\/{rel}","templated":true}]}}