{"id":5471,"date":"2019-04-21T14:44:51","date_gmt":"2019-04-21T14:44:51","guid":{"rendered":"http:\/\/10.1.5.53\/?page_id=5471"},"modified":"2021-01-28T11:16:38","modified_gmt":"2021-01-28T11:16:38","slug":"division-microelectronique-et-nanotechnologie","status":"publish","type":"page","link":"https:\/\/www.cdta.dz\/fr\/recherche-et-technologie\/divisions\/division-microelectronique-et-nanotechnologie\/","title":{"rendered":"Division Micro\u00e9lectronique et Nanotechnologie (DMN)"},"content":{"rendered":"<p>D\u00e8s sa cr\u00e9ation en 1988 au niveau de son si\u00e8ge initial d\u2019El-Madania (Alger), le CDTA s\u2019est dot\u00e9 d\u2019un laboratoire de micro\u00e9lectronique charg\u00e9 de l&rsquo;activit\u00e9 R&amp;D dans le domaine de la micro\u00e9lectronique. Durant les trois d\u00e9cennies qui ont suivi sa cr\u00e9ation, et gr\u00e2ce \u00e0 l\u2019activit\u00e9 de micro\u00e9lectronique men\u00e9e dans sa structure avec ses comp\u00e9tences humaines et ses moyens en mat\u00e9riels existants, ainsi que les op\u00e9rations de d\u00e9ploiement des outils de conception au niveau national, le CDTA est devenu le point focal de la micro\u00e9lectronique en Alg\u00e9rie.<\/p>\n<p>Un d\u00e9but prometteur de cette discipline a marqu\u00e9 sa premi\u00e8re d\u00e9cennie gr\u00e2ce \u00e0 son potentiel de chercheurs qui a contribu\u00e9 \u00e0 la conception et \u00e0 la fabrication des premiers circuits int\u00e9gr\u00e9s, \u00e0 la r\u00e9alisation d\u2019une salle blanche d\u2019exp\u00e9rimentation, ainsi qu\u2019\u00e0 l\u2019organisation de la premi\u00e8re \u00e9dition de la Conf\u00e9rence Internationale en Micro\u00e9lectronique ICM en 1988.\u00a0Durant sa deuxi\u00e8me d\u00e9cennie, sp\u00e9cialement en 2003, le laboratoire de micro\u00e9lectronique est devenu une division d\u00e9nomm\u00e9e \u00e0 ce jour \u00ab\u00a0<strong>Division Micro\u00e9lectronique et Nanotechnologie, (DMN)<\/strong>\u00ab\u00a0, o\u00f9 l\u2019activit\u00e9 R&amp;D s\u2019est ax\u00e9e autour de : la caract\u00e9risation \u00e9lectrique et la fiabilit\u00e9 des dispositifs \u00e0 semi-conducteurs, la conception sur FPGA, la conception des circuits int\u00e9gr\u00e9s analogique et radiofr\u00e9quence, et le d\u00e9veloppement d\u2019outils VLSI. Par ailleurs, la DMN a connu le lancement du projet de la r\u00e9alisation de la Plateforme Technologique de Micro-fabrication au sein du nouveau si\u00e8ge du CDTA (\u00e0 Baba Hassen, Alger), c\u2019\u00e9tait un projet pionnier en Afrique et au monde arabe.\u00a0Cette d\u00e9cennie a \u00e9t\u00e9 \u00e9galement marqu\u00e9e par ; (<em>i<\/em>) le lancement du projet RASIC au niveau national, (<em>ii<\/em>) le lancement du projet TEMPUS avec l\u2019UE destin\u00e9 \u00e0 la formation de formateurs dans le domaine de la micro\u00e9lectronique, et (<em>iii<\/em>) la cr\u00e9ation de l\u2019activit\u00e9 MEMS pour la conception et la r\u00e9alisation des capteurs et des actionneurs.\u00a0La derni\u00e8re d\u00e9cennie a \u00e9t\u00e9 marqu\u00e9e par l&rsquo;investissement dans le potentiel humain \u00e0 travers le recrutement du personnel, la consolidation de la formation des chercheurs (Masters et Doctorats), la r\u00e9ception du projet de Plateforme Technologique de Micro-fabrication, la cha\u00eene de r\u00e9alisation des cartes \u00e9lectroniques sur PCB, ainsi que la r\u00e9ception du projet de la plateforme de r\u00e9alisation des composants MEMS.<\/p>\n<p>&nbsp;<\/p>\n<p><img loading=\"lazy\" decoding=\"async\" class=\" wp-image-48231 aligncenter\" src=\"https:\/\/www.cdta.dz\/wp-content\/uploads\/2021\/01\/Organigramme-DMN-fr-2-300x194.png\" alt=\"\" width=\"492\" height=\"318\" srcset=\"https:\/\/www.cdta.dz\/wp-content\/uploads\/2021\/01\/Organigramme-DMN-fr-2-300x194.png 300w, https:\/\/www.cdta.dz\/wp-content\/uploads\/2021\/01\/Organigramme-DMN-fr-2-768x497.png 768w, https:\/\/www.cdta.dz\/wp-content\/uploads\/2021\/01\/Organigramme-DMN-fr-2.png 899w\" sizes=\"auto, (max-width: 492px) 100vw, 492px\" \/><\/p>\n<p>Actuellement, l\u2019activit\u00e9 R&amp;D de la division compte une dizaine de projets de recherche triennaux (FNR) et socio-\u00e9conomiques. Ces projets s\u2019articulent autour de la conception de circuits int\u00e9gr\u00e9s RF et mixtes, la conception de circuits et syst\u00e8mes int\u00e9gr\u00e9s digitaux, la conception et la r\u00e9alisation des microsyst\u00e8mes MEMS et capteurs, le d\u00e9veloppement d\u2019outils CAO-VLSI, la simulation de proc\u00e9d\u00e9s technologiques, la caract\u00e9risation \u00e9lectrique et la fiabilit\u00e9 des dispositifs \u00e0 semi-conducteurs et CI.\u00a0Ces th\u00e9matiques de recherche et de d\u00e9veloppement sont prises en charge par quatre \u00e9quipes de recherches:<\/p>\n<ul>\n<li><a href=\"https:\/\/www.cdta.dz\/fr\/recherche-et-technologie\/divisions\/division-microelectronique-et-nanotechnologie\/equipes-de-recherche\/equipe-tdcsd\/\">\u00c9quipe TDCSD : Tools, Digital Circuits and Systems Design<\/a><\/li>\n<li><a href=\"https:\/\/www.cdta.dz\/fr\/recherche-et-technologie\/divisions\/division-microelectronique-et-nanotechnologie\/equipes-de-recherche\/equipe-arfic\/\">Equipe Analog\/RFIC : Analog\/Radio Frequency Integrated Circuits<\/a><\/li>\n<li><a href=\"https:\/\/www.cdta.dz\/fr\/recherche-et-technologie\/divisions\/division-microelectronique-et-nanotechnologie\/equipes-de-recherche\/equipe-fcs\/\">Equipe FCS : Fiabilit\u00e9 des Composants \u00e0 Semi-conducteurs<\/a><\/li>\n<li><a href=\"https:\/\/www.cdta.dz\/fr\/recherche-et-technologie\/divisions\/division-microelectronique-et-nanotechnologie\/equipes-de-recherche\/equipe-mems-sensors\/\">Equipe MEMS &amp; SENSORS : Micro-Electro-Mechanical Systems and Sensors<\/a><\/li>\n<\/ul>\n<p>Pour mener ces th\u00e9matiques R&amp;D, la Division de Micro\u00e9lectronique et Nanotechnologie s&rsquo;appuie sur sa plateforme de la conception des circuits int\u00e9gr\u00e9s, sur sa salle de caract\u00e9risation \u00e9lectrique, et travaille \u00e9galement en \u00e9troite collaboration avec la plateforme de microsyst\u00e8mes (salle MEMS), et la Centrale Technologique de Micro-fabrication. Les perspectives restent prometteuses pour la promotion de la micro\u00e9lectronique en Alg\u00e9rie et le rapprochement du secteur socio-\u00e9conomique.<\/p>\n<p>&nbsp;<\/p>\n<p style=\"text-align: left;\"><strong>Dr. Boualem DJEZZAR<\/strong><\/p>\n<p style=\"text-align: left;\">Directeur de la DMN<\/p>\n","protected":false},"excerpt":{"rendered":"<p>D\u00e8s sa cr\u00e9ation en 1988 au niveau de son si\u00e8ge initial d\u2019El-Madania (Alger), le CDTA s\u2019est dot\u00e9 d\u2019un laboratoire de micro\u00e9lectronique charg\u00e9 de l&rsquo;activit\u00e9 R&amp;D dans le domaine de la micro\u00e9lectronique. Durant les trois d\u00e9cennies qui ont suivi sa cr\u00e9ation, et gr\u00e2ce \u00e0 l\u2019activit\u00e9 de micro\u00e9lectronique men\u00e9e dans sa structure avec ses comp\u00e9tences humaines et [&hellip;]<\/p>\n","protected":false},"author":46,"featured_media":2195,"parent":5526,"menu_order":0,"comment_status":"closed","ping_status":"closed","template":"division-page.php","meta":{"footnotes":""},"class_list":["post-5471","page","type-page","status-publish","has-post-thumbnail","hentry"],"_links":{"self":[{"href":"https:\/\/www.cdta.dz\/fr\/wp-json\/wp\/v2\/pages\/5471\/"}],"collection":[{"href":"https:\/\/www.cdta.dz\/fr\/wp-json\/wp\/v2\/pages\/"}],"about":[{"href":"https:\/\/www.cdta.dz\/fr\/wp-json\/wp\/v2\/types\/page\/"}],"author":[{"embeddable":true,"href":"https:\/\/www.cdta.dz\/fr\/wp-json\/wp\/v2\/users\/46\/"}],"replies":[{"embeddable":true,"href":"https:\/\/www.cdta.dz\/fr\/wp-json\/wp\/v2\/comments\/?post=5471"}],"version-history":[{"count":5,"href":"https:\/\/www.cdta.dz\/fr\/wp-json\/wp\/v2\/pages\/5471\/revisions\/"}],"predecessor-version":[{"id":48234,"href":"https:\/\/www.cdta.dz\/fr\/wp-json\/wp\/v2\/pages\/5471\/revisions\/48234\/"}],"up":[{"embeddable":true,"href":"https:\/\/www.cdta.dz\/fr\/wp-json\/wp\/v2\/pages\/5526\/"}],"wp:featuredmedia":[{"embeddable":true,"href":"https:\/\/www.cdta.dz\/fr\/wp-json\/wp\/v2\/media\/2195\/"}],"wp:attachment":[{"href":"https:\/\/www.cdta.dz\/fr\/wp-json\/wp\/v2\/media\/?parent=5471"}],"curies":[{"name":"wp","href":"https:\/\/api.w.org\/{rel}","templated":true}]}}