{"id":5473,"date":"2019-04-21T14:45:23","date_gmt":"2019-04-21T14:45:23","guid":{"rendered":"http:\/\/10.1.5.53\/?page_id=5473"},"modified":"2021-04-20T09:31:04","modified_gmt":"2021-04-20T09:31:04","slug":"unite-de-recherche-en-optique-et-photonique","status":"publish","type":"page","link":"https:\/\/www.cdta.dz\/fr\/recherche-et-technologie\/unites-de-recherche\/unite-de-recherche-en-optique-et-photonique\/","title":{"rendered":"Unit\u00e9 de Recherche UROP"},"content":{"rendered":"<p>[vc_row][vc_column][vc_column_text el_class=\u00a0\u00bbtext-justify\u00a0\u00bb]<strong>Unit\u00e9 de Recherche en Optique et Photonique<\/strong><\/p>\n<p>L\u2019<strong>U<\/strong>nit\u00e9 de <strong>R<\/strong>echerche en <strong>O<\/strong>ptique et <strong>P<\/strong>hotonique (UROP) de S\u00e9tif est rattach\u00e9e au Centre de D\u00e9veloppement des Technologies Avanc\u00e9es (CDTA). Elle a \u00e9t\u00e9 cr\u00e9\u00e9e par arr\u00eat\u00e9 Minist\u00e9riel n\u00b0 143 du 15 Mars 2011. L\u2019Unit\u00e9\u00a0 est charg\u00e9e, conform\u00e9ment \u00e0 son arr\u00eat\u00e9 de sa cr\u00e9ation \u00e0 d\u00e9velopper des activit\u00e9s de recherche dans le domaine de l\u2019Optique et la Photonique.<\/p>\n<p>L&rsquo;Optique et la Photonique apparaissent aujourd&rsquo;hui comme des technologies prometteuses pour les prochaines d\u00e9cennies dans le contexte du d\u00e9veloppement extraordinaire de l&rsquo;opto\u00e9lectronique. Cela est surtout d\u00fb \u00e0 l&rsquo;arriv\u00e9e \u00e0 maturit\u00e9 de la plupart des composants indispensables \u00e0 la r\u00e9alisation d&rsquo;une cha\u00eene opto\u00e9lectronique compl\u00e8te et la demande accrue de circuits photoniques miniaturis\u00e9s \u00e0 faible co\u00fbt. Ces besoins ont suscit\u00e9 une recherche pluridisciplinaire associant physicien, chimiste, biologistes et ing\u00e9nieurs, dont l\u2019objectif est de fournir des syst\u00e8mes r\u00e9pondant \u00e0 des sp\u00e9cifications donn\u00e9es \u00e0 partir d\u2019une d\u00e9marche reliant les performances d\u00e9sir\u00e9es des mat\u00e9riaux \u00a0\u00e0 l\u2019\u00e9chelle mol\u00e9culaire et atomique.<\/p>\n<p>Les enjeux de ces technologies sont non seulement scientifiques et technologiques mais \u00e9galement strat\u00e9giques surtout dans le contexte actuel d\u2019une importante mutation \u00e9nerg\u00e9tique. Dans ce contexte, l\u2019objectif principal de l\u2019UROP est de contribuer \u00e0 l\u2019\u00e9mergence d\u2019une v\u00e9ritable industrie photonique alg\u00e9rienne en \u0153uvrant notamment \u00e0 :<\/p>\n<ul>\n<li>Pr\u00e9parer l\u2019environnement scientifique pour une recherche utile dans le domaine de l\u2019optique photonique;<\/li>\n<li>D\u00e9finir et mettre en \u0153uvre une strat\u00e9gie de R&amp;D pour les composants et syst\u00e8mes photoniques et leurs applications;<\/li>\n<li>D\u00e9finir une v\u00e9ritable strat\u00e9gie d\u2019industrialisation dans le secteur de l\u2019optique photonique;<\/li>\n<li>Favoriser des coop\u00e9rations et des partenariats nationaux et internationaux.<\/li>\n<\/ul>\n<p>L\u2019Alg\u00e9rie dispose de moyens humains et mat\u00e9riels pour faire de la science et de la technologie un moyen puissant de d\u00e9veloppement \u00e9conomique et un facteur important pour la s\u00e9curit\u00e9 nationale.<\/p>\n<p style=\"text-align: right;\"><strong>Dr. youcef BOUGHERIRA<\/strong><\/p>\n<p style=\"text-align: right;\"><strong>Directeur d&rsquo;unit\u00e9<\/strong><\/p>\n<p>&nbsp;<\/p>\n<p style=\"text-align: right;\">[\/vc_column_text][\/vc_column][\/vc_row]<\/p>\n","protected":false},"excerpt":{"rendered":"<p>[vc_row][vc_column][vc_column_text el_class=\u00a0\u00bbtext-justify\u00a0\u00bb]Unit\u00e9 de Recherche en Optique et Photonique L\u2019Unit\u00e9 de Recherche en Optique et Photonique (UROP) de S\u00e9tif est rattach\u00e9e au Centre de D\u00e9veloppement des Technologies Avanc\u00e9es (CDTA). Elle a \u00e9t\u00e9 cr\u00e9\u00e9e par arr\u00eat\u00e9 Minist\u00e9riel n\u00b0 143 du 15 Mars 2011. L\u2019Unit\u00e9\u00a0 est charg\u00e9e, conform\u00e9ment \u00e0 son arr\u00eat\u00e9 de sa cr\u00e9ation \u00e0 d\u00e9velopper des activit\u00e9s [&hellip;]<\/p>\n","protected":false},"author":45,"featured_media":2195,"parent":5530,"menu_order":0,"comment_status":"closed","ping_status":"closed","template":"division-page.php","meta":{"footnotes":""},"class_list":["post-5473","page","type-page","status-publish","has-post-thumbnail","hentry"],"_links":{"self":[{"href":"https:\/\/www.cdta.dz\/fr\/wp-json\/wp\/v2\/pages\/5473\/"}],"collection":[{"href":"https:\/\/www.cdta.dz\/fr\/wp-json\/wp\/v2\/pages\/"}],"about":[{"href":"https:\/\/www.cdta.dz\/fr\/wp-json\/wp\/v2\/types\/page\/"}],"author":[{"embeddable":true,"href":"https:\/\/www.cdta.dz\/fr\/wp-json\/wp\/v2\/users\/45\/"}],"replies":[{"embeddable":true,"href":"https:\/\/www.cdta.dz\/fr\/wp-json\/wp\/v2\/comments\/?post=5473"}],"version-history":[{"count":3,"href":"https:\/\/www.cdta.dz\/fr\/wp-json\/wp\/v2\/pages\/5473\/revisions\/"}],"predecessor-version":[{"id":49730,"href":"https:\/\/www.cdta.dz\/fr\/wp-json\/wp\/v2\/pages\/5473\/revisions\/49730\/"}],"up":[{"embeddable":true,"href":"https:\/\/www.cdta.dz\/fr\/wp-json\/wp\/v2\/pages\/5530\/"}],"wp:featuredmedia":[{"embeddable":true,"href":"https:\/\/www.cdta.dz\/fr\/wp-json\/wp\/v2\/media\/2195\/"}],"wp:attachment":[{"href":"https:\/\/www.cdta.dz\/fr\/wp-json\/wp\/v2\/media\/?parent=5473"}],"curies":[{"name":"wp","href":"https:\/\/api.w.org\/{rel}","templated":true}]}}