{"id":5475,"date":"2019-04-21T14:45:48","date_gmt":"2019-04-21T14:45:48","guid":{"rendered":"http:\/\/10.1.5.53\/?page_id=5475"},"modified":"2021-09-20T07:35:46","modified_gmt":"2021-09-20T07:35:46","slug":"unite-de-recherche-en-nanoscience-et-nanotechnologies","status":"publish","type":"page","link":"https:\/\/www.cdta.dz\/fr\/recherche-et-technologie\/unites-de-recherche\/unite-de-recherche-en-nanoscience-et-nanotechnologies\/","title":{"rendered":"Unit\u00e9 de Recherche URNN"},"content":{"rendered":"<p><strong>Unit\u00e9 de Recherche en Nanosciences et Nanotechnologies<\/strong><\/p>\n<p>L&rsquo;Unit\u00e9 de Recherche en Nanosciences et Nanotechnologies (URNN) est une unit\u00e9 int\u00e9gr\u00e9e au sein du campus de l&rsquo;Universit\u00e9 de S\u00e9tif-1, appartenant au Centre de D\u00e9veloppement des Technologies Avanc\u00e9es (CDTA). L&rsquo;unit\u00e9 URNN a \u00e9t\u00e9 cr\u00e9\u00e9e le 16 MAI 2021 par La\u00a0Direction G\u00e9n\u00e9rale\u00a0de la\u00a0Recherche Scientifique\u00a0et du\u00a0D\u00e9veloppement Technologique\u00a0(DGRSDT) pour renforcer la recherche et le d\u00e9veloppement dans le domaine des nanosciences et nanotechnologies en Alg\u00e9rie.<\/p>\n<p>La nanoscience et la nanotechnologie sont un domaine \u00e9mergeant en tant que fronti\u00e8re de la recherche et du d\u00e9veloppement en sciences naturelles et en ing\u00e9nierie. On parle la capacit\u00e9 de convertir les connaissances fondamentales en applications d&rsquo;ing\u00e9nierie utiles en observant, mesurant, manipulant, contr\u00f4lant et proc\u00e9d\u00e9s de fabrication \u00e0 l&rsquo;\u00e9chelle nanom\u00e9trique, c&rsquo;est-\u00e0-dire 10<sup>-9<\/sup> m\u00e8tres. L&rsquo;exploration de nouveaux mat\u00e9riaux, processus et ph\u00e9nom\u00e8nes \u00e0 l&rsquo;\u00e9chelle nanom\u00e9trique en d\u00e9veloppant un nouveau processus de nano-fabrication (approches ascendante et descendante) et par des techniques de caract\u00e9risation <em>in-situ<\/em> (microscopie et spectroscopie \u00e0 l&rsquo;\u00e9chelle nanom\u00e9trique), fournit une compr\u00e9hension approfondie des propri\u00e9t\u00e9s pertinentes \u00e0 l&rsquo;\u00e9chelle atomique et mol\u00e9culaire. La capacit\u00e9 de comprendre, de manipuler et de contr\u00f4ler avec pr\u00e9cision la structure et les propri\u00e9t\u00e9s des nanomat\u00e9riaux conduit \u00e0 une fusion de la science des mat\u00e9riaux et de la nanoscience dans des domaines d&rsquo;application des nanotechnologies. En fait, la nanotechnologie est multidisciplinaire, concernant\u00a0la physique, la chimie, la biologie, l&rsquo;informatique, l&rsquo;\u00e9lectronique et l&rsquo;ing\u00e9nierie, qui doivent tous s&rsquo;unir afin de produire le prochain niveau d&rsquo;avancement de la nanotechnologie dans les domaines de l&rsquo;\u00e9nergie, de l&rsquo;environnement, de la sant\u00e9, de la d\u00e9fense et fabrication. Au fur et \u00e0 mesure que la technologie se d\u00e9veloppera, de nouvelles approches \u00e9mergeront.<\/p>\n<p>Pour renforcer le programme alg\u00e9rien de nanotechnologie, nous avons besoin d&rsquo;une base solide de ressources humaines pour suivre le rythme du secteur de la recherche et du d\u00e9veloppement. Ainsi, diverses initiatives ont \u00e9t\u00e9 prises r\u00e9cemment par l&rsquo;URNN pour attirer les jeunes talents pour d\u00e9marrer leurs projets de recherche dans le domaine interdisciplinaire des nanosciences et des nanotechnologies. L&rsquo;Unit\u00e9 de Recherche en Nanosciences et Nanotechnologies (URNN) est un exemple brillant de cr\u00e9ation d&rsquo;un p\u00f4le de recherche avanc\u00e9 multidisciplinaire en Alg\u00e9rie, qui aura des liens et une coop\u00e9ration durable avec les laboratoires nationaux, l&rsquo;industrie et la soci\u00e9t\u00e9 pour cr\u00e9er des recherches et des technologies en Alg\u00e9rie.<\/p>\n<p>Les missions de l&rsquo;URNN se divisent en deux parties :<\/p>\n<ol>\n<li>Recherche scientifique et d\u00e9veloppement qui comprend\u00a0:<\/li>\n<\/ol>\n<ul>\n<li>Acqu\u00e9rir et d\u00e9velopper un savoir-faire exp\u00e9rimental dans le domaine des nanosciences et nanotechnologies et participer \u00e0 \u00e9tablir une tradition de recherche exp\u00e9rimentale dans le pays et soutenir en la mati\u00e8re les d\u00e9partements de recherche et d\u00e9veloppement au sein de l&rsquo;industrie nationale\u00a0;<\/li>\n<li>Mettre en place et ma\u00eetriser les techniques de fabrication et caract\u00e9risation des mat\u00e9riaux \u00e0 l&rsquo;\u00e9chelle nanom\u00e9trique\u00a0;<\/li>\n<li>Synth\u00e9tiser et \u00e9tudier les propri\u00e9t\u00e9s fondamentales physico-chimiques et \u00e9lectroniques de syst\u00e8mes modernes de mat\u00e9riaux et leur int\u00e9gration dans des applications technologiques\u00a0;<\/li>\n<li>Maitriser les technologies de l&rsquo;ultravide et de la cryog\u00e9nie n\u00e9cessaires pour les techniques de nano-caract\u00e9risation\u00a0;<\/li>\n<li>Vulgariser et diffuser les notions et l&rsquo;utilit\u00e9 des nanosciences et des nanotechnologies dans l&rsquo;Universit\u00e9 alg\u00e9rienne, chez les partenaires socio-\u00e9conomiques et aupr\u00e8s du grand public.<\/li>\n<\/ul>\n<ol start=\"2\">\n<li>Partenariat avec les acteurs socio-\u00e9conomiques \u00e9tatiques et priv\u00e9s.<\/li>\n<\/ol>\n<p style=\"text-align: right;\"><strong>Dr. Hamza BELHADJ<\/strong><\/p>\n<p style=\"text-align: right;\"><strong>Directeur de l\u2019unit\u00e9\u00a0URNN<\/strong><\/p>\n","protected":false},"excerpt":{"rendered":"<p>Unit\u00e9 de Recherche en Nanosciences et Nanotechnologies L&rsquo;Unit\u00e9 de Recherche en Nanosciences et Nanotechnologies (URNN) est une unit\u00e9 int\u00e9gr\u00e9e au sein du campus de l&rsquo;Universit\u00e9 de S\u00e9tif-1, appartenant au Centre de D\u00e9veloppement des Technologies Avanc\u00e9es (CDTA). L&rsquo;unit\u00e9 URNN a \u00e9t\u00e9 cr\u00e9\u00e9e le 16 MAI 2021 par La\u00a0Direction G\u00e9n\u00e9rale\u00a0de la\u00a0Recherche Scientifique\u00a0et du\u00a0D\u00e9veloppement Technologique\u00a0(DGRSDT) pour renforcer la [&hellip;]<\/p>\n","protected":false},"author":45,"featured_media":2195,"parent":5530,"menu_order":0,"comment_status":"closed","ping_status":"closed","template":"division-page.php","meta":{"footnotes":""},"class_list":["post-5475","page","type-page","status-publish","has-post-thumbnail","hentry"],"_links":{"self":[{"href":"https:\/\/www.cdta.dz\/fr\/wp-json\/wp\/v2\/pages\/5475\/"}],"collection":[{"href":"https:\/\/www.cdta.dz\/fr\/wp-json\/wp\/v2\/pages\/"}],"about":[{"href":"https:\/\/www.cdta.dz\/fr\/wp-json\/wp\/v2\/types\/page\/"}],"author":[{"embeddable":true,"href":"https:\/\/www.cdta.dz\/fr\/wp-json\/wp\/v2\/users\/45\/"}],"replies":[{"embeddable":true,"href":"https:\/\/www.cdta.dz\/fr\/wp-json\/wp\/v2\/comments\/?post=5475"}],"version-history":[{"count":2,"href":"https:\/\/www.cdta.dz\/fr\/wp-json\/wp\/v2\/pages\/5475\/revisions\/"}],"predecessor-version":[{"id":111043,"href":"https:\/\/www.cdta.dz\/fr\/wp-json\/wp\/v2\/pages\/5475\/revisions\/111043\/"}],"up":[{"embeddable":true,"href":"https:\/\/www.cdta.dz\/fr\/wp-json\/wp\/v2\/pages\/5530\/"}],"wp:featuredmedia":[{"embeddable":true,"href":"https:\/\/www.cdta.dz\/fr\/wp-json\/wp\/v2\/media\/2195\/"}],"wp:attachment":[{"href":"https:\/\/www.cdta.dz\/fr\/wp-json\/wp\/v2\/media\/?parent=5475"}],"curies":[{"name":"wp","href":"https:\/\/api.w.org\/{rel}","templated":true}]}}