{"id":5526,"date":"2019-04-21T15:22:31","date_gmt":"2019-04-21T15:22:31","guid":{"rendered":"http:\/\/10.1.5.53\/?page_id=5526"},"modified":"2019-05-29T09:51:49","modified_gmt":"2019-05-29T09:51:49","slug":"divisions","status":"publish","type":"page","link":"https:\/\/www.cdta.dz\/fr\/recherche-et-technologie\/divisions\/","title":{"rendered":"Divisions"},"content":{"rendered":"<p>[vc_row][vc_column][vc_column_text el_class=\u00a0\u00bbtext-justify\u00a0\u00bb]<\/p>\n<h3><strong>Architecture des Syst\u00e8mes et Multim\u00e9dia<\/strong><\/h3>\n<p>Le laboratoire Architecture des Syst\u00e8mes et Multim\u00e9dia ASM est une structure de recherche et de d\u00e9veloppement. Il a \u00e9t\u00e9 cr\u00e9\u00e9 en 1982 en sein du Centre de D\u00e9veloppement des Techniques Avanc\u00e9es (CDTA), sous la tutelle du Commissariat aux \u00c9nergies Nouvelles (CEN) \u00ab<a href=\"https:\/\/www.cdta.dz\/fr\/cdta\/presentation-du-cdta\/historique-du-cdta\/\">Historique du CDTA<\/a>\u00bb. L\u2019ASM a \u00e9t\u00e9 charg\u00e9 d\u2019effectuer des travaux de recherche dans :<\/p>\n<ul>\n<li>La technologie des logiciels, en particulier de langage de programmation et d\u2019intelligence artificielle ;<\/li>\n<li>Le traitement avanc\u00e9 de l\u2019information ; les supports de stockage de l\u2019information et des connaissances ; le traitement du signal audio et vid\u00e9o de communications homme-machine, les r\u00e9seaux locaux, les terminaux intelligents multilingues.<\/li>\n<\/ul>\n<p>En 2006, le laboratoire ASM a chang\u00e9 de statut ou il est devenu une Division de recherche et de d\u00e9veloppement \u00ab Arr\u00eat\u00e9 interminist\u00e9riel du 9 Cha\u00e2bane l427 correspondant au 2 septembre 2006 portant organisation interne du centre de d\u00e9veloppement des technologies avanc\u00e9es (C.D.T.A) \u00bb. Les travaux de recherches men\u00e9s par l\u2019ASM ont permis de concr\u00e9tiser des produits technologies de pointe, tels que :<\/p>\n<ul>\n<li>Plateforme t\u00e9l\u00e9m\u00e9decine du CDTA ;<\/li>\n<li>Audiom\u00e8tre sur PC ;<\/li>\n<li>Stimulateur antidouleur ;<\/li>\n<li>Crypto syst\u00e8mes embarqu\u00e9s ;<\/li>\n<li>Plateformes de traitement des images m\u00e9dicales ;<\/li>\n<li>Plateforme disponible sur le WEB \u00ab www.cdta.net \u00bb pour la g\u00e9n\u00e9ration des multiplieurs (MCM) ;<\/li>\n<li>Syst\u00e8mes de reconnaissance des visages et des locuteurs.<\/li>\n<\/ul>\n<p>&nbsp;<\/p>\n<h3><strong>Micro\u00e9lectronique et Nanotechnologie<\/strong><\/h3>\n<p>L&rsquo;activit\u00e9 R&amp;D en micro\u00e9lectronique a connu ses d\u00e9buts d\u00e8s la cr\u00e9ation du CDTA en 1988 au sein du laboratoire de micro\u00e9lectronique au niveau de son si\u00e8ge intial d\u2019El-Madania \u00e0 Alger. Sur les trois d\u00e9cennies, le CDTA est devenu le point focal en micro\u00e9lectronique en Alg\u00e9rie gr\u00e2ce \u00e0 l\u2019activit\u00e9 de micro\u00e9lectronique men\u00e9e dans sa structure, les moyens existants, les op\u00e9rations de d\u00e9ploiement des moyens au niveau national.Gr\u00e2ce \u00e0 son potentiel chercheur, un d\u00e9but fulgurant de cette discipline a marqu\u00e9 sa premi\u00e8re d\u00e9cennie, notamment par les premiers circuits int\u00e9gr\u00e9s con\u00e7us etfabriqu\u00e9s,la r\u00e9alisation d\u2019unesalle blanched\u2019exp\u00e9rimentation, et l\u2019organisation de la premi\u00e8re \u00e9dition de la fameuse conf\u00e9rence internationale en micro\u00e9lectronique ICM, 1988. Durant la deuxi\u00e8me d\u00e9cennie, le laboratoire est devenu en 2003 une division qui a \u00e9t\u00e9 d\u00e9nomm\u00e9e Micro\u00e9lectroniqueet Nanotechnologie\\ o\u00f9 l\u2019activit\u00e9 R&amp;D s\u2019est ax\u00e9e sur la caract\u00e9risation \u00e9lectrique, la conception sur FPGA, la conception des circuits int\u00e9gr\u00e9s analogique et radiofr\u00e9quence, et le d\u00e9veloppement d\u2019outils VLSI. Par ailleurs, cette d\u00e9cennie a connu le lancement du projet de la r\u00e9alisation de la premi\u00e8re Plateforme Technologique de Micro-fabrication en Afrique et dans le monde arabe, le projet RASIC au niveau national, et le projet TEMPUS avec l\u2019UE pour la formation de Formateurs, ainsi que le lancement de l\u2019activit\u00e9 MEMS. Quant \u00e0 la derni\u00e8re d\u00e9cennie, elle \u00e9tait marqu\u00e9e par l&rsquo;investissement dans le potentiel humain \u00e0 travers le recrutement, la consolidation de la formation des chercheurs (Masters et Doctorat), la r\u00e9ception du projet de Plateforme Technologique de Micro-fabrication, la r\u00e9ception du projet de la plateforme de r\u00e9alisation des MEMS et la chaine de r\u00e9alisation des cartes \u00e9lectroniques en PCB.<\/p>\n<p>Actuellement, l\u2019activit\u00e9 R&amp;D de la divisiontourne autour d&rsquo;une dizaine de projets de recherche FNR et socio\u00e9conomique dans la conception de circuits int\u00e9gr\u00e9s RF et mixtes, la conception de circuits et syst\u00e8mes int\u00e9gr\u00e9s digitaux, les MEMS et capteurs, le d\u00e9veloppement d\u2019outils CAO-VLSI, la caract\u00e9risation desdispositifs \u00e0 semi-conducteurs, et la simulation de proc\u00e9d\u00e9s technologiques. Ces activit\u00e9s sont organis\u00e9es en quatre th\u00e9matiques R&amp;D et prises en charge par quatre \u00e9quipes de recherche.<\/p>\n<ul>\n<li><strong>\u00c9quipe TDCSD :<\/strong> Tools, Digital Circuits and Systems Design ;<\/li>\n<li><strong>\u00c9quipeAnalog\/RFIC :<\/strong> Analog\/Radio Frequency Integrated Circuits ;<\/li>\n<li><strong>\u00c9quipe FCS :<\/strong> Fiabilit\u00e9 des Composants \u00e0 Semi-Conducteurs ;<\/li>\n<li><strong>\u00c9quipe MEMS &amp; SENSORS :<\/strong> Micro-Electro-Mechanical Systems and Sensors.<\/li>\n<\/ul>\n<p>Pour mener ces th\u00e9matiques R&amp;D, la division de Micro\u00e9lectronique et Nanotechnologie s&rsquo;appuie \u00e9galement sur trois plateformes, \u00e0 savoir, la salle MEMS, la salle de caract\u00e9risation \u00e9lectrique, et laplateforme pour la conception des circuits int\u00e9gr\u00e9s.Vu sa proximit\u00e9 avec la Centrale Technologique de Micro-fabrication, les perspectives restent prometteuses pour promouvoir la micro\u00e9lectronique en Alg\u00e9rie et se rapprocher davantage du secteur socio\u00e9conomique.<\/p>\n<p>&nbsp;<\/p>\n<h3><strong>Productique et Robotique<\/strong><\/h3>\n<p>La Division Productique et Robotique est une structure du Centre de D\u00e9veloppement des Technologies Avanc\u00e9es (CDTA). Elle a pour mission de mener des activit\u00e9s de recherche et de formations dans plusieurs domaines relevant en g\u00e9n\u00e9ral de la productique et de la robotique. Pour r\u00e9aliser sa mission, elle dispose d\u2019un effectif de qualit\u00e9 compos\u00e9 de :<\/p>\n<ul>\n<li><strong>04<\/strong> Directeurs de Recherche ;<\/li>\n<li><strong>06<\/strong> Ma\u00eetres de Recherche classe A ;<\/li>\n<li><strong>08<\/strong> Ma\u00eetres de Recherche classe B ;<\/li>\n<li><strong>02<\/strong> Charg\u00e9s de Recherche ;<\/li>\n<li><strong>13<\/strong> Attach\u00e9s de Recherche ;<\/li>\n<li><strong>06<\/strong> Charg\u00e9s d\u2019Etudes ;<\/li>\n<li><strong>14<\/strong> personnels de soutien \u00e0 la recherche ayant une grande exp\u00e9rience pratique.<\/li>\n<\/ul>\n<p>La Division Productique et Robotique poss\u00e8de six \u00e9quipes de recherche structur\u00e9es chacune autour d\u2019une th\u00e9matique de recherche particuli\u00e8re. Favorisant une approche R&amp;D exp\u00e9rimentale ces \u00e9quipes utilisent pour leurs travaux un ensemble de plateformes d\u2019exp\u00e9rimentation et de validation robotiques et une Plateforme d\u2019assemblage flexible et robotis\u00e9e d\u2019exp\u00e9rimentation et de d\u00e9monstration des technologies Industry 4.0.<\/p>\n<p>Les th\u00e8mes porteurs sur lesquels s\u2019engage la division Productique &amp; Robotique sont :<\/p>\n<ul>\n<li>Navigation autonome de robots mobiles ;<\/li>\n<li>Contr\u00f4le des syst\u00e8mes dynamiques complexes ;<\/li>\n<li>Ordonnancement et pilotage des syst\u00e8mes de production ;<\/li>\n<li>R\u00e9alit\u00e9 virtuelle et augment\u00e9e ;<\/li>\n<li>Production des surfaces de formes libres ;<\/li>\n<li>Informatique et \u00e9lectronique embarqu\u00e9es ;<\/li>\n<li>Co-design.<\/li>\n<\/ul>\n<p>Ces derniers ont des retomb\u00e9es profitables \u00e0 l\u2019environnement socio-\u00e9conomique pour les besoins des secteurs suivants :<\/p>\n<ul>\n<li>Industrie ;<\/li>\n<li>Environnement ;<\/li>\n<li>Sant\u00e9 ;<\/li>\n<li>Transport ;<\/li>\n<li>Education ;<\/li>\n<li>Services.<\/li>\n<\/ul>\n<p>&nbsp;<\/p>\n<h3><strong>Milieux Ionis\u00e9s et Lasers<\/strong><\/h3>\n<p>La division regroupe une soixantaine de chercheurs permanents ainsi qu\u2019une dizaine d\u2019ing\u00e9nieurs et techniciens qui travaillent sur les plasmas, les lasers et les proc\u00e9d\u00e9s appliqu\u00e9s aux mat\u00e9riaux. Comme toutes les \u00e9quipes du CDTA, cette division a comme objectif central la fourniture du meilleur service possible aux entreprises et aux universit\u00e9s pour am\u00e9liorer leurs capacit\u00e9s et leurs comp\u00e9tences. Leurs recherches sont r\u00e9solument tourn\u00e9es vers le monde de l\u2019entreprise. Les \u00e9quipes sont multidisciplinaires et travaillent sur les sciences fondamentales et les diverses sciences de l\u2019ing\u00e9nieur. Elles regroupent des physiciens, des chimistes, des \u00e9lectroniciens et des sp\u00e9cialistes des mat\u00e9riaux. De ce fait, la strat\u00e9gie de la division repose sur le d\u00e9veloppement des comp\u00e9tences de ses chercheurs dans le domaine des plasmas, des lasers et des proc\u00e9d\u00e9s appliqu\u00e9s aux mat\u00e9riaux pour une meilleure contribution aux secteurs socio-\u00e9conomiques du pays.<\/p>\n<p>Les travaux de recherche :<\/p>\n<ul>\n<li>Les technologies des syst\u00e8mes lasers ;<\/li>\n<li>Les techniques LiDAR ;<\/li>\n<li>La caract\u00e9risation physico-chimique des mat\u00e9riaux ;<\/li>\n<li>La synth\u00e8se des mat\u00e9riaux ;<\/li>\n<li>Les diagnostics des plasmas ;<\/li>\n<li>La caract\u00e9risation des milieux multicouches par ultrasons ;<\/li>\n<li>L\u2019interaction laser mati\u00e8re : plasmas cr\u00e9\u00e9s par laser et LIBS ;<\/li>\n<li>La mod\u00e9lisation de l\u2019\u00e9coulement fluide et transfert de chaleur et de masse ;<\/li>\n<li>La mod\u00e9lisation et la pr\u00e9diction des propri\u00e9t\u00e9s des mat\u00e9riaux ;<\/li>\n<li>Le d\u00e9veloppement de sources d\u2019ions et de sources de plasmas ;<\/li>\n<li>Les proc\u00e9d\u00e9s de traitement de mat\u00e9riaux par laser (marquage, soudage, d\u00e9coupe, fabrication 3D\u2026) ;<\/li>\n<li>Le traitement de mat\u00e9riaux par projection thermique (HVOF, Cold spray, Arc-fil\u2026) ;<\/li>\n<li>Les techniques de d\u00e9position par plasma froid PVD, PECVD, PLD.<\/li>\n<\/ul>\n<p>&nbsp;<\/p>\n<h3><strong>TELECOM<\/strong><\/h3>\n<p>La Division T\u00e9l\u00e9com a \u00e9t\u00e9 cr\u00e9\u00e9e en 2014. Elle a pour mission de mener des activit\u00e9s R&amp;D sur les grands domaines de recherche pertinents tels que : la technologie de l\u2018information, les t\u00e9l\u00e9communications, les antennes et la propagation des ondes, le smart-X, la sant\u00e9, la s\u00e9curit\u00e9 multim\u00e9dia et la vid\u00e9o surveillance, la biom\u00e9trie et la criminalistique.<\/p>\n<p>Elle se compose de quatre \u00e9quipes :<\/p>\n<ul>\n<li>\u00c9quipe CSF (Communication sans fils) ;<\/li>\n<li>\u00c9quipe Antennes ;<\/li>\n<li>\u00c9quipe BIOSMC (Biom\u00e9trie, s\u00e9curit\u00e9 Multim\u00e9dia et criminalistique) ;<\/li>\n<li>\u00c9quipe SIA (Syst\u00e8mes d&rsquo;Information Avanc\u00e9s).<\/li>\n<\/ul>\n<p>La Division T\u00e9l\u00e9com participe activement aux d\u00e9fis soci\u00e9taux et aux enjeux \u00e9conomiques de notre pays. Plusieurs produits phares du CDTA ont \u00e9t\u00e9 d\u00e9velopp\u00e9s au sein de cette Division, tels que : la plateforme Cloud du CDTA, l\u2019application t\u00e9l\u00e9m\u00e9decine et l\u2019application d\u2019\u00e9dition des ordres de la mise en garde \u00e0 vue. De plus, et en termes de valorisation scientifique, la Division T\u00e9l\u00e9com est tr\u00e8s active \u00e0 travers la publication de plusieurs travaux scientifique dans des revues de renomm\u00e9es internationales.[\/vc_column_text][\/vc_column][\/vc_row]<\/p>\n","protected":false},"excerpt":{"rendered":"<p>[vc_row][vc_column][vc_column_text el_class=\u00a0\u00bbtext-justify\u00a0\u00bb] Architecture des Syst\u00e8mes et Multim\u00e9dia Le laboratoire Architecture des Syst\u00e8mes et Multim\u00e9dia ASM est une structure de recherche et de d\u00e9veloppement. Il a \u00e9t\u00e9 cr\u00e9\u00e9 en 1982 en sein du Centre de D\u00e9veloppement des Techniques Avanc\u00e9es (CDTA), sous la tutelle du Commissariat aux \u00c9nergies Nouvelles (CEN) \u00abHistorique du CDTA\u00bb. L\u2019ASM a \u00e9t\u00e9 charg\u00e9 [&hellip;]<\/p>\n","protected":false},"author":45,"featured_media":2195,"parent":5528,"menu_order":0,"comment_status":"closed","ping_status":"closed","template":"","meta":{"footnotes":""},"class_list":["post-5526","page","type-page","status-publish","has-post-thumbnail","hentry"],"_links":{"self":[{"href":"https:\/\/www.cdta.dz\/fr\/wp-json\/wp\/v2\/pages\/5526\/"}],"collection":[{"href":"https:\/\/www.cdta.dz\/fr\/wp-json\/wp\/v2\/pages\/"}],"about":[{"href":"https:\/\/www.cdta.dz\/fr\/wp-json\/wp\/v2\/types\/page\/"}],"author":[{"embeddable":true,"href":"https:\/\/www.cdta.dz\/fr\/wp-json\/wp\/v2\/users\/45\/"}],"replies":[{"embeddable":true,"href":"https:\/\/www.cdta.dz\/fr\/wp-json\/wp\/v2\/comments\/?post=5526"}],"version-history":[{"count":0,"href":"https:\/\/www.cdta.dz\/fr\/wp-json\/wp\/v2\/pages\/5526\/revisions\/"}],"up":[{"embeddable":true,"href":"https:\/\/www.cdta.dz\/fr\/wp-json\/wp\/v2\/pages\/5528\/"}],"wp:featuredmedia":[{"embeddable":true,"href":"https:\/\/www.cdta.dz\/fr\/wp-json\/wp\/v2\/media\/2195\/"}],"wp:attachment":[{"href":"https:\/\/www.cdta.dz\/fr\/wp-json\/wp\/v2\/media\/?parent=5526"}],"curies":[{"name":"wp","href":"https:\/\/api.w.org\/{rel}","templated":true}]}}