{"id":5544,"date":"2019-04-21T15:43:28","date_gmt":"2019-04-21T15:43:28","guid":{"rendered":"http:\/\/10.1.5.53\/?page_id=5544"},"modified":"2022-11-16T08:39:57","modified_gmt":"2022-11-16T08:39:57","slug":"plateforme-de-micro-fabrication","status":"publish","type":"page","link":"https:\/\/www.cdta.dz\/fr\/recherche-et-technologie\/plateformes-technologiques\/plateforme-de-micro-fabrication\/","title":{"rendered":"Plateforme Technologique de Microfabrication"},"content":{"rendered":"<p>[vc_row][vc_column][vc_custom_heading text=\u00a0\u00bbPlateforme Technologique de Microfabrication\u00a0\u00bb font_container=\u00a0\u00bbtag:h2|text_align:center|color:%233366ff\u00a0\u00bb use_theme_fonts=\u00a0\u00bbyes\u00a0\u00bb css_animation=\u00a0\u00bbfadeIn\u00a0\u00bb][vc_video link=\u00a0\u00bbhttps:\/\/youtu.be\/RXkwz3EDdUQ\u00a0\u00bb align=\u00a0\u00bbcenter\u00a0\u00bb css_animation=\u00a0\u00bbfadeInUp\u00a0\u00bb css=\u00a0\u00bb.vc_custom_1572286606838{margin-bottom: 25px !important;}\u00a0\u00bb][vc_column_text css_animation=\u00a0\u00bbslideInUp\u00a0\u00bb el_class=\u00a0\u00bbtext-justify\u00a0\u00bb]La plateforme technologique de microfabrication (salle blanche) constitue une installation strat\u00e9gique en mati\u00e8re de ma\u00eetrise et de d\u00e9veloppement de l\u2019\u00e9lectronique.<\/p>\n<p>Pour l\u2019Alg\u00e9rie, l\u2019\u00e9lectronique a toujours rev\u00eatu une importance capitale, aussi bien pour son d\u00e9collage \u00e9conomique que pour l\u2019\u00e9mancipation socioculturelle de la population. Ceci s\u2019est traduit par le fait que le secteur de l\u2019\u00e9lectronique a \u00e9t\u00e9 le premier \u00e0 conna\u00eetre un d\u00e9but d\u2019industrialisation.<\/p>\n<p>Cependant, de la strat\u00e9gie nationale de d\u00e9veloppement industriel pr\u00e9c\u00e9dente, il ressort que l\u2019importation des moyens de production peut \u00eatre d\u00e9cisive pour la cr\u00e9ation de nouvelles usines ou la modernisation d\u2019installations existantes, mais elle ne suffit pas pour industrialiser un pays. Un d\u00e9veloppement industriel durable n\u00e9cessite la mise en place et l\u2019accroissement continu des capacit\u00e9s et des comp\u00e9tences d\u2019innovation \u00e0 m\u00eame de r\u00e9pondre \u00e0 tout moment aux exigences de mise sur le march\u00e9 de nouveaux produits et des comp\u00e9tences.<\/p>\n<p>&nbsp;<\/p>\n<p>\u00c0 cet effet, un s\u00e9minaire fut organis\u00e9 conjointement entre le Commissariat aux \u00c9nergies Nouvelles (CEN), l\u2019Entreprise Nationale des Industries \u00c9lectroniques (ENIE), l\u2019ESCWA (Economic and Social Commission for Western Asia) et l\u2019Organisation des Nations Unies pour le D\u00e9veloppement Industriel (ONUDI) au mois de janvier 1986 \u00e0 Sidi-Bel-Abb\u00e8s dont l\u2019objet \u00e9tait de formuler des recommandations sur les mesures qui pourraient \u00eatre entreprises pour promouvoir le secteur de l\u2019\u00e9lectronique. Vu le caract\u00e8re r\u00e9gional de ce secteur, des experts des pays arabes et des experts \u00e9trangers ont particip\u00e9 \u00e0 ce s\u00e9minaire. Ce forum avait abouti sur diff\u00e9rentes recommandations parmi lesquelles figure la mise en place d\u2019une infrastructure pilote de fabrication de circuits int\u00e9gr\u00e9s (centrale de technologie en micro\u00e9lectronique) et des unit\u00e9s de conception.<\/p>\n<p>&nbsp;<\/p>\n<p>La mise en \u0153uvre de cette recommandation a abouti au projet de mise en place, au Centre de D\u00e9veloppement des Technologies Avanc\u00e9es, d\u2019une plateforme technologique de microfabrication (salle blanche) qui constitue une installation strat\u00e9gique en mati\u00e8re de ma\u00eetrise et de d\u00e9veloppement de l\u2019\u00e9lectronique et particuli\u00e8rement des circuits int\u00e9gr\u00e9s. Afin de permettre une formation qualifiante, la fabrication en s\u00e9rie limit\u00e9e et la recherche et d\u00e9veloppement dans les technologies micro\u00e9lectroniques.<\/p>\n<p>&nbsp;<\/p>\n<p>Le 26 avril 2001, Monsieur le Pr\u00e9sident de la R\u00e9publique lance la r\u00e9alisation de cette Plateforme Technologique en inscrivant l\u2019op\u00e9ration dans le Plan Quinquennal de Soutien \u00e0 la Relance \u00c9conomique (PSRE) et en lui allouant une enveloppe de deux milliards de Dinars Alg\u00e9riens (2.000.000.000 DA). De ce fait, le CDTA a acquis une Plateforme Technologique cl\u00e9 en main pour la recherche &amp; d\u00e9veloppement et la fabrication en petites s\u00e9ries de circuits int\u00e9gr\u00e9s VLSI.<\/p>\n<p>&nbsp;<\/p>\n<p><strong>La Plateforme technologique de Micro-Fabrication<\/strong><\/p>\n<p>Il s\u2019agit d\u2019une plateforme de service commun, d\u2019une superficie de 470 m\u00b2 de classe 10 (ISO 4), exploitant un proc\u00e9d\u00e9 technologique CMOS 1\u00b5m, avec une capacit\u00e9 de micro fabrication de plus de 100 000 puces CMOS 1\u00b5m par an et une opportunit\u00e9 de r\u00e9alisation de composants MEMS. Le 31 Mai 2016, cette plateforme a \u00e9t\u00e9 r\u00e9ceptionn\u00e9e et certifi\u00e9e pour \u00eatre op\u00e9rationnelle apr\u00e8s plusieurs ann\u00e9es d\u2019arr\u00eat de travaux.<\/p>\n<p>La plateforme est un service de prototypage et de fabrication de s\u00e9rie limit\u00e9e, dans le domaine des composants \u00e0 base de technologies CMOS et MEMS, d\u2019une superficie de 470 m\u00b2 et de classe 10 (ISO 4), exploitant un proc\u00e9d\u00e9 technologique CMOS 1\u00b5m, avec une capacit\u00e9 de micro fabrication de plus de 100 000 puce par an.<\/p>\n<p>Les produits seront destin\u00e9s pour les universitaires, les centres de recherche et les industriels \u00e9tablis en Alg\u00e9rie principalement\u00a0; voir aussi vers l\u2019international.<\/p>\n<p>La plateforme offre un acc\u00e8s comprenant \u00e0 la fois l\u2019utilisation des \u00e9quipements pour la fabrication et la caract\u00e9risation, ainsi que des services de formation du personnel et un soutien scientifique dans la r\u00e9alisation de \u00ab visions nano-micro-\u00e9lectronique.<\/p>\n<p>De plus, la plateforme technologique s\u2019adresse aux utilisateurs potentiels et aux groupes d\u2019utilisateurs avec de nouvelles id\u00e9es dans la micro fabrication. Cela permettra de diminuer la barri\u00e8re financi\u00e8re des start-up, qui entrave souvent le lancement de nouvelles activit\u00e9s et collaborations. La plateforme technologique est organis\u00e9e en quatre sections :<\/p>\n<ul>\n<li>Section de process;<\/li>\n<li>Section de prototypage des circuits imprim\u00e9s;<\/li>\n<li>Section de conception digitale analogue et syst\u00e8me micro-\u00e9lectrom\u00e9canique;<\/li>\n<li>Section de maintenance et de s\u00e9curit\u00e9 industrielle.<\/li>\n<\/ul>\n<p>&nbsp;<\/p>\n<p style=\"text-align: right;\"><strong>Dr. Mohammed MEKHELDI<\/strong><br \/>\n<strong>Responsable de la PTM<\/strong><br \/>\nEmail: mmekheldi@cdta.dz<\/p>\n<p>[\/vc_column_text][\/vc_column][\/vc_row]<\/p>\n","protected":false},"excerpt":{"rendered":"<p>[vc_row][vc_column][vc_custom_heading text=\u00a0\u00bbPlateforme Technologique de Microfabrication\u00a0\u00bb font_container=\u00a0\u00bbtag:h2|text_align:center|color:%233366ff\u00a0\u00bb use_theme_fonts=\u00a0\u00bbyes\u00a0\u00bb css_animation=\u00a0\u00bbfadeIn\u00a0\u00bb][vc_video link=\u00a0\u00bbhttps:\/\/youtu.be\/RXkwz3EDdUQ\u00a0\u00bb align=\u00a0\u00bbcenter\u00a0\u00bb css_animation=\u00a0\u00bbfadeInUp\u00a0\u00bb css=\u00a0\u00bb.vc_custom_1572286606838{margin-bottom: 25px !important;}\u00a0\u00bb][vc_column_text css_animation=\u00a0\u00bbslideInUp\u00a0\u00bb el_class=\u00a0\u00bbtext-justify\u00a0\u00bb]La plateforme technologique de microfabrication (salle blanche) constitue une installation strat\u00e9gique en mati\u00e8re de ma\u00eetrise et de d\u00e9veloppement de l\u2019\u00e9lectronique. Pour l\u2019Alg\u00e9rie, l\u2019\u00e9lectronique a toujours rev\u00eatu une importance capitale, aussi bien pour son d\u00e9collage \u00e9conomique que pour l\u2019\u00e9mancipation socioculturelle de [&hellip;]<\/p>\n","protected":false},"author":46,"featured_media":2195,"parent":5542,"menu_order":0,"comment_status":"closed","ping_status":"closed","template":"division-page.php","meta":{"footnotes":""},"class_list":["post-5544","page","type-page","status-publish","has-post-thumbnail","hentry"],"_links":{"self":[{"href":"https:\/\/www.cdta.dz\/fr\/wp-json\/wp\/v2\/pages\/5544\/"}],"collection":[{"href":"https:\/\/www.cdta.dz\/fr\/wp-json\/wp\/v2\/pages\/"}],"about":[{"href":"https:\/\/www.cdta.dz\/fr\/wp-json\/wp\/v2\/types\/page\/"}],"author":[{"embeddable":true,"href":"https:\/\/www.cdta.dz\/fr\/wp-json\/wp\/v2\/users\/46\/"}],"replies":[{"embeddable":true,"href":"https:\/\/www.cdta.dz\/fr\/wp-json\/wp\/v2\/comments\/?post=5544"}],"version-history":[{"count":2,"href":"https:\/\/www.cdta.dz\/fr\/wp-json\/wp\/v2\/pages\/5544\/revisions\/"}],"predecessor-version":[{"id":155812,"href":"https:\/\/www.cdta.dz\/fr\/wp-json\/wp\/v2\/pages\/5544\/revisions\/155812\/"}],"up":[{"embeddable":true,"href":"https:\/\/www.cdta.dz\/fr\/wp-json\/wp\/v2\/pages\/5542\/"}],"wp:featuredmedia":[{"embeddable":true,"href":"https:\/\/www.cdta.dz\/fr\/wp-json\/wp\/v2\/media\/2195\/"}],"wp:attachment":[{"href":"https:\/\/www.cdta.dz\/fr\/wp-json\/wp\/v2\/media\/?parent=5544"}],"curies":[{"name":"wp","href":"https:\/\/api.w.org\/{rel}","templated":true}]}}