{"id":5546,"date":"2019-04-21T15:43:52","date_gmt":"2019-04-21T15:43:52","guid":{"rendered":"http:\/\/10.1.5.53\/?page_id=5546"},"modified":"2021-01-18T08:05:22","modified_gmt":"2021-01-18T08:05:22","slug":"plateforme-de-prototypage","status":"publish","type":"page","link":"https:\/\/www.cdta.dz\/fr\/recherche-et-technologie\/plateformes-technologiques\/plateforme-de-prototypage\/","title":{"rendered":"Plateforme de Prototypage"},"content":{"rendered":"<p>[vc_row][vc_column][vc_custom_heading text=\u00a0\u00bbPlateforme de Prototypage Technologique\u00a0\u00bb font_container=\u00a0\u00bbtag:h2|text_align:center|color:%233366ff\u00a0\u00bb use_theme_fonts=\u00a0\u00bbyes\u00a0\u00bb css_animation=\u00a0\u00bbfadeIn\u00a0\u00bb][vc_column_text css_animation=\u00a0\u00bbslideInUp\u00a0\u00bb css=\u00a0\u00bb.vc_custom_1572367649457{margin-bottom: 25px !important;}\u00a0\u00bb]<\/p>\n<div style=\"width: 718px;\" class=\"wp-video\"><!--[if lt IE 9]><script>document.createElement('video');<\/script><![endif]-->\n<video class=\"wp-video-shortcode\" id=\"video-5546-1\" width=\"718\" height=\"404\" poster=\"https:\/\/www.cdta.dz\/wp-content\/uploads\/2019\/10\/plateforme-de-prototypage-technologique.jpg\" preload=\"metadata\" controls=\"controls\"><source type=\"video\/mp4\" src=\"https:\/\/www.cdta.dz\/wp-content\/uploads\/2019\/10\/plateforme-de-prototypage-technologique.mp4?_=1\" \/><a href=\"https:\/\/www.cdta.dz\/wp-content\/uploads\/2019\/10\/plateforme-de-prototypage-technologique.mp4\">https:\/\/www.cdta.dz\/wp-content\/uploads\/2019\/10\/plateforme-de-prototypage-technologique.mp4<\/a><\/video><\/div>\n<p>[\/vc_column_text][vc_custom_heading text=\u00a0\u00bb\u00ab Potentialit\u00e9, savoir-faire pour soutenir l\u2019innovation, la cr\u00e9ation et le transfert technologique \u00bb\u00a0\u00bb font_container=\u00a0\u00bbtag:h4|text_align:center|color:%233366ff\u00a0\u00bb use_theme_fonts=\u00a0\u00bbyes\u00a0\u00bb css_animation=\u00a0\u00bbfadeIn\u00a0\u00bb][vc_column_text css_animation=\u00a0\u00bbslideInUp\u00a0\u00bb el_class=\u00a0\u00bbtext-justify\u00a0\u00bb]Int\u00e9gr\u00e9e dans un environnement de recherche D\u00e9veloppement, la Plateforme de Prototypage Technologique du CDTA a pour Mission, <strong>selon le D\u00e9cret ex\u00e9cutif N\u00b012-293 du 21 juillet 2012<\/strong>, D&rsquo;assurer \u00e0 ses partenaires du secteur de L\u2019enseignement sup\u00e9rieur et de la recherche scientifique Ainsi qu\u2019\u00e0 celui du secteur socio-\u00e9conomique et Industriel diff\u00e9rentes prestations. Tel que la fabrication de Prototypes, d\u2019exp\u00e9rimentation, de d\u00e9monstration, L\u2019assistance technique et le conseil, ainsi qu\u2019\u00e0 la Formation pratique des \u00e9tudiants, le perfectionnement et le recyclage.<\/p>\n<p>Nos ing\u00e9nieurs et techniciens sont dot\u00e9s de comp\u00e9tences bas\u00e9es sur la compl\u00e9mentarit\u00e9 des connaissances pluridisciplinaires \u00e0 la fois scientifiques et techniques qui rel\u00e8vent du g\u00e9nie m\u00e9canique et industriel.<\/p>\n<p>La r\u00e9ussite de nos prestations s&rsquo;appuie essentiellement sur les qualit\u00e9s individuelles de nos collaborateurs ainsi que sur le r\u00e9seau constitu\u00e9 ces 20 derni\u00e8res ann\u00e9es pour les accompagner dans leur d\u00e9veloppement en Alg\u00e9rie.<\/p>\n<p>Dot\u00e9e d\u2019\u00e9quipements de production Num\u00e9riques, de prototypage rapide de fabrication additive ainsi que d\u2019outils de conception, de num\u00e9risation et de contr\u00f4le m\u00e9trologique 3D. La plateforme de prototypage technologique du CDTA offre \u00e0 ces partenaires la possibilit\u00e9 de b\u00e9n\u00e9ficier de prestations \u00e0 tr\u00e8s haute valeurs ajout\u00e9es tel que :<\/p>\n<ul>\n<li><a href=\"https:\/\/www.cdta.dz\/fr\/recherche-et-technologie\/plateformes-technologiques\/plateforme-de-prototypage\/etude-conception-reverse-engineering\/\">Le reverse engineering, le contr\u00f4le tridimensionnel, g\u00e9om\u00e9trique et de duret\u00e9<\/a><\/li>\n<li><a href=\"https:\/\/www.cdta.dz\/fr\/recherche-et-technologie\/plateformes-technologiques\/plateforme-de-prototypage\/etude-conception-reverse-engineering\/\">L\u2019\u00e9tude, la conception de syst\u00e8mes m\u00e9canique<\/a><\/li>\n<li><a href=\"https:\/\/www.cdta.dz\/fr\/recherche-et-technologie\/plateformes-technologiques\/plateforme-de-prototypage\/prototypage-rapide-par-le-procede-de-stratoconception\/\">La fabrication additive par Stratoconception\u00ae<\/a><\/li>\n<li><a href=\"https:\/\/www.cdta.dz\/fr\/recherche-et-technologie\/plateformes-technologiques\/plateforme-de-prototypage\/3d-printing\/\">Le prototypage rapide et l\u2019impression 3D professionnelle<\/a><\/li>\n<li><a href=\"https:\/\/www.cdta.dz\/fr\/recherche-et-technologie\/plateformes-technologiques\/plateforme-de-prototypage\/ateliers-de-prototypage\/\">L\u2019usinage num\u00e9rique, conventionnel ou par \u00e9lectro-\u00e9rosion de de pi\u00e8ces en Alliage ferreux, non ferreux et en polym\u00e8re<\/a><\/li>\n<li><a href=\"https:\/\/www.cdta.dz\/fr\/recherche-et-technologie\/plateformes-technologiques\/plateforme-de-prototypage\/ateliers-de-prototypage\/\">La M\u00e9cano soudure, la chaudronnerie Num\u00e9rique conventionnel et le soudage TIG<\/a><\/li>\n<\/ul>\n<p>&nbsp;<\/p>\n<p style=\"text-align: right;\">\n<p>[\/vc_column_text][\/vc_column][\/vc_row]<\/p>\n","protected":false},"excerpt":{"rendered":"<p>[vc_row][vc_column][vc_custom_heading text=\u00a0\u00bbPlateforme de Prototypage Technologique\u00a0\u00bb font_container=\u00a0\u00bbtag:h2|text_align:center|color:%233366ff\u00a0\u00bb use_theme_fonts=\u00a0\u00bbyes\u00a0\u00bb css_animation=\u00a0\u00bbfadeIn\u00a0\u00bb][vc_column_text css_animation=\u00a0\u00bbslideInUp\u00a0\u00bb css=\u00a0\u00bb.vc_custom_1572367649457{margin-bottom: 25px !important;}\u00a0\u00bb] [\/vc_column_text][vc_custom_heading text=\u00a0\u00bb\u00ab Potentialit\u00e9, savoir-faire pour soutenir l\u2019innovation, la cr\u00e9ation et le transfert technologique \u00bb\u00a0\u00bb font_container=\u00a0\u00bbtag:h4|text_align:center|color:%233366ff\u00a0\u00bb use_theme_fonts=\u00a0\u00bbyes\u00a0\u00bb css_animation=\u00a0\u00bbfadeIn\u00a0\u00bb][vc_column_text css_animation=\u00a0\u00bbslideInUp\u00a0\u00bb el_class=\u00a0\u00bbtext-justify\u00a0\u00bb]Int\u00e9gr\u00e9e dans un environnement de recherche D\u00e9veloppement, la Plateforme de Prototypage Technologique du CDTA a pour Mission, selon le D\u00e9cret ex\u00e9cutif N\u00b012-293 du 21 juillet [&hellip;]<\/p>\n","protected":false},"author":46,"featured_media":9137,"parent":5542,"menu_order":0,"comment_status":"closed","ping_status":"closed","template":"division-page.php","meta":{"footnotes":""},"class_list":["post-5546","page","type-page","status-publish","has-post-thumbnail","hentry"],"_links":{"self":[{"href":"https:\/\/www.cdta.dz\/fr\/wp-json\/wp\/v2\/pages\/5546\/"}],"collection":[{"href":"https:\/\/www.cdta.dz\/fr\/wp-json\/wp\/v2\/pages\/"}],"about":[{"href":"https:\/\/www.cdta.dz\/fr\/wp-json\/wp\/v2\/types\/page\/"}],"author":[{"embeddable":true,"href":"https:\/\/www.cdta.dz\/fr\/wp-json\/wp\/v2\/users\/46\/"}],"replies":[{"embeddable":true,"href":"https:\/\/www.cdta.dz\/fr\/wp-json\/wp\/v2\/comments\/?post=5546"}],"version-history":[{"count":1,"href":"https:\/\/www.cdta.dz\/fr\/wp-json\/wp\/v2\/pages\/5546\/revisions\/"}],"predecessor-version":[{"id":47796,"href":"https:\/\/www.cdta.dz\/fr\/wp-json\/wp\/v2\/pages\/5546\/revisions\/47796\/"}],"up":[{"embeddable":true,"href":"https:\/\/www.cdta.dz\/fr\/wp-json\/wp\/v2\/pages\/5542\/"}],"wp:featuredmedia":[{"embeddable":true,"href":"https:\/\/www.cdta.dz\/fr\/wp-json\/wp\/v2\/media\/9137\/"}],"wp:attachment":[{"href":"https:\/\/www.cdta.dz\/fr\/wp-json\/wp\/v2\/media\/?parent=5546"}],"curies":[{"name":"wp","href":"https:\/\/api.w.org\/{rel}","templated":true}]}}