{"id":5571,"date":"2019-04-21T15:57:15","date_gmt":"2019-04-21T15:57:15","guid":{"rendered":"http:\/\/10.1.5.53\/?page_id=5571"},"modified":"2019-06-28T15:18:19","modified_gmt":"2019-06-28T15:18:19","slug":"les-conventions","status":"publish","type":"page","link":"https:\/\/www.cdta.dz\/fr\/valorisation\/partenariat\/les-conventions\/","title":{"rendered":"Les Conventions"},"content":{"rendered":"<p><strong>Coop\u00e9rations <\/strong><strong>Scientifiques:<\/strong><\/p>\n<p>Diff\u00e9rentes actions nationales et internationales de coop\u00e9ration et de partenariat scientifique sont en cours au CDTA. Les objectifs de ces derni\u00e8res varient entre le d\u00e9veloppement d&rsquo;une synergie nationale dans la recherche et le d\u00e9veloppement, le transfert des connaissances et des comp\u00e9tences scientifiques, la formation par la recherche et par la participation effective \u00e0 des projets de recherche internationaux. Ainsi le CDTA est le point focal de diff\u00e9rents consortiums et r\u00e9seaux nationaux de recherche, dont\u00a0:<\/p>\n<p><strong>Le Consortium National Pour la Participation de l\u2019Alg\u00e9rie \u00e0 la Mission Spatiale Internationale JEM-EUSO :<\/strong><\/p>\n<p>Par la d\u00e9cision n\u00b006 en date du 06 juillet 2014, \u00e9manant de la Direction G\u00e9n\u00e9rale de la Recherche Scientifique et du D\u00e9veloppement Technologique DGRSDT, le CDTA a \u00e9t\u00e9 d\u00e9sign\u00e9 comme \u00e9tablissement point focal du Consortium National dans la collaboration internationale JEM-EUSO (Extreme Universe Space Observatory on board Japanese Experimental Module)<\/p>\n<p>La participation de l\u2019Alg\u00e9rie vise \u00e0 d\u00e9velopper un observatoire spatial de l\u2019Univers Extr\u00eame \u00e0 placer \u00e0 bord du segment japonais de la station spatiale internationale. Le projet est pris en charge par 87 institutions de 16 pays, dont l\u2019Alg\u00e9rie. Le consortium alg\u00e9rien est compos\u00e9 de sept groupes issus de sept \u00e9tablissements, dont 18 chercheurs du CDTA.<\/p>\n<p><strong>La <\/strong><strong>Collaboration DGRSDT-NIMS\u00a0:<\/strong><\/p>\n<p>La DGRSDT et l\u2019Institut National Japonais de la Science de Mat\u00e9riaux \u00ab NIMS \u00bb, ont proc\u00e9d\u00e9 le 30 mars 2015 \u00e0 la signature d\u2019un Protocole d\u2019Entente (PE). En marge de la signature s\u2019est tenu un atelier portant sur les mat\u00e9riaux pour l&rsquo;\u00e9nergie et de l&rsquo;environnement entre les sp\u00e9cialistes des mat\u00e9riaux des universit\u00e9s et des laboratoires nationaux distingu\u00e9s en Alg\u00e9rie. \u00c0 noter que plusieurs d\u2019autres coop\u00e9rations futures plus actives peuvent \u00eatre envisag\u00e9es entre le NIMS et les institutions universitaires en Alg\u00e9rie.<\/p>\n<p><strong>Partenariats Technologiques actuels : <\/strong><\/p>\n<p>Dans le cadre de sa d\u00e9marche strat\u00e9gique en vue de la dynamisation de son activit\u00e9 R&amp;D et la collaboration avec le secteur socio-\u00e9conomique par le d\u00e9veloppement et le d\u00e9ploiement de solutions technologiques, nouvelles et innovantes, le CDTA consacre pleinement ses efforts \u00e0 diff\u00e9rents partenariats technologiques d\u2019envergure et \u00e0 enjeu national. Les partenariats suivants renforcent cette d\u00e9marche :<\/p>\n<p>&nbsp;<\/p>\n<p><strong>Le CDTA et le groupe Sonelgaz :<\/strong><\/p>\n<p><strong>\u00a0<\/strong>Un contrat portant sur la r\u00e9alisation d\u2019un compteur \u00e0 gaz intelligent a \u00e9t\u00e9 sign\u00e9 le 24 mars 2014 entre le CDTA et le Centre de Recherche et de D\u00e9veloppement de l\u2019Electricit\u00e9 et du Gaz (CREDEG), filiale du groupe Sonelgaz. La r\u00e9alisation de ce projet est pr\u00e9vue en six phases r\u00e9parties sur une dur\u00e9e de 30 mois<\/p>\n<p><strong>Le CDTA et Alg\u00e9rie T\u00e9l\u00e9com\u00a0:<\/strong><\/p>\n<p>Un contrat a \u00e9t\u00e9 sign\u00e9 entre Alg\u00e9rie-T\u00e9l\u00e9com et le CDTA le 13 Avril 2015 concernant la soci\u00e9t\u00e9 SATICOM, Soci\u00e9t\u00e9 Alg\u00e9rienne des Technologies de l\u2019Information et de la Communication, filiale technologique du CDTA. Elle offre aux diff\u00e9rentes institutions et aux op\u00e9rateurs \u00e9conomiques la possibilit\u00e9 de cr\u00e9er de la valeur avec l\u2019introduction des nouvelles technologies moyennant l\u2019assistance technique, l\u2019expertise et le consulting.<\/p>\n<p>Actuellement, SATICOM a pris la forme juridique de soci\u00e9t\u00e9 par actions (SPA), dont le capital, dot\u00e9 de 100 millions de DA, et r\u00e9parti \u00e0 hauteur de 67% pour l\u2019op\u00e9rateur public Alg\u00e9rie T\u00e9l\u00e9com et 33% pour le CDTA. Cette action permettra de faire un pas en avant dans le d\u00e9veloppement de contenus et de solutions alg\u00e9riennes innovantes, destin\u00e9es dans une premi\u00e8re phase au secteur professionnel.<\/p>\n<p><strong>Le CDTA et la DGSN\u00a0:<\/strong><\/p>\n<p>Un march\u00e9 \u00e0 commande sur 5 ans, relatif \u00e0 l\u2019\u00e9tude et au d\u00e9veloppement des solutions sp\u00e9cifiques aux technologies de l\u2019information et de la communication (TIC), a \u00e9t\u00e9 sign\u00e9 en Avril 2015 entre le CDTA et la DGSN.<\/p>\n<p><strong>\u00a0Le CDTA et l\u2019ANVREDET\u00a0:<\/strong><\/p>\n<p>Dans le cadre de la cr\u00e9ation d\u2019un incubateur au CDTA, un accord a \u00e9t\u00e9 sign\u00e9 entre L\u2019ANVREDET et le CDTA le 01 Avril 2016,\u00a0ayant pour objet d\u2019\u00e9tablir les bases ma\u00eetresses d\u2019une coop\u00e9ration entre les deux parties et de mettre en \u00e9vidence les conditions dans lesquelles les partenaires seront amen\u00e9s \u00e0 coop\u00e9rer dans les domaines de l\u2019incubation technologique, le prototypage et la mise en commun des moyens pour la r\u00e9alisation d\u2019objectifs identifi\u00e9s par les deux parties.<\/p>\n<p>Portant sur la Cr\u00e9ation d\u2019un \u00ab Incubateur \u00bb\u00a0 qui sera install\u00e9 au si\u00e8ge du CDTA. Cette d\u00e9marche\u00a0 vise \u00e0 \u00a0mouvoir et \u00e0 encourager les possibilit\u00e9s de transfert de technologies vers le monde socio-\u00e9conomique.<\/p>\n<p>L&rsquo;accord a pour objet d\u2019\u00e9tablir les bases ma\u00eetresses d\u2019une coop\u00e9ration entre le CDTA et l\u2019ANVREDET et de mettre en \u00e9vidence les conditions dans lesquelles les partenaires seront amen\u00e9s \u00e0 coop\u00e9rer dans les domaines de l\u2019incubation technologique, le prototypage et la mise en commun des moyens pour la r\u00e9alisation d\u2019objectifs identifi\u00e9s par les deux parties.<\/p>\n<p>Le CDTA, via cette convention, offrira aux porteurs de projets et \u00e0 ceux parrain\u00e9s et accompagn\u00e9s par l\u2019ANVREDET un espace ad\u00e9quat qui servira d\u2019incubateur et\u00a0 un environnement scientifique et technique de par ses ressources humaines et mat\u00e9rielles des plus avantageux. De son cot\u00e9, l\u2019\u2019ANVEREDET de par son expertise dans la valorisation, l\u2019incubation et la promotion de l\u2019innovation aidera \u00e0 installer l\u2019incubateur et \u00e0 pr\u00e9s\u00e9lectionner et accompagner les porteurs de projets dont les th\u00e9matiques sont en relation avec les domaines de comp\u00e9tence du CDTA.<\/p>\n<p>&nbsp;<\/p>\n<p><strong>Le CDTA et la multinationale SIEMENS :<\/strong><\/p>\n<p><strong>\u00a0<\/strong>En sa qualit\u00e9 d\u2019acteur majeur dans le d\u00e9veloppement des solutions innovantes dans le domaine de l\u2019automatisation et la digitalisation, le CDTA a proc\u00e9d\u00e9, le 6 f\u00e9vrier 2017 \u00e0 la signature d\u2019une convention avec la multinationale Siemens, dont l\u2019objet est d\u2019\u00e9quiper un laboratoire de la division Productique et Robotique du CDTA de divers mat\u00e9riels et logiciels industriels, et ce, pour la mise en place de la plateforme \u2018\u2018Industrie 4.0\u2019\u2019 \u00e0 vocation de d\u00e9veloppement, d\u2019ing\u00e9nierie et de formation.<\/p>\n<p>Cet accord, bas\u00e9 sur le transfert de technologie et du savoir-faire, se fera \u00e0 travers des \u00e9quipes mixtes des deux entit\u00e9s qui travailleront sur des probl\u00e9matiques soulev\u00e9es par des <strong>i<\/strong>ndustriels alg\u00e9riens, en vue de diversifier l\u2019\u00e9conomie du pays.<\/p>\n<p>&nbsp;<\/p>\n<p><strong>Le CDTA et la CACI\u00a0:<\/strong><\/p>\n<p><strong>\u00a0<\/strong>Le Centre de D\u00e9veloppement des Technologies Avanc\u00e9es et la Chambre Alg\u00e9rienne du<\/p>\n<p>Commerce et d\u2019Industrie ont proc\u00e9d\u00e9 le 22 f\u00e9vrier 2018 \u00e0 la signature d\u2019une convention cadre de partenariat et de coop\u00e9ration.<\/p>\n<p>Les deux parties entendent sceller leurs relations conventionnelles par la mise en oeuvre d\u2019un projet d\u2019envergure nationale, au moyen d\u2019une solution globale et int\u00e9gr\u00e9e visant la mise en place d\u2019une base de donn\u00e9es accessible \u00e0 travers le portail de la CACI.<\/p>\n<p>La collaboration envisag\u00e9e implique la mise en \u0153uvre d\u2019actions conjointes et concert\u00e9es pour la r\u00e9alisation de projets en mati\u00e8re de :<\/p>\n<ul>\n<li>Etudes de faisabilit\u00e9,<\/li>\n<li>Recherche et d\u00e9veloppement,<\/li>\n<li>Transfert des connaissance<em>s <\/em>et de comp\u00e9tences scientifique technique et technologique,<\/li>\n<li>Ing\u00e9nierie et mise en \u0153uvre de projets et de solutions visant la r\u00e9alisation de syst\u00e8mes<\/li>\n<\/ul>\n<p>d\u2019information,<\/p>\n<ul>\n<li>Prestation de services,<\/li>\n<li>Formation,<\/li>\n<li>Expertise et \u00e9change d\u2019expert,<\/li>\n<li>Toute autre action convenue par les deux parties dans le cadre de l\u2019objet de la pr\u00e9sente<\/li>\n<\/ul>\n<p>convention.<\/p>\n<p>&nbsp;<\/p>\n<p><strong>Le CDTA et la SNVI\u00a0:<\/strong><\/p>\n<p>Sign\u00e9e le 6 mars 2018, cette convention cadre a pour objet de d\u00e9finir les conditions et les<\/p>\n<p>modalit\u00e9s de coop\u00e9ration scientifique, technique et technologique entre le CDTA et le Groupe SNVI. Les deux parties s\u2019engagent \u00e0 d\u00e9velopper une synergie dans leurs activit\u00e9s et une \u00e9troite collaboration dans les domaines suivants :<\/p>\n<ul>\n<li>L\u2019industrie num\u00e9rique &amp; usine connect\u00e9e.<\/li>\n<li>La conception, l\u2019agencement et la supervision des lignes d\u2019assemblage unifi\u00e9es et\/ou<\/li>\n<\/ul>\n<p>h\u00e9t\u00e9rog\u00e8nes de v\u00e9hicules industriels.<\/p>\n<ul>\n<li>Les syst\u00e8mes m\u00e9catroniques intelligents d\u00e9di\u00e9s aux v\u00e9hicules industriels.<\/li>\n<li>Les syst\u00e8mes et plateforme informatiques de supervision de la production.<\/li>\n<li>L\u2019Automatisation et la robotisation de syst\u00e8mes embarqu\u00e9s ou processus de fabrication.<\/li>\n<li>La simulation num\u00e9rique, d\u00e9veloppement logiciels et bancs d\u2019essai.<\/li>\n<li>Rationalisation et optimisation de l\u2019utilisation des \u00e9nergies (Gaz, Electricit\u00e9, eau) dans les installations industrielles de la SNVI.<\/li>\n<li>Expertise en conseil industriel dans l\u2019organisation et l\u2019optimisation des ressources<\/li>\n<\/ul>\n<p><strong>\u00a0<\/strong><strong>\u00a0<\/strong><\/p>\n<p><strong>CDTA et l\u2019ANBT<\/strong><\/p>\n<p>Le Centre de D\u00e9veloppement des Technologies Avanc\u00e9es, repr\u00e9sent\u00e9 par son Directeur Pr Ghouti MERAD, et l\u2019Agence Nationale des Barrages et Transferts, repr\u00e9sent\u00e9e par son Directeur G\u00e9n\u00e9ral Mr Arezki BERRAKI, ont proc\u00e9d\u00e9 le 06 novembre 2018 \u00e0 la signature d\u2019une convention cadre de partenariat et de coop\u00e9ration.<\/p>\n<p>La convention a pour objet la coop\u00e9ration scientifique et technique entre les deux parties dans les domaines en relation avec leurs missions r\u00e9glementaires.<\/p>\n<p>La coop\u00e9ration envisag\u00e9e implique la r\u00e9alisation d\u2019actions conjointes et concert\u00e9es pour le d\u00e9veloppement des activit\u00e9s suivantes :<\/p>\n<ul>\n<li>Les \u00e9tudes<\/li>\n<li>La recherche scientifique et le d\u00e9veloppement technologique<\/li>\n<li>La formation et le recyclage<\/li>\n<li>L\u2019\u00e9change d\u2019informations techniques et scientifiques.<\/li>\n<\/ul>\n<p><strong>\u00a0<\/strong><\/p>\n<p><strong>\u00a0<\/strong><strong>Anciennes conventions de coop\u00e9ration\u00a0 et contrats pr\u00e9c\u00e9demment conclus avec le secteur socio\u00e9conomique <\/strong><\/p>\n<p>Plusieurs conventions et contrats ont \u00e9t\u00e9 ex\u00e9cut\u00e9s avec le secteur socio-\u00e9conomique durant l\u2019existence du CDTA, les plus marquantes durant les deux derni\u00e8res d\u00e9cennies sont\u00a0:<\/p>\n<p><strong>\u00a0<\/strong><\/p>\n<p><strong>Convention de Coop\u00e9ration CDTA \/ HB TECHNOLOGIES<\/strong><\/p>\n<p>D\u00e9veloppement et int\u00e9gration de solutions compl\u00e8tes \u00e0 base de cartes intelligentes \u00a0\u00a0\u00a0\u00a0hautement s\u00e9curis\u00e9es dites smartcards.<\/p>\n<p>&nbsp;<\/p>\n<p><strong>Convention de Coop\u00e9ration CDTA \/ MEDITECH<\/strong><\/p>\n<p>Etude, d\u00e9veloppement, fabrication et promotion de produits et d\u2019\u00e9quipements pour le<\/p>\n<p>secteur m\u00e9dical.<\/p>\n<p><strong>Convention de Coop\u00e9ration CDTA \/ SAADNET<\/strong><\/p>\n<p>Etude et de d\u00e9veloppement, en collaboration entre les deux structures, d\u2019applications et<\/p>\n<p>d\u2019\u00e9quipements de t\u00e9l\u00e9phonie et voix sur IP de technologie de t\u00e9l\u00e9communication de<\/p>\n<p>nouvelles g\u00e9n\u00e9rations.<\/p>\n<p><strong>Convention CDTA \/ ALGERIE TELECOM SATELLITE &#8211; HOPITAL DE BIRTRARIA &#8211; HOPITAL D\u2019ADRAR<\/strong><\/p>\n<p>Installation d\u2019une plateforme de t\u00e9l\u00e9m\u00e9decine, d\u2019\u00e9tablissement d\u2019exploitation des<\/p>\n<p>liaisons satellitaires reliant le CDTA, l\u2019h\u00f4pital de Birtraria et l\u2019h\u00f4pital d\u2019Adrar.<\/p>\n<p><strong>Convention CDTA \/ HOPITAL DE DOUERA<\/strong><\/p>\n<p>L\u2019objet de cette convention se r\u00e9sume en la coop\u00e9ration scientifique,\u00a0 technique\u00a0 et<\/p>\n<p>technologique entre le CDTA et le CHU de DOUERA.<\/p>\n<p><strong>Convention CDTA \/ MPTIC<\/strong><\/p>\n<p>L\u2019objet de cette convention concerne le projet\u00a0: \u00ab\u00a0Etude sur l\u2019organisation de la s\u00e9curit\u00e9<\/p>\n<p>dans les syst\u00e8mes d\u2019information\u00a0\u00bb.<\/p>\n<p><strong>Convention de Coop\u00e9ration CDTA \/ Agence Spatiale Alg\u00e9rienne ASAL<\/strong><\/p>\n<p>D\u00e9veloppement et impl\u00e9mentation FPGA d\u2019un syst\u00e8me de s\u00e9curisation et transmission<\/p>\n<p>des images satellitaires et m\u00e9dicales sur les r\u00e9seaux en g\u00e9n\u00e9ral et Internet en particulier<\/p>\n<p>par cryptage et tatouage.<\/p>\n<p><strong>Convention de Coop\u00e9ration CDTA \/ URD\/avionique<\/strong><\/p>\n<p>L\u2019objet de cette convention concerne le projet\u00a0: \u00ab\u00a0R\u00e9alisation du prototype du syst\u00e8me<\/p>\n<p>d\u2019enregistrement des param\u00e8tres de vol\u00a0\u00bb.<\/p>\n<p><strong>Convention CDTA \/\u00a0 OFFICE NATIONAL DES\u00a0 STATISTIQUES<\/strong><\/p>\n<p>Conception et d\u00e9veloppement d\u2019une application de traitement automatique de<\/p>\n<p>questionnaire.<\/p>\n<p><strong>Convention CDTA \/ COMENA<\/strong><\/p>\n<p>Elaboration de mat\u00e9riaux magn\u00e9tiques en couches minces.<\/p>\n<p><strong>Convention CDTA\u00a0\/ UDTS<\/strong><\/p>\n<p>D\u00e9p\u00f4ts de carbure de silicium par ablation laser.<\/p>\n<p><strong>Contrat de maintenance\u00a0: CDTA\/H\u00f4pital de DOUERA <\/strong><\/p>\n<p>Maintenance des \u00e9quipements informatiques de l\u2019h\u00f4pital de DOUERA<\/p>\n<p>&nbsp;<\/p>\n","protected":false},"excerpt":{"rendered":"<p>Coop\u00e9rations Scientifiques: Diff\u00e9rentes actions nationales et internationales de coop\u00e9ration et de partenariat scientifique sont en cours au CDTA. Les objectifs de ces derni\u00e8res varient entre le d\u00e9veloppement d&rsquo;une synergie nationale dans la recherche et le d\u00e9veloppement, le transfert des connaissances et des comp\u00e9tences scientifiques, la formation par la recherche et par la participation effective \u00e0 [&hellip;]<\/p>\n","protected":false},"author":46,"featured_media":2195,"parent":5838,"menu_order":0,"comment_status":"closed","ping_status":"closed","template":"","meta":{"footnotes":""},"class_list":["post-5571","page","type-page","status-publish","has-post-thumbnail","hentry"],"_links":{"self":[{"href":"https:\/\/www.cdta.dz\/fr\/wp-json\/wp\/v2\/pages\/5571\/"}],"collection":[{"href":"https:\/\/www.cdta.dz\/fr\/wp-json\/wp\/v2\/pages\/"}],"about":[{"href":"https:\/\/www.cdta.dz\/fr\/wp-json\/wp\/v2\/types\/page\/"}],"author":[{"embeddable":true,"href":"https:\/\/www.cdta.dz\/fr\/wp-json\/wp\/v2\/users\/46\/"}],"replies":[{"embeddable":true,"href":"https:\/\/www.cdta.dz\/fr\/wp-json\/wp\/v2\/comments\/?post=5571"}],"version-history":[{"count":0,"href":"https:\/\/www.cdta.dz\/fr\/wp-json\/wp\/v2\/pages\/5571\/revisions\/"}],"up":[{"embeddable":true,"href":"https:\/\/www.cdta.dz\/fr\/wp-json\/wp\/v2\/pages\/5838\/"}],"wp:featuredmedia":[{"embeddable":true,"href":"https:\/\/www.cdta.dz\/fr\/wp-json\/wp\/v2\/media\/2195\/"}],"wp:attachment":[{"href":"https:\/\/www.cdta.dz\/fr\/wp-json\/wp\/v2\/media\/?parent=5571"}],"curies":[{"name":"wp","href":"https:\/\/api.w.org\/{rel}","templated":true}]}}