{"id":5857,"date":"2019-05-13T11:38:28","date_gmt":"2019-05-13T11:38:28","guid":{"rendered":"http:\/\/10.1.5.53\/?page_id=5857"},"modified":"2019-10-29T13:23:18","modified_gmt":"2019-10-29T13:23:18","slug":"academique","status":"publish","type":"page","link":"https:\/\/www.cdta.dz\/fr\/valorisation\/partenariat\/academique\/","title":{"rendered":"Acad\u00e9mique"},"content":{"rendered":"<p>[vc_row][vc_column][vc_custom_heading text=\u00a0\u00bbPartenariat Acad\u00e9mique International\u00a0\u00bb use_theme_fonts=\u00a0\u00bbyes\u00a0\u00bb][vc_column_text el_class=\u00a0\u00bbtext-justify\u00a0\u00bb]<\/p>\n<ul>\n<li>Accord Cadre et Convention d&rsquo;Application entre Aix-Marseille Universit\u00e9, Marseille, France\/ CDTA, qui a pour objet d\u2019encadrer des doctorants dans le cadre des PNE, sign\u00e9 le 10\/06\/2014 pour une dur\u00e9e de trois ann\u00e9es renouvelable sur 2 ann\u00e9es, expire le 10\/ 06\/ 2019,<\/li>\n<li>Memorandum of Understanding (MOU) entre Universiti Teknologi Malaysia Johor Bahru (UTM)\/ CDTA, qui a pour objet d\u2019optimiser la recherche collaborative et d\u00e9veloppement de projets,\u00a0 sign\u00e9 le 01\/09\/2016 pour une dur\u00e9e de trois ann\u00e9es.<\/li>\n<li>Accord cadre de coop\u00e9ration entre l\u2019 Universit\u00e9 de Valenciennes et du Hainaut-Cambr\u00e9sis (UVHC), France\/ CDTA, en vue de contribuer au d\u00e9veloppement de la formation et de la recherche scientifique et technologique, sign\u00e9 le 24\/10\/2013 pour une dur\u00e9e de cinq ann\u00e9es.<\/li>\n<li>General agreement entre Universit\u00e9 des Sciences Techniques, Technische Universitat Dortmund, (TUD ), Germany \/ CDTA, en vue d\u2019\u00e9tablir des relations et cr\u00e9e des fondements de mutuelle coop\u00e9ration et le collaboration dans les domaines du CDTA et TUD, sign\u00e9 le 01\/07\/2013 (au CDTA) &amp; le 11\/07\/ 2013 (\u00e0 l&rsquo;Universit\u00e9 Des Sciences Techniques) pour une dur\u00e9e de cinq ann\u00e9es.<\/li>\n<li>Accord de coop\u00e9ration entre l\u2019Universit\u00e9 d&rsquo;Evry Val d&rsquo;Essonne (UEVE), France\/ CDTA, en vue d\u2019\u00e9tendre et approfondir les relations scientifiques et p\u00e9dagogiques et approfondir leur coop\u00e9ration et de contribuer au d\u00e9veloppement de la formation et de la recherche scientifique et technologique, sign\u00e9 le 11\/12\/2017 au UEVE &amp; le \u00a004\/01\/2018 au CDTA pour une dur\u00e9e de cinq ann\u00e9es renouvelable \u00e0 l&rsquo;approbation des autorit\u00e9s comp\u00e9tentes.<\/li>\n<li>Accord d\u2019Union Africaine entre CSIR-National Laser Centre, Afrique du Sud\/ CDTA, en vue de partager des connaissances et compl\u00e9mentarit\u00e9 dans l&rsquo;utilisation des moyens (exp\u00e9rience et mod\u00e9lisation), sign\u00e9 en 2016 pour une dur\u00e9e de deux ann\u00e9es.<\/li>\n<li>Accord d\u2019Union Africaine entre Ithemba LABS &amp; NILES, Afrique du Sud &amp; Egypte\/ CDTA, en vue de partager des connaissances et compl\u00e9mentarit\u00e9 dans l&rsquo;utilisation des moyens (exp\u00e9rience et mod\u00e9lisation), sign\u00e9 en 2019 pour une dur\u00e9e de deux ann\u00e9es.<\/li>\n<li>Coop\u00e9ration WBI-Alg\u00e9rie entre l\u2019Universit\u00e9 de Li\u00e8ge, Belgique \/ CDTA, en vue d\u2019acquisition et partage de connaissances sur la pr\u00e9diction des propri\u00e9t\u00e9s des mat\u00e9riaux et les outils \u00e0 utiliser. Sign\u00e9 en 2017 pour une dur\u00e9e de trois ann\u00e9es.<\/li>\n<\/ul>\n<p>[\/vc_column_text][\/vc_column][\/vc_row]<\/p>\n","protected":false},"excerpt":{"rendered":"<p>[vc_row][vc_column][vc_custom_heading text=\u00a0\u00bbPartenariat Acad\u00e9mique International\u00a0\u00bb use_theme_fonts=\u00a0\u00bbyes\u00a0\u00bb][vc_column_text el_class=\u00a0\u00bbtext-justify\u00a0\u00bb] Accord Cadre et Convention d&rsquo;Application entre Aix-Marseille Universit\u00e9, Marseille, France\/ CDTA, qui a pour objet d\u2019encadrer des doctorants dans le cadre des PNE, sign\u00e9 le 10\/06\/2014 pour une dur\u00e9e de trois ann\u00e9es renouvelable sur 2 ann\u00e9es, expire le 10\/ 06\/ 2019, Memorandum of Understanding (MOU) entre Universiti Teknologi Malaysia [&hellip;]<\/p>\n","protected":false},"author":46,"featured_media":5801,"parent":5838,"menu_order":0,"comment_status":"closed","ping_status":"closed","template":"","meta":{"footnotes":""},"class_list":["post-5857","page","type-page","status-publish","has-post-thumbnail","hentry"],"_links":{"self":[{"href":"https:\/\/www.cdta.dz\/fr\/wp-json\/wp\/v2\/pages\/5857\/"}],"collection":[{"href":"https:\/\/www.cdta.dz\/fr\/wp-json\/wp\/v2\/pages\/"}],"about":[{"href":"https:\/\/www.cdta.dz\/fr\/wp-json\/wp\/v2\/types\/page\/"}],"author":[{"embeddable":true,"href":"https:\/\/www.cdta.dz\/fr\/wp-json\/wp\/v2\/users\/46\/"}],"replies":[{"embeddable":true,"href":"https:\/\/www.cdta.dz\/fr\/wp-json\/wp\/v2\/comments\/?post=5857"}],"version-history":[{"count":0,"href":"https:\/\/www.cdta.dz\/fr\/wp-json\/wp\/v2\/pages\/5857\/revisions\/"}],"up":[{"embeddable":true,"href":"https:\/\/www.cdta.dz\/fr\/wp-json\/wp\/v2\/pages\/5838\/"}],"wp:featuredmedia":[{"embeddable":true,"href":"https:\/\/www.cdta.dz\/fr\/wp-json\/wp\/v2\/media\/5801\/"}],"wp:attachment":[{"href":"https:\/\/www.cdta.dz\/fr\/wp-json\/wp\/v2\/media\/?parent=5857"}],"curies":[{"name":"wp","href":"https:\/\/api.w.org\/{rel}","templated":true}]}}