{"id":5859,"date":"2019-05-13T11:38:58","date_gmt":"2019-05-13T11:38:58","guid":{"rendered":"http:\/\/10.1.5.53\/?page_id=5859"},"modified":"2020-01-07T10:04:03","modified_gmt":"2020-01-07T10:04:03","slug":"organismes-publics","status":"publish","type":"page","link":"https:\/\/www.cdta.dz\/fr\/valorisation\/partenariat\/organismes-publics\/","title":{"rendered":"Organismes publics"},"content":{"rendered":"<p>Accords de coop\u00e9ration internationale et nationale:<br \/>\nUniversit\u00e9s:<br \/>\n\u2022 Universit\u00e9 Abderrahman Mira Bejaia, Accord de coop\u00e9ration, 03\/2009\/2012<br \/>\nUniversit\u00e9 Baji Mokhtar, Annaba, Accord de partenariat universit\u00e9s alg\u00e9ro-canadiennes, 2008\/2010.<br \/>\nUniversit\u00e9 Constantine 1, Accord de coop\u00e9ration, 2005\/2010.<br \/>\nUniversit\u00e9 Yahya Fares Medea, Accord de coop\u00e9ration et d&rsquo;\u00e9change d&rsquo;exp\u00e9riences, 04-2010 \/ 03-2013.<br \/>\n\u2022 Universit\u00e9 des sciences et technologies, Houari Boumediene, Alg\u00e9rie, Accord de coop\u00e9ration, 11-2001 \/ 10-2004, Partenariat entre les universit\u00e9s alg\u00e9ro-canadiennes 2008\/2010.<br \/>\nUniversit\u00e9 Hassiba Ben Bouali Chlef, Accord de coop\u00e9ration, 02-2011 \/ 01-2012.<br \/>\n\u2022 Universit\u00e9 Kassadi de Merbah, Ouargla, accord dans le cadre de la coop\u00e9ration scientifique, 02 \/ 2008-01 \/ 2013<br \/>\n\u2022 Universit\u00e9 de Mohamed Bougara Boumerdes, Accord de coop\u00e9ration, 04\/2006<br \/>\n\u2022 Universit\u00e9 Saad Dahlab, Blida, accord de coop\u00e9ration 2004.<br \/>\n\u2022 Universit\u00e9 Al-Hajj Al-Akhdar de Batna, 1 rue Shahid Muhammad, un accord dans le cadre de la coop\u00e9ration scientifique et technologique, 26\/02\/2012.<br \/>\n\u2022 Universit\u00e9 des sciences techniques de Dortmund en Allemagne, rue 44221 Dortmund en Allemagne, un contrat de partenariat (cr\u00e9ation de relations et cr\u00e9ation de bases pour la coop\u00e9ration mutuelle et la coop\u00e9ration dans divers domaines 11\/07\/2018.<br \/>\n\u2022 Universit\u00e9 de Valenciennes et Hainaux Campres (France), accord dans le cadre de la coop\u00e9ration scientifique, 24\/10\/2013.<br \/>\n\u2022 Universit\u00e9 Abu Bakr \u00e0 El-Qayed Tlemcen (Facult\u00e9 des sciences &#8211; D\u00e9partement de physique), Accord de coop\u00e9ration, 01\/02\/2016.<br \/>\n\u2022 Universit\u00e9 d&rsquo;Evry Val (France), Accord de coop\u00e9ration, 04\/01\/2018\/2023.<\/p>\n<p>Instituts et \u00e9coles<br \/>\nEcole Polytechnique Militaire, Borg El Bahri, Alger, accord de coop\u00e9ration, 01\/1997<br \/>\n\u2022 Ecole Nationale d&rsquo;Agriculture, El Harrach, Alger, accord dans le cadre de la coop\u00e9ration scientifique, 02\/08\/2014<\/p>\n<p>Les agences<br \/>\n\u2022 Agence nationale pour l&rsquo;\u00e9valuation des r\u00e9sultats de la recherche et du d\u00e9veloppement technologique (ANVREDET)<br \/>\n\u2022 Agence spatiale alg\u00e9rienne (ASAL), accord dans le cadre de la coop\u00e9ration scientifique, 03\/02\/02\/2015<br \/>\n\u2022 Agence spatiale alg\u00e9rienne, Construction du 14 rue Omar Essawi Al-Hammadia &#8211; Bouzarra, Alger, Accord de coop\u00e9ration, 27\/09\/2004\/2007.<br \/>\n\u2022 Agence spatiale alg\u00e9rienne (ASAL), 14 rue Omar Essaoui, Hammadia-Bouzarea, Alger, accord de coop\u00e9ration, 12\/03\/2004\/2007.<br \/>\n\u2022 Agence Nationale de Soutien \u00e0 l&rsquo;Emploi des Jeunes (ANSEJ), Accord de Partenariat, 06\/11\/2016 (pour une dur\u00e9e illimit\u00e9e \u00e0 compter de la date de sa signature).<\/p>\n<p>Centres de recherche<br \/>\nCentre alg\u00e9rien de recherche nucl\u00e9aire (CRNA), deux accords de coop\u00e9ration en mati\u00e8re de recherche et de formation scientifique, 2004-2005.<br \/>\n\u2022 Le Centre National d&rsquo;Etudes et de Recherches Int\u00e9gr\u00e9es du B\u00e2timent (CNERIB), Alger, la nouvelle ville d&rsquo;Al-Muqrani &#8211; Su\u00e9dois, 13\/12\/2005.<br \/>\n\u2022 Centre de recherche et de d\u00e9veloppement sur l&rsquo;\u00e9lectricit\u00e9 et le gaz &#8211; CREDEG Spa, Wind Hill, RN 36, Folie El Ashour Road, Accord, dans le cadre de la coop\u00e9ration scientifique et technologique, 2013\/2018<\/p>\n<p>Entreprises nationales et \u00e9trang\u00e8res<br \/>\n\u2022 MediTac France, 01, France, accord de coop\u00e9ration 25\/06\/2005\/2008.<br \/>\n\u2022 H.B.Technologies Company, Al-Fajr Cooperative Society, 9 septembre, Alger, Bir Mourad Rais, Accord de coop\u00e9ration, 08\/02\/2005\/2008.<br \/>\n\u2022 Compagnie H.B.Technologies, Parcelle 69, Zone industrielle de Rouiba, Alger, Accord-cadre, 22\/03\/2012.<br \/>\n\u2022 SAADENT Company, 2012A2, Ain Allah Dali Ibrahim &#8211; Alg\u00e9rie, Accord de coop\u00e9ration, 23\/05\/2005.<br \/>\n\u2022 Soci\u00e9t\u00e9 nationale d&rsquo;\u00e9quipement et de services, Civil 175 Housing, n \u00b0 11\/2 Daraya &#8211; Alger, Accord de coop\u00e9ration, 23\/05\/2005\/2008.<br \/>\n\u2022 SARL ADDOCUM, 49 rue Hassiba Ben Bouali, Alg\u00e9rie, Accord-cadre de coop\u00e9ration, 02\/09\/2006\/2009.<\/p>\n<p>Organismes publics<br \/>\n\u2022 Conseil g\u00e9n\u00e9ral du peuple de Baba Hassan, Accord de coop\u00e9ration, 2010\/2013.<\/p>\n","protected":false},"excerpt":{"rendered":"<p>Accords de coop\u00e9ration internationale et nationale: Universit\u00e9s: \u2022 Universit\u00e9 Abderrahman Mira Bejaia, Accord de coop\u00e9ration, 03\/2009\/2012 Universit\u00e9 Baji Mokhtar, Annaba, Accord de partenariat universit\u00e9s alg\u00e9ro-canadiennes, 2008\/2010. Universit\u00e9 Constantine 1, Accord de coop\u00e9ration, 2005\/2010. Universit\u00e9 Yahya Fares Medea, Accord de coop\u00e9ration et d&rsquo;\u00e9change d&rsquo;exp\u00e9riences, 04-2010 \/ 03-2013. \u2022 Universit\u00e9 des sciences et technologies, Houari Boumediene, Alg\u00e9rie, [&hellip;]<\/p>\n","protected":false},"author":46,"featured_media":5801,"parent":5838,"menu_order":0,"comment_status":"closed","ping_status":"closed","template":"","meta":{"footnotes":""},"class_list":["post-5859","page","type-page","status-publish","has-post-thumbnail","hentry"],"_links":{"self":[{"href":"https:\/\/www.cdta.dz\/fr\/wp-json\/wp\/v2\/pages\/5859\/"}],"collection":[{"href":"https:\/\/www.cdta.dz\/fr\/wp-json\/wp\/v2\/pages\/"}],"about":[{"href":"https:\/\/www.cdta.dz\/fr\/wp-json\/wp\/v2\/types\/page\/"}],"author":[{"embeddable":true,"href":"https:\/\/www.cdta.dz\/fr\/wp-json\/wp\/v2\/users\/46\/"}],"replies":[{"embeddable":true,"href":"https:\/\/www.cdta.dz\/fr\/wp-json\/wp\/v2\/comments\/?post=5859"}],"version-history":[{"count":3,"href":"https:\/\/www.cdta.dz\/fr\/wp-json\/wp\/v2\/pages\/5859\/revisions\/"}],"predecessor-version":[{"id":13917,"href":"https:\/\/www.cdta.dz\/fr\/wp-json\/wp\/v2\/pages\/5859\/revisions\/13917\/"}],"up":[{"embeddable":true,"href":"https:\/\/www.cdta.dz\/fr\/wp-json\/wp\/v2\/pages\/5838\/"}],"wp:featuredmedia":[{"embeddable":true,"href":"https:\/\/www.cdta.dz\/fr\/wp-json\/wp\/v2\/media\/5801\/"}],"wp:attachment":[{"href":"https:\/\/www.cdta.dz\/fr\/wp-json\/wp\/v2\/media\/?parent=5859"}],"curies":[{"name":"wp","href":"https:\/\/api.w.org\/{rel}","templated":true}]}}