{"id":5863,"date":"2019-05-13T11:39:41","date_gmt":"2019-05-13T11:39:41","guid":{"rendered":"http:\/\/10.1.5.53\/?page_id=5863"},"modified":"2019-06-28T15:08:01","modified_gmt":"2019-06-28T15:08:01","slug":"incubateur","status":"publish","type":"page","link":"https:\/\/www.cdta.dz\/fr\/valorisation\/entrepreneuriat\/incubateur\/","title":{"rendered":"Incubateur"},"content":{"rendered":"<p>[vc_row][vc_column][vc_column_text el_class=\u00a0\u00bbtext-justify\u00a0\u00bb]<\/p>\n<h3>Incubation au CDTA<\/h3>\n<p>L\u2019incubation au CDTA est un vecteur de valorisation et de transfert technologique parmi d\u2019autres m\u00e9canismes. Ce sont les projets de recherche qui donnent lieu \u00e0 des solutions, proc\u00e9d\u00e9s, voire produits \u00e0 l\u2019\u00e9tat de prototype au moins ou au mieux au stade d\u2019un MVP (Minimum Valuable Product) ayant d\u00e9j\u00e0 acquis ou identifi\u00e9 une valeur marchande dans le secteur \u00e9conomique qui sont aptes \u00e0 une incubation qui aurait toutes les chances de r\u00e9ussir.<\/p>\n<p>Toutefois, afin de promouvoir les porteurs d\u2019id\u00e9es novatrices, le CDTA a d\u00fb organiser des \u00e9v\u00e9nements appel\u00e9s Challenge Days et ensuite Fikra Days destin\u00e9s \u00e0 les drainer \u00e0 partir de diff\u00e9rents horizons : Universit\u00e9s, Grandes Ecoles, des porteurs libres de toute attache. A travers un partenariat conventionn\u00e9 avec l&rsquo;ANVREDET et un parrainage assur\u00e9 par la DGRSDT, ces \u00e9v\u00e9nements ont \u00e9t\u00e9 organis\u00e9s avec un engouement constat\u00e9s chez de centaines de candidats qui se sont soumis volontiers au processus de s\u00e9lection et de validation drastique qui a g\u00e9n\u00e9r\u00e9 une dizaine de Start-Up pr\u00eates \u00e0 l\u2019incubation.<\/p>\n<p>En d\u00e9finitive, huit d\u2019entre elles ont \u00e9t\u00e9 r\u00e9ellement incub\u00e9es dans le cadre d\u2019une relation contractuelle avec le CDTA d\u00e9finissant les droits et obligations de chaque partie. Le taux de r\u00e9ussite de ces incubations se situe \u00e0 25 % (2\/8). Ce taux est tout \u00e0 fait prometteur vu que ce sont des id\u00e9es qui ont \u00e9t\u00e9 incub\u00e9es. Le CDTA compte l\u2019am\u00e9liorer en recentrant graduellement l\u2019incubation sur ses v\u00e9ritables inputs : les prototypes et les MVP. Et en am\u00e9liorant le cadre de prise en charge des porteurs de projets de Start-Up \u00e0 travers des m\u00e9canismes \u00e0 l\u2019\u00e9tude.[\/vc_column_text][\/vc_column][\/vc_row]<\/p>\n","protected":false},"excerpt":{"rendered":"<p>[vc_row][vc_column][vc_column_text el_class=\u00a0\u00bbtext-justify\u00a0\u00bb] Incubation au CDTA L\u2019incubation au CDTA est un vecteur de valorisation et de transfert technologique parmi d\u2019autres m\u00e9canismes. Ce sont les projets de recherche qui donnent lieu \u00e0 des solutions, proc\u00e9d\u00e9s, voire produits \u00e0 l\u2019\u00e9tat de prototype au moins ou au mieux au stade d\u2019un MVP (Minimum Valuable Product) ayant d\u00e9j\u00e0 acquis ou [&hellip;]<\/p>\n","protected":false},"author":46,"featured_media":5801,"parent":5840,"menu_order":0,"comment_status":"closed","ping_status":"closed","template":"","meta":{"footnotes":""},"class_list":["post-5863","page","type-page","status-publish","has-post-thumbnail","hentry"],"_links":{"self":[{"href":"https:\/\/www.cdta.dz\/fr\/wp-json\/wp\/v2\/pages\/5863\/"}],"collection":[{"href":"https:\/\/www.cdta.dz\/fr\/wp-json\/wp\/v2\/pages\/"}],"about":[{"href":"https:\/\/www.cdta.dz\/fr\/wp-json\/wp\/v2\/types\/page\/"}],"author":[{"embeddable":true,"href":"https:\/\/www.cdta.dz\/fr\/wp-json\/wp\/v2\/users\/46\/"}],"replies":[{"embeddable":true,"href":"https:\/\/www.cdta.dz\/fr\/wp-json\/wp\/v2\/comments\/?post=5863"}],"version-history":[{"count":0,"href":"https:\/\/www.cdta.dz\/fr\/wp-json\/wp\/v2\/pages\/5863\/revisions\/"}],"up":[{"embeddable":true,"href":"https:\/\/www.cdta.dz\/fr\/wp-json\/wp\/v2\/pages\/5840\/"}],"wp:featuredmedia":[{"embeddable":true,"href":"https:\/\/www.cdta.dz\/fr\/wp-json\/wp\/v2\/media\/5801\/"}],"wp:attachment":[{"href":"https:\/\/www.cdta.dz\/fr\/wp-json\/wp\/v2\/media\/?parent=5863"}],"curies":[{"name":"wp","href":"https:\/\/api.w.org\/{rel}","templated":true}]}}