{"id":5871,"date":"2019-05-13T11:40:38","date_gmt":"2019-05-13T11:40:38","guid":{"rendered":"http:\/\/10.1.5.53\/?page_id=5871"},"modified":"2019-09-23T12:55:59","modified_gmt":"2019-09-23T12:55:59","slug":"journees-challenges","status":"publish","type":"page","link":"https:\/\/www.cdta.dz\/fr\/valorisation\/entrepreneuriat\/journees-challenges\/","title":{"rendered":"Journ\u00e9es Challenges"},"content":{"rendered":"<p>[vc_row][vc_column][vc_column_text]<strong>\u00ab Hard innovation \u00bb 2016<\/strong><\/p>\n<p>Le Centre de D\u00e9veloppement des Technologies Avanc\u00e9es, en partenariat avec \u2018\u2018AquaSafe Alg\u00e9rie\u2019\u2019 et \u2018\u2018BIGmama\u2019\u2019, a organis\u00e9 du 6 au 8 Novembre 2016, la deuxi\u00e8me \u00e9dition du challenge \u00ab Hard innovation \u00bb, h\u00e9berg\u00e9 au niveau du nouvel incubateur du CDTA \u00ab Fikra-Tech \u00bb.<\/p>\n<p>L\u2019\u00e9dition de cette ann\u00e9e a propos\u00e9 une nouvelle formule pour le challenge :<\/p>\n<p>Mettre en comp\u00e9tition des \u00e9quipes d\u2019horizons divers dans le but de proposer des id\u00e9es et de concevoir des prototypes de solutions et de produits innovants et surtout utiles, selon deux th\u00e9matiques :<\/p>\n<p>I- Solutions d\u2019ing\u00e9nierie aux probl\u00e8mes de transport et de s\u00e9curit\u00e9 routi\u00e8re : Encombrement, stationnement, moyens de transport,<\/p>\n<p>II- Id\u00e9es et concepts innovants de solutions pour l\u2019\u00e9lectronique et le multim\u00e9dia.<\/p>\n<p>Pour r\u00e9aliser et surtout r\u00e9ussir ce challenge dans les meilleures conditions, le CDTA a d\u2019un c\u00f4t\u00e9 mis\u00a0 \u00e0 la disposition des \u00e9quipes : mat\u00e9riel, s\u00e9ances d\u2019encadrements, coachings et assistance et d\u2019un autre c\u00f4t\u00e9 un programme riche au profit des invit\u00e9s de l\u2019\u00e9v\u00e8nement comprenant des pr\u00e9sentations et conf\u00e9rences pl\u00e9ni\u00e8res anim\u00e9es par d\u2019\u00e9minents experts dans divers domaines, \u00e0 savoir, \u00ab l\u2019Entreprenariat, l\u2019Investissement et business plan, l\u2019innovation ; la propri\u00e9t\u00e9 intellectuelle, etc.<\/p>\n<p>Lors de la c\u00e9r\u00e9monie d\u2019ouverture et apr\u00e8s l\u2019allocution du Directeur G\u00e9n\u00e9ral de la Recherche Scientifique\u00a0 et du D\u00e9veloppement Technologique, Pr. Hafid AOURAG,\u00a0 il a \u00e9t\u00e9 proc\u00e9d\u00e9 \u00e0 la signature d\u2019une convention entre le CDTA, repr\u00e9sent\u00e9 par son Directeur, Dr. Yassine DJERIDANE et l\u2019ANSEJ repr\u00e9sent\u00e9e par son Directeur M. Mourad ZEMALI.<\/p>\n<p>Cette convention a pour objet la d\u00e9finition du cadre de partenariat entre les deux institutions pour le financement de la cr\u00e9ation de micro-entreprises dans le domaine de technologies avanc\u00e9es. Cela permettra \u00e9galement\u00a0 aux futurs entrepreneurs incub\u00e9s au sein de Fikra-tech,\u00a0 de b\u00e9n\u00e9ficier d\u2019un accompagnement technique en mettant \u00e0 sa disposition tous les moyens n\u00e9cessaires \u00e0 la r\u00e9alisation de son projet et la cr\u00e9ation de sa future entreprise.\u00a0 Ce partenariat contribuera aussi\u00a0 \u00e0 l\u2019animation de l\u2019incubateur Fikra-tech via la mise en place de programmes d\u2019informations et de formations li\u00e9s \u00e0 la gestion des entreprises. Ainsi, les futurs entrepreneurs b\u00e9n\u00e9ficieront de toutes les facilitations et prestations de l\u2019ANSEJ.<\/p>\n<p>Quelques statistiques :<\/p>\n<p>Nombre des candidats inscrits :<\/p>\n<p>Th\u00e9matique 1 : 70.<\/p>\n<p>Th\u00e9matique 2 : 75.<\/p>\n<p>Nombre des candidats retenus :<\/p>\n<p>Th\u00e9matique 1 :40\u00a0 ce qui correspond \u00e0\u00a0 57.14 % des candidats inscrits.<\/p>\n<p>Th\u00e9matique 2 : 11 ce qui correspond \u00e0\u00a0 11.64 % des candidats inscrits.<\/p>\n<p>Nombre des candidats participants :<\/p>\n<p>Th\u00e9matique 1 : 21 ce qui correspond \u00e0\u00a0 52.5 % des candidats retenus et 30 % des inscrits.<\/p>\n<p>Th\u00e9matique 2 : 4 ce qui correspond \u00e0\u00a0 36.36 % des candidats retenus et 5.33 % des inscrits.<\/p>\n<p>&nbsp;<\/p>\n<p>&nbsp;<\/p>\n<p>Le d\u00e9fi de ces \u00e9quipes est double : elles devront d\u2019une part prouver la faisabilit\u00e9 technique de leur projet \u00e0 travers la r\u00e9alisation d\u2019un prototype et d\u2019autre part, concevoir un business plan avec l\u2019assistance des coachs pr\u00e9sents.<\/p>\n<p>Pour r\u00e9aliser ce challenge dans les meilleures conditions, le CDTA met \u00e0 disposition des \u00e9quipes : mat\u00e9riel, s\u00e9ances d\u2019encadrements, coachings et assistance.<\/p>\n<p>Les objectifs de Hard Innovation sont multiples :<\/p>\n<ul>\n<li>Promouvoir l\u2019innovation dans le hardware et les nouvelles technologies<\/li>\n<li>Fournir aux d\u00e9veloppeurs et aux innovateurs une opportunit\u00e9 unique pour participer \u00e0 un cycle de vie complet d\u2019un projet technologique (g\u00e9n\u00e9ration et partage des id\u00e9es, apprentissage des nouvelles plateformes de d\u00e9veloppement et conception open source, et travail en \u00e9quipe)<\/li>\n<li>Faire d\u00e9couvrir une manifestation unique \u00e0 l\u2019innovateur alg\u00e9rien<\/li>\n<li>Permettre la r\u00e9alisation d\u2019un prototype ou d\u2019un design de solution innovante<\/li>\n<li>Initier les \u00e9quipes aux techniques de proposition d\u2019un business plan<\/li>\n<\/ul>\n<p>&nbsp;<\/p>\n<p>&nbsp;<\/p>\n<p>&nbsp;<\/p>\n<p><strong>HARD INNOVATION 2017 : un challenge prometteur pour les jeunes<\/strong><\/p>\n<p>e Centre de D\u00e9veloppement des Technologies Avanc\u00e9es, en partenariat avec <strong>les startups<\/strong> \u00ab\u00a0AquaSafe\u00a0\u00bb et \u00ab\u00a0BIGmama\u00a0\u00bb, a organis\u00e9 du <strong>18<\/strong> au <strong>20<\/strong> <strong>septembre 2017<\/strong>, la troisi\u00e8me \u00e9dition du challenge <strong>\u00ab Hard innovation \u00bb,<\/strong> h\u00e9berg\u00e9 \u00e0 l\u2019incubateur du CDTA <strong>\u00ab Fikra-Tech \u00bb<\/strong> pour la deuxi\u00e8me ann\u00e9e cons\u00e9cutive.<\/p>\n<p>L\u2019\u00e9dition de cette ann\u00e9e a propos\u00e9 de mettre en comp\u00e9tition des \u00e9quipes d\u2019horizons divers dans le but de proposer des id\u00e9es et de concevoir des prototypes de solutions et de produits innovants et surtout utiles, selon deux th\u00e9matiques :<\/p>\n<p><strong>1- Smart city\u00a0: syst\u00e8mes et applications<\/strong><\/p>\n<p><strong>2- Les TIC au service de la sant\u00e9\u00a0 \u00a0<\/strong><\/p>\n<p>Pour r\u00e9aliser et surtout r\u00e9ussir ce challenge dans les meilleures conditions, le CDTA a d\u2019un c\u00f4t\u00e9 mis \u00e0 la disposition des \u00e9quipes : mat\u00e9riel, s\u00e9ances d\u2019encadrements, coachings et assistance, et d\u2019un autre c\u00f4t\u00e9 un programme riche au profit des invit\u00e9s de l\u2019\u00e9v\u00e8nement comprenant des pr\u00e9sentations et conf\u00e9rences pl\u00e9ni\u00e8res anim\u00e9es par d\u2019\u00e9minents experts dans divers domaines, \u00e0 savoir, \u00ab l\u2019Entreprenariat, l\u2019Investissement et business plan, l\u2019innovation,\u00a0 la propri\u00e9t\u00e9 intellectuelle, etc.<\/p>\n<p>Le Wali d\u2019Alger, Monsieur Abdelkader ZOUKH nous a fait l\u2019honneur d\u2019assister \u00e0 la c\u00e9r\u00e9monie d\u2019ouverture en pr\u00e9sence du Directeur G\u00e9n\u00e9ral de la Recherche Scientifique et du D\u00e9veloppement Technologique, Pr. Hafid AOURAG.<\/p>\n<p>Apr\u00e8s l\u2019allocution d\u2019ouverture, il a \u00e9t\u00e9 proc\u00e9d\u00e9 \u00e0 la signature d\u2019une convention entre le <strong>CDTA<\/strong>, et la startup \u00ab\u00a0<strong>BIGmama<\/strong>\u00a0\u00bb, afin de favoriser la collaboration technologique avec les jeunes entreprises innovantes.<\/p>\n<p>A l\u2019issue des trois jours de travaux, le jury a s\u00e9lectionn\u00e9 un vainqueurs de chaque th\u00e9matique, et a d\u00e9cern\u00e9 des prix aux candidats\u00a0qui ont montr\u00e9 le plus de potentiel et qui sont pr\u00eats \u00e0 travailler pour lancer leur start-up, afin de les incuber au\u00a0CDTA et les aider \u00e0 monter leurs entreprises.<\/p>\n<p><strong>HARD INNOVATION <\/strong><strong>2017\u00a0en chiffres <\/strong><em>:<\/em><\/p>\n<p><strong><em><u>Nombre d\u2019id\u00e9es inscritss\u00a0: 50<\/u><\/em><\/strong><\/p>\n<p><em>Th\u00e9matique 1\u00a0: 18 soit\u2026.% du nombre global <\/em><\/p>\n<p><em>Th\u00e9matique 2\u00a0: 32 soit\u2026.% du nombre global <\/em><\/p>\n<p><em>Laur\u00e9ats<\/em><\/p>\n<p><em>Th\u00e9matique 1\u00a0: Smart city\u00a0: WIJHATIC<\/em><\/p>\n<p><em>Th\u00e9matique 2\u00a0: E SANTE\u00a0: ADWIYATI<\/em><\/p>\n<p><strong><em>ECHO PRESSE\u00a0:<\/em><\/strong><\/p>\n<ul>\n<li><em>ENTV journal de 13h00, journ\u00e9e du 19\/09\/17<\/em><\/li>\n<li><em>DZAIR NEWS<\/em><\/li>\n<li><em>JIL FM<\/em><\/li>\n<li><em>ENNAHAR<\/em><\/li>\n<li><em>CHAINE 1\u00a0:<\/em> <em>\u00e9mission jil com<\/em><\/li>\n<li><em>CHAINE 3\u00a0: \u00e9mission impact<\/em><\/li>\n<\/ul>\n<ul>\n<li><em>El Watan \u00e9tudiant\u00a0:<\/em><\/li>\n<\/ul>\n<p>&nbsp;<\/p>\n<ul>\n<li><strong>Hard-Innovation : Une opportunit\u00e9 pour cr\u00e9er sa start-up<\/strong><\/li>\n<\/ul>\n<p><a href=\"https:\/\/www.elwatan.com\/hebdo\/etudiant\/la-wilaya-a-compris-qu-il-etait-essentiel-pour-atteindre-ses-objectifs-d-apporter-l-aide-aux-jeunes-porteurs-d-idees-20-09-2017-353053_264.php\"><strong>https:\/\/www.elwatan.com\/hebdo\/etudiant\/la-wilaya-a-compris-qu-il-etait-essentiel-pour-atteindre-ses-objectifs-d-apporter-l-aide-aux-jeunes-porteurs-d-idees-20-09-2017-353053_264.php<\/strong><\/a><\/p>\n<p>&nbsp;<\/p>\n<ul>\n<li><strong>Fatiha Slimani. Conseill\u00e8re, repr\u00e9sentante du wali d\u2019Alger<\/strong><\/li>\n<\/ul>\n<p><strong>La wilaya a compris qu\u2019il \u00e9tait essentiel, pour atteindre ses objectifs, d\u2019apporter l\u2019aide aux jeunes porteurs d\u2019id\u00e9es<\/strong><\/p>\n<p><a href=\"https:\/\/www.elwatan.com\/hebdo\/etudiant\/la-wilaya-a-compris-qu-il-etait-essentiel-pour-atteindre-ses-objectifs-d-apporter-l-aide-aux-jeunes-porteurs-d-idees-20-09-2017-353053_264.php\"><strong>https:\/\/www.elwatan.com\/hebdo\/etudiant\/la-wilaya-a-compris-qu-il-etait-essentiel-pour-atteindre-ses-objectifs-d-apporter-l-aide-aux-jeunes-porteurs-d-idees-20-09-2017-353053_264.php<\/strong><\/a><\/p>\n<ul>\n<li><strong>Dr Noureddine Ouadah. Directeur adjoint au Centre de d\u00e9veloppement des technologies avanc\u00e9es CDTA<\/strong><\/li>\n<\/ul>\n<p><strong>Beaucoup d\u2019industriels ne savent pas quoi faire avec leur argent alors que miser sur un jeune porteur d\u2019id\u00e9es peut rapporter gros<\/strong><\/p>\n<p><a href=\"https:\/\/www.elwatan.com\/hebdo\/etudiant\/beaucoup-d-industriels-ne-savent-pas-quoi-faire-avec-leur-argent-alors-que-miser-sur-un-jeune-porteur-d-idees-peut-rapporter-gros-20-09-2017-353051_264.php\"><strong>https:\/\/www.elwatan.com\/hebdo\/etudiant\/beaucoup-d-industriels-ne-savent-pas-quoi-faire-avec-leur-argent-alors-que-miser-sur-un-jeune-porteur-d-idees-peut-rapporter-gros-20-09-2017-353051_264.php<\/strong><\/a><\/p>\n<p><strong>\u00a0<\/strong>[\/vc_column_text][\/vc_column][\/vc_row]<\/p>\n","protected":false},"excerpt":{"rendered":"<p>[vc_row][vc_column][vc_column_text]\u00ab Hard innovation \u00bb 2016 Le Centre de D\u00e9veloppement des Technologies Avanc\u00e9es, en partenariat avec \u2018\u2018AquaSafe Alg\u00e9rie\u2019\u2019 et \u2018\u2018BIGmama\u2019\u2019, a organis\u00e9 du 6 au 8 Novembre 2016, la deuxi\u00e8me \u00e9dition du challenge \u00ab Hard innovation \u00bb, h\u00e9berg\u00e9 au niveau du nouvel incubateur du CDTA \u00ab Fikra-Tech \u00bb. L\u2019\u00e9dition de cette ann\u00e9e a propos\u00e9 une nouvelle [&hellip;]<\/p>\n","protected":false},"author":46,"featured_media":5801,"parent":5840,"menu_order":0,"comment_status":"closed","ping_status":"closed","template":"","meta":{"footnotes":""},"class_list":["post-5871","page","type-page","status-publish","has-post-thumbnail","hentry"],"_links":{"self":[{"href":"https:\/\/www.cdta.dz\/fr\/wp-json\/wp\/v2\/pages\/5871\/"}],"collection":[{"href":"https:\/\/www.cdta.dz\/fr\/wp-json\/wp\/v2\/pages\/"}],"about":[{"href":"https:\/\/www.cdta.dz\/fr\/wp-json\/wp\/v2\/types\/page\/"}],"author":[{"embeddable":true,"href":"https:\/\/www.cdta.dz\/fr\/wp-json\/wp\/v2\/users\/46\/"}],"replies":[{"embeddable":true,"href":"https:\/\/www.cdta.dz\/fr\/wp-json\/wp\/v2\/comments\/?post=5871"}],"version-history":[{"count":0,"href":"https:\/\/www.cdta.dz\/fr\/wp-json\/wp\/v2\/pages\/5871\/revisions\/"}],"up":[{"embeddable":true,"href":"https:\/\/www.cdta.dz\/fr\/wp-json\/wp\/v2\/pages\/5840\/"}],"wp:featuredmedia":[{"embeddable":true,"href":"https:\/\/www.cdta.dz\/fr\/wp-json\/wp\/v2\/media\/5801\/"}],"wp:attachment":[{"href":"https:\/\/www.cdta.dz\/fr\/wp-json\/wp\/v2\/media\/?parent=5871"}],"curies":[{"name":"wp","href":"https:\/\/api.w.org\/{rel}","templated":true}]}}