{"id":5873,"date":"2019-05-13T11:43:14","date_gmt":"2019-05-13T11:43:14","guid":{"rendered":"http:\/\/10.1.5.53\/?page_id=5873"},"modified":"2019-11-10T13:50:05","modified_gmt":"2019-11-10T13:50:05","slug":"projection-thermique","status":"publish","type":"page","link":"https:\/\/www.cdta.dz\/fr\/recherche-et-technologie\/plateformes-technologiques\/projection-thermique\/","title":{"rendered":"Projection Thermique"},"content":{"rendered":"<p>[vc_row][vc_column][vc_custom_heading text=\u00a0\u00bbPlateforme Projection Thermique\u00a0\u00bb font_container=\u00a0\u00bbtag:h2|text_align:center|color:%233366ff\u00a0\u00bb use_theme_fonts=\u00a0\u00bbyes\u00a0\u00bb css_animation=\u00a0\u00bbfadeIn\u00a0\u00bb][vc_single_image image=\u00a0\u00bb7725&Prime; img_size=\u00a0\u00bblarge\u00a0\u00bb alignment=\u00a0\u00bbcenter\u00a0\u00bb style=\u00a0\u00bbvc_box_shadow_3d\u00a0\u00bb onclick=\u00a0\u00bblink_image\u00a0\u00bb css_animation=\u00a0\u00bbslideInUp\u00a0\u00bb css=\u00a0\u00bb.vc_custom_1572369019524{margin-bottom: 25px !important;}\u00a0\u00bb][vc_column_text css_animation=\u00a0\u00bbslideInUp\u00a0\u00bb el_class=\u00a0\u00bbtext-justify\u00a0\u00bb]La plateforme de projection thermique du CDTA est la premi\u00e8re installation nationale pour la recherche et le d\u00e9veloppement technologique sur les proc\u00e9d\u00e9s de projection thermique en Alg\u00e9rie. La plateforme a \u00e9t\u00e9 install\u00e9e au CDTA en 2016.<\/p>\n<p>La projection thermique d\u00e9signe un groupe de proc\u00e9d\u00e9s de traitement de surfaces par voie s\u00e8che, elle est actuellement consid\u00e9r\u00e9e comme une technologie cl\u00e9 visant \u00e0 modifier les propri\u00e9t\u00e9s d\u2019une surface ou d\u2019un mat\u00e9riau. \u00a0Cette technologie est sollicit\u00e9e par diff\u00e9rents domaines industriels, notamment l\u2019a\u00e9ronautique, l\u2019\u00e9nergie, l\u2019automobile, le biom\u00e9dical et l\u2019\u00e9lectronique.<\/p>\n<p>Nous sommes un groupe de scientifiques et de technologues qui ont introduit en 2005, l\u2019activit\u00e9 de recherche et de d\u00e9veloppement technologique des proc\u00e9d\u00e9s de projection thermique au CDTA. Depuis cette mise en place, nous avons men\u00e9 des activit\u00e9s de recherche exp\u00e9rimentale et th\u00e9orique sur la mod\u00e9lisation et sur les propri\u00e9t\u00e9s des d\u00e9p\u00f4ts r\u00e9alis\u00e9s par les proc\u00e9d\u00e9s de projection thermique conventionnels. Cette \u00e9tape a permis au groupe d\u2019\u00e9tablir, modestement, une base de recherche dans ce domaine \u00e0 travers les programmes de recherche financ\u00e9s par le fond national de la recherche (FNR). Cette activit\u00e9 continue de croitre permettant ainsi de poursuivre des projets de recherche et de d\u00e9veloppement technologique collaboratifs \u00e0 fort impact socio-\u00e9conomique.<\/p>\n<p>Notre groupe soutient donc, une vari\u00e9t\u00e9 de programmes de recherche et de d\u00e9veloppement technologique, il est de ce fait, engag\u00e9 \u00e0 apporter des solutions collaboratives en science et ing\u00e9nierie des proc\u00e9d\u00e9s de projection thermique.<\/p>\n<p>Notre groupe soutient donc, une vari\u00e9t\u00e9 de programmes de recherche et de d\u00e9veloppement technologique, il est de ce fait, engag\u00e9 \u00e0 apporter des solutions collaboratives en science et ing\u00e9nierie des proc\u00e9d\u00e9s de projection thermique.<\/p>\n<ul>\n<li>Le proc\u00e9d\u00e9 de projection plasma \u00e0 pression atmosph\u00e9rique (APS)\u00a0;<\/li>\n<li>Le proc\u00e9d\u00e9 de projection Arc-fil (WAS).<\/li>\n<\/ul>\n<p>Par ailleurs, l\u2019installation de projection mise en place est \u00e9volutive, il est donc possible d\u2019y int\u00e9grer, dans l\u2019avenir, les autres proc\u00e9d\u00e9s de projection thermique comme le HVOF et le cold spray avec les m\u00eames auxiliaires.<\/p>\n<p>Par ailleurs, l\u2019installation de projection mise en place est \u00e9volutive, il est donc possible d\u2019y int\u00e9grer, dans l\u2019avenir, les autres proc\u00e9d\u00e9s de projection thermique comme le HVOF et le cold spray avec les m\u00eames auxiliaires.<\/p>\n<p>&nbsp;<\/p>\n<p style=\"text-align: right;\"><strong>Y. Mebdoua-Lahmar<\/strong><br \/>\n<strong>Responsable de la plateforme<\/strong><\/p>\n<p>[\/vc_column_text][\/vc_column][\/vc_row]<\/p>\n","protected":false},"excerpt":{"rendered":"<p>[vc_row][vc_column][vc_custom_heading text=\u00a0\u00bbPlateforme Projection Thermique\u00a0\u00bb font_container=\u00a0\u00bbtag:h2|text_align:center|color:%233366ff\u00a0\u00bb use_theme_fonts=\u00a0\u00bbyes\u00a0\u00bb css_animation=\u00a0\u00bbfadeIn\u00a0\u00bb][vc_single_image image=\u00a0\u00bb7725&Prime; img_size=\u00a0\u00bblarge\u00a0\u00bb alignment=\u00a0\u00bbcenter\u00a0\u00bb style=\u00a0\u00bbvc_box_shadow_3d\u00a0\u00bb onclick=\u00a0\u00bblink_image\u00a0\u00bb css_animation=\u00a0\u00bbslideInUp\u00a0\u00bb css=\u00a0\u00bb.vc_custom_1572369019524{margin-bottom: 25px !important;}\u00a0\u00bb][vc_column_text css_animation=\u00a0\u00bbslideInUp\u00a0\u00bb el_class=\u00a0\u00bbtext-justify\u00a0\u00bb]La plateforme de projection thermique du CDTA est la premi\u00e8re installation nationale pour la recherche et le d\u00e9veloppement technologique sur les proc\u00e9d\u00e9s de projection thermique en Alg\u00e9rie. La plateforme a \u00e9t\u00e9 install\u00e9e au CDTA en 2016. La projection [&hellip;]<\/p>\n","protected":false},"author":45,"featured_media":2195,"parent":5542,"menu_order":0,"comment_status":"closed","ping_status":"closed","template":"division-page.php","meta":{"footnotes":""},"class_list":["post-5873","page","type-page","status-publish","has-post-thumbnail","hentry"],"_links":{"self":[{"href":"https:\/\/www.cdta.dz\/fr\/wp-json\/wp\/v2\/pages\/5873\/"}],"collection":[{"href":"https:\/\/www.cdta.dz\/fr\/wp-json\/wp\/v2\/pages\/"}],"about":[{"href":"https:\/\/www.cdta.dz\/fr\/wp-json\/wp\/v2\/types\/page\/"}],"author":[{"embeddable":true,"href":"https:\/\/www.cdta.dz\/fr\/wp-json\/wp\/v2\/users\/45\/"}],"replies":[{"embeddable":true,"href":"https:\/\/www.cdta.dz\/fr\/wp-json\/wp\/v2\/comments\/?post=5873"}],"version-history":[{"count":0,"href":"https:\/\/www.cdta.dz\/fr\/wp-json\/wp\/v2\/pages\/5873\/revisions\/"}],"up":[{"embeddable":true,"href":"https:\/\/www.cdta.dz\/fr\/wp-json\/wp\/v2\/pages\/5542\/"}],"wp:featuredmedia":[{"embeddable":true,"href":"https:\/\/www.cdta.dz\/fr\/wp-json\/wp\/v2\/media\/2195\/"}],"wp:attachment":[{"href":"https:\/\/www.cdta.dz\/fr\/wp-json\/wp\/v2\/media\/?parent=5873"}],"curies":[{"name":"wp","href":"https:\/\/api.w.org\/{rel}","templated":true}]}}