{"id":5875,"date":"2019-05-13T11:43:46","date_gmt":"2019-05-13T11:43:46","guid":{"rendered":"http:\/\/10.1.5.53\/?page_id=5875"},"modified":"2019-11-10T14:21:29","modified_gmt":"2019-11-10T14:21:29","slug":"realite-augmentee","status":"publish","type":"page","link":"https:\/\/www.cdta.dz\/fr\/recherche-et-technologie\/plateformes-technologiques\/realite-augmentee\/","title":{"rendered":"R\u00e9alit\u00e9 Augment\u00e9e"},"content":{"rendered":"","protected":false},"excerpt":{"rendered":"","protected":false},"author":46,"featured_media":2195,"parent":5542,"menu_order":0,"comment_status":"closed","ping_status":"closed","template":"division-page.php","meta":{"footnotes":""},"class_list":["post-5875","page","type-page","status-publish","has-post-thumbnail","hentry"],"_links":{"self":[{"href":"https:\/\/www.cdta.dz\/fr\/wp-json\/wp\/v2\/pages\/5875\/"}],"collection":[{"href":"https:\/\/www.cdta.dz\/fr\/wp-json\/wp\/v2\/pages\/"}],"about":[{"href":"https:\/\/www.cdta.dz\/fr\/wp-json\/wp\/v2\/types\/page\/"}],"author":[{"embeddable":true,"href":"https:\/\/www.cdta.dz\/fr\/wp-json\/wp\/v2\/users\/46\/"}],"replies":[{"embeddable":true,"href":"https:\/\/www.cdta.dz\/fr\/wp-json\/wp\/v2\/comments\/?post=5875"}],"version-history":[{"count":0,"href":"https:\/\/www.cdta.dz\/fr\/wp-json\/wp\/v2\/pages\/5875\/revisions\/"}],"up":[{"embeddable":true,"href":"https:\/\/www.cdta.dz\/fr\/wp-json\/wp\/v2\/pages\/5542\/"}],"wp:featuredmedia":[{"embeddable":true,"href":"https:\/\/www.cdta.dz\/fr\/wp-json\/wp\/v2\/media\/2195\/"}],"wp:attachment":[{"href":"https:\/\/www.cdta.dz\/fr\/wp-json\/wp\/v2\/media\/?parent=5875"}],"curies":[{"name":"wp","href":"https:\/\/api.w.org\/{rel}","templated":true}]}}