{"id":6076,"date":"2019-05-15T13:03:47","date_gmt":"2019-05-15T13:03:47","guid":{"rendered":"http:\/\/10.1.5.53\/?page_id=6076"},"modified":"2023-04-12T11:20:21","modified_gmt":"2023-04-12T11:20:21","slug":"formation-et-prestations","status":"publish","type":"page","link":"https:\/\/www.cdta.dz\/fr\/recherche-et-technologie\/plateformes-technologiques\/plateforme-de-micro-fabrication\/formation-et-prestations\/","title":{"rendered":"Formation et prestations"},"content":{"rendered":"<p>[vc_row][vc_column][vc_column_text][\/vc_column_text][vc_column_text el_class=\u00a0\u00bbtext-justify\u00a0\u00bb]<\/p>\n<h1><span style=\"color: #4f81ba;\">Formation et prestations en salle blanche<\/span><\/h1>\n<p>Le d\u00e9veloppement, le test et la production de composants \u00e9lectroniques n\u00e9cessitent un savoir-faire et une expertise que la Plateforme Technologique de Micro-fabrication (PTM) d\u00e9sire les mettre \u00e0 la disposition de ses clients. La PTM est un service commun de la recherche qui mutualise les moyens de micro-fabrication au niveau national et m\u00e8ne des activit\u00e9s de r\u00e9alisation de circuits int\u00e9gr\u00e9s, microsyst\u00e8mes, et capteurs. En effet, la plateforme offre une panoplie de prestations de service et participe \u00e9galement au d\u00e9ploiement des outils VLSI aux universit\u00e9s afin de promouvoir la formation en micro\u00e9lectronique au niveau national dans le cadre d\u2019un \u00e9cosyst\u00e8me.<\/p>\n<p><img decoding=\"async\" class=\"aligncenter wp-image-6080 size-full\" style=\"margin-bottom: 35px;\" src=\"https:\/\/www.cdta.dz\/wp-content\/uploads\/2019\/05\/formation-et-prestations-en-salle-blanche.jpg\" alt=\"\" width=\"989\" srcset=\"https:\/\/www.cdta.dz\/wp-content\/uploads\/2019\/05\/formation-et-prestations-en-salle-blanche.jpg 989w, https:\/\/www.cdta.dz\/wp-content\/uploads\/2019\/05\/formation-et-prestations-en-salle-blanche-300x102.jpg 300w, https:\/\/www.cdta.dz\/wp-content\/uploads\/2019\/05\/formation-et-prestations-en-salle-blanche-768x260.jpg 768w\" sizes=\"(max-width: 989px) 100vw, 989px\" \/><\/p>\n<blockquote style=\"border-left: 5px solid #4f81ba; font-size: 14px; font-family: 'Roboto', sans-serif; font-weight: 400; color: #000;\"><p>Notre savoir-faire et notre salle blanche vous permettent de r\u00e9aliser des projets allant de quelques \u00e9tapes technologiques \u00e0 la r\u00e9alisation d\u2019un circuit complet en technologie CMOS 1-\u00b5m y compris la d\u00e9coupe et l&rsquo;assemblage. Faites-vous une id\u00e9e de l&rsquo;expertise de notre plateforme en consultant la liste des prestations \u00e0 r\u00e9aliser sous un environnement contr\u00f4l\u00e9 en temp\u00e9rature, humidit\u00e9 et pression.<\/p><\/blockquote>\n<p>[\/vc_column_text][vc_tta_accordion][vc_tta_section title=\u00a0\u00bbFormations Proc\u00e9d\u00e9s\u00a0\u00bb tab_id=\u00a0\u00bb1568886242319-c0e6b0b2-902c\u00a0\u00bb el_class=\u00a0\u00bbtext-justify\u00a0\u00bb][vc_row_inner][vc_column_inner width=\u00a0\u00bb1\/2&Prime;][vc_hoverbox image=\u00a0\u00bb6080&Prime; primary_title=\u00a0\u00bb\u00a0\u00bb hover_title=\u00a0\u00bbFormation sur les Proc\u00e9d\u00e9s Micro\u00e9lectroniques\u00a0\u00bb hover_title_font_container=\u00a0\u00bbcolor:%231e73be\u00a0\u00bb use_custom_fonts_hover_title=\u00a0\u00bbtrue\u00a0\u00bb hover_title_link=\u00a0\u00bburl:http%3A%2F%2Fwww.cdta.dz%2Ffr%2Frecherche-et-technologie%2Fplateformes-technologiques%2Fplateforme-de-micro-fabrication%2Fformation-et-prestations%2Fformation-procedes-microelectroniques%2F|title:Formation%20sur%20les%20Proc%C3%A9d%C3%A9s%20Micro%C3%A9lectroniques||\u00a0\u00bb]Cette formation donne une approche compl\u00e8te, th\u00e9orique et pratique, sur les op\u00e9rations fondamentales de fabrication des circuits int\u00e9gr\u00e9s sur silicium.[\/vc_hoverbox][vc_empty_space][vc_hoverbox image=\u00a0\u00bb6895&Prime; primary_title=\u00a0\u00bb\u00a0\u00bb hover_title=\u00a0\u00bbFormation aux Techniques de D\u00e9p\u00f4t de Couches Minces par PVD et PECVD\u00a0\u00bb hover_title_font_container=\u00a0\u00bbcolor:%231e73be\u00a0\u00bb use_custom_fonts_hover_title=\u00a0\u00bbtrue\u00a0\u00bb hover_title_link=\u00a0\u00bburl:http%3A%2F%2Fwww.cdta.dz%2Ffr%2Frecherche-et-technologie%2Fplateformes-technologiques%2Fplateforme-de-micro-fabrication%2Fformation-et-prestations%2Fformation-aux-techniques-de-depot-de-couches-minces-par-pvd-et-pecvd%2F|title:Formation%20aux%20Techniques%20de%20D%C3%A9p%C3%B4t%20de%20Couches%20Minces%20par%20PVD%20et%20PECVD||\u00a0\u00bb el_class=\u00a0\u00bbtext-justify\u00a0\u00bb]L\u2019objectif de la formation est d\u2019acqu\u00e9rir des notions th\u00e9oriques et pratiques sur les deux techniques de d\u00e9p\u00f4t sous vide (PVD \u00ab\u00a0Sputtering\u00a0\u00bb et PECVD) utilis\u00e9es au niveau de la salle blanche.[\/vc_hoverbox][vc_empty_space][vc_hoverbox image=\u00a0\u00bb7660&Prime; primary_title=\u00a0\u00bb\u00a0\u00bb hover_title=\u00a0\u00bbFormation en Gravure Humide et Nettoyage\u00a0\u00bb hover_title_font_container=\u00a0\u00bbcolor:%231e73be\u00a0\u00bb use_custom_fonts_hover_title=\u00a0\u00bbtrue\u00a0\u00bb hover_title_link=\u00a0\u00bburl:http%3A%2F%2Fwww.cdta.dz%2Ffr%2Frecherche-et-technologie%2Fplateformes-technologiques%2Fplateforme-de-micro-fabrication%2Fformation-et-prestations%2Fformation-en-gravure-humide-et-nettoyage%2F|title:Formation%20en%20Gravure%20Humide%20et%20Nettoyage||\u00a0\u00bb el_class=\u00a0\u00bbtext-justify\u00a0\u00bb]La formation aux bancs humides est destin\u00e9e pour tout usager de produits chimiques afin d&rsquo;apprendre la bonne pratique en usage dans les laboratoires. La formation concerne l\u2019utilisation de bancs humides et porte principalement sur la manipulation des acides &#8230;[\/vc_hoverbox][vc_empty_space][vc_hoverbox image=\u00a0\u00bb7596&Prime; primary_title=\u00a0\u00bb\u00a0\u00bb hover_title=\u00a0\u00bbFormation sur les D\u00e9p\u00f4ts CVD et Diffusion\u00a0\u00bb hover_title_font_container=\u00a0\u00bbcolor:%231e73be\u00a0\u00bb use_custom_fonts_hover_title=\u00a0\u00bbtrue\u00a0\u00bb hover_title_link=\u00a0\u00bburl:http%3A%2F%2Fwww.cdta.dz%2Ffr%2Frecherche-et-technologie%2Fplateformes-technologiques%2Fplateforme-de-micro-fabrication%2Fformation-et-prestations%2Fformation-sur-les-depots-cvd-et-diffusion%2F|title:Formation%20sur%20les%20D%C3%A9p%C3%B4ts%20CVD%20et%20Diffusion||\u00a0\u00bb el_class=\u00a0\u00bbtext-justify\u00a0\u00bb]L\u2019objectif de cette formation est de donner \u00e0 l\u2019utilisateur la possibilit\u00e9 de se familiariser avec l\u2019environnement de la salle blanche, de comprendre l\u2019architecture et le fonctionnement d&rsquo;un \u00e9quipement (Four diffusion) et\u00a0 de comprendre le processus de fabrication en micro\u00e9lectronique.[\/vc_hoverbox][\/vc_column_inner][vc_column_inner width=\u00a0\u00bb1\/2&Prime;][vc_hoverbox image=\u00a0\u00bb7503&Prime; primary_title=\u00a0\u00bb\u00a0\u00bb hover_title=\u00a0\u00bbFormation sur l\u2019Hygi\u00e8ne et la S\u00e9curit\u00e9 en Salle Blanche\u00a0\u00bb hover_title_font_container=\u00a0\u00bbcolor:%231e73be\u00a0\u00bb use_custom_fonts_hover_title=\u00a0\u00bbtrue\u00a0\u00bb hover_title_link=\u00a0\u00bburl:http%3A%2F%2Fwww.cdta.dz%2Ffr%2Frecherche-et-technologie%2Fplateformes-technologiques%2Fplateforme-de-micro-fabrication%2Fformation-et-prestations%2Fformation-sur-lhygiene-et-la-securite-en-salle-blanche%2F|title:Formation%20sur%20l%E2%80%99Hygi%C3%A8ne%20et%20la%20S%C3%A9curit%C3%A9%20en%20Salle%20Blanche||\u00a0\u00bb]L\u2019objectif de cette formation est d&rsquo;apprendre les bonnes pratiques de fabrication dans une zone \u00e0 atmosph\u00e8re contr\u00f4l\u00e9e, d\u2019identifier les sources de contamination, etc.[\/vc_hoverbox][vc_empty_space][vc_hoverbox image=\u00a0\u00bb7678&Prime; primary_title=\u00a0\u00bb\u00a0\u00bb hover_title=\u00a0\u00bbFormation en Photolithographie\u00a0\u00bb hover_title_font_container=\u00a0\u00bbcolor:%231e73be\u00a0\u00bb use_custom_fonts_hover_title=\u00a0\u00bbtrue\u00a0\u00bb el_class=\u00a0\u00bbtext-justify\u00a0\u00bb hover_title_link=\u00a0\u00bburl:http%3A%2F%2Fwww.cdta.dz%2Ffr%2Frecherche-et-technologie%2Fplateformes-technologiques%2Fplateforme-de-micro-fabrication%2Fformation-et-prestations%2Fformation-en-photolithographie-2%2F|title:Formation%20en%20Photolithographie||\u00a0\u00bb]La formation en photolithographie est compos\u00e9e de deux volets th\u00e9orique et pratique. Elle renseigne sur les diff\u00e9rentes \u00e9tapes en lithographie et les tests d&rsquo;inspection associ\u00e9s telles que la pr\u00e9paration du substrat, d\u00e9p\u00f4t, &#8230;[\/vc_hoverbox][vc_empty_space][vc_hoverbox image=\u00a0\u00bb7638&Prime; primary_title=\u00a0\u00bb\u00a0\u00bb hover_title=\u00a0\u00bbFormation en Gravure S\u00e8che\u00a0\u00bb hover_title_font_container=\u00a0\u00bbcolor:%231e73be\u00a0\u00bb use_custom_fonts_hover_title=\u00a0\u00bbtrue\u00a0\u00bb hover_title_link=\u00a0\u00bburl:http%3A%2F%2Fwww.cdta.dz%2Ffr%2Frecherche-et-technologie%2Fplateformes-technologiques%2Fplateforme-de-micro-fabrication%2Fformation-et-prestations%2Fformation-en-gravure-seche%2F|title:Formation%20en%20Gravure%20S%C3%A8che||\u00a0\u00bb]La PTM offre une formation sur les outils de gravure s\u00e8che qui comprend une familiarisation avec la gravure s\u00e8che ainsi que le fonctionnement de l&rsquo;\u00e9quipement dans la salle blanche.[\/vc_hoverbox][vc_empty_space][vc_hoverbox image=\u00a0\u00bb7642&Prime; primary_title=\u00a0\u00bb\u00a0\u00bb hover_title=\u00a0\u00bbFormation sur le dopage par Implantation Ionique\u00a0\u00bb hover_title_font_container=\u00a0\u00bbcolor:%231e73be\u00a0\u00bb use_custom_fonts_hover_title=\u00a0\u00bbtrue\u00a0\u00bb hover_title_link=\u00a0\u00bburl:http%3A%2F%2Fwww.cdta.dz%2Ffr%2Frecherche-et-technologie%2Fplateformes-technologiques%2Fplateforme-de-micro-fabrication%2Fformation-et-prestations%2Fformation-sur-le-dopage-par-implantation-ionique%2F|title:Formation%20sur%20le%20dopage%20par%20Implantation%20Ionique||\u00a0\u00bb]Cette formation donne un aper\u00e7u et familiarisation sur la technique de dopage des semi-conducteurs par l\u2019implantation ionique.\u00a0 Elle s\u2019adresse aux ing\u00e9nieurs, techniciens et \u00e9tudiants concern\u00e9s par l\u2019industrie des semi-conducteurs qui souhaitent acqu\u00e9rir les notions de base de la micro\u00e9lectronique[\/vc_hoverbox][\/vc_column_inner][\/vc_row_inner][\/vc_tta_section][vc_tta_section title=\u00a0\u00bbFormations Maintenance et S\u00e9curit\u00e9 Industrielle\u00a0\u00bb tab_id=\u00a0\u00bb1569334524430-12caef7f-0d0e\u00a0\u00bb el_class=\u00a0\u00bbtext-justify\u00a0\u00bb][vc_row_inner][vc_column_inner][vc_column_text]<\/p>\n<h3><span style=\"color: #3366ff;\"><strong><u>1. G\u00e9n\u00e9ralit\u00e9s :<\/u><\/strong><\/span><\/h3>\n<p>La section de maintenance et s\u00e9curit\u00e9 industrielle de la plateforme technologique de micro-fabrication a d\u00e9velopp\u00e9 un programme complet pour la formation destin\u00e9e ou secteur socio\u00e9conomique et des \u00e9tudiants concernant l\u2019installation, l\u2019entretient et diagnostic des \u00e9quipements Utilit\u00e9s des salles propres.<\/p>\n<p>Cette formation sur place comportera deux 02 volets\u00a0:<\/p>\n<ul>\n<li>Volet th\u00e9orique (Maximum 40% de la dur\u00e9e de la formation) qui comportera les principes fondamentaux qui r\u00e9gissent le fonctionnement des diff\u00e9rents types de syst\u00e8mes et d\u2019\u00e9quipements.<\/li>\n<li>Volet pratique (Minimum 60% de la dur\u00e9e de la formation) qui comportera des travaux de simulation sur les \u00e9quipements install\u00e9s qui visent \u00e0 leur donner les capacit\u00e9s n\u00e9cessaires pour effectuer\u00a0:<\/li>\n<li>Les diagnostics des pannes.<\/li>\n<li>L\u2019entretien pr\u00e9ventif.<\/li>\n<\/ul>\n<h3><span style=\"color: #3366ff;\"><strong><u>2. BUTS :<\/u><\/strong><\/span><\/h3>\n<p>La formation vise \u00e0 transf\u00e9rer aux participants le savoir-faire requis pour ex\u00e9cuter leurs besoin selon\u00a0:<\/p>\n<ul>\n<li>Les normes en vigueur.<\/li>\n<li>Les r\u00e8gles de l\u2019hygi\u00e8ne et s\u00e9curit\u00e9 individuelle et collectif dans le milieu de travail.<\/li>\n<\/ul>\n<h3><span style=\"color: #3366ff;\"><strong><u>3. CLIENTELE VISEE :<\/u><\/strong><\/span><\/h3>\n<ul>\n<li>Les Techniciens et les ing\u00e9nieurs de maintenance des salles propres.<\/li>\n<li>Les Techniciens et les ing\u00e9nieurs de maintenance des syst\u00e8mes m\u00e9canique.<\/li>\n<li>Les Techniciens et les ing\u00e9nieurs de maintenance des syst\u00e8mes environnementaux et de s\u00e9curit\u00e9.<\/li>\n<li>Les Techniciens et les ing\u00e9nieurs de maintenance des syst\u00e8mes \u00e9lectriques.<\/li>\n<\/ul>\n<p>Un maximum de 4 \u00e0 5 personnes sera admis par groupe et le prix sera de 20 000 DA\/Personne.<\/p>\n<p>Un groupe sera form\u00e9 pour chaque sp\u00e9cialit\u00e9.[\/vc_column_text][\/vc_column_inner][\/vc_row_inner][vc_row_inner][vc_column_inner width=\u00a0\u00bb1\/2&Prime;][vc_hoverbox image=\u00a0\u00bb8408&Prime; primary_title=\u00a0\u00bb\u00a0\u00bb primary_align=\u00a0\u00bbleft\u00a0\u00bb hover_title=\u00a0\u00bbSalle Propre\u00a0\u00bb hover_align=\u00a0\u00bbleft\u00a0\u00bb hover_title_font_container=\u00a0\u00bbcolor:%231e73be\u00a0\u00bb align=\u00a0\u00bbleft\u00a0\u00bb use_custom_fonts_hover_title=\u00a0\u00bbtrue\u00a0\u00bb el_class=\u00a0\u00bbtext-justify\u00a0\u00bb]<\/p>\n<ul>\n<li style=\"text-align: left;\">Syst\u00e8me de Filtration (CTA).<\/li>\n<li style=\"text-align: left;\">Syst\u00e8me d\u2019unit\u00e9s de ventilation \u00e0 filtre (FFU).<\/li>\n<li style=\"text-align: left;\">Qualit\u00e9 de l\u2019Air.<\/li>\n<li style=\"text-align: left;\">Protocole d\u2019une salle Propre.<\/li>\n<\/ul>\n<p style=\"text-align: left;\"><strong>Dur\u00e9e\u00a0: 03 Jours<\/strong><\/p>\n<p>[\/vc_hoverbox][\/vc_column_inner][vc_column_inner width=\u00a0\u00bb1\/2&Prime;][vc_hoverbox image=\u00a0\u00bb8420&Prime; primary_title=\u00a0\u00bb\u00a0\u00bb primary_align=\u00a0\u00bbleft\u00a0\u00bb hover_title=\u00a0\u00bbSyst\u00e8me m\u00e9canique\u00a0\u00bb hover_align=\u00a0\u00bbleft\u00a0\u00bb hover_title_font_container=\u00a0\u00bbcolor:%231e73be\u00a0\u00bb align=\u00a0\u00bbleft\u00a0\u00bb use_custom_fonts_hover_title=\u00a0\u00bbtrue\u00a0\u00bb]<\/p>\n<ul>\n<li style=\"text-align: left;\">Air recycl\u00e9.<\/li>\n<li style=\"text-align: left;\">Air frais.<\/li>\n<li style=\"text-align: left;\">Air \u00e9vacu\u00e9.<\/li>\n<li style=\"text-align: left;\">Qualit\u00e9 de l\u2019Air.<\/li>\n<li style=\"text-align: left;\">Chaudi\u00e8res.<\/li>\n<li style=\"text-align: left;\">Mise sous vide de process.<\/li>\n<\/ul>\n<p style=\"text-align: left;\"><strong>Dur\u00e9e : 03 Jours<\/strong><\/p>\n<p>[\/vc_hoverbox][\/vc_column_inner][\/vc_row_inner][vc_row_inner][vc_column_inner][vc_empty_space][\/vc_column_inner][\/vc_row_inner][vc_row_inner][vc_column_inner width=\u00a0\u00bb1\/2&Prime;][vc_hoverbox image=\u00a0\u00bb8426&Prime; primary_title=\u00a0\u00bb\u00a0\u00bb primary_align=\u00a0\u00bbleft\u00a0\u00bb hover_title=\u00a0\u00bbSyst\u00e8me environnementaux et de s\u00e9curit\u00e9\u00a0\u00bb hover_align=\u00a0\u00bbleft\u00a0\u00bb hover_title_font_container=\u00a0\u00bbcolor:%231e73be\u00a0\u00bb align=\u00a0\u00bbleft\u00a0\u00bb use_custom_fonts_hover_title=\u00a0\u00bbtrue\u00a0\u00bb]<\/p>\n<ul>\n<li style=\"text-align: left;\">Diff\u00e9rent Bouteilles et type de gaz.<\/li>\n<li style=\"text-align: left;\">Produits chimique.<\/li>\n<li style=\"text-align: left;\">Syst\u00e8me de neutralisation des vapeurs chimique.<\/li>\n<li style=\"text-align: left;\">&#8230;<\/li>\n<\/ul>\n<p style=\"text-align: left;\"><strong>Dur\u00e9e : 03 Jours<\/strong><\/p>\n<p>[\/vc_hoverbox][\/vc_column_inner][vc_column_inner width=\u00a0\u00bb1\/2&Prime;][vc_hoverbox image=\u00a0\u00bb8442&Prime; primary_title=\u00a0\u00bb\u00a0\u00bb primary_align=\u00a0\u00bbleft\u00a0\u00bb hover_title=\u00a0\u00bbSyst\u00e8me \u00e9lectrique\u00a0\u00bb hover_align=\u00a0\u00bbleft\u00a0\u00bb hover_title_font_container=\u00a0\u00bbcolor:%231e73be\u00a0\u00bb align=\u00a0\u00bbleft\u00a0\u00bb use_custom_fonts_hover_title=\u00a0\u00bbtrue\u00a0\u00bb]<\/p>\n<ul>\n<li>Distribution \u00e9lectrique.<\/li>\n<li>Panneaux principaux de distribution basse tension.<\/li>\n<li>Distribution \u00e9lectrique d\u2019une salle propre.<\/li>\n<li>S\u00e9curisation \u00e9lectrique des \u00e9quipements dans les salles propre.<\/li>\n<\/ul>\n<p><strong>Dur\u00e9e : 03 Jours<\/strong>[\/vc_hoverbox][\/vc_column_inner][\/vc_row_inner][\/vc_tta_section][vc_tta_section title=\u00a0\u00bbPrestations Proc\u00e9d\u00e9s\u00a0\u00bb tab_id=\u00a0\u00bb1569334626463-cef1249a-f997&Prime;][vc_column_text]Liste des prestations en salle blanche.<\/p>\n<p>Les prix seront \u00e9tablis sur devis.<\/p>\n<p>&nbsp;<\/p>\n<p>&nbsp;<\/p>\n<table width=\"478\">\n<tbody>\n<tr>\n<td width=\"156\"><strong>Zone<\/strong><\/td>\n<td colspan=\"2\" width=\"322\"><strong>Op\u00e9ration\/prestations<\/strong><\/td>\n<\/tr>\n<tr>\n<td rowspan=\"3\" width=\"156\">\n<p style=\"text-align: center;\">PHOTOLITHOGRAPHIE<\/p>\n<p style=\"text-align: center;\">(Classe 10)<\/p>\n<\/td>\n<td colspan=\"2\" width=\"322\">Enduction de r\u00e9sine<\/td>\n<\/tr>\n<tr>\n<td colspan=\"2\" width=\"322\">D\u00e9veloppement de r\u00e9sine<\/td>\n<\/tr>\n<tr>\n<td colspan=\"2\" width=\"322\">Insolation<\/td>\n<\/tr>\n<tr>\n<td rowspan=\"4\" width=\"156\">\n<p style=\"text-align: center;\">CARACTERISATION<\/p>\n<p style=\"text-align: center;\">(Classe 100)<\/p>\n<\/td>\n<td colspan=\"2\" width=\"147\">Ellipsom\u00e8trie<\/td>\n<\/tr>\n<tr>\n<td colspan=\"2\" width=\"147\">MEB<\/td>\n<\/tr>\n<tr>\n<td colspan=\"2\" width=\"147\">FTIR<\/td>\n<\/tr>\n<tr>\n<td colspan=\"2\" width=\"147\">Profilom\u00e8trie<\/td>\n<\/tr>\n<tr>\n<td rowspan=\"3\" width=\"156\">\n<p style=\"text-align: center;\">PVD<\/p>\n<p style=\"text-align: center;\">(Classe 100)<\/p>\n<\/td>\n<td colspan=\"2\" width=\"322\">D\u00e9p\u00f4t d\u2019Aluminium (Al)<\/td>\n<\/tr>\n<tr>\n<td colspan=\"2\" width=\"322\">D\u00e9p\u00f4t du Titanium (Ti)<\/td>\n<\/tr>\n<tr>\n<td colspan=\"2\" width=\"322\">D\u00e9p\u00f4t du nitrure de Titanium (TiN)<\/td>\n<\/tr>\n<tr>\n<td rowspan=\"7\" width=\"156\">\n<p style=\"text-align: center;\">PLASMA<\/p>\n<p style=\"text-align: center;\">(Classe 100)<\/p>\n<\/td>\n<td colspan=\"2\" width=\"322\">d\u00e9p\u00f4t(PECVD) d\u2019oxyde de silicium (SiOx )<\/td>\n<\/tr>\n<tr>\n<td colspan=\"2\" width=\"322\">d\u00e9p\u00f4t(PECVD) du nitrure de silicium (SiNx)<\/td>\n<\/tr>\n<tr>\n<td colspan=\"2\" width=\"322\">Gravure RIE\u00a0 d\u2019oxyde de silicium (SiO2, SiOx)<\/td>\n<\/tr>\n<tr>\n<td colspan=\"2\" width=\"322\">Gravure RIE\u00a0 du nitrure de silicium (SiN, SiNx)<\/td>\n<\/tr>\n<tr>\n<td colspan=\"2\" width=\"322\">Gravure RIE du poly-silicium (Poly-Si)<\/td>\n<\/tr>\n<tr>\n<td colspan=\"2\" width=\"322\">Gravure RIE des m\u00e9taux<\/td>\n<\/tr>\n<tr>\n<td colspan=\"2\" width=\"322\">Dissolution R\u00e9sine par plasma RIE<\/td>\n<\/tr>\n<tr>\n<td width=\"156\">\n<p style=\"text-align: center;\">IMPLANTATION IONIQUE<\/p>\n<p style=\"text-align: center;\">(Classe 100)<\/p>\n<\/td>\n<td colspan=\"2\" width=\"322\">Implantation (As, B, P)<\/td>\n<\/tr>\n<tr>\n<td style=\"text-align: center;\" rowspan=\"8\" width=\"156\">TRAITEMENTS THERMIQUES<\/p>\n<p>(Classe 100)<\/td>\n<td colspan=\"2\" width=\"322\">Oxydation humide (SiO2-CVD)<\/td>\n<\/tr>\n<tr>\n<td colspan=\"2\" width=\"322\">Oxydation s\u00e8che ( SiO2-CVD)<\/td>\n<\/tr>\n<tr>\n<td colspan=\"2\" width=\"322\">D\u00e9p\u00f4t d\u2019oxyde de silicium (LPCVD)<\/td>\n<\/tr>\n<tr>\n<td colspan=\"2\" width=\"322\">D\u00e9p\u00f4t du BPSG (LPCVD)<\/td>\n<\/tr>\n<tr>\n<td colspan=\"2\" width=\"322\">D\u00e9p\u00f4t(LPCVD)\u00a0 du nitrure de silicium (Si3N4)<\/td>\n<\/tr>\n<tr>\n<td colspan=\"2\" width=\"322\">D\u00e9p\u00f4t(LPCVD)\u00a0 du poly-silicium (Poly-Si)<\/td>\n<\/tr>\n<tr>\n<td colspan=\"2\" width=\"322\">Dopage type N par diffusion de phosphore (P)<\/td>\n<\/tr>\n<tr>\n<td colspan=\"2\" width=\"147\">Recuits\/redistribution<\/td>\n<\/tr>\n<tr>\n<td rowspan=\"6\" width=\"156\">\n<p style=\"text-align: center;\">GRAVURE<\/p>\n<p style=\"text-align: center;\">(Classe 100)<\/p>\n<\/td>\n<td colspan=\"2\" width=\"147\">Nettoyage RCA<\/td>\n<\/tr>\n<tr>\n<td colspan=\"2\" width=\"147\">Nettoyage Piranah<\/td>\n<\/tr>\n<tr>\n<td colspan=\"2\" width=\"147\">Nettoyage EKC<\/td>\n<\/tr>\n<tr>\n<td colspan=\"2\" width=\"322\">Gravure humide (BOE 1:30) d\u2019oxyde de silicium<\/td>\n<\/tr>\n<tr>\n<td colspan=\"2\" width=\"322\">Gravure humide (BOE 1:15) d\u2019oxyde de silicium<\/td>\n<\/tr>\n<tr>\n<td colspan=\"2\" width=\"322\">Gravure humide du nitrure de silicium (SiN, SiNx)<\/td>\n<\/tr>\n<tr>\n<td rowspan=\"2\" width=\"156\">BACKEND<\/td>\n<td colspan=\"2\" width=\"322\">La d\u00e9coupe de wafer<\/td>\n<\/tr>\n<tr>\n<td colspan=\"2\" width=\"322\">Encapsulation et interconnexion (ball bounding)<\/td>\n<\/tr>\n<\/tbody>\n<\/table>\n<p>[\/vc_column_text][\/vc_tta_section][vc_tta_section title=\u00a0\u00bbPrestations PCB\u00a0\u00bb tab_id=\u00a0\u00bb1569832707412-e4816202-3ec9&Prime;][vc_column_text]<\/p>\n<h2><span style=\"color: #3366ff;\"><strong>R\u00e8gles de dessin des circuits imprim\u00e9s<\/strong><\/span><\/h2>\n<p>Afin que nous puissions\u00a0 mener \u00e0 bien la r\u00e9alisation de vos\u00a0 cartes \u00e9lectroniques, les r\u00e8gles indiqu\u00e9es ci-dessous doivent \u00eatre respect\u00e9es lors de la conception des cartes.[\/vc_column_text][vc_row_inner][vc_column_inner][vc_single_image image=\u00a0\u00bb8259&Prime; img_size=\u00a0\u00bbmedium\u00a0\u00bb alignment=\u00a0\u00bbcenter\u00a0\u00bb][\/vc_column_inner][\/vc_row_inner][vc_row_inner][vc_column_inner][vc_btn title=\u00a0\u00bbFormulaire de demande de devis\u00a0\u00bb style=\u00a0\u00bbgradient\u00a0\u00bb gradient_color_2=\u00a0\u00bbsky\u00a0\u00bb align=\u00a0\u00bbcenter\u00a0\u00bb css_animation=\u00a0\u00bbbounceInLeft\u00a0\u00bb link=\u00a0\u00bburl:http%3A%2F%2Fwww.cdta.dz%2Fwp-content%2Fuploads%2F2019%2F09%2Fformulaire_demande_de_devis.xlsx|||\u00a0\u00bb][\/vc_column_inner][\/vc_row_inner][\/vc_tta_section][\/vc_tta_accordion][\/vc_column][\/vc_row][vc_row][vc_column][vc_column_text]<\/p>\n<div class=\"alert alert-grey\" role=\"alert\">\n<h4 class=\"alert-heading\" style=\"color: #4f81ba;\"><i class=\"fa fa-info-circle\"><\/i>\u00a0Infos<\/h4>\n<h5 style=\"color: #d79796; margin: 0;\">Tarifs valables pour un groupe de 5 \u00e9tudiants maximum.<\/h5>\n<p>B\u00e9n\u00e9ficiez d\u2019une r\u00e9duction des tarifs si vous optez pour des packs incluant plusieurs formations.<\/p>\n<\/div>\n<div class=\"alert alert-info\" role=\"alert\">\n<h4 class=\"alert-heading\">Renseignements :<\/h4>\n<h5 style=\"margin: 0;\">Dr. M. Mekheldi<\/h5>\n<p>mmekheldi@cdta.dz<\/p>\n<p>https:\/\/ptm.cdta.dz<\/p>\n<\/div>\n<p>[\/vc_column_text][\/vc_column][\/vc_row]<\/p>\n","protected":false},"excerpt":{"rendered":"<p>[vc_row][vc_column][vc_column_text][\/vc_column_text][vc_column_text el_class=\u00a0\u00bbtext-justify\u00a0\u00bb] Formation et prestations en salle blanche Le d\u00e9veloppement, le test et la production de composants \u00e9lectroniques n\u00e9cessitent un savoir-faire et une expertise que la Plateforme Technologique de Micro-fabrication (PTM) d\u00e9sire les mettre \u00e0 la disposition de ses clients. La PTM est un service commun de la recherche qui mutualise les moyens de micro-fabrication [&hellip;]<\/p>\n","protected":false},"author":46,"featured_media":2195,"parent":5544,"menu_order":0,"comment_status":"closed","ping_status":"closed","template":"division-page.php","meta":{"footnotes":""},"class_list":["post-6076","page","type-page","status-publish","has-post-thumbnail","hentry"],"_links":{"self":[{"href":"https:\/\/www.cdta.dz\/fr\/wp-json\/wp\/v2\/pages\/6076\/"}],"collection":[{"href":"https:\/\/www.cdta.dz\/fr\/wp-json\/wp\/v2\/pages\/"}],"about":[{"href":"https:\/\/www.cdta.dz\/fr\/wp-json\/wp\/v2\/types\/page\/"}],"author":[{"embeddable":true,"href":"https:\/\/www.cdta.dz\/fr\/wp-json\/wp\/v2\/users\/46\/"}],"replies":[{"embeddable":true,"href":"https:\/\/www.cdta.dz\/fr\/wp-json\/wp\/v2\/comments\/?post=6076"}],"version-history":[{"count":1,"href":"https:\/\/www.cdta.dz\/fr\/wp-json\/wp\/v2\/pages\/6076\/revisions\/"}],"predecessor-version":[{"id":168066,"href":"https:\/\/www.cdta.dz\/fr\/wp-json\/wp\/v2\/pages\/6076\/revisions\/168066\/"}],"up":[{"embeddable":true,"href":"https:\/\/www.cdta.dz\/fr\/wp-json\/wp\/v2\/pages\/5544\/"}],"wp:featuredmedia":[{"embeddable":true,"href":"https:\/\/www.cdta.dz\/fr\/wp-json\/wp\/v2\/media\/2195\/"}],"wp:attachment":[{"href":"https:\/\/www.cdta.dz\/fr\/wp-json\/wp\/v2\/media\/?parent=6076"}],"curies":[{"name":"wp","href":"https:\/\/api.w.org\/{rel}","templated":true}]}}