{"id":6874,"date":"2019-07-30T08:48:13","date_gmt":"2019-07-30T08:48:13","guid":{"rendered":"http:\/\/10.1.5.53\/?page_id=6874"},"modified":"2019-10-22T09:16:35","modified_gmt":"2019-10-22T09:16:35","slug":"equipes-de-la-division-rp","status":"publish","type":"page","link":"https:\/\/www.cdta.dz\/fr\/recherche-et-technologie\/divisions\/division-productique-et-robotique\/equipes-de-la-division-rp\/","title":{"rendered":"\u00c9quipes de la division R&amp;P"},"content":{"rendered":"<p><strong>La Division Robotique et Productique est compos\u00e9e de six \u00e9quipes de recherches:<\/strong><\/p>\n<ul>\n<li><a href=\"https:\/\/www.cdta.dz\/fr\/recherche-et-technologie\/divisions\/division-productique-et-robotique\/equipes-de-la-division-rp\/controle\/\">Contr\u00f4le<\/a> &#8211; <a href=\"https:\/\/www.cdta.dz\/fr\/recherche-et-technologie\/divisions\/division-productique-et-robotique\/equipes-de-la-division-rp\/controle\/membres-controle\/\">Membres Contr\u00f4le<\/a><\/li>\n<li><a href=\"https:\/\/www.cdta.dz\/fr\/recherche-et-technologie\/divisions\/division-productique-et-robotique\/equipes-de-la-division-rp\/interaction-homme-systeme-realite-virtuelle-et-augmentee-irva\/\">IRVA\u00a0 <\/a>&#8211;\u00a0<a href=\"https:\/\/www.cdta.dz\/fr\/recherche-et-technologie\/divisions\/division-productique-et-robotique\/equipes-de-la-division-rp\/interaction-homme-systeme-realite-virtuelle-et-augmentee-irva\/membres-irva\/\"> Membres IRVA<\/a><\/li>\n<li><a href=\"https:\/\/www.cdta.dz\/fr\/recherche-et-technologie\/divisions\/division-productique-et-robotique\/equipes-de-la-division-rp\/systemes-robotises-de-production-srp\/\">SRP<\/a> &#8211; <a href=\"https:\/\/www.cdta.dz\/fr\/recherche-et-technologie\/divisions\/division-productique-et-robotique\/equipes-de-la-division-rp\/systemes-robotises-de-production-srp\/membres-srp\/\">Membres SRP<\/a><\/li>\n<li><a href=\"https:\/\/www.cdta.dz\/fr\/recherche-et-technologie\/divisions\/division-productique-et-robotique\/equipes-de-la-division-rp\/navigation-et-controle-des-robots-mobiles-ncrm\/\">NCRM<\/a> &#8211;<a href=\"https:\/\/www.cdta.dz\/fr\/recherche-et-technologie\/divisions\/division-productique-et-robotique\/equipes-de-la-division-rp\/navigation-et-controle-des-robots-mobiles-ncrm\/membres-ncrm\/\"> Membres NCRM<\/a><\/li>\n<li><a href=\"https:\/\/www.cdta.dz\/fr\/recherche-et-technologie\/divisions\/division-productique-et-robotique\/equipes-de-la-division-rp\/conception-des-systemes-embarques-cse\/\">CSE<\/a> &#8211; <a href=\"https:\/\/www.cdta.dz\/fr\/recherche-et-technologie\/divisions\/division-productique-et-robotique\/equipes-de-la-division-rp\/conception-des-systemes-embarques-cse\/membres-cse\/\">Membres CSE<\/a><\/li>\n<li><a href=\"https:\/\/www.cdta.dz\/fr\/recherche-et-technologie\/divisions\/division-productique-et-robotique\/equipes-de-la-division-rp\/conception-et-fabrication-assistees-par-ordinateur-cfao\/\">CFAO<\/a> &#8211;<a href=\"https:\/\/www.cdta.dz\/fr\/recherche-et-technologie\/divisions\/division-productique-et-robotique\/equipes-de-la-division-rp\/conception-et-fabrication-assistees-par-ordinateur-cfao\/membres-cfao\/\"> Membres CFAO<\/a><\/li>\n<\/ul>\n<p>&nbsp;<\/p>\n","protected":false},"excerpt":{"rendered":"<p>La Division Robotique et Productique est compos\u00e9e de six \u00e9quipes de recherches: Contr\u00f4le &#8211; Membres Contr\u00f4le IRVA\u00a0 &#8211;\u00a0 Membres IRVA SRP &#8211; Membres SRP NCRM &#8211; Membres NCRM CSE &#8211; Membres CSE CFAO &#8211; Membres CFAO &nbsp;<\/p>\n","protected":false},"author":46,"featured_media":8938,"parent":5467,"menu_order":0,"comment_status":"closed","ping_status":"closed","template":"division-page.php","meta":{"footnotes":""},"class_list":["post-6874","page","type-page","status-publish","has-post-thumbnail","hentry"],"_links":{"self":[{"href":"https:\/\/www.cdta.dz\/fr\/wp-json\/wp\/v2\/pages\/6874\/"}],"collection":[{"href":"https:\/\/www.cdta.dz\/fr\/wp-json\/wp\/v2\/pages\/"}],"about":[{"href":"https:\/\/www.cdta.dz\/fr\/wp-json\/wp\/v2\/types\/page\/"}],"author":[{"embeddable":true,"href":"https:\/\/www.cdta.dz\/fr\/wp-json\/wp\/v2\/users\/46\/"}],"replies":[{"embeddable":true,"href":"https:\/\/www.cdta.dz\/fr\/wp-json\/wp\/v2\/comments\/?post=6874"}],"version-history":[{"count":0,"href":"https:\/\/www.cdta.dz\/fr\/wp-json\/wp\/v2\/pages\/6874\/revisions\/"}],"up":[{"embeddable":true,"href":"https:\/\/www.cdta.dz\/fr\/wp-json\/wp\/v2\/pages\/5467\/"}],"wp:featuredmedia":[{"embeddable":true,"href":"https:\/\/www.cdta.dz\/fr\/wp-json\/wp\/v2\/media\/8938\/"}],"wp:attachment":[{"href":"https:\/\/www.cdta.dz\/fr\/wp-json\/wp\/v2\/media\/?parent=6874"}],"curies":[{"name":"wp","href":"https:\/\/api.w.org\/{rel}","templated":true}]}}