{"id":6875,"date":"2019-07-23T14:15:07","date_gmt":"2019-07-23T14:15:07","guid":{"rendered":"http:\/\/10.1.5.53\/?page_id=6875"},"modified":"2022-11-16T08:55:00","modified_gmt":"2022-11-16T08:55:00","slug":"section-procedes","status":"publish","type":"page","link":"https:\/\/www.cdta.dz\/fr\/recherche-et-technologie\/plateformes-technologiques\/plateforme-de-micro-fabrication\/section-procedes\/","title":{"rendered":"Section Proc\u00e9d\u00e9s"},"content":{"rendered":"<p>[vc_row][vc_column][vc_column_text el_class=\u00a0\u00bbtext-justify\u00a0\u00bb]<\/p>\n<h1><span style=\"color: #3366ff;\">Section Proc\u00e9d\u00e9s<\/span><\/h1>\n<blockquote style=\"border-left: 5px solid #4f81ba; font-size: 14px; font-family: 'Roboto', sans-serif; font-weight: 400; color: #000;\"><p><span style=\"color: #000000; font-size: 110%;\">Le service de proc\u00e9d\u00e9 a pour mission de d\u00e9velopper et d\u2019assurer les \u00e9tapes de production de la licence CMOS 1\u00b5m et des composants MEMS, plus pr\u00e9cis\u00e9ment, les \u00e9tapes suivantes :<\/span><\/p><\/blockquote>\n<ul>\n<li><span style=\"color: #000000;\">R\u00e9alisation de proc\u00e9d\u00e9s de d\u00e9p\u00f4t physique et chimique<\/span><\/li>\n<li><span style=\"color: #000000;\">Gravure humide et nettoyage chimique<\/span><\/li>\n<li><span style=\"color: #000000;\">Gravure s\u00e8che par plasma<\/span><\/li>\n<li><span style=\"color: #000000;\">R\u00e9alisation de proc\u00e9d\u00e9s de lithographie<\/span><\/li>\n<li><span style=\"color: #000000;\">Implantation ionique<\/span><\/li>\n<li><span style=\"color: #000000;\">Inspection et caract\u00e9risation des \u00e9tapes de r\u00e9alisation<\/span><\/li>\n<li><span style=\"color: #000000;\">D\u00e9coupage et encapsulation de puces \u00e9lectroniques<\/span><\/li>\n<\/ul>\n<h3><span style=\"color: #3366ff;\">Liste des \u00e9quipements mis en place pour la r\u00e9alisation et caract\u00e9risation :<\/span><\/h3>\n<ul>\n<li>Photolithographie (I-line UV stepper 6\u201d+Dual Coater &amp; Developer Track).<\/li>\n<li>Gravure humide et nettoyage (SAT, SST, etc.).<\/li>\n<li>Gravure s\u00e8che par plasma (M\u00e9tal, PolySi , Oxyde, Nitrure).<\/li>\n<li>Implantation ionique en Phosphore (dopage N), Bore (dopage P) et Arsenic (dopage N).<\/li>\n<li>Diffusion et d\u00e9p\u00f4t (Silice, nitrure, poly, Oxydation) avec des fours horizontaux destin\u00e9s pour la r\u00e9alisation des proc\u00e9d\u00e9s \u00e0 pression atmosph\u00e9rique et \u00e0 basse pression.<\/li>\n<li>D\u00e9p\u00f4t M\u00e9tal PVD (Aluminium, titane, TiN).<\/li>\n<li>D\u00e9p\u00f4t de films minces PECVD (oxyde &amp; nitrure).<\/li>\n<li>M\u00e9trologie, Inspection &amp; Test.<\/li>\n<li>D\u00e9coupe &amp; encapsulation.<\/li>\n<\/ul>\n<p>&nbsp;<\/p>\n<p style=\"text-align: right;\"><strong>Dr. Walid Filali<\/strong><br \/>\n<strong>Chef de section<\/strong><br \/>\nEmail: wfilali@cdta.dz<\/p>\n<p>[\/vc_column_text][\/vc_column][\/vc_row][vc_row][vc_column width=\u00a0\u00bb1\/2&Prime;][vc_hoverbox image=\u00a0\u00bb7678&Prime; primary_title=\u00a0\u00bb\u00a0\u00bb hover_title=\u00a0\u00bbZone de photolithographie\u00a0\u00bb hover_title_font_container=\u00a0\u00bbcolor:%231e73be\u00a0\u00bb use_custom_fonts_hover_title=\u00a0\u00bbtrue\u00a0\u00bb hover_title_link=\u00a0\u00bburl:http%3A%2F%2Fwww.cdta.dz%2Ffr%2Frecherche-et-technologie%2Fplateformes-technologiques%2Fplateforme-de-micro-fabrication%2Fsection-procedes%2Fzone-de-photolithographie%2F|title:Zone%20de%20photolithographie||\u00a0\u00bb el_class=\u00a0\u00bbtext-justify\u00a0\u00bb]Toutes les \u00e9tapes du proc\u00e9d\u00e9 photolithographique (d\u00e9shydratation et d\u00e9p\u00f4t d\u2019HMDS, d\u00e9p\u00f4t et \u00e9talement de r\u00e9sine, exposition aux UV, d\u00e9veloppement de r\u00e9sine, et l\u2019inspection\u2026) s\u2019effectuent dans cette zone &#8230;[\/vc_hoverbox][\/vc_column][vc_column width=\u00a0\u00bb1\/2&Prime;][vc_hoverbox image=\u00a0\u00bb7596&Prime; primary_title=\u00a0\u00bb\u00a0\u00bb hover_title=\u00a0\u00bbZone de diffusion\u00a0\u00bb hover_title_font_container=\u00a0\u00bbcolor:%231e73be\u00a0\u00bb use_custom_fonts_hover_title=\u00a0\u00bbtrue\u00a0\u00bb el_class=\u00a0\u00bbtext-justify\u00a0\u00bb hover_title_link=\u00a0\u00bburl:http%3A%2F%2Fwww.cdta.dz%2Ffr%2Frecherche-et-technologie%2Fplateformes-technologiques%2Fplateforme-de-micro-fabrication%2Fsection-procedes%2F7599-2%2F|title:Zone%20de%20diffusion||\u00a0\u00bb]La zone de diffusion comprend trois fours horizontaux destin\u00e9s pour la r\u00e9alisation des proc\u00e9d\u00e9s \u00e0 pression atmosph\u00e9rique et \u00e0 base pression tels que l\u2019oxydation, la diffusion, le recuit, le d\u00e9p\u00f4t de nitrure de silicium, le d\u00e9p\u00f4t du poly-Si et le d\u00e9p\u00f4t du TEOS et BPSG &#8230;[\/vc_hoverbox][\/vc_column][\/vc_row][vc_row][vc_column][vc_empty_space][\/vc_column][\/vc_row][vc_row][vc_column width=\u00a0\u00bb1\/2&Prime;][vc_hoverbox image=\u00a0\u00bb7601&Prime; primary_title=\u00a0\u00bb\u00a0\u00bb hover_title=\u00a0\u00bbZone de d\u00e9pot par plasma\u00a0\u00bb hover_title_font_container=\u00a0\u00bbcolor:%231e73be\u00a0\u00bb use_custom_fonts_hover_title=\u00a0\u00bbtrue\u00a0\u00bb hover_title_link=\u00a0\u00bburl:http%3A%2F%2Fwww.cdta.dz%2Ffr%2Frecherche-et-technologie%2Fplateformes-technologiques%2Fplateforme-de-micro-fabrication%2Fsection-procedes%2Fzone-de-depot-par-plasma%2F|title:Zone%20de%20d%C3%A9p%C3%B4t%20par%20plasma||\u00a0\u00bb el_class=\u00a0\u00bbtext-justify\u00a0\u00bb]Le r\u00f4le de la zone de d\u00e9p\u00f4t par plasma dans le proc\u00e9d\u00e9 de fabrication technologique CMOS est la r\u00e9alisation des contacts et des interconnexions (couches m\u00e9tallique) entre les diff\u00e9rentes parties du circuit en cours de fabrication, ainsi que la r\u00e9alisation des &#8230;[\/vc_hoverbox][\/vc_column][vc_column width=\u00a0\u00bb1\/2&Prime;][vc_hoverbox image=\u00a0\u00bb7638&Prime; primary_title=\u00a0\u00bb\u00a0\u00bb hover_title=\u00a0\u00bbZone de gravure par plasma\u00a0\u00bb hover_title_font_container=\u00a0\u00bbcolor:%231e73be\u00a0\u00bb use_custom_fonts_hover_title=\u00a0\u00bbtrue\u00a0\u00bb hover_title_link=\u00a0\u00bburl:http%3A%2F%2Fwww.cdta.dz%2Ffr%2Frecherche-et-technologie%2Fplateformes-technologiques%2Fplateforme-de-micro-fabrication%2Fsection-procedes%2Fzone-de-gravure-par-plasma%2F|title:Zone%20de%20gravure%20par%20plasma||\u00a0\u00bb el_class=\u00a0\u00bbtext-justify\u00a0\u00bb]La gravure par plasma dite s\u00e8che, utilise des agents de gravure en phase gazeuse dans un plasma \u00e0 basse pression. Elle permet la gravure directionnelle sans utiliser l\u2019orientation cristalline du substrat ou la couche \u00e0 graver.[\/vc_hoverbox][\/vc_column][\/vc_row][vc_row][vc_column][vc_empty_space][\/vc_column][\/vc_row][vc_row][vc_column width=\u00a0\u00bb1\/2&Prime;][vc_hoverbox image=\u00a0\u00bb7642&Prime; primary_title=\u00a0\u00bb\u00a0\u00bb hover_title=\u00a0\u00bbZone d\u2019implantation ionique\u00a0\u00bb hover_title_font_container=\u00a0\u00bbcolor:%231e73be\u00a0\u00bb use_custom_fonts_hover_title=\u00a0\u00bbtrue\u00a0\u00bb hover_title_link=\u00a0\u00bburl:http%3A%2F%2Fwww.cdta.dz%2Ffr%2Frecherche-et-technologie%2Fplateformes-technologiques%2Fplateforme-de-micro-fabrication%2Fsection-procedes%2Fzone-dimplantation-ionique%2F|title:Zone%20d%E2%80%99implantation%20ionique||\u00a0\u00bb el_class=\u00a0\u00bbtext-justify\u00a0\u00bb]Un implanteur ionique \u00e0 courant moyen est utilis\u00e9 pour introduire des dopants dans une plaquette.[\/vc_hoverbox][\/vc_column][vc_column width=\u00a0\u00bb1\/2&Prime;][vc_hoverbox image=\u00a0\u00bb7660&Prime; primary_title=\u00a0\u00bb\u00a0\u00bb hover_title=\u00a0\u00bbZone de gravure humide et nettoyage\u00a0\u00bb hover_title_font_container=\u00a0\u00bbcolor:%231e73be\u00a0\u00bb use_custom_fonts_hover_title=\u00a0\u00bbtrue\u00a0\u00bb hover_title_link=\u00a0\u00bburl:http%3A%2F%2Fwww.cdta.dz%2Ffr%2Frecherche-et-technologie%2Fplateformes-technologiques%2Fplateforme-de-micro-fabrication%2Fsection-procedes%2Fzone-de-gravure-humide-et-nettoyage%2F|title:Zone%20de%20gravure%20humide%20et%20nettoyage||\u00a0\u00bb el_class=\u00a0\u00bbtext-justify\u00a0\u00bb]Les \u00e9quipements de la zone de gravure humide et nettoyage sont divis\u00e9s en \u00e9quipement de rotation (spin) et de bain &#8230;[\/vc_hoverbox][\/vc_column][\/vc_row][vc_row][vc_column][vc_empty_space][\/vc_column][\/vc_row][vc_row][vc_column width=\u00a0\u00bb1\/2&Prime;][vc_hoverbox image=\u00a0\u00bb7531&Prime; primary_title=\u00a0\u00bb\u00a0\u00bb hover_title=\u00a0\u00bbZone de caract\u00e9risations\u00a0\u00bb hover_title_font_container=\u00a0\u00bbcolor:%231e73be\u00a0\u00bb use_custom_fonts_hover_title=\u00a0\u00bbtrue\u00a0\u00bb el_class=\u00a0\u00bbtext-justify\u00a0\u00bb hover_title_link=\u00a0\u00bburl:http%3A%2F%2Fwww.cdta.dz%2Ffr%2Frecherche-et-technologie%2Fplateformes-technologiques%2Fplateforme-de-micro-fabrication%2Fsection-procedes%2Fzone-de-caracterisations%2F|title:Zone%20de%20caract%C3%A9risations||\u00a0\u00bb]Les \u00e9quipements de caract\u00e9risation sont utilis\u00e9s lors de contr\u00f4les non destructifs en cours de fabrication ou lors de caract\u00e9risations avanc\u00e9es de proc\u00e9d\u00e9s, la centrale dispose d\u2019une large palette d\u2019\u00e9quipements de caract\u00e9risation. Nos nombreux outils de caract\u00e9risation permettent de &#8230;[\/vc_hoverbox][\/vc_column][vc_column width=\u00a0\u00bb1\/2&Prime;][vc_hoverbox image=\u00a0\u00bb7645&Prime; primary_title=\u00a0\u00bb\u00a0\u00bb hover_title=\u00a0\u00bbZone de Backend\u00a0\u00bb hover_title_font_container=\u00a0\u00bbcolor:%231e73be\u00a0\u00bb use_custom_fonts_hover_title=\u00a0\u00bbtrue\u00a0\u00bb el_class=\u00a0\u00bbtext-justify\u00a0\u00bb hover_title_link=\u00a0\u00bburl:http%3A%2F%2Fwww.cdta.dz%2Ffr%2Frecherche-et-technologie%2Fplateformes-technologiques%2Fplateforme-de-micro-fabrication%2Fsection-procedes%2F7648-2%2F|title:Zone%20de%20backend||\u00a0\u00bb]Dans cette zone le d\u00e9coupage et empaquetage des wafers sont r\u00e9alis\u00e9s.[\/vc_hoverbox][\/vc_column][\/vc_row]<\/p>\n","protected":false},"excerpt":{"rendered":"<p>[vc_row][vc_column][vc_column_text el_class=\u00a0\u00bbtext-justify\u00a0\u00bb] Section Proc\u00e9d\u00e9s Le service de proc\u00e9d\u00e9 a pour mission de d\u00e9velopper et d\u2019assurer les \u00e9tapes de production de la licence CMOS 1\u00b5m et des composants MEMS, plus pr\u00e9cis\u00e9ment, les \u00e9tapes suivantes : R\u00e9alisation de proc\u00e9d\u00e9s de d\u00e9p\u00f4t physique et chimique Gravure humide et nettoyage chimique Gravure s\u00e8che par plasma R\u00e9alisation de proc\u00e9d\u00e9s de [&hellip;]<\/p>\n","protected":false},"author":46,"featured_media":2195,"parent":5544,"menu_order":0,"comment_status":"closed","ping_status":"closed","template":"division-page.php","meta":{"footnotes":""},"class_list":["post-6875","page","type-page","status-publish","has-post-thumbnail","hentry"],"_links":{"self":[{"href":"https:\/\/www.cdta.dz\/fr\/wp-json\/wp\/v2\/pages\/6875\/"}],"collection":[{"href":"https:\/\/www.cdta.dz\/fr\/wp-json\/wp\/v2\/pages\/"}],"about":[{"href":"https:\/\/www.cdta.dz\/fr\/wp-json\/wp\/v2\/types\/page\/"}],"author":[{"embeddable":true,"href":"https:\/\/www.cdta.dz\/fr\/wp-json\/wp\/v2\/users\/46\/"}],"replies":[{"embeddable":true,"href":"https:\/\/www.cdta.dz\/fr\/wp-json\/wp\/v2\/comments\/?post=6875"}],"version-history":[{"count":1,"href":"https:\/\/www.cdta.dz\/fr\/wp-json\/wp\/v2\/pages\/6875\/revisions\/"}],"predecessor-version":[{"id":155817,"href":"https:\/\/www.cdta.dz\/fr\/wp-json\/wp\/v2\/pages\/6875\/revisions\/155817\/"}],"up":[{"embeddable":true,"href":"https:\/\/www.cdta.dz\/fr\/wp-json\/wp\/v2\/pages\/5544\/"}],"wp:featuredmedia":[{"embeddable":true,"href":"https:\/\/www.cdta.dz\/fr\/wp-json\/wp\/v2\/media\/2195\/"}],"wp:attachment":[{"href":"https:\/\/www.cdta.dz\/fr\/wp-json\/wp\/v2\/media\/?parent=6875"}],"curies":[{"name":"wp","href":"https:\/\/api.w.org\/{rel}","templated":true}]}}