{"id":6877,"date":"2019-07-23T14:14:44","date_gmt":"2019-07-23T14:14:44","guid":{"rendered":"http:\/\/10.1.5.53\/?page_id=6877"},"modified":"2022-11-16T08:49:33","modified_gmt":"2022-11-16T08:49:33","slug":"section-de-maintenance-et-de-securite-industrielle","status":"publish","type":"page","link":"https:\/\/www.cdta.dz\/fr\/recherche-et-technologie\/plateformes-technologiques\/plateforme-de-micro-fabrication\/section-de-maintenance-et-de-securite-industrielle\/","title":{"rendered":"Section de Maintenance et S\u00e9curit\u00e9 Industrielle"},"content":{"rendered":"<p>[vc_row][vc_column][vc_column_text]<\/p>\n<h1><span style=\"color: #3366ff;\">Section de Maintenance et S\u00e9curit\u00e9 Industrielle<\/span><\/h1>\n<p>Le service de maintenance et de s\u00e9curit\u00e9 industrielle a pour mission de garantir le fonctionnement des capacit\u00e9s de production, la s\u00e9curit\u00e9 des hommes et du mat\u00e9riel.<\/p>\n<h4 class=\"spip \"><span style=\"color: #3366ff;\">A pour objet de\u00a0:<\/span><\/h4>\n<p>Assurer la maintenance des installations et du mat\u00e9riel de production.<\/p>\n<ul>\n<li>garantir et optimiser les installations (utilities) et outils de production en orientant sur les d\u00e9cisions d\u2019investissements,<\/li>\n<li>mettre en place une politique de maintenance pr\u00e9ventive<\/li>\n<li>g\u00e9rer l\u2019activit\u00e9 du service maintenance (suivi de tableaux de bord, reporting, etc.) et coordonner l\u2019action des prestataires.<\/li>\n<li>suivre et estimer la consommation quotidienne des produits n\u00e9cessaires,<\/li>\n<\/ul>\n<p>Appliquer les r\u00e9glementations en mati\u00e8re de s\u00e9curit\u00e9 dans la centrale.<\/p>\n<ul>\n<li>pr\u00e9venir et assurer la s\u00e9curit\u00e9 du personnel, des installations et de l\u2019environnement,<\/li>\n<li>effectuer une veille sur les \u00e9volutions r\u00e9glementaires en mati\u00e8re d\u2019hygi\u00e8ne et de s\u00e9curit\u00e9 et mettre en place une culture de la s\u00e9curit\u00e9 au sein de la structure.<\/li>\n<\/ul>\n<p>L\u2019assistance technique consiste \u00e0 aider un client dans la r\u00e9solution de probl\u00e8mes techniques.<\/p>\n<h4 class=\"spip \"><span style=\"color: #3366ff;\">Les ing\u00e9nieurs techniques doivent\u00a0:<\/span><\/h4>\n<ul>\n<li>conduire des \u00e9tudes et des audits de conformit\u00e9 et de s\u00e9curit\u00e9,<\/li>\n<li>identifier et proposer des solutions pour am\u00e9liorer l\u2019organisation ou les m\u00e9thodes de travail,<\/li>\n<li>former les clients et apporter un appui aux \u00e9quipes op\u00e9rationnelles.<\/li>\n<\/ul>\n<p>&nbsp;<\/p>\n<p style=\"text-align: right;\"><strong>Mr. Zakaria Boulaloua<\/strong><br \/>\n<strong>Chef de section<\/strong><br \/>\nEmail: zboulaloua@CDTA.DZ<\/p>\n<p>[\/vc_column_text][\/vc_column][\/vc_row][vc_row][vc_column][vc_gallery interval=\u00a0\u00bb3&Prime; images=\u00a0\u00bb8396,8399,8402,8405,8408,8411,8414,8417,8420,8423,8426,8429,8432,8436,8439,8442,8445,8448&Prime; img_size=\u00a0\u00bblarge\u00a0\u00bb][\/vc_column][\/vc_row]<\/p>\n","protected":false},"excerpt":{"rendered":"<p>[vc_row][vc_column][vc_column_text] Section de Maintenance et S\u00e9curit\u00e9 Industrielle Le service de maintenance et de s\u00e9curit\u00e9 industrielle a pour mission de garantir le fonctionnement des capacit\u00e9s de production, la s\u00e9curit\u00e9 des hommes et du mat\u00e9riel. A pour objet de\u00a0: Assurer la maintenance des installations et du mat\u00e9riel de production. garantir et optimiser les installations (utilities) et outils [&hellip;]<\/p>\n","protected":false},"author":46,"featured_media":2195,"parent":5544,"menu_order":0,"comment_status":"closed","ping_status":"closed","template":"division-page.php","meta":{"footnotes":""},"class_list":["post-6877","page","type-page","status-publish","has-post-thumbnail","hentry"],"_links":{"self":[{"href":"https:\/\/www.cdta.dz\/fr\/wp-json\/wp\/v2\/pages\/6877\/"}],"collection":[{"href":"https:\/\/www.cdta.dz\/fr\/wp-json\/wp\/v2\/pages\/"}],"about":[{"href":"https:\/\/www.cdta.dz\/fr\/wp-json\/wp\/v2\/types\/page\/"}],"author":[{"embeddable":true,"href":"https:\/\/www.cdta.dz\/fr\/wp-json\/wp\/v2\/users\/46\/"}],"replies":[{"embeddable":true,"href":"https:\/\/www.cdta.dz\/fr\/wp-json\/wp\/v2\/comments\/?post=6877"}],"version-history":[{"count":1,"href":"https:\/\/www.cdta.dz\/fr\/wp-json\/wp\/v2\/pages\/6877\/revisions\/"}],"predecessor-version":[{"id":155815,"href":"https:\/\/www.cdta.dz\/fr\/wp-json\/wp\/v2\/pages\/6877\/revisions\/155815\/"}],"up":[{"embeddable":true,"href":"https:\/\/www.cdta.dz\/fr\/wp-json\/wp\/v2\/pages\/5544\/"}],"wp:featuredmedia":[{"embeddable":true,"href":"https:\/\/www.cdta.dz\/fr\/wp-json\/wp\/v2\/media\/2195\/"}],"wp:attachment":[{"href":"https:\/\/www.cdta.dz\/fr\/wp-json\/wp\/v2\/media\/?parent=6877"}],"curies":[{"name":"wp","href":"https:\/\/api.w.org\/{rel}","templated":true}]}}