{"id":6878,"date":"2019-07-23T14:14:39","date_gmt":"2019-07-23T14:14:39","guid":{"rendered":"http:\/\/10.1.5.53\/?page_id=6878"},"modified":"2022-11-16T09:13:14","modified_gmt":"2022-11-16T09:13:15","slug":"section-de-conception-digitale-analogue-et-microelectromecanique","status":"publish","type":"page","link":"https:\/\/www.cdta.dz\/fr\/recherche-et-technologie\/plateformes-technologiques\/plateforme-de-micro-fabrication\/section-de-conception-digitale-analogue-et-microelectromecanique\/","title":{"rendered":"Section de Conception Digitale Analogue et Syst\u00e8me Micro-\u00e9lectrom\u00e9canique"},"content":{"rendered":"<p>[vc_row][vc_column][vc_column_text]<\/p>\n<h1><span style=\"color: #3366ff;\">Section de Conception Digitale Analogue et Syst\u00e8me Micro-\u00e9lectrom\u00e9canique<\/span><\/h1>\n<p>Le Design Centre fait partie de la plateforme technologique de\u00a0micro fabrication. Sa mission est d\u2019aider les universit\u00e9s, les laboratoires et l\u2019industrie \u00e0 tirer profit de la conception des circuits micro\u00e9lectroniques (ASIC, VLSI, SOC), microsyst\u00e8mes MEMS et de la conception des cartes PCB. Il permet aussi de d\u00e9velopper le savoir-faire en micro\u00e9lectronique, de contribuer dans l\u2019accroissement technologique et construire un \u00e9cosyst\u00e8me en micro\u00e9lectronique permettant le lancement continu de l\u2019industrie locale<\/p>\n<h3 class=\"spip \"><span style=\"color: #3366ff;\">Mission<\/span><\/h3>\n<ul>\n<li>Int\u00e9grer et d\u00e9velopper l\u2019environnement de conception des circuits int\u00e9gr\u00e9s.<\/li>\n<li>Former des ing\u00e9nieurs \u00e0 la conception en micro\u00e9lectronique.<\/li>\n<li>Fournir des services de conception de puces \u00e9lectroniques.<\/li>\n<li>Promouvoir les \u00e9changes et la coop\u00e9ration technique.<\/li>\n<li>D\u00e9velopper et mettre en place la plate-forme de conception des syst\u00e8mes multiples<\/li>\n<\/ul>\n<h3 class=\"spip \"><span style=\"color: #3366ff;\">Liste des services<\/span><\/h3>\n<ul>\n<li>D\u00e9ploiement des outils de conceptions EDA tools (silicon cloud, europractis tools) pour un but p\u00e9dagogique et recherche.<\/li>\n<li>Maintenance des outils de Conceptions<\/li>\n<li>Formation sur les outils de conceptions<\/li>\n<li>Support technique et conseil<\/li>\n<li>Participation \u00e0 des conf\u00e9rences, des exercices et des projets d\u2019\u00e9tudiants dans le design VLSI, ASIC, SOC.<\/li>\n<li>Coop\u00e9ration dans les projets\u00a0: recherche, industriel, formation p\u00e9dagogique.<\/li>\n<li>Assister la finalisation des chips et tape-out pour la fabrication en technologie 1\u00b5m<\/li>\n<li>VLSI design Flow<\/li>\n<li>Analog Physical design<\/li>\n<li>Conception des circuits analogiques et num\u00e9riques<\/li>\n<li>Conception des microsyst\u00e8mes MEMS<\/li>\n<\/ul>\n<p style=\"text-align: right;\"><strong>Mr. Malik djoumaa<\/strong><\/p>\n<p style=\"text-align: right;\"><strong>Chef de section<\/strong><\/p>\n<p>[\/vc_column_text][\/vc_column][\/vc_row][vc_row][vc_column][vc_column_text css_animation=\u00a0\u00bbappear\u00a0\u00bb css=\u00a0\u00bb.vc_custom_1583052462755{background-color: rgba(222,231,237,0.77) !important;*background-color: rgb(222,231,237) !important;}\u00a0\u00bb]<\/p>\n<h1><\/h1>\n<h1 style=\"text-align: center;\"><a href=\"https:\/\/www.cdta.dz\/fr\/plateforme-academique-pour-la-conception-full-custom-de-circuits-integres-en-technologie-cmos-1-%c2%b5m\/\"><span style=\"color: #ff0000;\"><strong>NOUVEAU<\/strong><\/span><\/a><\/h1>\n<h3 style=\"text-align: center;\"><span style=\"color: #000000;\"><strong>\u00a0<a href=\"https:\/\/www.cdta.dz\/fr\/plateforme-academique-pour-la-conception-full-custom-de-circuits-integres-en-technologie-cmos-1-%c2%b5m\/\">Plateforme acad\u00e9mique pour la conception full-custom de circuits int\u00e9gr\u00e9s en technologie CMOS 1-\u00b5m<\/a><\/strong><\/span><\/h3>\n<p>&nbsp;<\/p>\n<p>[\/vc_column_text][\/vc_column][\/vc_row]<\/p>\n","protected":false},"excerpt":{"rendered":"<p>[vc_row][vc_column][vc_column_text] Section de Conception Digitale Analogue et Syst\u00e8me Micro-\u00e9lectrom\u00e9canique Le Design Centre fait partie de la plateforme technologique de\u00a0micro fabrication. Sa mission est d\u2019aider les universit\u00e9s, les laboratoires et l\u2019industrie \u00e0 tirer profit de la conception des circuits micro\u00e9lectroniques (ASIC, VLSI, SOC), microsyst\u00e8mes MEMS et de la conception des cartes PCB. Il permet aussi de [&hellip;]<\/p>\n","protected":false},"author":46,"featured_media":2195,"parent":5544,"menu_order":0,"comment_status":"closed","ping_status":"closed","template":"division-page.php","meta":{"footnotes":""},"class_list":["post-6878","page","type-page","status-publish","has-post-thumbnail","hentry"],"_links":{"self":[{"href":"https:\/\/www.cdta.dz\/fr\/wp-json\/wp\/v2\/pages\/6878\/"}],"collection":[{"href":"https:\/\/www.cdta.dz\/fr\/wp-json\/wp\/v2\/pages\/"}],"about":[{"href":"https:\/\/www.cdta.dz\/fr\/wp-json\/wp\/v2\/types\/page\/"}],"author":[{"embeddable":true,"href":"https:\/\/www.cdta.dz\/fr\/wp-json\/wp\/v2\/users\/46\/"}],"replies":[{"embeddable":true,"href":"https:\/\/www.cdta.dz\/fr\/wp-json\/wp\/v2\/comments\/?post=6878"}],"version-history":[{"count":4,"href":"https:\/\/www.cdta.dz\/fr\/wp-json\/wp\/v2\/pages\/6878\/revisions\/"}],"predecessor-version":[{"id":155823,"href":"https:\/\/www.cdta.dz\/fr\/wp-json\/wp\/v2\/pages\/6878\/revisions\/155823\/"}],"up":[{"embeddable":true,"href":"https:\/\/www.cdta.dz\/fr\/wp-json\/wp\/v2\/pages\/5544\/"}],"wp:featuredmedia":[{"embeddable":true,"href":"https:\/\/www.cdta.dz\/fr\/wp-json\/wp\/v2\/media\/2195\/"}],"wp:attachment":[{"href":"https:\/\/www.cdta.dz\/fr\/wp-json\/wp\/v2\/media\/?parent=6878"}],"curies":[{"name":"wp","href":"https:\/\/api.w.org\/{rel}","templated":true}]}}