{"id":6912,"date":"2019-07-15T12:57:38","date_gmt":"2019-07-15T12:57:38","guid":{"rendered":"http:\/\/10.1.5.53\/?page_id=6912"},"modified":"2020-01-27T09:55:56","modified_gmt":"2020-01-27T09:55:56","slug":"equipe-interaction-laser-matiere","status":"publish","type":"page","link":"https:\/\/www.cdta.dz\/fr\/recherche-et-technologie\/divisions\/division-milieux-ionises-et-lasers\/equipes-de-la-division-mil\/equipe-interaction-laser-matiere\/","title":{"rendered":"\u00c9quipe Interaction Laser Mati\u00e8re"},"content":{"rendered":"<p>&nbsp;<\/p>\n<h1>\u00c9quipe Interaction Laser Mati\u00e8re \u00a0<img loading=\"lazy\" decoding=\"async\" class=\"alignnone size-full wp-image-6913\" src=\"https:\/\/www.cdta.dz\/wp-content\/uploads\/2019\/07\/ILM-LOGO.jpg\" alt=\"\" width=\"123\" height=\"88\" \/><\/h1>\n<p>Depuis une vingtaine d\u2019ann\u00e9e l\u2019\u00e9quipe d\u2019Interaction Laser Mati\u00e8re (ILM) de la division Milieux Ionis\u00e9s et Laser du CDTA \u00e9tudie les plasmas d\u2019ablation laser par diff\u00e9rentes m\u00e9thodes de diagnostics principalement la spectroscopie d\u2019\u00e9mission, l\u2019imagerie rapide et les sondes de Langmuir. Ces \u00e9tudes sont r\u00e9alis\u00e9e d&rsquo;une part, dans le but de comprendre les processus physico-chimiques mis en jeu lors de l\u2019ablation d&rsquo;une cible massive par un faisceau laser ainsi que des ph\u00e9nom\u00e8nes de transport des esp\u00e8ces dans le panache plasma et leur interaction avec le gaz ambiant et d&rsquo;autre part, pour optimiser les conditions de synth\u00e8se et d\u2019analyse du mat\u00e9riau. Cependant \u00e0 notre \u00e9chelle, notre grande exp\u00e9rience en spectroscopie nous permettra de mieux comprendre les m\u00e9canismes physico-chimiques gouvernants cette technique et par cons\u00e9quent de mieux la contr\u00f4ler.<\/p>\n<p>L\u2019activit\u00e9 de l\u2019\u00e9quipe Interaction Laser Mati\u00e8re (ILM)\u00a0est bas\u00e9e sur\u00a0:<\/p>\n<ul>\n<li>La synth\u00e8se par ablation laser de couches minces de diff\u00e9rents mat\u00e9riaux et leur fonctionnalisation.<\/li>\n<li>La synth\u00e8se de nanoparticules en phase gazeuse ou liquide.<\/li>\n<li>L\u2019\u00e9tude de tous les aspects fondamentaux r\u00e9gissant de l\u2019interaction laser-mati\u00e8re et de la dynamique des plasmas d\u2019ablation et leur optimisation dans un milieu r\u00e9actionnel. Cela permettra la ma\u00eetrise du processus de d\u00e9p\u00f4t par lasers puls\u00e9s et par cons\u00e9quent de r\u00e9ussir des performances souhaitables sur les propri\u00e9t\u00e9s des couches d\u00e9pos\u00e9es et leurs fonctionnalit\u00e9s.<\/li>\n<li>L\u2019analyse \u00e9l\u00e9mentaire qualitative et quantitative de mat\u00e9riaux par la technique de spectroscopique de plasma induit par laser (LIBS).<\/li>\n<\/ul>\n<p><strong>Expertise\u00a0:<\/strong><\/p>\n<ul>\n<li>L\u2019\u00e9laboration des couches minces par la technique d\u2019ablation laser.<\/li>\n<li>La physique qui r\u00e9git les plasmas d\u2019ablation laser.<\/li>\n<li>La caract\u00e9risation des couches minces<\/li>\n<li>La ma\u00eetrise de la technique LIBS.<\/li>\n<li>Fonctionnalisation des couches.<\/li>\n<\/ul>\n<p><strong>Domaine d\u2019impact\u00a0:<\/strong><\/p>\n<p>Micro\u00e9lectronique, Photovolta\u00efque, Environnement et Sant\u00e9.<\/p>\n<p>&nbsp;<\/p>\n<h3 style=\"text-align: right\"><strong>Chef d&rsquo;\u00e9quipe<\/strong><\/h3>\n<h3 style=\"text-align: right\"><strong>Dr. ABDELLI-MESSACI Samira<\/strong><\/h3>\n<h3 style=\"text-align: right\"><\/h3>\n<p>&nbsp;<\/p>\n","protected":false},"excerpt":{"rendered":"<p>&nbsp; \u00c9quipe Interaction Laser Mati\u00e8re \u00a0 Depuis une vingtaine d\u2019ann\u00e9e l\u2019\u00e9quipe d\u2019Interaction Laser Mati\u00e8re (ILM) de la division Milieux Ionis\u00e9s et Laser du CDTA \u00e9tudie les plasmas d\u2019ablation laser par diff\u00e9rentes m\u00e9thodes de diagnostics principalement la spectroscopie d\u2019\u00e9mission, l\u2019imagerie rapide et les sondes de Langmuir. Ces \u00e9tudes sont r\u00e9alis\u00e9e d&rsquo;une part, dans le but de [&hellip;]<\/p>\n","protected":false},"author":46,"featured_media":14124,"parent":6946,"menu_order":0,"comment_status":"closed","ping_status":"closed","template":"division-page.php","meta":{"footnotes":""},"class_list":["post-6912","page","type-page","status-publish","has-post-thumbnail","hentry"],"_links":{"self":[{"href":"https:\/\/www.cdta.dz\/fr\/wp-json\/wp\/v2\/pages\/6912\/"}],"collection":[{"href":"https:\/\/www.cdta.dz\/fr\/wp-json\/wp\/v2\/pages\/"}],"about":[{"href":"https:\/\/www.cdta.dz\/fr\/wp-json\/wp\/v2\/types\/page\/"}],"author":[{"embeddable":true,"href":"https:\/\/www.cdta.dz\/fr\/wp-json\/wp\/v2\/users\/46\/"}],"replies":[{"embeddable":true,"href":"https:\/\/www.cdta.dz\/fr\/wp-json\/wp\/v2\/comments\/?post=6912"}],"version-history":[{"count":1,"href":"https:\/\/www.cdta.dz\/fr\/wp-json\/wp\/v2\/pages\/6912\/revisions\/"}],"predecessor-version":[{"id":14102,"href":"https:\/\/www.cdta.dz\/fr\/wp-json\/wp\/v2\/pages\/6912\/revisions\/14102\/"}],"up":[{"embeddable":true,"href":"https:\/\/www.cdta.dz\/fr\/wp-json\/wp\/v2\/pages\/6946\/"}],"wp:featuredmedia":[{"embeddable":true,"href":"https:\/\/www.cdta.dz\/fr\/wp-json\/wp\/v2\/media\/14124\/"}],"wp:attachment":[{"href":"https:\/\/www.cdta.dz\/fr\/wp-json\/wp\/v2\/media\/?parent=6912"}],"curies":[{"name":"wp","href":"https:\/\/api.w.org\/{rel}","templated":true}]}}